{"id":7918,"date":"2022-11-14T13:59:07","date_gmt":"2022-11-14T12:59:07","guid":{"rendered":"https:\/\/bpplock.pl\/?page_id=7918"},"modified":"2026-03-26T23:14:20","modified_gmt":"2026-03-26T22:14:20","slug":"czytelnia-i-wydzial-informacyjno-bibliograficzny","status":"publish","type":"page","link":"https:\/\/bpplock.pl\/uk\/czytelnia-i-wydzial-informacyjno-bibliograficzny\/","title":{"rendered":"Czytelnia i Wydzia\u0142 Informacyjno- Bibliograficzny"},"content":{"rendered":"\n<div id=\"wp-block-themeisle-blocks-advanced-columns-85b7f507\" class=\"wp-block-themeisle-blocks-advanced-columns has-1-columns has-desktop-equal-layout has-tablet-equal-layout has-mobile-equal-layout has-vertical-unset\"><div class=\"wp-block-themeisle-blocks-advanced-columns-overlay\"><\/div><div class=\"innerblocks-wrap\">\n<div id=\"wp-block-themeisle-blocks-advanced-column-0b760288\" class=\"wp-block-themeisle-blocks-advanced-column\">\n<p class=\"has-text-align-center\"><a href=\"mailto:czytelnia@bpplock.pl\">czytelnia@bpplock.pl<\/a><br>Tel. 24 366 53 70 wew. 13<\/p>\n\n\n\n<p>Wydzia\u0142 dysponuje 20 miejscami dla czytelnik\u00f3w. Mog\u0105 oni skorzysta\u0107 z ksi\u0119gozbioru obejmuj\u0105cego wydawnictwa encyklopedyczne, s\u0142ownikowe, informacyjne oraz literatur\u0119 naukow\u0105 ze wszystkich dziedzin wiedzy ze szczeg\u00f3lnym uwzgl\u0119dnieniem pedagogiki, psychologii i socjologii. Odwiedzaj\u0105cy Czytelni\u0119 maj\u0105 do dyspozycji oko\u0142o 40 tytu\u0142\u00f3w prenumerowanych czasopism a tak\u017ce stanowiska do korzystania z&nbsp;Internetu. Czytelnia oferuje r\u00f3wnie\u017c mo\u017cliwo\u015b\u0107 skorzystania z&nbsp;samoobs\u0142ugowej kserokopiarki.<\/p>\n\n\n\n<p>Pracownica Wydzia\u0142u zajmuje si\u0119:<\/p>\n\n\n\n<ul class=\"wp-block-list\">\n<li>udost\u0119pnianiem zbior\u00f3w Czytelni <\/li>\n\n\n\n<li>gromadzeniem i udost\u0119pnianiem zestawie\u0144 bibliograficznych na r\u00f3\u017cne tematy<\/li>\n\n\n\n<li>prowadzeniem zaj\u0119\u0107 z edukacji czytelniczej i medialnej<\/li>\n\n\n\n<li>udzielaniem porad metodycznych nauczycielom-bibliotekarzom<\/li>\n\n\n\n<li>udzielaniem informacji bibliotecznych i bibliograficznych<\/li>\n<\/ul>\n\n\n\n<h3 class=\"wp-block-heading has-text-align-center\">PRACOWNICE<\/h3>\n\n\n\n<figure class=\"wp-block-image aligncenter size-full is-resized\"><img loading=\"lazy\" decoding=\"async\" width=\"800\" height=\"1200\" src=\"https:\/\/bpplock.pl\/wp-content\/uploads\/sites\/12\/2026\/03\/sn_Monika-Cejmer.jpg\" alt=\"\" class=\"wp-image-98930\" style=\"width:190px;height:auto\" srcset=\"https:\/\/bpplock.pl\/wp-content\/uploads\/sites\/12\/2026\/03\/sn_Monika-Cejmer.jpg 800w, https:\/\/bpplock.pl\/wp-content\/uploads\/sites\/12\/2026\/03\/sn_Monika-Cejmer-200x300.jpg 200w, https:\/\/bpplock.pl\/wp-content\/uploads\/sites\/12\/2026\/03\/sn_Monika-Cejmer-683x1024.jpg 683w, https:\/\/bpplock.pl\/wp-content\/uploads\/sites\/12\/2026\/03\/sn_Monika-Cejmer-768x1152.jpg 768w, https:\/\/bpplock.pl\/wp-content\/uploads\/sites\/12\/2026\/03\/sn_Monika-Cejmer-16x24.jpg 16w, https:\/\/bpplock.pl\/wp-content\/uploads\/sites\/12\/2026\/03\/sn_Monika-Cejmer-24x36.jpg 24w, https:\/\/bpplock.pl\/wp-content\/uploads\/sites\/12\/2026\/03\/sn_Monika-Cejmer-32x48.jpg 32w\" sizes=\"auto, (max-width: 800px) 100vw, 800px\" \/><\/figure>\n\n\n\n<p class=\"has-text-align-center\"><strong>Monika Cejmer<\/strong><br>nauczycielka bibliotekarka<br><a href=\"mailto:monika.cejmer@bpplock.pl\">monika.cejmer@bpplock.pl<\/a><\/p>\n\n\n\n<div style=\"height:55px\" aria-hidden=\"true\" class=\"wp-block-spacer\"><\/div>\n\n\n\n<figure class=\"wp-block-image aligncenter size-full is-resized\"><img loading=\"lazy\" decoding=\"async\" width=\"800\" height=\"1200\" src=\"https:\/\/bpplock.pl\/wp-content\/uploads\/sites\/12\/2026\/03\/sn_Agnieszka-Krzywda-Zgorzelska.jpg\" alt=\"\" class=\"wp-image-98970\" style=\"width:187px;height:auto\" srcset=\"https:\/\/bpplock.pl\/wp-content\/uploads\/sites\/12\/2026\/03\/sn_Agnieszka-Krzywda-Zgorzelska.jpg 800w, https:\/\/bpplock.pl\/wp-content\/uploads\/sites\/12\/2026\/03\/sn_Agnieszka-Krzywda-Zgorzelska-200x300.jpg 200w, https:\/\/bpplock.pl\/wp-content\/uploads\/sites\/12\/2026\/03\/sn_Agnieszka-Krzywda-Zgorzelska-683x1024.jpg 683w, https:\/\/bpplock.pl\/wp-content\/uploads\/sites\/12\/2026\/03\/sn_Agnieszka-Krzywda-Zgorzelska-768x1152.jpg 768w, https:\/\/bpplock.pl\/wp-content\/uploads\/sites\/12\/2026\/03\/sn_Agnieszka-Krzywda-Zgorzelska-16x24.jpg 16w, https:\/\/bpplock.pl\/wp-content\/uploads\/sites\/12\/2026\/03\/sn_Agnieszka-Krzywda-Zgorzelska-24x36.jpg 24w, https:\/\/bpplock.pl\/wp-content\/uploads\/sites\/12\/2026\/03\/sn_Agnieszka-Krzywda-Zgorzelska-32x48.jpg 32w\" sizes=\"auto, (max-width: 800px) 100vw, 800px\" \/><\/figure>\n\n\n\n<p class=\"has-text-align-center\"><strong>Agnieszka Krzywda-Zgorzelska<\/strong><br>nauczycielka bibliotekarka<br><a href=\"mailto:agnieszka.krzywda-zgorzelska@bpplock.pl\">agnieszka.krzywda-zgorzelska@bpplock.pl<\/a><\/p>\n<\/div>\n<\/div><\/div>\n\n\n\n<div style=\"height:40px\" aria-hidden=\"true\" class=\"wp-block-spacer\"><\/div>\n\n\n\n<figure class=\"wp-block-image aligncenter size-full is-resized\"><img loading=\"lazy\" decoding=\"async\" width=\"800\" height=\"1200\" src=\"https:\/\/bpplock.pl\/wp-content\/uploads\/sites\/12\/2026\/03\/sn_Weronika-Falkowska.jpg\" alt=\"\" class=\"wp-image-98954\" style=\"width:204px;height:auto\" srcset=\"https:\/\/bpplock.pl\/wp-content\/uploads\/sites\/12\/2026\/03\/sn_Weronika-Falkowska.jpg 800w, https:\/\/bpplock.pl\/wp-content\/uploads\/sites\/12\/2026\/03\/sn_Weronika-Falkowska-200x300.jpg 200w, https:\/\/bpplock.pl\/wp-content\/uploads\/sites\/12\/2026\/03\/sn_Weronika-Falkowska-683x1024.jpg 683w, https:\/\/bpplock.pl\/wp-content\/uploads\/sites\/12\/2026\/03\/sn_Weronika-Falkowska-768x1152.jpg 768w, https:\/\/bpplock.pl\/wp-content\/uploads\/sites\/12\/2026\/03\/sn_Weronika-Falkowska-16x24.jpg 16w, https:\/\/bpplock.pl\/wp-content\/uploads\/sites\/12\/2026\/03\/sn_Weronika-Falkowska-24x36.jpg 24w, https:\/\/bpplock.pl\/wp-content\/uploads\/sites\/12\/2026\/03\/sn_Weronika-Falkowska-32x48.jpg 32w\" sizes=\"auto, (max-width: 800px) 100vw, 800px\" \/><\/figure>\n\n\n\n<p class=\"has-text-align-center\"><strong>Weronika Falkowska<\/strong><br>bibliotekarka<br><a href=\"mailto:weronika.falkowska@bpplock.pl\">weronika.falkowska@bpplock.pl<\/a><\/p>\n","protected":false},"excerpt":{"rendered":"<p>Weronika Falkowskabibliotekarkaweronika.falkowska@bpplock.pl<\/p>\n","protected":false},"author":1459,"featured_media":0,"parent":0,"menu_order":0,"comment_status":"closed","ping_status":"closed","template":"","meta":{"_acf_changed":false,"_oasis_is_in_workflow":0,"_oasis_original":0,"inline_featured_image":false,"site-sidebar-layout":"default","site-content-layout":"","ast-site-content-layout":"default","site-content-style":"default","site-sidebar-style":"default","ast-global-header-display":"","ast-banner-title-visibility":"","ast-main-header-display":"","ast-hfb-above-header-display":"","ast-hfb-below-header-display":"","ast-hfb-mobile-header-display":"","site-post-title":"","ast-breadcrumbs-content":"","ast-featured-img":"","footer-sml-layout":"","ast-disable-related-posts":"","theme-transparent-header-meta":"","adv-header-id-meta":"","stick-header-meta":"","header-above-stick-meta":"","header-main-stick-meta":"","header-below-stick-meta":"","astra-migrate-meta-layouts":"set","ast-page-background-enabled":"default","ast-page-background-meta":{"desktop":{"background-color":"","background-image":"","background-repeat":"repeat","background-position":"center center","background-size":"auto","background-attachment":"scroll","background-type":"","background-media":"","overlay-type":"","overlay-color":"","overlay-opacity":"","overlay-gradient":""},"tablet":{"background-color":"","background-image":"","background-repeat":"repeat","background-position":"center center","background-size":"auto","background-attachment":"scroll","background-type":"","background-media":"","overlay-type":"","overlay-color":"","overlay-opacity":"","overlay-gradient":""},"mobile":{"background-color":"","background-image":"","background-repeat":"repeat","background-position":"center center","background-size":"auto","background-attachment":"scroll","background-type":"","background-media":"","overlay-type":"","overlay-color":"","overlay-opacity":"","overlay-gradient":""}},"ast-content-background-meta":{"desktop":{"background-color":"var(--ast-global-color-5)","background-image":"","background-repeat":"repeat","background-position":"center center","background-size":"auto","background-attachment":"scroll","background-type":"","background-media":"","overlay-type":"","overlay-color":"","overlay-opacity":"","overlay-gradient":""},"tablet":{"background-color":"var(--ast-global-color-5)","background-image":"","background-repeat":"repeat","background-position":"center center","background-size":"auto","background-attachment":"scroll","background-type":"","background-media":"","overlay-type":"","overlay-color":"","overlay-opacity":"","overlay-gradient":""},"mobile":{"background-color":"var(--ast-global-color-5)","background-image":"","background-repeat":"repeat","background-position":"center center","background-size":"auto","background-attachment":"scroll","background-type":"","background-media":"","overlay-type":"","overlay-color":"","overlay-opacity":"","overlay-gradient":""}},"_themeisle_gutenberg_block_has_review":false,"footnotes":""},"class_list":["post-7918","page","type-page","status-publish","hentry"],"acf":[],"featured_image_urls_v2":{"full":"","thumbnail":"","medium":"","medium_large":"","large":"","1536x1536":"","2048x2048":"","img-1100-450":"","img-1120-800":"","img-870-440":"","img-850-600":"","img-480-380":"","img-300-225":"","img-540-700":"","img-75-75":"","menu-24x24":"","menu-36x36":"","menu-48x48":"","mailpoet_newsletter_max":""},"post_excerpt_stackable_v2":"<p>czytelnia@bpplock.plTel. 24 366 53 70 wew. 13 Wydzia\u0142 dysponuje 20 miejscami dla czytelnik\u00f3w. Mog\u0105 oni skorzysta\u0107 z ksi\u0119gozbioru obejmuj\u0105cego wydawnictwa encyklopedyczne, s\u0142ownikowe, informacyjne oraz literatur\u0119 naukow\u0105 ze wszystkich dziedzin wiedzy ze szczeg\u00f3lnym uwzgl\u0119dnieniem pedagogiki, psychologii i socjologii. Odwiedzaj\u0105cy Czytelni\u0119 maj\u0105 do dyspozycji oko\u0142o 40 tytu\u0142\u00f3w prenumerowanych czasopism a tak\u017ce stanowiska do korzystania z&nbsp;Internetu. Czytelnia oferuje r\u00f3wnie\u017c mo\u017cliwo\u015b\u0107 skorzystania z&nbsp;samoobs\u0142ugowej kserokopiarki. Pracownica Wydzia\u0142u zajmuje si\u0119: udost\u0119pnianiem zbior\u00f3w Czytelni gromadzeniem i udost\u0119pnianiem zestawie\u0144 bibliograficznych na r\u00f3\u017cne tematy prowadzeniem zaj\u0119\u0107 z edukacji czytelniczej i medialnej udzielaniem porad metodycznych nauczycielom-bibliotekarzom udzielaniem informacji bibliotecznych i bibliograficznych PRACOWNICE Monika Cejmernauczycielka bibliotekarkamonika.cejmer@bpplock.pl Agnieszka Krzywda-Zgorzelskanauczycielka bibliotekarkaagnieszka.krzywda-zgorzelska@bpplock.pl Weronika Falkowskabibliotekarkaweronika.falkowska@bpplock.pl<\/p>\n","category_list_v2":"","author_info_v2":{"name":"michals","url":"https:\/\/bpplock.pl\/uk\/author\/michals\/"},"comments_num_v2":"0 \u043a\u043e\u043c\u0435\u043d\u0442\u0430\u0440\u0456\u0432","_links":{"self":[{"href":"https:\/\/bpplock.pl\/uk\/wp-json\/wp\/v2\/pages\/7918","targetHints":{"allow":["GET"]}}],"collection":[{"href":"https:\/\/bpplock.pl\/uk\/wp-json\/wp\/v2\/pages"}],"about":[{"href":"https:\/\/bpplock.pl\/uk\/wp-json\/wp\/v2\/types\/page"}],"author":[{"embeddable":true,"href":"https:\/\/bpplock.pl\/uk\/wp-json\/wp\/v2\/users\/1459"}],"replies":[{"embeddable":true,"href":"https:\/\/bpplock.pl\/uk\/wp-json\/wp\/v2\/comments?post=7918"}],"version-history":[{"count":82,"href":"https:\/\/bpplock.pl\/uk\/wp-json\/wp\/v2\/pages\/7918\/revisions"}],"predecessor-version":[{"id":99056,"href":"https:\/\/bpplock.pl\/uk\/wp-json\/wp\/v2\/pages\/7918\/revisions\/99056"}],"wp:attachment":[{"href":"https:\/\/bpplock.pl\/uk\/wp-json\/wp\/v2\/media?parent=7918"}],"curies":[{"name":"wp","href":"https:\/\/api.w.org\/{rel}","templated":true}]}}