{"id":6440,"date":"2021-11-25T09:35:37","date_gmt":"2021-11-25T08:35:37","guid":{"rendered":"https:\/\/bpplock.pl\/regulamin\/"},"modified":"2022-10-27T22:49:08","modified_gmt":"2022-10-27T20:49:08","slug":"regulamin","status":"publish","type":"page","link":"https:\/\/bpplock.pl\/uk\/regulamin\/","title":{"rendered":"\u0421\u0442\u0430\u0442\u0443\u0442"},"content":{"rendered":"\n<p>Pliki do pobrania:<\/p>\n\n\n\n<div class=\"wp-block-file\"><a id=\"wp-block-file--media-f0c16f11-2d73-418e-afaa-79330f118b91\" href=\"https:\/\/bpplock.pl\/wp-content\/uploads\/sites\/12\/2021\/11\/statut.pdf\" target=\"_blank\" rel=\"noreferrer noopener\">Statut Biblioteki Pedagogicznej w P\u0142ocku oraz Uchwa\u0142y Rady Pedagogicznej wprowadzaj\u0105ce zmiany w Statucie BP<\/a><\/div>\n\n\n\n<div class=\"wp-block-file\"><a id=\"wp-block-file--media-1af2d484-8520-402c-ae5d-e2c1e07d427b\" href=\"https:\/\/bpplock.pl\/wp-content\/uploads\/sites\/12\/2021\/11\/regulamin.pdf\" target=\"_blank\" rel=\"noreferrer noopener\">Regulamin Udost\u0119pniania Zbior\u00f3w i \u015awiadczenia Us\u0142ug w Bibliotece Pedagogicznej w P\u0142ocku w jej Filii w Gostyninie<\/a><\/div>\n\n\n\n<div class=\"wp-block-file\"><a id=\"wp-block-file--media-d8f62f7d-49ac-42c6-ab19-51478284817c\" href=\"https:\/\/bpplock.pl\/wp-content\/uploads\/sites\/12\/2021\/11\/uchwala.pdf\" target=\"_blank\" rel=\"noreferrer noopener\">Uchwa\u0142a nr 4\/2020\/2021<\/a><\/div>\n\n\n\n<div class=\"wp-block-file\"><a id=\"wp-block-file--media-4a379fbf-e353-471c-9736-2e4c835cb649\" href=\"https:\/\/bpplock.pl\/wp-content\/uploads\/sites\/12\/2021\/11\/zalacznik_nr_1_do_regulaminu.pdf\" target=\"_blank\" rel=\"noreferrer noopener\"> Za\u0142\u0105cznik nr 1 do regulaminu<\/a><\/div>\n\n\n\n<div class=\"wp-block-file\"><a id=\"wp-block-file--media-b4f95b78-e303-443a-851f-c72ffc997c82\" href=\"https:\/\/bpplock.pl\/wp-content\/uploads\/sites\/12\/2021\/11\/zalacznik_nr_2_do_regulaminu.doc\" target=\"_blank\" rel=\"noreferrer noopener\"> Za\u0142\u0105cznik nr 2 do regulaminu<\/a><\/div>\n\n\n\n<div class=\"wp-block-file\"><a id=\"wp-block-file--media-d41fab44-e322-41ef-a6c3-d5b9f441d381\" href=\"https:\/\/bpplock.pl\/wp-content\/uploads\/sites\/12\/2021\/11\/zalacznik_nr_3_do_regulaminu.doc\" target=\"_blank\" rel=\"noreferrer noopener\"> Za\u0142\u0105cznik nr 3 do regulaminu<\/a><\/div>\n\n\n\n<div class=\"wp-block-file\"><a id=\"wp-block-file--media-8c05313d-ee76-40f0-ad27-d0c55f401a3f\" href=\"https:\/\/bpplock.pl\/wp-content\/uploads\/sites\/12\/2021\/11\/zalacznik_nr_4_do_regulaminu.doc\" target=\"_blank\" rel=\"noreferrer noopener\"> Za\u0142\u0105cznik nr 4 do regulaminu<\/a><\/div>\n\n\n\n<div class=\"wp-block-file\"><a id=\"wp-block-file--media-80b25bee-6420-44a3-8d27-cbc015fb80d5\" href=\"https:\/\/bpplock.pl\/wp-content\/uploads\/sites\/12\/2021\/11\/zalacznik_nr_5_do_regulaminu.doc\"> Za\u0142\u0105cznik nr 5 do regulaminu<\/a><\/div>\n\n\n\n<div class=\"wp-block-file\"><a id=\"wp-block-file--media-8acb7dd7-36fa-4956-9141-739a666c6a31\" href=\"https:\/\/bpplock.pl\/wp-content\/uploads\/sites\/12\/2021\/11\/klauzula_rodo.pdf\" target=\"_blank\" rel=\"noreferrer noopener\">Klauzula informacyjna<\/a><\/div>\n\n\n\n<figure class=\"wp-block-video\"><\/figure>\n","protected":false},"excerpt":{"rendered":"<p>Pliki do pobrania:<\/p>\n","protected":false},"author":112,"featured_media":0,"parent":0,"menu_order":0,"comment_status":"closed","ping_status":"closed","template":"","meta":{"_acf_changed":false,"_oasis_is_in_workflow":0,"_oasis_original":0,"inline_featured_image":false,"site-sidebar-layout":"default","site-content-layout":"","ast-site-content-layout":"default","site-content-style":"default","site-sidebar-style":"default","ast-global-header-display":"","ast-banner-title-visibility":"","ast-main-header-display":"","ast-hfb-above-header-display":"","ast-hfb-below-header-display":"","ast-hfb-mobile-header-display":"","site-post-title":"","ast-breadcrumbs-content":"","ast-featured-img":"","footer-sml-layout":"","ast-disable-related-posts":"","theme-transparent-header-meta":"","adv-header-id-meta":"","stick-header-meta":"","header-above-stick-meta":"","header-main-stick-meta":"","header-below-stick-meta":"","astra-migrate-meta-layouts":"default","ast-page-background-enabled":"default","ast-page-background-meta":{"desktop":{"background-color":"","background-image":"","background-repeat":"repeat","background-position":"center center","background-size":"auto","background-attachment":"scroll","background-type":"","background-media":"","overlay-type":"","overlay-color":"","overlay-opacity":"","overlay-gradient":""},"tablet":{"background-color":"","background-image":"","background-repeat":"repeat","background-position":"center center","background-size":"auto","background-attachment":"scroll","background-type":"","background-media":"","overlay-type":"","overlay-color":"","overlay-opacity":"","overlay-gradient":""},"mobile":{"background-color":"","background-image":"","background-repeat":"repeat","background-position":"center center","background-size":"auto","background-attachment":"scroll","background-type":"","background-media":"","overlay-type":"","overlay-color":"","overlay-opacity":"","overlay-gradient":""}},"ast-content-background-meta":{"desktop":{"background-color":"var(--ast-global-color-5)","background-image":"","background-repeat":"repeat","background-position":"center center","background-size":"auto","background-attachment":"scroll","background-type":"","background-media":"","overlay-type":"","overlay-color":"","overlay-opacity":"","overlay-gradient":""},"tablet":{"background-color":"var(--ast-global-color-5)","background-image":"","background-repeat":"repeat","background-position":"center center","background-size":"auto","background-attachment":"scroll","background-type":"","background-media":"","overlay-type":"","overlay-color":"","overlay-opacity":"","overlay-gradient":""},"mobile":{"background-color":"var(--ast-global-color-5)","background-image":"","background-repeat":"repeat","background-position":"center center","background-size":"auto","background-attachment":"scroll","background-type":"","background-media":"","overlay-type":"","overlay-color":"","overlay-opacity":"","overlay-gradient":""}},"_themeisle_gutenberg_block_has_review":false,"footnotes":""},"class_list":["post-6440","page","type-page","status-publish","hentry"],"acf":[],"featured_image_urls_v2":{"full":"","thumbnail":"","medium":"","medium_large":"","large":"","1536x1536":"","2048x2048":"","img-1100-450":"","img-1120-800":"","img-870-440":"","img-850-600":"","img-480-380":"","img-300-225":"","img-540-700":"","img-75-75":"","menu-24x24":"","menu-36x36":"","menu-48x48":"","mailpoet_newsletter_max":""},"post_excerpt_stackable_v2":"<p>Pliki do pobrania: Statut Biblioteki Pedagogicznej w P\u0142ocku oraz Uchwa\u0142y Rady Pedagogicznej wprowadzaj\u0105ce zmiany w Statucie BP Regulamin Udost\u0119pniania Zbior\u00f3w i \u015awiadczenia Us\u0142ug w Bibliotece Pedagogicznej w P\u0142ocku w jej Filii w Gostyninie Uchwa\u0142a nr 4\/2020\/2021 Za\u0142\u0105cznik nr 1 do regulaminu Za\u0142\u0105cznik nr 2 do regulaminu Za\u0142\u0105cznik nr 3 do regulaminu Za\u0142\u0105cznik nr 4 do regulaminu Za\u0142\u0105cznik nr 5 do regulaminu Klauzula informacyjna<\/p>\n","category_list_v2":"","author_info_v2":{"name":"Martyna Zalewska","url":"https:\/\/bpplock.pl\/uk\/author\/mprzygodzka\/"},"comments_num_v2":"0 \u043a\u043e\u043c\u0435\u043d\u0442\u0430\u0440\u0456\u0432","_links":{"self":[{"href":"https:\/\/bpplock.pl\/uk\/wp-json\/wp\/v2\/pages\/6440","targetHints":{"allow":["GET"]}}],"collection":[{"href":"https:\/\/bpplock.pl\/uk\/wp-json\/wp\/v2\/pages"}],"about":[{"href":"https:\/\/bpplock.pl\/uk\/wp-json\/wp\/v2\/types\/page"}],"author":[{"embeddable":true,"href":"https:\/\/bpplock.pl\/uk\/wp-json\/wp\/v2\/users\/112"}],"replies":[{"embeddable":true,"href":"https:\/\/bpplock.pl\/uk\/wp-json\/wp\/v2\/comments?post=6440"}],"version-history":[{"count":2,"href":"https:\/\/bpplock.pl\/uk\/wp-json\/wp\/v2\/pages\/6440\/revisions"}],"predecessor-version":[{"id":6761,"href":"https:\/\/bpplock.pl\/uk\/wp-json\/wp\/v2\/pages\/6440\/revisions\/6761"}],"wp:attachment":[{"href":"https:\/\/bpplock.pl\/uk\/wp-json\/wp\/v2\/media?parent=6440"}],"curies":[{"name":"wp","href":"https:\/\/api.w.org\/{rel}","templated":true}]}}