{"id":6353,"date":"2021-11-25T10:38:20","date_gmt":"2021-11-25T09:38:20","guid":{"rendered":"https:\/\/bpplock.pl\/platformy-i-serwisy-przydatne-w-ksztalceniu-na-odleglosc\/"},"modified":"2022-10-27T22:47:34","modified_gmt":"2022-10-27T20:47:34","slug":"platformy-i-serwisy-przydatne-w-ksztalceniu-na-odleglosc","status":"publish","type":"page","link":"https:\/\/bpplock.pl\/uk\/platformy-i-serwisy-przydatne-w-ksztalceniu-na-odleglosc\/","title":{"rendered":"\u041f\u043b\u0430\u0442\u0444\u043e\u0440\u043c\u0438 \u0442\u0430 \u0441\u0435\u0440\u0432\u0456\u0441\u0438, \u043a\u043e\u0440\u0438\u0441\u043d\u0456 \u0432 \u0434\u0438\u0441\u0442\u0430\u043d\u0446\u0456\u0439\u043d\u043e\u043c\u0443 \u043d\u0430\u0432\u0447\u0430\u043d\u043d\u0456"},"content":{"rendered":"\n<ul class=\"wp-block-list\"><li><a href=\"https:\/\/www.gov.pl\/web\/edukacja\/ksztalcenie-na-odleglosc--poradnik-dla-szkol\" target=\"_blank\" rel=\"noopener\"><strong>Poradnik MEN<\/strong>&nbsp;dla nauczycieli, dyrektor\u00f3w, uczni\u00f3w i rodzic\u00f3w<\/a><\/li><li><a href=\"https:\/\/epodreczniki.pl\/\" target=\"_blank\" rel=\"noopener\"><strong>epodr\u0119czniki.pl<\/strong>&nbsp;&#8211; platforma edukacyjna MEN<\/a><\/li><li><a href=\"http:\/\/www.scholaris.pl\/\" target=\"_blank\" rel=\"noopener\"><strong>Scholaris<\/strong>&nbsp;&#8211; Portal wiedzy dla nauczycieli<\/a><\/li><li><a href=\"https:\/\/wolnelektury.pl\/\" target=\"_blank\" rel=\"noopener\">Biblioteka internetowa&nbsp;<strong>Wolne Lektury<\/strong><\/a><\/li><li><a href=\"https:\/\/polona.pl\/\" target=\"_blank\" rel=\"noopener\">Biblioteka Cyfrowa&nbsp;<strong>POLONA<\/strong><\/a><\/li><li><strong><a href=\"https:\/\/ninateka.pl\/edu\" target=\"_blank\" rel=\"noopener\">Ninateka Edu<\/a><\/strong><\/li><li><a href=\"https:\/\/lektury.gov.pl\/\" target=\"_blank\" rel=\"noopener\">Serwis&nbsp;<strong>Lektury.gov.pl<\/strong><\/a><\/li><li><a href=\"https:\/\/www.gov.pl\/web\/edukacja\/lekcje-z-internetu\" target=\"_blank\" rel=\"noopener\">Serwis&nbsp;<strong>Zdalne Lekcje<\/strong><\/a><\/li><\/ul>\n","protected":false},"excerpt":{"rendered":"<p>Poradnik MEN&nbsp;dla nauczycieli, dyrektor\u00f3w, uczni\u00f3w i rodzic\u00f3w epodr\u0119czniki.pl&nbsp;&#8211; platforma edukacyjna MEN Scholaris&nbsp;&#8211; Portal wiedzy dla nauczycieli Biblioteka internetowa&nbsp;Wolne Lektury Biblioteka [&hellip;]<\/p>\n","protected":false},"author":112,"featured_media":0,"parent":0,"menu_order":0,"comment_status":"closed","ping_status":"closed","template":"","meta":{"_acf_changed":false,"_oasis_is_in_workflow":0,"_oasis_original":0,"inline_featured_image":false,"site-sidebar-layout":"default","site-content-layout":"","ast-site-content-layout":"default","site-content-style":"default","site-sidebar-style":"default","ast-global-header-display":"","ast-banner-title-visibility":"","ast-main-header-display":"","ast-hfb-above-header-display":"","ast-hfb-below-header-display":"","ast-hfb-mobile-header-display":"","site-post-title":"","ast-breadcrumbs-content":"","ast-featured-img":"","footer-sml-layout":"","ast-disable-related-posts":"","theme-transparent-header-meta":"","adv-header-id-meta":"","stick-header-meta":"","header-above-stick-meta":"","header-main-stick-meta":"","header-below-stick-meta":"","astra-migrate-meta-layouts":"default","ast-page-background-enabled":"default","ast-page-background-meta":{"desktop":{"background-color":"","background-image":"","background-repeat":"repeat","background-position":"center center","background-size":"auto","background-attachment":"scroll","background-type":"","background-media":"","overlay-type":"","overlay-color":"","overlay-opacity":"","overlay-gradient":""},"tablet":{"background-color":"","background-image":"","background-repeat":"repeat","background-position":"center center","background-size":"auto","background-attachment":"scroll","background-type":"","background-media":"","overlay-type":"","overlay-color":"","overlay-opacity":"","overlay-gradient":""},"mobile":{"background-color":"","background-image":"","background-repeat":"repeat","background-position":"center center","background-size":"auto","background-attachment":"scroll","background-type":"","background-media":"","overlay-type":"","overlay-color":"","overlay-opacity":"","overlay-gradient":""}},"ast-content-background-meta":{"desktop":{"background-color":"var(--ast-global-color-5)","background-image":"","background-repeat":"repeat","background-position":"center center","background-size":"auto","background-attachment":"scroll","background-type":"","background-media":"","overlay-type":"","overlay-color":"","overlay-opacity":"","overlay-gradient":""},"tablet":{"background-color":"var(--ast-global-color-5)","background-image":"","background-repeat":"repeat","background-position":"center center","background-size":"auto","background-attachment":"scroll","background-type":"","background-media":"","overlay-type":"","overlay-color":"","overlay-opacity":"","overlay-gradient":""},"mobile":{"background-color":"var(--ast-global-color-5)","background-image":"","background-repeat":"repeat","background-position":"center center","background-size":"auto","background-attachment":"scroll","background-type":"","background-media":"","overlay-type":"","overlay-color":"","overlay-opacity":"","overlay-gradient":""}},"_themeisle_gutenberg_block_has_review":false,"footnotes":""},"class_list":["post-6353","page","type-page","status-publish","hentry"],"acf":[],"featured_image_urls_v2":{"full":"","thumbnail":"","medium":"","medium_large":"","large":"","1536x1536":"","2048x2048":"","img-1100-450":"","img-1120-800":"","img-870-440":"","img-850-600":"","img-480-380":"","img-300-225":"","img-540-700":"","img-75-75":"","menu-24x24":"","menu-36x36":"","menu-48x48":"","mailpoet_newsletter_max":""},"post_excerpt_stackable_v2":"<p>Poradnik MEN&nbsp;dla nauczycieli, dyrektor\u00f3w, uczni\u00f3w i rodzic\u00f3wepodr\u0119czniki.pl&nbsp;&#8211; platforma edukacyjna MENScholaris&nbsp;&#8211; Portal wiedzy dla nauczycieliBiblioteka internetowa&nbsp;Wolne LekturyBiblioteka Cyfrowa&nbsp;POLONANinateka EduSerwis&nbsp;Lektury.gov.plSerwis&nbsp;Zdalne Lekcje<\/p>\n","category_list_v2":"","author_info_v2":{"name":"Martyna Zalewska","url":"https:\/\/bpplock.pl\/uk\/author\/mprzygodzka\/"},"comments_num_v2":"0 \u043a\u043e\u043c\u0435\u043d\u0442\u0430\u0440\u0456\u0432","_links":{"self":[{"href":"https:\/\/bpplock.pl\/uk\/wp-json\/wp\/v2\/pages\/6353","targetHints":{"allow":["GET"]}}],"collection":[{"href":"https:\/\/bpplock.pl\/uk\/wp-json\/wp\/v2\/pages"}],"about":[{"href":"https:\/\/bpplock.pl\/uk\/wp-json\/wp\/v2\/types\/page"}],"author":[{"embeddable":true,"href":"https:\/\/bpplock.pl\/uk\/wp-json\/wp\/v2\/users\/112"}],"replies":[{"embeddable":true,"href":"https:\/\/bpplock.pl\/uk\/wp-json\/wp\/v2\/comments?post=6353"}],"version-history":[{"count":2,"href":"https:\/\/bpplock.pl\/uk\/wp-json\/wp\/v2\/pages\/6353\/revisions"}],"predecessor-version":[{"id":6731,"href":"https:\/\/bpplock.pl\/uk\/wp-json\/wp\/v2\/pages\/6353\/revisions\/6731"}],"wp:attachment":[{"href":"https:\/\/bpplock.pl\/uk\/wp-json\/wp\/v2\/media?parent=6353"}],"curies":[{"name":"wp","href":"https:\/\/api.w.org\/{rel}","templated":true}]}}