{"id":6329,"date":"2021-11-26T09:57:51","date_gmt":"2021-11-26T08:57:51","guid":{"rendered":"https:\/\/bpplock.pl\/narzedzia-tik\/"},"modified":"2022-10-27T22:46:55","modified_gmt":"2022-10-27T20:46:55","slug":"narzedzia-tik","status":"publish","type":"page","link":"https:\/\/bpplock.pl\/uk\/narzedzia-tik\/","title":{"rendered":"\u0406\u043d\u0441\u0442\u0440\u0443\u043c\u0435\u043d\u0442\u0438 \u0406\u041a\u0422"},"content":{"rendered":"\n<p><strong><a href=\"https:\/\/bpplock.pl\/wp-content\/uploads\/sites\/12\/2021\/11\/ebook.pdf\" target=\"_blank\" rel=\"noreferrer noopener\">DARMOWE ZASOBY ONLINE<\/a><\/strong><\/p>\n\n\n\n<p><strong><a href=\"https:\/\/biblioteka.pl\/aplikacje\/1\/0\/0\" target=\"_blank\" rel=\"noreferrer noopener\">Ponad 100 narz\u0119dzi TIK<\/a>\u00a0<\/strong>(technologii informacyjno-komunikacyjnej) zebranych przez Bo\u017cen\u0119 Boryczk\u0119, redaktork\u0119 kwartalnika \u201eBiblioteka \u2013 Centrum Informacji\u201d. Zbi\u00f3r ten zawiera wiele przydatnych stron, aplikacji i program\u00f3w, kt\u00f3re mo\u017cna wykorzysta\u0107 do pracy zdalnej. Cz\u0119\u015b\u0107 ma podpi\u0119te gotowe scenariusze zaj\u0119\u0107 lub poradniki. Jest to pomoc zar\u00f3wno dla nauczycieli, jak i uczni\u00f3w.<\/p>\n","protected":false},"excerpt":{"rendered":"<p>DARMOWE ZASOBY ONLINE Ponad 100 narz\u0119dzi TIK\u00a0(technologii informacyjno-komunikacyjnej) zebranych przez Bo\u017cen\u0119 Boryczk\u0119, redaktork\u0119 kwartalnika \u201eBiblioteka \u2013 Centrum Informacji\u201d. Zbi\u00f3r ten [&hellip;]<\/p>\n","protected":false},"author":112,"featured_media":0,"parent":0,"menu_order":0,"comment_status":"closed","ping_status":"closed","template":"","meta":{"_acf_changed":false,"_oasis_is_in_workflow":0,"_oasis_original":0,"inline_featured_image":false,"site-sidebar-layout":"default","site-content-layout":"","ast-site-content-layout":"default","site-content-style":"default","site-sidebar-style":"default","ast-global-header-display":"","ast-banner-title-visibility":"","ast-main-header-display":"","ast-hfb-above-header-display":"","ast-hfb-below-header-display":"","ast-hfb-mobile-header-display":"","site-post-title":"","ast-breadcrumbs-content":"","ast-featured-img":"","footer-sml-layout":"","ast-disable-related-posts":"","theme-transparent-header-meta":"","adv-header-id-meta":"","stick-header-meta":"","header-above-stick-meta":"","header-main-stick-meta":"","header-below-stick-meta":"","astra-migrate-meta-layouts":"default","ast-page-background-enabled":"default","ast-page-background-meta":{"desktop":{"background-color":"","background-image":"","background-repeat":"repeat","background-position":"center center","background-size":"auto","background-attachment":"scroll","background-type":"","background-media":"","overlay-type":"","overlay-color":"","overlay-opacity":"","overlay-gradient":""},"tablet":{"background-color":"","background-image":"","background-repeat":"repeat","background-position":"center center","background-size":"auto","background-attachment":"scroll","background-type":"","background-media":"","overlay-type":"","overlay-color":"","overlay-opacity":"","overlay-gradient":""},"mobile":{"background-color":"","background-image":"","background-repeat":"repeat","background-position":"center center","background-size":"auto","background-attachment":"scroll","background-type":"","background-media":"","overlay-type":"","overlay-color":"","overlay-opacity":"","overlay-gradient":""}},"ast-content-background-meta":{"desktop":{"background-color":"var(--ast-global-color-5)","background-image":"","background-repeat":"repeat","background-position":"center center","background-size":"auto","background-attachment":"scroll","background-type":"","background-media":"","overlay-type":"","overlay-color":"","overlay-opacity":"","overlay-gradient":""},"tablet":{"background-color":"var(--ast-global-color-5)","background-image":"","background-repeat":"repeat","background-position":"center center","background-size":"auto","background-attachment":"scroll","background-type":"","background-media":"","overlay-type":"","overlay-color":"","overlay-opacity":"","overlay-gradient":""},"mobile":{"background-color":"var(--ast-global-color-5)","background-image":"","background-repeat":"repeat","background-position":"center center","background-size":"auto","background-attachment":"scroll","background-type":"","background-media":"","overlay-type":"","overlay-color":"","overlay-opacity":"","overlay-gradient":""}},"_themeisle_gutenberg_block_has_review":false,"footnotes":""},"class_list":["post-6329","page","type-page","status-publish","hentry"],"acf":[],"featured_image_urls_v2":{"full":"","thumbnail":"","medium":"","medium_large":"","large":"","1536x1536":"","2048x2048":"","img-1100-450":"","img-1120-800":"","img-870-440":"","img-850-600":"","img-480-380":"","img-300-225":"","img-540-700":"","img-75-75":"","menu-24x24":"","menu-36x36":"","menu-48x48":"","mailpoet_newsletter_max":""},"post_excerpt_stackable_v2":"<p>DARMOWE ZASOBY ONLINE Ponad 100 narz\u0119dzi TIK\u00a0(technologii informacyjno-komunikacyjnej) zebranych przez Bo\u017cen\u0119 Boryczk\u0119, redaktork\u0119 kwartalnika \u201eBiblioteka \u2013 Centrum Informacji\u201d. Zbi\u00f3r ten zawiera wiele przydatnych stron, aplikacji i program\u00f3w, kt\u00f3re mo\u017cna wykorzysta\u0107 do pracy zdalnej. Cz\u0119\u015b\u0107 ma podpi\u0119te gotowe scenariusze zaj\u0119\u0107 lub poradniki. Jest to pomoc zar\u00f3wno dla nauczycieli, jak i uczni\u00f3w.<\/p>\n","category_list_v2":"","author_info_v2":{"name":"Martyna Zalewska","url":"https:\/\/bpplock.pl\/uk\/author\/mprzygodzka\/"},"comments_num_v2":"0 \u043a\u043e\u043c\u0435\u043d\u0442\u0430\u0440\u0456\u0432","_links":{"self":[{"href":"https:\/\/bpplock.pl\/uk\/wp-json\/wp\/v2\/pages\/6329","targetHints":{"allow":["GET"]}}],"collection":[{"href":"https:\/\/bpplock.pl\/uk\/wp-json\/wp\/v2\/pages"}],"about":[{"href":"https:\/\/bpplock.pl\/uk\/wp-json\/wp\/v2\/types\/page"}],"author":[{"embeddable":true,"href":"https:\/\/bpplock.pl\/uk\/wp-json\/wp\/v2\/users\/112"}],"replies":[{"embeddable":true,"href":"https:\/\/bpplock.pl\/uk\/wp-json\/wp\/v2\/comments?post=6329"}],"version-history":[{"count":2,"href":"https:\/\/bpplock.pl\/uk\/wp-json\/wp\/v2\/pages\/6329\/revisions"}],"predecessor-version":[{"id":6719,"href":"https:\/\/bpplock.pl\/uk\/wp-json\/wp\/v2\/pages\/6329\/revisions\/6719"}],"wp:attachment":[{"href":"https:\/\/bpplock.pl\/uk\/wp-json\/wp\/v2\/media?parent=6329"}],"curies":[{"name":"wp","href":"https:\/\/api.w.org\/{rel}","templated":true}]}}