{"id":6251,"date":"2021-11-25T09:54:39","date_gmt":"2021-11-25T08:54:39","guid":{"rendered":"https:\/\/bpplock.pl\/dzialalnosc-i-zadania\/"},"modified":"2022-10-27T22:50:48","modified_gmt":"2022-10-27T20:50:48","slug":"dzialalnosc-i-zadania","status":"publish","type":"page","link":"https:\/\/bpplock.pl\/uk\/dzialalnosc-i-zadania\/","title":{"rendered":"\u0414\u0456\u044f\u043b\u044c\u043d\u0456\u0441\u0442\u044c \u0456 \u0437\u0430\u0432\u0434\u0430\u043d\u043d\u044f"},"content":{"rendered":"\n<h2 class=\"wp-block-heading\">Dzia\u0142alno\u015b\u0107<\/h2>\n\n<p>Biblioteka Pedagogiczna udost\u0119pnia na miejscu w Czytelni wszystkim &#8211; oraz wypo\u017cycza na zewn\u0105trz uprawnionym osobom swoje zbiory, a tak\u017ce umo\u017cliwia bezp\u0142atne korzystanie z Internetu.\u00a0 Pracownicy Biblioteki udzielaj\u0105 indywidualnych informacji bibliotecznych, bibliograficznych oraz faktograficznych.\u00a0<\/p>\n\n<p>Od roku 2002 Biblioteka Pedagogiczna wprowadzi\u0142a system komputerowy PROLIB. Efektem prac jest katalog komputerowy OPAC oraz elektroniczne wypo\u017cyczanie w P\u0142ocku i Filii w Gostyninie.<\/p>\n\n<p>W ramach komputeryzacji bibliotek wojew\u00f3dztwa mazowieckiego w systemie PROLIB powsta\u0142 MULTIOPAC pozwalaj\u0105cy na przeszukiwanie katalog\u00f3w wszystkich bibliotek pedagogicznych naszego wojew\u00f3dztwa.<\/p>\n\n<p>Pracownicy Biblioteki prowadz\u0105 zaj\u0119cia z edukacji czytelniczej i\u00a0medialnej.<\/p>\n\n<p>Biblioteka systematycznie prowadzi badania w\u015br\u00f3d czytelnik\u00f3w. Opracowane wyniki bada\u0144 s\u0105 podstaw\u0105 do ci\u0105g\u0142ego monitorowania jako\u015bci pracy.<\/p>\n\n<p>Biblioteka prowadzi w swoich pomieszczeniach dzia\u0142alno\u015b\u0107 wystawiennicz\u0105.<\/p>\n\n<h2 class=\"wp-block-heading\">Zadania<\/h2>\n\n<p>Biblioteka Pedagogiczna jest plac\u00f3wk\u0105 publiczn\u0105 kieruj\u0105c\u0105 swoje us\u0142ugi przede wszystkim do nauczycieli, pedagog\u00f3w, psycholog\u00f3w, innych os\u00f3b zawodowo zwi\u0105zanych z wychowaniem i nauczaniem, a tak\u017ce student\u00f3w studi\u00f3w pedagogicznych, uczni\u00f3w i innych os\u00f3b.<\/p>\n\n<p>G\u0142\u00f3wne zadania Biblioteki Pedagogicznej w P\u0142ocku to: gromadzenie, opracowanie, przechowywanie i\u00a0udost\u0119pnianie zbior\u00f3w tradycyjnych oraz kaset audio, video i dokument\u00f3w elektronicznych.\u00a0<\/p>\n\n<p>Biblioteka gromadzi zbiory obejmuj\u0105ce wydawnictwa pedagogiczne, psychologiczne, socjologiczne, dzie\u0142a tre\u015bci og\u00f3lnej, publikacje z r\u00f3\u017cnych dziedzin wiedzy obj\u0119tych ramowymi planami nauczania, programy nauczania, podr\u0119czniki szkolne, zbiory z zakresu bibliotekoznawstwa i informacji naukowej a tak\u017ce wybrane dzie\u0142a z zakresu literatury pi\u0119knej.<\/p>\n\n<p>Oferujemy nieodp\u0142atny dost\u0119p do Internetu.<\/p>\n\n<p>Biblioteka prowadzi dzia\u0142alno\u015b\u0107 informacyjn\u0105 i\u00a0bibliograficzn\u0105, inspiruje i promuje edukacj\u0119 czytelnicz\u0105 i\u00a0medialn\u0105, wspiera dzia\u0142alno\u015b\u0107 bibliotek szkolnych.<\/p>\n\n<p>Nasza plac\u00f3wka oferuje wsparcie w realizacji zaj\u0119\u0107 dydaktycznych i\u00a0wewn\u0105trzszkolnego doskonalenia, a\u00a0tak\u017ce w\u00a0awansie zawodowym nauczycieli.<\/p>\n\n<p>Jeste\u015bmy instytucj\u0105 organizuj\u0105c\u0105 i prowadz\u0105c\u0105 dzia\u0142alno\u015b\u0107 edukacyjn\u0105 i kulturaln\u0105.<\/p>\n\n<p>Szczeg\u00f3lnie polecamy:<\/p>\n\n<p><a href=\"https:\/\/bpplock.pl\/wp-content\/uploads\/sites\/12\/2022\/08\/wosp_pdf2.pdf\">https:\/\/bpplock.pl\/wp-content\/uploads\/sites\/12\/2022\/08\/wosp_pdf2.pdf<\/a><\/p>\n","protected":false},"excerpt":{"rendered":"<p>Dzia\u0142alno\u015b\u0107 Biblioteka Pedagogiczna udost\u0119pnia na miejscu w Czytelni wszystkim &#8211; oraz wypo\u017cycza na zewn\u0105trz uprawnionym osobom swoje zbiory, a tak\u017ce [&hellip;]<\/p>\n","protected":false},"author":112,"featured_media":0,"parent":0,"menu_order":0,"comment_status":"closed","ping_status":"closed","template":"","meta":{"_acf_changed":false,"_oasis_is_in_workflow":0,"_oasis_original":0,"inline_featured_image":false,"site-sidebar-layout":"default","site-content-layout":"","ast-site-content-layout":"default","site-content-style":"default","site-sidebar-style":"default","ast-global-header-display":"","ast-banner-title-visibility":"","ast-main-header-display":"","ast-hfb-above-header-display":"","ast-hfb-below-header-display":"","ast-hfb-mobile-header-display":"","site-post-title":"","ast-breadcrumbs-content":"","ast-featured-img":"","footer-sml-layout":"","ast-disable-related-posts":"","theme-transparent-header-meta":"","adv-header-id-meta":"","stick-header-meta":"","header-above-stick-meta":"","header-main-stick-meta":"","header-below-stick-meta":"","astra-migrate-meta-layouts":"default","ast-page-background-enabled":"default","ast-page-background-meta":{"desktop":{"background-color":"","background-image":"","background-repeat":"repeat","background-position":"center center","background-size":"auto","background-attachment":"scroll","background-type":"","background-media":"","overlay-type":"","overlay-color":"","overlay-opacity":"","overlay-gradient":""},"tablet":{"background-color":"","background-image":"","background-repeat":"repeat","background-position":"center center","background-size":"auto","background-attachment":"scroll","background-type":"","background-media":"","overlay-type":"","overlay-color":"","overlay-opacity":"","overlay-gradient":""},"mobile":{"background-color":"","background-image":"","background-repeat":"repeat","background-position":"center center","background-size":"auto","background-attachment":"scroll","background-type":"","background-media":"","overlay-type":"","overlay-color":"","overlay-opacity":"","overlay-gradient":""}},"ast-content-background-meta":{"desktop":{"background-color":"var(--ast-global-color-5)","background-image":"","background-repeat":"repeat","background-position":"center center","background-size":"auto","background-attachment":"scroll","background-type":"","background-media":"","overlay-type":"","overlay-color":"","overlay-opacity":"","overlay-gradient":""},"tablet":{"background-color":"var(--ast-global-color-5)","background-image":"","background-repeat":"repeat","background-position":"center center","background-size":"auto","background-attachment":"scroll","background-type":"","background-media":"","overlay-type":"","overlay-color":"","overlay-opacity":"","overlay-gradient":""},"mobile":{"background-color":"var(--ast-global-color-5)","background-image":"","background-repeat":"repeat","background-position":"center center","background-size":"auto","background-attachment":"scroll","background-type":"","background-media":"","overlay-type":"","overlay-color":"","overlay-opacity":"","overlay-gradient":""}},"_themeisle_gutenberg_block_has_review":false,"footnotes":""},"class_list":["post-6251","page","type-page","status-publish","hentry"],"acf":[],"featured_image_urls_v2":{"full":"","thumbnail":"","medium":"","medium_large":"","large":"","1536x1536":"","2048x2048":"","img-1100-450":"","img-1120-800":"","img-870-440":"","img-850-600":"","img-480-380":"","img-300-225":"","img-540-700":"","img-75-75":"","menu-24x24":"","menu-36x36":"","menu-48x48":"","mailpoet_newsletter_max":""},"post_excerpt_stackable_v2":"<p>Dzia\u0142alno\u015b\u0107 Biblioteka Pedagogiczna udost\u0119pnia na miejscu w Czytelni wszystkim &#8211; oraz wypo\u017cycza na zewn\u0105trz uprawnionym osobom swoje zbiory, a tak\u017ce umo\u017cliwia bezp\u0142atne korzystanie z Internetu.\u00a0 Pracownicy Biblioteki udzielaj\u0105 indywidualnych informacji bibliotecznych, bibliograficznych oraz faktograficznych.\u00a0 Od roku 2002 Biblioteka Pedagogiczna wprowadzi\u0142a system komputerowy PROLIB. Efektem prac jest katalog komputerowy OPAC oraz elektroniczne wypo\u017cyczanie w P\u0142ocku i Filii w Gostyninie. W ramach komputeryzacji bibliotek wojew\u00f3dztwa mazowieckiego w systemie PROLIB powsta\u0142 MULTIOPAC pozwalaj\u0105cy na przeszukiwanie katalog\u00f3w wszystkich bibliotek pedagogicznych naszego wojew\u00f3dztwa. Pracownicy Biblioteki prowadz\u0105 zaj\u0119cia z edukacji czytelniczej i\u00a0medialnej. Biblioteka systematycznie prowadzi badania w\u015br\u00f3d czytelnik\u00f3w. Opracowane wyniki bada\u0144 s\u0105 podstaw\u0105 do ci\u0105g\u0142ego monitorowania&hellip;<\/p>\n","category_list_v2":"","author_info_v2":{"name":"Martyna Zalewska","url":"https:\/\/bpplock.pl\/uk\/author\/mprzygodzka\/"},"comments_num_v2":"0 \u043a\u043e\u043c\u0435\u043d\u0442\u0430\u0440\u0456\u0432","_links":{"self":[{"href":"https:\/\/bpplock.pl\/uk\/wp-json\/wp\/v2\/pages\/6251","targetHints":{"allow":["GET"]}}],"collection":[{"href":"https:\/\/bpplock.pl\/uk\/wp-json\/wp\/v2\/pages"}],"about":[{"href":"https:\/\/bpplock.pl\/uk\/wp-json\/wp\/v2\/types\/page"}],"author":[{"embeddable":true,"href":"https:\/\/bpplock.pl\/uk\/wp-json\/wp\/v2\/users\/112"}],"replies":[{"embeddable":true,"href":"https:\/\/bpplock.pl\/uk\/wp-json\/wp\/v2\/comments?post=6251"}],"version-history":[{"count":2,"href":"https:\/\/bpplock.pl\/uk\/wp-json\/wp\/v2\/pages\/6251\/revisions"}],"predecessor-version":[{"id":6809,"href":"https:\/\/bpplock.pl\/uk\/wp-json\/wp\/v2\/pages\/6251\/revisions\/6809"}],"wp:attachment":[{"href":"https:\/\/bpplock.pl\/uk\/wp-json\/wp\/v2\/media?parent=6251"}],"curies":[{"name":"wp","href":"https:\/\/api.w.org\/{rel}","templated":true}]}}