{"id":6212,"date":"2021-11-25T11:58:58","date_gmt":"2021-11-25T10:58:58","guid":{"rendered":"https:\/\/bpplock.pl\/ibuk-libra-filmy-instruktazowe-zestawienia-bibliograficzne\/"},"modified":"2022-10-27T22:52:04","modified_gmt":"2022-10-27T20:52:04","slug":"ibuk-libra-filmy-instruktazowe-zestawienia-bibliograficzne","status":"publish","type":"page","link":"https:\/\/bpplock.pl\/uk\/ibuk-libra-filmy-instruktazowe-zestawienia-bibliograficzne\/","title":{"rendered":"\u0406\u0411\u0423\u041a \u041b\u0456\u0431\u0440\u0430, \u043d\u0430\u0432\u0447\u0430\u043b\u044c\u043d\u0456 \u0432\u0456\u0434\u0435\u043e, \u0431\u0456\u0431\u043b\u0456\u043e\u0433\u0440\u0430\u0444\u0456\u0447\u043d\u0456 \u0441\u043f\u0438\u0441\u043a\u0438"},"content":{"rendered":"\n<ul class=\"wp-block-list\"><li><strong>Samouczek<\/strong>&nbsp;&#8211;&nbsp;Filmy instrukta\u017cowe:<\/li><\/ul>\n\n\n\n<ol class=\"wp-block-list\"><li><a href=\"http:\/\/www.youtube.com\/watch?v=LWWktdghscY\" target=\"_blank\" rel=\"noopener\">Rejestracja w IBUK Libra<\/a><\/li><li><a href=\"http:\/\/www.youtube.com\/watch?v=p-DQnp1fvgI&amp;t=92s\" target=\"_blank\" rel=\"noopener\">Funkcje platformy IBUK Libra<\/a><\/li><li><a href=\"http:\/\/www.youtube.com\/watch?v=7GNxlHtmtWk\" target=\"_blank\" rel=\"noopener\">Osobista p\u00f3\u0142ka myIBUK<\/a><\/li><li><a href=\"https:\/\/www.youtube.com\/watch?v=0AdBCHKnLCg\" target=\"_blank\" rel=\"noopener\">IBUK &#8211; TUTORIAL<\/a><\/li><\/ol>\n\n\n\n<ul class=\"wp-block-list\"><li><strong>Dost\u0119pne tytu\u0142y<\/strong>\u00a0&#8211;\u00a0<a href=\"https:\/\/bpplock.pl\/wp-content\/uploads\/sites\/12\/2021\/11\/Lista_dostepnych_pozycji.xlsx\">wykaz<\/a><\/li><li><strong>Zestawienia IBUK Libra<\/strong><\/li><\/ul>\n\n\n\n<ol class=\"wp-block-list\"><li><strong><a href=\"https:\/\/bpplock.pl\/wp-content\/uploads\/sites\/12\/2021\/11\/Dziecko_z_autyzmem_i_zespolem_aspergera_zestawienie_ibukow.pdf\">Dziecko z autyzmem i Zespo\u0142em Aspergera<\/a><\/strong><\/li><li><strong><a href=\"https:\/\/bpplock.pl\/wp-content\/uploads\/sites\/12\/2021\/11\/Dziecko_z_niepelnosprawnoscia.pdf\">Dziecko z niepe\u0142nosprawno\u015bci\u0105<\/a><\/strong><\/li><li><strong><a href=\"https:\/\/bpplock.pl\/wp-content\/uploads\/sites\/12\/2021\/11\/Edukacja_przedszkolna.pdf\">Edukacja przedszkolna<\/a><\/strong><\/li><li><strong><a href=\"https:\/\/bpplock.pl\/wp-content\/uploads\/sites\/12\/2021\/11\/Edukacja_wczesnoszkolna.pdf\">Edukacja wczesnoszkolna<\/a><\/strong><\/li><li><strong><a href=\"https:\/\/bpplock.pl\/wp-content\/uploads\/sites\/12\/2021\/11\/Edulacja_medialna.pdf\">Edukacja medialna<\/a><\/strong><\/li><li><strong><a href=\"https:\/\/bpplock.pl\/wp-content\/uploads\/sites\/12\/2021\/11\/E-learning.pdf\">E-learning<\/a><\/strong><\/li><li><strong><a href=\"https:\/\/bpplock.pl\/wp-content\/uploads\/sites\/12\/2021\/11\/logopedia_zestawienie.pdf\">Logopedia<\/a><\/strong><\/li><li><strong><a href=\"https:\/\/bpplock.pl\/wp-content\/uploads\/sites\/12\/2021\/11\/Metodologia_badan.pdf\">Metodologia bada\u0144<\/a><\/strong><\/li><li><strong><a href=\"https:\/\/bpplock.pl\/wp-content\/uploads\/sites\/12\/2021\/11\/Narkotyki.Dopalacze.pdf\">Narkotyki Dopalacze<\/a><\/strong><\/li><li><strong><a href=\"https:\/\/bpplock.pl\/wp-content\/uploads\/sites\/12\/2021\/11\/Oblicza_starosci.pdf\">Oblicza staro\u015bci<\/a><\/strong><\/li><li><strong><a href=\"https:\/\/bpplock.pl\/wp-content\/uploads\/sites\/12\/2021\/11\/Pedagogika_specjalna.pdf\">Pedagogika specjalna<\/a><\/strong><\/li><li><strong><a href=\"https:\/\/bpplock.pl\/wp-content\/uploads\/sites\/12\/2021\/11\/Przemoc_domowa.pdf\">Przemoc domowa<\/a><\/strong><\/li><li><strong><a href=\"https:\/\/bpplock.pl\/wp-content\/uploads\/sites\/12\/2021\/11\/Przemoc_elektroniczna_Cyberprzemoc.pdf\">Przemoc elektroniczna &#8211; Cyberprzemoc<\/a><\/strong><\/li><li><strong><a href=\"https:\/\/bpplock.pl\/wp-content\/uploads\/sites\/12\/2021\/11\/psychologia_dziecka.pdf\">Psychologia dziecka<\/a><\/strong><\/li><li><strong><a href=\"https:\/\/bpplock.pl\/wp-content\/uploads\/sites\/12\/2021\/11\/RESOCJALIZACJA.pdf\">Resocjalizacja<\/a><\/strong><\/li><li><strong><a href=\"https:\/\/bpplock.pl\/wp-content\/uploads\/sites\/12\/2021\/11\/Rodzina_wspolczesna.pdf\">Rodzina wsp\u00f3\u0142czesna<\/a><\/strong><\/li><li><a href=\"https:\/\/bpplock.pl\/wp-content\/uploads\/sites\/12\/2021\/11\/Uzaleznienia_od_Internetu_uzaleznienia_behawioralne.pdf\"><strong>Uzale\u017cnienia od Internetu uzale\u017cnienia behawioralne<\/strong><\/a><\/li><\/ol>\n","protected":false},"excerpt":{"rendered":"<p>Samouczek&nbsp;&#8211;&nbsp;Filmy instrukta\u017cowe: Rejestracja w IBUK Libra Funkcje platformy IBUK Libra Osobista p\u00f3\u0142ka myIBUK IBUK &#8211; TUTORIAL Dost\u0119pne tytu\u0142y\u00a0&#8211;\u00a0wykaz Zestawienia IBUK [&hellip;]<\/p>\n","protected":false},"author":112,"featured_media":0,"parent":0,"menu_order":0,"comment_status":"closed","ping_status":"closed","template":"","meta":{"_acf_changed":false,"_oasis_is_in_workflow":0,"_oasis_original":0,"inline_featured_image":false,"site-sidebar-layout":"default","site-content-layout":"","ast-site-content-layout":"default","site-content-style":"default","site-sidebar-style":"default","ast-global-header-display":"","ast-banner-title-visibility":"","ast-main-header-display":"","ast-hfb-above-header-display":"","ast-hfb-below-header-display":"","ast-hfb-mobile-header-display":"","site-post-title":"","ast-breadcrumbs-content":"","ast-featured-img":"","footer-sml-layout":"","ast-disable-related-posts":"","theme-transparent-header-meta":"","adv-header-id-meta":"","stick-header-meta":"","header-above-stick-meta":"","header-main-stick-meta":"","header-below-stick-meta":"","astra-migrate-meta-layouts":"default","ast-page-background-enabled":"default","ast-page-background-meta":{"desktop":{"background-color":"","background-image":"","background-repeat":"repeat","background-position":"center center","background-size":"auto","background-attachment":"scroll","background-type":"","background-media":"","overlay-type":"","overlay-color":"","overlay-opacity":"","overlay-gradient":""},"tablet":{"background-color":"","background-image":"","background-repeat":"repeat","background-position":"center center","background-size":"auto","background-attachment":"scroll","background-type":"","background-media":"","overlay-type":"","overlay-color":"","overlay-opacity":"","overlay-gradient":""},"mobile":{"background-color":"","background-image":"","background-repeat":"repeat","background-position":"center center","background-size":"auto","background-attachment":"scroll","background-type":"","background-media":"","overlay-type":"","overlay-color":"","overlay-opacity":"","overlay-gradient":""}},"ast-content-background-meta":{"desktop":{"background-color":"var(--ast-global-color-5)","background-image":"","background-repeat":"repeat","background-position":"center center","background-size":"auto","background-attachment":"scroll","background-type":"","background-media":"","overlay-type":"","overlay-color":"","overlay-opacity":"","overlay-gradient":""},"tablet":{"background-color":"var(--ast-global-color-5)","background-image":"","background-repeat":"repeat","background-position":"center center","background-size":"auto","background-attachment":"scroll","background-type":"","background-media":"","overlay-type":"","overlay-color":"","overlay-opacity":"","overlay-gradient":""},"mobile":{"background-color":"var(--ast-global-color-5)","background-image":"","background-repeat":"repeat","background-position":"center center","background-size":"auto","background-attachment":"scroll","background-type":"","background-media":"","overlay-type":"","overlay-color":"","overlay-opacity":"","overlay-gradient":""}},"_themeisle_gutenberg_block_has_review":false,"footnotes":""},"class_list":["post-6212","page","type-page","status-publish","hentry"],"acf":[],"featured_image_urls_v2":{"full":"","thumbnail":"","medium":"","medium_large":"","large":"","1536x1536":"","2048x2048":"","img-1100-450":"","img-1120-800":"","img-870-440":"","img-850-600":"","img-480-380":"","img-300-225":"","img-540-700":"","img-75-75":"","menu-24x24":"","menu-36x36":"","menu-48x48":"","mailpoet_newsletter_max":""},"post_excerpt_stackable_v2":"<p>Samouczek&nbsp;&#8211;&nbsp;Filmy instrukta\u017cowe: Rejestracja w IBUK LibraFunkcje platformy IBUK LibraOsobista p\u00f3\u0142ka myIBUKIBUK &#8211; TUTORIAL Dost\u0119pne tytu\u0142y\u00a0&#8211;\u00a0wykazZestawienia IBUK Libra Dziecko z autyzmem i Zespo\u0142em AspergeraDziecko z niepe\u0142nosprawno\u015bci\u0105Edukacja przedszkolnaEdukacja wczesnoszkolnaEdukacja medialnaE-learningLogopediaMetodologia bada\u0144Narkotyki DopalaczeOblicza staro\u015bciPedagogika specjalnaPrzemoc domowaPrzemoc elektroniczna &#8211; CyberprzemocPsychologia dzieckaResocjalizacjaRodzina wsp\u00f3\u0142czesnaUzale\u017cnienia od Internetu uzale\u017cnienia behawioralne<\/p>\n","category_list_v2":"","author_info_v2":{"name":"Martyna Zalewska","url":"https:\/\/bpplock.pl\/uk\/author\/mprzygodzka\/"},"comments_num_v2":"0 \u043a\u043e\u043c\u0435\u043d\u0442\u0430\u0440\u0456\u0432","_links":{"self":[{"href":"https:\/\/bpplock.pl\/uk\/wp-json\/wp\/v2\/pages\/6212","targetHints":{"allow":["GET"]}}],"collection":[{"href":"https:\/\/bpplock.pl\/uk\/wp-json\/wp\/v2\/pages"}],"about":[{"href":"https:\/\/bpplock.pl\/uk\/wp-json\/wp\/v2\/types\/page"}],"author":[{"embeddable":true,"href":"https:\/\/bpplock.pl\/uk\/wp-json\/wp\/v2\/users\/112"}],"replies":[{"embeddable":true,"href":"https:\/\/bpplock.pl\/uk\/wp-json\/wp\/v2\/comments?post=6212"}],"version-history":[{"count":2,"href":"https:\/\/bpplock.pl\/uk\/wp-json\/wp\/v2\/pages\/6212\/revisions"}],"predecessor-version":[{"id":6821,"href":"https:\/\/bpplock.pl\/uk\/wp-json\/wp\/v2\/pages\/6212\/revisions\/6821"}],"wp:attachment":[{"href":"https:\/\/bpplock.pl\/uk\/wp-json\/wp\/v2\/media?parent=6212"}],"curies":[{"name":"wp","href":"https:\/\/api.w.org\/{rel}","templated":true}]}}