{"id":6203,"date":"2021-11-25T09:23:43","date_gmt":"2021-11-25T08:23:43","guid":{"rendered":"https:\/\/bpplock.pl\/historia\/"},"modified":"2022-10-27T22:51:46","modified_gmt":"2022-10-27T20:51:46","slug":"historia","status":"publish","type":"page","link":"https:\/\/bpplock.pl\/uk\/historia\/","title":{"rendered":"\u0456\u0441\u0442\u043e\u0440\u0456\u044f"},"content":{"rendered":"\n<h3 class=\"wp-block-heading\">Kalendarium<\/h3>\n\n\n\n<p><strong>1953<\/strong><\/p>\n\n\n\n<ul class=\"wp-block-list\"><li>Pierwszy wpis do&nbsp;ksi\u0119gi inwentarzowej.<\/li><li>Siedzib\u0105 Biblioteki by\u0142 Wydzia\u0142 O\u015bwiaty Prezydium Powiatowej Rady Narodowej w P\u0142ocku przy ul.&nbsp;Kolegialnej 15.<\/li><\/ul>\n\n\n\n<p><strong>1957<\/strong><\/p>\n\n\n\n<ul class=\"wp-block-list\"><li>Uzyskanie statusu biblioteki powiatowej &#8211; PBP.<\/li><\/ul>\n\n\n\n<p><strong>1962<\/strong><\/p>\n\n\n\n<ul class=\"wp-block-list\"><li>Utworzenie wypo\u017cyczalni i&nbsp;czytelni.<\/li><\/ul>\n\n\n\n<p><strong>1966<\/strong><\/p>\n\n\n\n<ul class=\"wp-block-list\"><li>Pa\u017adziernik &#8211; przeniesienie Biblioteki do&nbsp;Domu Nauczyciela &#8211; nowej siedziby przy ul.&nbsp;Ko\u015bciuszki&nbsp;24 w&nbsp;P\u0142ocku.<\/li><\/ul>\n\n\n\n<p><strong>1976<\/strong><\/p>\n\n\n\n<ul class=\"wp-block-list\"><li>W zwi\u0105zku z&nbsp;reform\u0105 administracyjn\u0105 kraju utworzono wojew\u00f3dztwo p\u0142ockie.<\/li><li>Kurator O\u015bwiaty i Wychowania w P\u0142ocku dokona\u0142 przekszta\u0142cenia PBP w P\u0142ocku w Pedagogiczn\u0105 Bibliotek\u0119 Wojew\u00f3dzk\u0105.Biblioteki pedagogiczne w Gostyninie, Kutnie, \u0141\u0119czycy i Sierpcu sta\u0142y si\u0119 jej filiami.<br>Nowa struktura organizacyjna p\u0142ockiej plac\u00f3wki obejmowa\u0142a:<br>&#8211; Wydzia\u0142 Organizacyjno-Administracyjny,<br>&#8211; Gromadzenie i&nbsp;Opracowanie Zbior\u00f3w,<br>&#8211; Wypo\u017cyczalni\u0119 z Dzia\u0142em Informacyjno-Bibliograficznym,<br>&#8211; Czytelni\u0119 z Dzia\u0142em Metodyczno-Instrukcyjnym.<\/li><\/ul>\n\n\n\n<p><strong>1983<\/strong><\/p>\n\n\n\n<ul class=\"wp-block-list\"><li>Listopad &#8211; przeprowadzka do&nbsp;nowej siedziby przy ulicy Jachowicza 2 (budynek Politechniki).<\/li><\/ul>\n\n\n\n<p><strong>1991<\/strong><\/p>\n\n\n\n<ul class=\"wp-block-list\"><li>Protest pracownik\u00f3w i&nbsp;czytelnik\u00f3w w&nbsp;zwi\u0105zku z&nbsp;planami likwidacji Biblioteki &#8211; protest skierowano do&nbsp;Ministra Edukacji Narodowej.<\/li><\/ul>\n\n\n\n<p><strong>1992<\/strong><\/p>\n\n\n\n<ul class=\"wp-block-list\"><li>Z dniem 1 wrze\u015bnia w\u0142\u0105czono Bibliotek\u0119 w&nbsp;struktur\u0119 Wojew\u00f3dzkiego O\u015brodka Metodycznego w&nbsp;P\u0142ocku.<\/li><li>Z dniem 16 listopada Biblioteka wesz\u0142a w sk\u0142ad Zespo\u0142u Szk\u00f3\u0142 i Plac\u00f3wek Kszta\u0142cenia i&nbsp;Doskonalenia Nauczycieli w P\u0142ocku z siedzib\u0105 przy ul. \u0141ukasiewicza 11.<\/li><\/ul>\n\n\n\n<p><strong>1993<\/strong><\/p>\n\n\n\n<ul class=\"wp-block-list\"><li>Luty &#8211; przeprowadzka na&nbsp;ul. \u0141ukasiewicza 11.<\/li><\/ul>\n\n\n\n<p><strong>1996<\/strong><\/p>\n\n\n\n<ul class=\"wp-block-list\"><li>Zmiana nazwy z&nbsp;Pedagogicznej Biblioteki Wojew\u00f3dzkiej na&nbsp;Bibliotek\u0119 Pedagogiczn\u0105 w&nbsp;P\u0142ocku.<\/li><li>Zakupiono komputerowy program biblioteczny MAK.<\/li><\/ul>\n\n\n\n<p><strong>1998<\/strong><\/p>\n\n\n\n<ul class=\"wp-block-list\"><li>Rozwi\u0105zanie ZSiZKiDN w&nbsp;P\u0142ocku; odzyskanie samodzielno\u015bci organizacyjnej przez Bibliotek\u0119.<\/li><\/ul>\n\n\n\n<p><strong>1999<\/strong><\/p>\n\n\n\n<ul class=\"wp-block-list\"><li>Z dniem 1 stycznia 1999 roku w&nbsp;zwi\u0105zku z&nbsp;reform\u0105 administracyjn\u0105 kraju Biblioteka utraci\u0142a status biblioteki wojew\u00f3dzkiej i&nbsp;dwie filie: w&nbsp;Kutnie i&nbsp;\u0141\u0119czycy (znalaz\u0142y si\u0119 one na&nbsp;terenie wojew\u00f3dztwa \u0142\u00f3dzkiego).<\/li><li>Organem prowadz\u0105cym Bibliotek\u0119 Pedagogiczn\u0105 sta\u0142 si\u0119 Samorz\u0105d Wojew\u00f3dztwa Mazowieckiego.<\/li><\/ul>\n\n\n\n<p><strong>2002<\/strong><\/p>\n\n\n\n<ul class=\"wp-block-list\"><li>Zakup profesjonalnego komputerowego programu bibliotecznego PROLIB.<\/li><li>Na mocy uchwa\u0142y Sejmiku Wojew\u00f3dztwa Mazowieckiego z&nbsp;dnia 30 wrze\u015bnia utworzono Zesp\u00f3\u0142 Plac\u00f3wek Doskonalenia Nauczycieli w&nbsp;P\u0142ocku, w&nbsp;sk\u0142ad kt\u00f3rego wesz\u0142y O\u015brodek Doskonalenia Nauczycieli w&nbsp;P\u0142ocku i&nbsp;Biblioteka Pedagogiczna w&nbsp;P\u0142ocku.<\/li><\/ul>\n\n\n\n<p><strong>2004<\/strong><\/p>\n\n\n\n<ul class=\"wp-block-list\"><li>Pod koniec roku Organ Prowadz\u0105cy przeznaczy\u0142 du\u017ce \u015brodki finansowe, kt\u00f3re pozwoli\u0142y w&nbsp;Bibliotece na znacz\u0105c\u0105 modernizacj\u0119 i wymian\u0119 wyposa\u017cenia.<br><br><strong>2005<\/strong><\/li><li>Na mocy Uchwa\u0142y Sejmiku Wojew\u00f3dztwa Mazowieckiego z&nbsp;dn. 9 czerwca 2005 roku z&nbsp;dniem 30 czerwca 2005 roku zostaje rozwi\u0105zany Zesp\u00f3\u0142 Plac\u00f3wek Doskonalenia Nauczycieli w&nbsp;P\u0142ocku. Biblioteka Pedagogiczna w&nbsp;P\u0142ocku zostaje samodzieln\u0105 plac\u00f3wk\u0105 o\u015bwiatow\u0105.<\/li><\/ul>\n\n\n\n<p><strong>2006<\/strong><\/p>\n\n\n\n<ul class=\"wp-block-list\"><li>Kwiecie\u0144 &#8211; uruchomienie Internetowego Centrum Informacji Multimedialnej &#8211; ICIM.<\/li><\/ul>\n\n\n\n<p><strong>2007<\/strong><\/p>\n\n\n\n<ul class=\"wp-block-list\"><li>W lipcu nast\u0105pi\u0142a zmiana adresu. Obecny adres: ul. Ga\u0142czy\u0144skiego 26. Siedziba biblioteki &#8211; bez zmian.<\/li><\/ul>\n\n\n\n<p><strong>2008<\/strong><\/p>\n\n\n\n<ul class=\"wp-block-list\"><li>Wrzesie\u0144 &#8211; wprowadzono elektroniczn\u0105 obs\u0142ug\u0119 Wypo\u017cyczalni.<\/li><\/ul>\n\n\n\n<p><strong>2009<\/strong><\/p>\n\n\n\n<ul class=\"wp-block-list\"><li>Czerwiec &#8211; zawarto porozumienie z Bibliotek\u0105 Uniwersytetu \u015al\u0105skiego. Na jego mocy Biblioteka Pedagogiczna korzysta nieodp\u0142atnie z Centralnej Kopii Kartoteki Hase\u0142 Wzorcowych.<\/li><li>Wrzesie\u0144 &#8211; wprowadzono elektroniczne udost\u0119pnianie w Czytelni oraz wypo\u017cyczanie i udost\u0119pnianie w Filii w Gostyninie.<\/li><\/ul>\n\n\n\n<p><strong>2011<\/strong><\/p>\n\n\n\n<ul class=\"wp-block-list\"><li>Stycze\u0144 &#8211; wprowadzono elektroniczne wypo\u017cyczanie w Filii w Sierpcu.<\/li><\/ul>\n\n\n\n<p><strong>2013<\/strong><\/p>\n\n\n\n<ul class=\"wp-block-list\"><li>31 marca 2013 r. uleg\u0142a likwidacji sierpecka Filia Biblioteki Pedagogicznej w P\u0142ocku na podstawie Uchwa\u0142y nr 2632\/218\/12 Zarz\u0105du Wojew\u00f3dztwa Mazowieckiego z dnia 18 grudnia 2012 r.<\/li><\/ul>\n","protected":false},"excerpt":{"rendered":"<p>Kalendarium 1953 Pierwszy wpis do&nbsp;ksi\u0119gi inwentarzowej. Siedzib\u0105 Biblioteki by\u0142 Wydzia\u0142 O\u015bwiaty Prezydium Powiatowej Rady Narodowej w P\u0142ocku przy ul.&nbsp;Kolegialnej 15. [&hellip;]<\/p>\n","protected":false},"author":112,"featured_media":0,"parent":0,"menu_order":0,"comment_status":"closed","ping_status":"closed","template":"","meta":{"_acf_changed":false,"_oasis_is_in_workflow":0,"_oasis_original":0,"inline_featured_image":false,"site-sidebar-layout":"default","site-content-layout":"","ast-site-content-layout":"default","site-content-style":"default","site-sidebar-style":"default","ast-global-header-display":"","ast-banner-title-visibility":"","ast-main-header-display":"","ast-hfb-above-header-display":"","ast-hfb-below-header-display":"","ast-hfb-mobile-header-display":"","site-post-title":"","ast-breadcrumbs-content":"","ast-featured-img":"","footer-sml-layout":"","ast-disable-related-posts":"","theme-transparent-header-meta":"","adv-header-id-meta":"","stick-header-meta":"","header-above-stick-meta":"","header-main-stick-meta":"","header-below-stick-meta":"","astra-migrate-meta-layouts":"default","ast-page-background-enabled":"default","ast-page-background-meta":{"desktop":{"background-color":"","background-image":"","background-repeat":"repeat","background-position":"center center","background-size":"auto","background-attachment":"scroll","background-type":"","background-media":"","overlay-type":"","overlay-color":"","overlay-opacity":"","overlay-gradient":""},"tablet":{"background-color":"","background-image":"","background-repeat":"repeat","background-position":"center center","background-size":"auto","background-attachment":"scroll","background-type":"","background-media":"","overlay-type":"","overlay-color":"","overlay-opacity":"","overlay-gradient":""},"mobile":{"background-color":"","background-image":"","background-repeat":"repeat","background-position":"center center","background-size":"auto","background-attachment":"scroll","background-type":"","background-media":"","overlay-type":"","overlay-color":"","overlay-opacity":"","overlay-gradient":""}},"ast-content-background-meta":{"desktop":{"background-color":"var(--ast-global-color-5)","background-image":"","background-repeat":"repeat","background-position":"center center","background-size":"auto","background-attachment":"scroll","background-type":"","background-media":"","overlay-type":"","overlay-color":"","overlay-opacity":"","overlay-gradient":""},"tablet":{"background-color":"var(--ast-global-color-5)","background-image":"","background-repeat":"repeat","background-position":"center center","background-size":"auto","background-attachment":"scroll","background-type":"","background-media":"","overlay-type":"","overlay-color":"","overlay-opacity":"","overlay-gradient":""},"mobile":{"background-color":"var(--ast-global-color-5)","background-image":"","background-repeat":"repeat","background-position":"center center","background-size":"auto","background-attachment":"scroll","background-type":"","background-media":"","overlay-type":"","overlay-color":"","overlay-opacity":"","overlay-gradient":""}},"_themeisle_gutenberg_block_has_review":false,"footnotes":""},"class_list":["post-6203","page","type-page","status-publish","hentry"],"acf":[],"featured_image_urls_v2":{"full":"","thumbnail":"","medium":"","medium_large":"","large":"","1536x1536":"","2048x2048":"","img-1100-450":"","img-1120-800":"","img-870-440":"","img-850-600":"","img-480-380":"","img-300-225":"","img-540-700":"","img-75-75":"","menu-24x24":"","menu-36x36":"","menu-48x48":"","mailpoet_newsletter_max":""},"post_excerpt_stackable_v2":"<p>Kalendarium 1953 Pierwszy wpis do&nbsp;ksi\u0119gi inwentarzowej.Siedzib\u0105 Biblioteki by\u0142 Wydzia\u0142 O\u015bwiaty Prezydium Powiatowej Rady Narodowej w P\u0142ocku przy ul.&nbsp;Kolegialnej 15. 1957 Uzyskanie statusu biblioteki powiatowej &#8211; PBP. 1962 Utworzenie wypo\u017cyczalni i&nbsp;czytelni. 1966 Pa\u017adziernik &#8211; przeniesienie Biblioteki do&nbsp;Domu Nauczyciela &#8211; nowej siedziby przy ul.&nbsp;Ko\u015bciuszki&nbsp;24 w&nbsp;P\u0142ocku. 1976 W zwi\u0105zku z&nbsp;reform\u0105 administracyjn\u0105 kraju utworzono wojew\u00f3dztwo p\u0142ockie.Kurator O\u015bwiaty i Wychowania w P\u0142ocku dokona\u0142 przekszta\u0142cenia PBP w P\u0142ocku w Pedagogiczn\u0105 Bibliotek\u0119 Wojew\u00f3dzk\u0105.Biblioteki pedagogiczne w Gostyninie, Kutnie, \u0141\u0119czycy i Sierpcu sta\u0142y si\u0119 jej filiami.Nowa struktura organizacyjna p\u0142ockiej plac\u00f3wki obejmowa\u0142a:&#8211; Wydzia\u0142 Organizacyjno-Administracyjny,&#8211; Gromadzenie i&nbsp;Opracowanie Zbior\u00f3w,&#8211; Wypo\u017cyczalni\u0119 z Dzia\u0142em Informacyjno-Bibliograficznym,&#8211; Czytelni\u0119 z Dzia\u0142em Metodyczno-Instrukcyjnym. 1983 Listopad &#8211; przeprowadzka do&nbsp;nowej&hellip;<\/p>\n","category_list_v2":"","author_info_v2":{"name":"Martyna Zalewska","url":"https:\/\/bpplock.pl\/uk\/author\/mprzygodzka\/"},"comments_num_v2":"0 \u043a\u043e\u043c\u0435\u043d\u0442\u0430\u0440\u0456\u0432","_links":{"self":[{"href":"https:\/\/bpplock.pl\/uk\/wp-json\/wp\/v2\/pages\/6203","targetHints":{"allow":["GET"]}}],"collection":[{"href":"https:\/\/bpplock.pl\/uk\/wp-json\/wp\/v2\/pages"}],"about":[{"href":"https:\/\/bpplock.pl\/uk\/wp-json\/wp\/v2\/types\/page"}],"author":[{"embeddable":true,"href":"https:\/\/bpplock.pl\/uk\/wp-json\/wp\/v2\/users\/112"}],"replies":[{"embeddable":true,"href":"https:\/\/bpplock.pl\/uk\/wp-json\/wp\/v2\/comments?post=6203"}],"version-history":[{"count":2,"href":"https:\/\/bpplock.pl\/uk\/wp-json\/wp\/v2\/pages\/6203\/revisions"}],"predecessor-version":[{"id":6818,"href":"https:\/\/bpplock.pl\/uk\/wp-json\/wp\/v2\/pages\/6203\/revisions\/6818"}],"wp:attachment":[{"href":"https:\/\/bpplock.pl\/uk\/wp-json\/wp\/v2\/media?parent=6203"}],"curies":[{"name":"wp","href":"https:\/\/api.w.org\/{rel}","templated":true}]}}