{"id":58912,"date":"2025-01-24T13:53:20","date_gmt":"2025-01-24T12:53:20","guid":{"rendered":"https:\/\/bpplock.pl\/?page_id=58912"},"modified":"2026-02-04T13:43:23","modified_gmt":"2026-02-04T12:43:23","slug":"patroni-roku-3","status":"publish","type":"page","link":"https:\/\/bpplock.pl\/uk\/patroni-roku-3\/","title":{"rendered":"Patroni roku"},"content":{"rendered":"\n<h2 class=\"wp-block-heading\">Patroni 2026 roku<\/h2>\n\n\n\n<p><strong>Patroni ustanowieni przez Sejm Rzeczypospolite<\/strong>j<\/p>\n\n\n\n<ol class=\"wp-block-list\">\n<li><a href=\"https:\/\/pl.wikipedia.org\/wiki\/Ignacy_Daszy%C5%84ski\" target=\"_blank\" rel=\"noopener\">Ignacy Daszy\u0144ski (1866-1936)&nbsp;<\/a>&#8211;&nbsp;<a href=\"https:\/\/isap.sejm.gov.pl\/isap.nsf\/download.xsp\/WMP20250001073\/O\/M20251073.pdf\" target=\"_blank\" rel=\"noopener\">Uchwa\u0142a<\/a><\/li>\n\n\n\n<li><a href=\"https:\/\/pl.wikipedia.org\/wiki\/Stanis%C5%82aw_Staszic\" target=\"_blank\" rel=\"noopener\">Stanis\u0142aw Staszic (1755-1826) <\/a>&#8211;&nbsp;<a href=\"https:\/\/isap.sejm.gov.pl\/isap.nsf\/download.xsp\/WMP20250001057\/O\/M20251057.pdf\" target=\"_blank\" rel=\"noopener\">Uchwa\u0142a<\/a><\/li>\n\n\n\n<li><a href=\"https:\/\/pl.wikipedia.org\/wiki\/J%C3%B3zef_Maksymilian_Ossoli%C5%84ski\" target=\"_blank\" rel=\"noopener\">J\u00f3zef Maksymilian Ossoli\u0144ski (1748-1826)<\/a>&nbsp;&#8211;&nbsp;<a href=\"https:\/\/isap.sejm.gov.pl\/isap.nsf\/download.xsp\/WMP20250001104\/O\/M20251104.pdf\" target=\"_blank\" rel=\"noopener\">Uchwa\u0142a<\/a><\/li>\n\n\n\n<li><a href=\"https:\/\/pl.wikipedia.org\/wiki\/Sergiusz_Piasecki\" target=\"_blank\" rel=\"noopener\">Sergiusz Piasecki (1899-1964)<\/a> &#8211;&nbsp;<a href=\"https:\/\/isap.sejm.gov.pl\/isap.nsf\/download.xsp\/WMP20250001099\/O\/M20251099.pdf\" target=\"_blank\" rel=\"noopener\">Uchwa\u0142a<\/a><\/li>\n\n\n\n<li><a href=\"https:\/\/pl.wikipedia.org\/wiki\/J%C3%B3zef_Czapski\" target=\"_blank\" rel=\"noopener\">J\u00f3zef Czapski (1896-1993)<\/a>&nbsp;&#8211;<a href=\"https:\/\/isap.sejm.gov.pl\/isap.nsf\/download.xsp\/WMP20250001058\/O\/M20251058.pdf\" target=\"_blank\" rel=\"noopener\">&nbsp;Uchwa\u0142a<\/a><\/li>\n\n\n\n<li><a href=\"https:\/\/pl.wikipedia.org\/wiki\/Mieczys%C5%82aw_Fogg\" target=\"_blank\" rel=\"noopener\">Mieczys\u0142aw Fogg (1901-1990)<\/a>&nbsp;&#8211;&nbsp;<a href=\"https:\/\/isap.sejm.gov.pl\/isap.nsf\/download.xsp\/WMP20250001059\/O\/M20251059.pdf\" target=\"_blank\" rel=\"noopener\">Uchwa\u0142a<\/a><\/li>\n\n\n\n<li><a href=\"https:\/\/pl.wikipedia.org\/wiki\/Polskie_Radio\" target=\"_blank\" rel=\"noopener\">Polskie Radio <\/a>&#8211; <a href=\"https:\/\/isap.sejm.gov.pl\/isap.nsf\/download.xsp\/WMP20250001074\/O\/M20251074.pdf\" target=\"_blank\" rel=\"noopener\">Uchwa\u0142a<\/a><\/li>\n\n\n\n<li><a href=\"https:\/\/pl.wikipedia.org\/wiki\/Polskie_Koleje_Pa%C5%84stwowe\" data-type=\"link\" data-id=\"https:\/\/pl.wikipedia.org\/wiki\/Polskie_Koleje_Pa%C5%84stwowe\" target=\"_blank\" rel=\"noopener\">Polska Kolej <\/a> &#8211; <a href=\"https:\/\/isap.sejm.gov.pl\/isap.nsf\/download.xsp\/WMP20250001101\/O\/M20251101.pdf\" target=\"_blank\" rel=\"noopener\">Uchwa\u0142a<\/a><\/li>\n\n\n\n<li><a href=\"https:\/\/pl.wikipedia.org\/wiki\/Profilaktyka_zdrowotna\" target=\"_blank\" rel=\"noopener\">Profilaktyka Zdrowotna <\/a> &#8211; <a href=\"https:\/\/isap.sejm.gov.pl\/isap.nsf\/download.xsp\/WMP20250001069\/O\/M20251069.pdf\" target=\"_blank\" rel=\"noopener\">Uchwa\u0142a<\/a><\/li>\n<\/ol>\n\n\n\n<p><\/p>\n\n\n\n<p><strong>Patroni ustanowieni przez Senat Rzeczypospolitej<\/strong><\/p>\n\n\n\n<ol class=\"wp-block-list\">\n<li><a href=\"https:\/\/pl.wikipedia.org\/wiki\/Czerwiec_1976\" target=\"_blank\" rel=\"noopener\">Robotnicze Protesty Czerwca 1976<\/a>&nbsp;&#8211; <a href=\"https:\/\/isap.sejm.gov.pl\/isap.nsf\/download.xsp\/WMP20250000496\/O\/M20250496.pdf\" target=\"_blank\" rel=\"noopener\">Uchwa\u0142a<\/a><\/li>\n\n\n\n<li><a href=\"https:\/\/pl.wikipedia.org\/wiki\/R%C3%B3%C5%BCa_Czacka\" target=\"_blank\" rel=\"noopener\">B\u0142ogos\u0142awiona Matka El\u017cbieta R\u00f3\u017ca Czacka <\/a>&#8211;&nbsp;<a href=\"https:\/\/isap.sejm.gov.pl\/isap.nsf\/download.xsp\/WMP20250000460\/O\/M20250460.pdf\" target=\"_blank\" rel=\"noopener\">Uchwa\u0142a<\/a><\/li>\n\n\n\n<li><a href=\"https:\/\/pl.wikipedia.org\/wiki\/Andrzej_Wajda\" target=\"_blank\" rel=\"noopener\">Andrzej Wajda (1926-2016<\/a><a href=\"https:\/\/pl.wikipedia.org\/wiki\/Wincenty_Witos\" target=\"_blank\" rel=\"noopener\">)<\/a>&nbsp;&#8211;&nbsp;<a href=\"https:\/\/isap.sejm.gov.pl\/isap.nsf\/download.xsp\/WMP20250000461\/O\/M20250461.pdf\" target=\"_blank\" rel=\"noopener\">Uchwa\u0142a<\/a><\/li>\n\n\n\n<li><a href=\"https:\/\/pl.wikipedia.org\/wiki\/Gdynia\" target=\"_blank\" rel=\"noopener\">Miasto Gdynia<\/a>&nbsp;&#8211;&nbsp;<a href=\"https:\/\/isap.sejm.gov.pl\/isap.nsf\/download.xsp\/WMP20250000462\/O\/M20250462.pdf\" target=\"_blank\" rel=\"noopener\">Uchwa\u0142a<\/a><\/li>\n\n\n\n<li><a href=\"https:\/\/pl.wikipedia.org\/wiki\/Jerzy_Giedroyc\" target=\"_blank\" rel=\"noopener\">Jerzy Giedroyc (1906-2000)<\/a>&#8211;&nbsp;<a href=\"https:\/\/isap.sejm.gov.pl\/isap.nsf\/download.xsp\/WMP20250000497\/O\/M20250497.pdf\" target=\"_blank\" rel=\"noopener\">Uchwa\u0142a<\/a><\/li>\n<\/ol>\n\n\n\n<p><strong>Patroni ustanowieni przez Sejmik Wojew\u00f3dztwa Mazowieckiego<\/strong><\/p>\n\n\n\n<ol class=\"wp-block-list\">\n<li><a href=\"https:\/\/pl.wikipedia.org\/wiki\/Andrzej_Strug\" target=\"_blank\" rel=\"noopener\">Andrzej Strug (1871-1937)<\/a> &#8211;&nbsp;<a href=\"https:\/\/mazovia.pl\/pl\/bip\/sejmik\/uchwaly-sejmiku\/rejestr-uchwal-sejmiku\/uchwala-20725-sejmiku-wojewodztwa-mazowieckiego-z-dnia-2025-12-16.html\" target=\"_blank\" rel=\"noopener\">Uchwa\u0142a<\/a><\/li>\n\n\n\n<li><a href=\"https:\/\/pl.wikipedia.org\/wiki\/Pola_Gojawiczy%C5%84ska\" target=\"_blank\" rel=\"noopener\">Pola Gojawiczy\u0144ska (1896-1963)<\/a> <a href=\"https:\/\/mazovia.pl\/pl\/bip\/sejmik\/uchwaly-sejmiku\/rejestr-uchwal-sejmiku\/uchwala-20825-sejmiku-wojewodztwa-mazowieckiego-z-dnia-2025-12-16.html\" target=\"_blank\" rel=\"noopener\">&#8211; Uchwa\u0142a<\/a><\/li>\n\n\n\n<li><a href=\"https:\/\/pl.wikipedia.org\/wiki\/Mieczys%C5%82aw_Fogg\" target=\"_blank\" rel=\"noopener\">Mieczys\u0142aw Fogg (1901-1990)<\/a>&nbsp;&#8211;&nbsp;<a href=\"https:\/\/mazovia.pl\/pl\/bip\/sejmik\/uchwaly-sejmiku\/rejestr-uchwal-sejmiku\/uchwala-20925-sejmiku-wojewodztwa-mazowieckiego-z-dnia-2025-12-16.html\" target=\"_blank\" rel=\"noopener\">Uchwa\u0142a<\/a><\/li>\n\n\n\n<li><a href=\"https:\/\/pl.wikipedia.org\/wiki\/Mazowsze\" target=\"_blank\" rel=\"noopener\">Mazowsze dla Korony. Jubileusz 500-lecia przy\u0142\u0105czenia Mazowsza do Kr\u00f3lestwa Polskiego<\/a> <a href=\"https:\/\/mazovia.pl\/pl\/bip\/sejmik\/uchwaly-sejmiku\/rejestr-uchwal-sejmiku\/uchwala-21025-sejmiku-wojewodztwa-mazowieckiego-z-dnia-2025-12-16.html\" target=\"_blank\" rel=\"noopener\">&#8211; Uchwa\u0142a<\/a><\/li>\n<\/ol>\n","protected":false},"excerpt":{"rendered":"<p>Patroni 2026 roku Patroni ustanowieni przez Sejm Rzeczypospolitej Patroni ustanowieni przez Senat Rzeczypospolitej Patroni ustanowieni przez Sejmik Wojew\u00f3dztwa Mazowieckiego<\/p>\n","protected":false},"author":1456,"featured_media":0,"parent":0,"menu_order":0,"comment_status":"closed","ping_status":"closed","template":"","meta":{"_acf_changed":false,"_oasis_is_in_workflow":0,"_oasis_original":0,"inline_featured_image":false,"site-sidebar-layout":"default","site-content-layout":"","ast-site-content-layout":"default","site-content-style":"default","site-sidebar-style":"default","ast-global-header-display":"","ast-banner-title-visibility":"","ast-main-header-display":"","ast-hfb-above-header-display":"","ast-hfb-below-header-display":"","ast-hfb-mobile-header-display":"","site-post-title":"disabled","ast-breadcrumbs-content":"","ast-featured-img":"","footer-sml-layout":"","ast-disable-related-posts":"","theme-transparent-header-meta":"","adv-header-id-meta":"","stick-header-meta":"","header-above-stick-meta":"","header-main-stick-meta":"","header-below-stick-meta":"","astra-migrate-meta-layouts":"set","ast-page-background-enabled":"default","ast-page-background-meta":{"desktop":{"background-color":"","background-image":"","background-repeat":"repeat","background-position":"center center","background-size":"auto","background-attachment":"scroll","background-type":"","background-media":"","overlay-type":"","overlay-color":"","overlay-opacity":"","overlay-gradient":""},"tablet":{"background-color":"","background-image":"","background-repeat":"repeat","background-position":"center center","background-size":"auto","background-attachment":"scroll","background-type":"","background-media":"","overlay-type":"","overlay-color":"","overlay-opacity":"","overlay-gradient":""},"mobile":{"background-color":"","background-image":"","background-repeat":"repeat","background-position":"center center","background-size":"auto","background-attachment":"scroll","background-type":"","background-media":"","overlay-type":"","overlay-color":"","overlay-opacity":"","overlay-gradient":""}},"ast-content-background-meta":{"desktop":{"background-color":"var(--ast-global-color-5)","background-image":"","background-repeat":"repeat","background-position":"center center","background-size":"auto","background-attachment":"scroll","background-type":"","background-media":"","overlay-type":"","overlay-color":"","overlay-opacity":"","overlay-gradient":""},"tablet":{"background-color":"var(--ast-global-color-5)","background-image":"","background-repeat":"repeat","background-position":"center center","background-size":"auto","background-attachment":"scroll","background-type":"","background-media":"","overlay-type":"","overlay-color":"","overlay-opacity":"","overlay-gradient":""},"mobile":{"background-color":"var(--ast-global-color-5)","background-image":"","background-repeat":"repeat","background-position":"center center","background-size":"auto","background-attachment":"scroll","background-type":"","background-media":"","overlay-type":"","overlay-color":"","overlay-opacity":"","overlay-gradient":""}},"_themeisle_gutenberg_block_has_review":false,"footnotes":""},"class_list":["post-58912","page","type-page","status-publish","hentry"],"acf":[],"featured_image_urls_v2":{"full":"","thumbnail":"","medium":"","medium_large":"","large":"","1536x1536":"","2048x2048":"","img-1100-450":"","img-1120-800":"","img-870-440":"","img-850-600":"","img-480-380":"","img-300-225":"","img-540-700":"","img-75-75":"","menu-24x24":"","menu-36x36":"","menu-48x48":"","mailpoet_newsletter_max":""},"post_excerpt_stackable_v2":"<p>Patroni 2026 roku Patroni ustanowieni przez Sejm Rzeczypospolitej Ignacy Daszy\u0144ski (1866-1936)&nbsp;&#8211;&nbsp;Uchwa\u0142a Stanis\u0142aw Staszic (1755-1826) &#8211;&nbsp;Uchwa\u0142a J\u00f3zef Maksymilian Ossoli\u0144ski (1748-1826)&nbsp;&#8211;&nbsp;Uchwa\u0142a Sergiusz Piasecki (1899-1964) &#8211;&nbsp;Uchwa\u0142a J\u00f3zef Czapski (1896-1993)&nbsp;&#8211;&nbsp;Uchwa\u0142a Mieczys\u0142aw Fogg (1901-1990)&nbsp;&#8211;&nbsp;Uchwa\u0142a Polskie Radio &#8211; Uchwa\u0142a Polska Kolej &#8211; Uchwa\u0142a Profilaktyka Zdrowotna &#8211; Uchwa\u0142a Patroni ustanowieni przez Senat Rzeczypospolitej Robotnicze Protesty Czerwca 1976&nbsp;&#8211; Uchwa\u0142a B\u0142ogos\u0142awiona Matka El\u017cbieta R\u00f3\u017ca Czacka &#8211;&nbsp;Uchwa\u0142a Andrzej Wajda (1926-2016)&nbsp;&#8211;&nbsp;Uchwa\u0142a Miasto Gdynia&nbsp;&#8211;&nbsp;Uchwa\u0142a Jerzy Giedroyc (1906-2000)&#8211;&nbsp;Uchwa\u0142a Patroni ustanowieni przez Sejmik Wojew\u00f3dztwa Mazowieckiego Andrzej Strug (1871-1937) &#8211;&nbsp;Uchwa\u0142a Pola Gojawiczy\u0144ska (1896-1963) &#8211; Uchwa\u0142a Mieczys\u0142aw Fogg (1901-1990)&nbsp;&#8211;&nbsp;Uchwa\u0142a Mazowsze dla Korony. Jubileusz 500-lecia przy\u0142\u0105czenia Mazowsza do Kr\u00f3lestwa Polskiego &#8211; Uchwa\u0142a<\/p>\n","category_list_v2":"","author_info_v2":{"name":"michalt","url":"https:\/\/bpplock.pl\/uk\/author\/michalt\/"},"comments_num_v2":"0 \u043a\u043e\u043c\u0435\u043d\u0442\u0430\u0440\u0456\u0432","_links":{"self":[{"href":"https:\/\/bpplock.pl\/uk\/wp-json\/wp\/v2\/pages\/58912","targetHints":{"allow":["GET"]}}],"collection":[{"href":"https:\/\/bpplock.pl\/uk\/wp-json\/wp\/v2\/pages"}],"about":[{"href":"https:\/\/bpplock.pl\/uk\/wp-json\/wp\/v2\/types\/page"}],"author":[{"embeddable":true,"href":"https:\/\/bpplock.pl\/uk\/wp-json\/wp\/v2\/users\/1456"}],"replies":[{"embeddable":true,"href":"https:\/\/bpplock.pl\/uk\/wp-json\/wp\/v2\/comments?post=58912"}],"version-history":[{"count":6,"href":"https:\/\/bpplock.pl\/uk\/wp-json\/wp\/v2\/pages\/58912\/revisions"}],"predecessor-version":[{"id":94441,"href":"https:\/\/bpplock.pl\/uk\/wp-json\/wp\/v2\/pages\/58912\/revisions\/94441"}],"wp:attachment":[{"href":"https:\/\/bpplock.pl\/uk\/wp-json\/wp\/v2\/media?parent=58912"}],"curies":[{"name":"wp","href":"https:\/\/api.w.org\/{rel}","templated":true}]}}