{"id":48529,"date":"2024-10-31T09:30:32","date_gmt":"2024-10-31T08:30:32","guid":{"rendered":"https:\/\/bpplock.pl\/?page_id=48529"},"modified":"2024-12-04T10:55:33","modified_gmt":"2024-12-04T09:55:33","slug":"cyberlekcje-3-0","status":"publish","type":"page","link":"https:\/\/bpplock.pl\/uk\/cyberlekcje-3-0\/","title":{"rendered":"CYBERLEKCJE 3.0"},"content":{"rendered":"\n<div class=\"wp-block-columns is-layout-flex wp-container-core-columns-is-layout-28f84493 wp-block-columns-is-layout-flex\">\n<div class=\"wp-block-column is-layout-flow wp-block-column-is-layout-flow\" style=\"flex-basis:50%\">\n<figure class=\"wp-block-gallery has-nested-images columns-default is-cropped wp-block-gallery-1 is-layout-flex wp-block-gallery-is-layout-flex\">\n<figure class=\"wp-block-image size-large\"><img loading=\"lazy\" decoding=\"async\" width=\"768\" height=\"1024\" data-id=\"53398\" src=\"https:\/\/bpplock.pl\/wp-content\/uploads\/sites\/12\/2024\/12\/462571945_874567521489852_1640127380402065875_n-1-768x1024.jpg\" alt=\"\" class=\"wp-image-53398\" srcset=\"https:\/\/bpplock.pl\/wp-content\/uploads\/sites\/12\/2024\/12\/462571945_874567521489852_1640127380402065875_n-1-768x1024.jpg 768w, https:\/\/bpplock.pl\/wp-content\/uploads\/sites\/12\/2024\/12\/462571945_874567521489852_1640127380402065875_n-1-225x300.jpg 225w, https:\/\/bpplock.pl\/wp-content\/uploads\/sites\/12\/2024\/12\/462571945_874567521489852_1640127380402065875_n-1-18x24.jpg 18w, https:\/\/bpplock.pl\/wp-content\/uploads\/sites\/12\/2024\/12\/462571945_874567521489852_1640127380402065875_n-1-27x36.jpg 27w, https:\/\/bpplock.pl\/wp-content\/uploads\/sites\/12\/2024\/12\/462571945_874567521489852_1640127380402065875_n-1-36x48.jpg 36w, https:\/\/bpplock.pl\/wp-content\/uploads\/sites\/12\/2024\/12\/462571945_874567521489852_1640127380402065875_n-1.jpg 1148w\" sizes=\"auto, (max-width: 768px) 100vw, 768px\" \/><\/figure>\n<\/figure>\n<\/div>\n\n\n\n<div class=\"wp-block-column is-layout-flow wp-block-column-is-layout-flow\" style=\"flex-basis:50%\">\n<p>Bierzemy udzia\u0142 w projekcie <strong>Cyberlekcje 3.0 <\/strong>b\u0119d\u0105cy inicjatyw\u0105 Ministerstwa Cyfryzacji&nbsp;oraz Naukowej i Akademickiej Sieci Komputerowej \u2013 Pa\u0144stwowego Instytutu Badawczego NASK-PIB. Jego celem jest wspieranie nauczania o bezpiecznym korzystaniu z Internetu poprzez dostarczenie gotowych narz\u0119dzi dydaktycznych do prowadzenia zaj\u0119\u0107. <\/p>\n\n\n\n<p><strong>Cyberlekcje 3.0<\/strong> obejmuj\u0105 takie obszary tematyczne, jak:\u00a0<\/p>\n\n\n\n<ul class=\"wp-block-list\">\n<li>nadu\u017cywanie nowych technologii i dobrostan psychiczny.<\/li>\n<\/ul>\n\n\n\n<ul class=\"wp-block-list\">\n<li>metody przeszukiwania internetu, bezpiecze\u0144stwo oraz prywatno\u015b\u0107 w internecie;<\/li>\n<\/ul>\n\n\n\n<ul class=\"wp-block-list\">\n<li>relacje oraz wizerunek i to\u017csamo\u015b\u0107 w internecie;<\/li>\n<\/ul>\n\n\n\n<ul class=\"wp-block-list\">\n<li>zagro\u017cenia w sieci oraz niebezpieczne i szkodliwe tre\u015bci;<\/li>\n<\/ul>\n\n\n\n<ul class=\"wp-block-list\">\n<li>bezpieczne zarz\u0105dzanie danymi, poszanowanie praw autorskich.<\/li>\n<\/ul>\n\n\n\n<p>Spotkania organizuj\u0105 i zaj\u0119cia prowadz\u0105 <strong>Tatiana Jastrz\u0119bska, Magdalena Kardyna\u0142, Joanna Kami\u0144ska-W\u00f3jcik.<\/strong> <\/p>\n<\/div>\n<\/div>\n","protected":false},"excerpt":{"rendered":"<p>Bierzemy udzia\u0142 w projekcie Cyberlekcje 3.0 b\u0119d\u0105cy inicjatyw\u0105 Ministerstwa Cyfryzacji&nbsp;oraz Naukowej i Akademickiej Sieci Komputerowej \u2013 Pa\u0144stwowego Instytutu Badawczego NASK-PIB. [&hellip;]<\/p>\n","protected":false},"author":1459,"featured_media":0,"parent":0,"menu_order":0,"comment_status":"closed","ping_status":"closed","template":"","meta":{"_acf_changed":false,"_oasis_is_in_workflow":0,"_oasis_original":0,"inline_featured_image":false,"site-sidebar-layout":"default","site-content-layout":"","ast-site-content-layout":"default","site-content-style":"default","site-sidebar-style":"default","ast-global-header-display":"","ast-banner-title-visibility":"","ast-main-header-display":"","ast-hfb-above-header-display":"","ast-hfb-below-header-display":"","ast-hfb-mobile-header-display":"","site-post-title":"","ast-breadcrumbs-content":"","ast-featured-img":"","footer-sml-layout":"","ast-disable-related-posts":"","theme-transparent-header-meta":"","adv-header-id-meta":"","stick-header-meta":"","header-above-stick-meta":"","header-main-stick-meta":"","header-below-stick-meta":"","astra-migrate-meta-layouts":"set","ast-page-background-enabled":"default","ast-page-background-meta":{"desktop":{"background-color":"","background-image":"","background-repeat":"repeat","background-position":"center center","background-size":"auto","background-attachment":"scroll","background-type":"","background-media":"","overlay-type":"","overlay-color":"","overlay-opacity":"","overlay-gradient":""},"tablet":{"background-color":"","background-image":"","background-repeat":"repeat","background-position":"center center","background-size":"auto","background-attachment":"scroll","background-type":"","background-media":"","overlay-type":"","overlay-color":"","overlay-opacity":"","overlay-gradient":""},"mobile":{"background-color":"","background-image":"","background-repeat":"repeat","background-position":"center center","background-size":"auto","background-attachment":"scroll","background-type":"","background-media":"","overlay-type":"","overlay-color":"","overlay-opacity":"","overlay-gradient":""}},"ast-content-background-meta":{"desktop":{"background-color":"var(--ast-global-color-5)","background-image":"","background-repeat":"repeat","background-position":"center center","background-size":"auto","background-attachment":"scroll","background-type":"","background-media":"","overlay-type":"","overlay-color":"","overlay-opacity":"","overlay-gradient":""},"tablet":{"background-color":"var(--ast-global-color-5)","background-image":"","background-repeat":"repeat","background-position":"center center","background-size":"auto","background-attachment":"scroll","background-type":"","background-media":"","overlay-type":"","overlay-color":"","overlay-opacity":"","overlay-gradient":""},"mobile":{"background-color":"var(--ast-global-color-5)","background-image":"","background-repeat":"repeat","background-position":"center center","background-size":"auto","background-attachment":"scroll","background-type":"","background-media":"","overlay-type":"","overlay-color":"","overlay-opacity":"","overlay-gradient":""}},"_themeisle_gutenberg_block_has_review":false,"footnotes":""},"class_list":["post-48529","page","type-page","status-publish","hentry"],"acf":[],"featured_image_urls_v2":{"full":"","thumbnail":"","medium":"","medium_large":"","large":"","1536x1536":"","2048x2048":"","img-1100-450":"","img-1120-800":"","img-870-440":"","img-850-600":"","img-480-380":"","img-300-225":"","img-540-700":"","img-75-75":"","menu-24x24":"","menu-36x36":"","menu-48x48":"","mailpoet_newsletter_max":""},"post_excerpt_stackable_v2":"<p>Bierzemy udzia\u0142 w projekcie Cyberlekcje 3.0 b\u0119d\u0105cy inicjatyw\u0105 Ministerstwa Cyfryzacji&nbsp;oraz Naukowej i Akademickiej Sieci Komputerowej \u2013 Pa\u0144stwowego Instytutu Badawczego NASK-PIB. Jego celem jest wspieranie nauczania o bezpiecznym korzystaniu z Internetu poprzez dostarczenie gotowych narz\u0119dzi dydaktycznych do prowadzenia zaj\u0119\u0107. Cyberlekcje 3.0 obejmuj\u0105 takie obszary tematyczne, jak:\u00a0 nadu\u017cywanie nowych technologii i dobrostan psychiczny. metody przeszukiwania internetu, bezpiecze\u0144stwo oraz prywatno\u015b\u0107 w internecie; relacje oraz wizerunek i to\u017csamo\u015b\u0107 w internecie; zagro\u017cenia w sieci oraz niebezpieczne i szkodliwe tre\u015bci; bezpieczne zarz\u0105dzanie danymi, poszanowanie praw autorskich. Spotkania organizuj\u0105 i zaj\u0119cia prowadz\u0105 Tatiana Jastrz\u0119bska, Magdalena Kardyna\u0142, Joanna Kami\u0144ska-W\u00f3jcik.<\/p>\n","category_list_v2":"","author_info_v2":{"name":"michals","url":"https:\/\/bpplock.pl\/uk\/author\/michals\/"},"comments_num_v2":"0 \u043a\u043e\u043c\u0435\u043d\u0442\u0430\u0440\u0456\u0432","_links":{"self":[{"href":"https:\/\/bpplock.pl\/uk\/wp-json\/wp\/v2\/pages\/48529","targetHints":{"allow":["GET"]}}],"collection":[{"href":"https:\/\/bpplock.pl\/uk\/wp-json\/wp\/v2\/pages"}],"about":[{"href":"https:\/\/bpplock.pl\/uk\/wp-json\/wp\/v2\/types\/page"}],"author":[{"embeddable":true,"href":"https:\/\/bpplock.pl\/uk\/wp-json\/wp\/v2\/users\/1459"}],"replies":[{"embeddable":true,"href":"https:\/\/bpplock.pl\/uk\/wp-json\/wp\/v2\/comments?post=48529"}],"version-history":[{"count":18,"href":"https:\/\/bpplock.pl\/uk\/wp-json\/wp\/v2\/pages\/48529\/revisions"}],"predecessor-version":[{"id":54931,"href":"https:\/\/bpplock.pl\/uk\/wp-json\/wp\/v2\/pages\/48529\/revisions\/54931"}],"wp:attachment":[{"href":"https:\/\/bpplock.pl\/uk\/wp-json\/wp\/v2\/media?parent=48529"}],"curies":[{"name":"wp","href":"https:\/\/api.w.org\/{rel}","templated":true}]}}