{"id":48133,"date":"2024-10-29T13:48:36","date_gmt":"2024-10-29T12:48:36","guid":{"rendered":"https:\/\/bpplock.pl\/?page_id=48133"},"modified":"2025-01-23T16:55:41","modified_gmt":"2025-01-23T15:55:41","slug":"nasza-mala-biblioteka","status":"publish","type":"page","link":"https:\/\/bpplock.pl\/uk\/nasza-mala-biblioteka\/","title":{"rendered":"Nasza Ma\u0142a Biblioteka"},"content":{"rendered":"\n<div class=\"wp-block-media-text is-stacked-on-mobile\"><figure class=\"wp-block-media-text__media\"><img loading=\"lazy\" decoding=\"async\" width=\"1024\" height=\"1024\" src=\"https:\/\/bpplock.pl\/wp-content\/uploads\/sites\/12\/2024\/12\/461747180_957361096429873_332548973358488017_n-1024x1024.jpg\" alt=\"\" class=\"wp-image-53278 size-full\" srcset=\"https:\/\/bpplock.pl\/wp-content\/uploads\/sites\/12\/2024\/12\/461747180_957361096429873_332548973358488017_n-1024x1024.jpg 1024w, https:\/\/bpplock.pl\/wp-content\/uploads\/sites\/12\/2024\/12\/461747180_957361096429873_332548973358488017_n-300x300.jpg 300w, https:\/\/bpplock.pl\/wp-content\/uploads\/sites\/12\/2024\/12\/461747180_957361096429873_332548973358488017_n-150x150.jpg 150w, https:\/\/bpplock.pl\/wp-content\/uploads\/sites\/12\/2024\/12\/461747180_957361096429873_332548973358488017_n-768x768.jpg 768w, https:\/\/bpplock.pl\/wp-content\/uploads\/sites\/12\/2024\/12\/461747180_957361096429873_332548973358488017_n-75x75.jpg 75w, https:\/\/bpplock.pl\/wp-content\/uploads\/sites\/12\/2024\/12\/461747180_957361096429873_332548973358488017_n-24x24.jpg 24w, https:\/\/bpplock.pl\/wp-content\/uploads\/sites\/12\/2024\/12\/461747180_957361096429873_332548973358488017_n-36x36.jpg 36w, https:\/\/bpplock.pl\/wp-content\/uploads\/sites\/12\/2024\/12\/461747180_957361096429873_332548973358488017_n-48x48.jpg 48w, https:\/\/bpplock.pl\/wp-content\/uploads\/sites\/12\/2024\/12\/461747180_957361096429873_332548973358488017_n-1320x1320.jpg 1320w, https:\/\/bpplock.pl\/wp-content\/uploads\/sites\/12\/2024\/12\/461747180_957361096429873_332548973358488017_n.jpg 1440w\" sizes=\"auto, (max-width: 1024px) 100vw, 1024px\" \/><\/figure><div class=\"wp-block-media-text__content\">\n<p>Bierzemy udzia\u0142 w autorskim mi\u0119dzynarodowym projekcie edukacyjnym <strong>\u201eNasza Ma\u0142a Biblioteka\u201d<\/strong> przeznaczonym dla dzieci w wieku wczesnoszkolnym 6-9 lat. Do projektu przyst\u0105pi\u0142o<strong> 5 szk\u00f3\u0142.<\/strong> Koordynatorami projektu s\u0105: <strong>Tatiana Jastrz\u0119bska, Magdalena Kardyna\u0142, Joanna Kami\u0144ska-W\u00f3jcik.<\/strong><\/p>\n\n\n\n<p>Autorem projektu jest s\u0142owe\u0144skie <strong>wydawnictwo KUD Sodobnost International<\/strong>, kt\u00f3re od szesnastu lat z powodzeniem realizuje go w szko\u0142ach na S\u0142owenii. Tegoroczna edycja \u201eNaszej Ma\u0142ej Biblioteki\u201d obejmie swym zasi\u0119giem sze\u015b\u0107 europejskich kraj\u00f3w: <strong>S\u0142oweni\u0119, Polsk\u0119, Macedoni\u0119 P\u00f3\u0142nocn\u0105, Estoni\u0119, Chorwacj\u0119 i Grecj\u0119.<\/strong> Najwa\u017cniejszym <strong>celem projektu \u201eNasza Ma\u0142a Biblioteka\u201d jest zainteresowanie uczni\u00f3w z klas 1\u20103 szko\u0142y podstawowej czytaniem ksi\u0105\u017cek.<\/strong><\/p>\n\n\n\n<p><strong>G\u0142\u00f3wne cele projektu<\/strong> <strong>to:<\/strong><br>\u2713 propagowanie czytania ksi\u0105\u017cek w\u015br\u00f3d dzieci,<br>\u2713 kszta\u0142towanie gust\u00f3w literackich i plastycznych najm\u0142odszych czytelnik\u00f3w,<br>\u2713 rozwijanie wyobra\u017ani i kreatywno\u015bci dzieci,<br>\u2713 prezentacja kultury sze\u015bciu europejskich kraj\u00f3w,<br>\u2713 integracja tw\u00f3rc\u00f3w ksi\u0105\u017cek sze\u015bciu europejskich partner\u00f3w,<br>\u2713 bezpo\u015bredni kontakt m\u0142odych czytelnik\u00f3w z tw\u00f3rcami ksi\u0105\u017cek,<br>\u2713 nawi\u0105zanie nowych kontakt\u00f3w oraz wzmocnienie komunikacji mi\u0119dzy osobami i  instytucjami przyst\u0119puj\u0105cymi do projektu.<\/p>\n<\/div><\/div>\n\n\n\n<p><a href=\"https:\/\/bpplock.pl\/zajecia-projektowe\/\">Relacje z zaj\u0119\u0107 znajdziesz <strong>TUTAJ<\/strong>&#8230;<\/a><\/p>\n\n\n\n<p><span style=\"color: #1957e6\" class=\"stk-highlight\"><a href=\"https:\/\/bpplock.pl\/wystawa-nasza-mala-biblioteka-ksiazkowy-most-miedzy-kulturami\/\">Wystaw\u0119 przygotowan\u0105 w ramach projektu znajdziesz <strong>TUTAJ&#8230;<\/strong><\/a><\/span><\/p>\n\n\n\n<p><\/p>\n","protected":false},"excerpt":{"rendered":"<p>Bierzemy udzia\u0142 w autorskim mi\u0119dzynarodowym projekcie edukacyjnym \u201eNasza Ma\u0142a Biblioteka\u201d przeznaczonym dla dzieci w wieku wczesnoszkolnym 6-9 lat. Do projektu [&hellip;]<\/p>\n","protected":false},"author":1459,"featured_media":53419,"parent":0,"menu_order":0,"comment_status":"closed","ping_status":"closed","template":"","meta":{"_acf_changed":false,"_oasis_is_in_workflow":0,"_oasis_original":0,"inline_featured_image":false,"site-sidebar-layout":"default","site-content-layout":"","ast-site-content-layout":"default","site-content-style":"default","site-sidebar-style":"default","ast-global-header-display":"","ast-banner-title-visibility":"","ast-main-header-display":"","ast-hfb-above-header-display":"","ast-hfb-below-header-display":"","ast-hfb-mobile-header-display":"","site-post-title":"","ast-breadcrumbs-content":"","ast-featured-img":"","footer-sml-layout":"","ast-disable-related-posts":"","theme-transparent-header-meta":"","adv-header-id-meta":"","stick-header-meta":"","header-above-stick-meta":"","header-main-stick-meta":"","header-below-stick-meta":"","astra-migrate-meta-layouts":"set","ast-page-background-enabled":"default","ast-page-background-meta":{"desktop":{"background-color":"","background-image":"","background-repeat":"repeat","background-position":"center center","background-size":"auto","background-attachment":"scroll","background-type":"","background-media":"","overlay-type":"","overlay-color":"","overlay-opacity":"","overlay-gradient":""},"tablet":{"background-color":"","background-image":"","background-repeat":"repeat","background-position":"center center","background-size":"auto","background-attachment":"scroll","background-type":"","background-media":"","overlay-type":"","overlay-color":"","overlay-opacity":"","overlay-gradient":""},"mobile":{"background-color":"","background-image":"","background-repeat":"repeat","background-position":"center center","background-size":"auto","background-attachment":"scroll","background-type":"","background-media":"","overlay-type":"","overlay-color":"","overlay-opacity":"","overlay-gradient":""}},"ast-content-background-meta":{"desktop":{"background-color":"var(--ast-global-color-5)","background-image":"","background-repeat":"repeat","background-position":"center center","background-size":"auto","background-attachment":"scroll","background-type":"","background-media":"","overlay-type":"","overlay-color":"","overlay-opacity":"","overlay-gradient":""},"tablet":{"background-color":"var(--ast-global-color-5)","background-image":"","background-repeat":"repeat","background-position":"center center","background-size":"auto","background-attachment":"scroll","background-type":"","background-media":"","overlay-type":"","overlay-color":"","overlay-opacity":"","overlay-gradient":""},"mobile":{"background-color":"var(--ast-global-color-5)","background-image":"","background-repeat":"repeat","background-position":"center center","background-size":"auto","background-attachment":"scroll","background-type":"","background-media":"","overlay-type":"","overlay-color":"","overlay-opacity":"","overlay-gradient":""}},"_themeisle_gutenberg_block_has_review":false,"footnotes":""},"class_list":["post-48133","page","type-page","status-publish","has-post-thumbnail","hentry"],"acf":[],"featured_image_urls_v2":{"full":["https:\/\/bpplock.pl\/wp-content\/uploads\/sites\/12\/2024\/12\/ZAJECIA-EDUKACYJNE_wi1.png",2391,1344,false],"thumbnail":["https:\/\/bpplock.pl\/wp-content\/uploads\/sites\/12\/2024\/12\/ZAJECIA-EDUKACYJNE_wi1-150x150.png",150,150,true],"medium":["https:\/\/bpplock.pl\/wp-content\/uploads\/sites\/12\/2024\/12\/ZAJECIA-EDUKACYJNE_wi1-300x169.png",300,169,true],"medium_large":["https:\/\/bpplock.pl\/wp-content\/uploads\/sites\/12\/2024\/12\/ZAJECIA-EDUKACYJNE_wi1-768x432.png",768,432,true],"large":["https:\/\/bpplock.pl\/wp-content\/uploads\/sites\/12\/2024\/12\/ZAJECIA-EDUKACYJNE_wi1-1024x576.png",1024,576,true],"1536x1536":["https:\/\/bpplock.pl\/wp-content\/uploads\/sites\/12\/2024\/12\/ZAJECIA-EDUKACYJNE_wi1-1536x863.png",1536,863,true],"2048x2048":["https:\/\/bpplock.pl\/wp-content\/uploads\/sites\/12\/2024\/12\/ZAJECIA-EDUKACYJNE_wi1-2048x1151.png",2048,1151,true],"img-1100-450":["https:\/\/bpplock.pl\/wp-content\/uploads\/sites\/12\/2024\/12\/ZAJECIA-EDUKACYJNE_wi1-1100x450.png",1100,450,true],"img-1120-800":["https:\/\/bpplock.pl\/wp-content\/uploads\/sites\/12\/2024\/12\/ZAJECIA-EDUKACYJNE_wi1-1120x800.png",1120,800,true],"img-870-440":["https:\/\/bpplock.pl\/wp-content\/uploads\/sites\/12\/2024\/12\/ZAJECIA-EDUKACYJNE_wi1-870x440.png",870,440,true],"img-850-600":["https:\/\/bpplock.pl\/wp-content\/uploads\/sites\/12\/2024\/12\/ZAJECIA-EDUKACYJNE_wi1-850x600.png",850,600,true],"img-480-380":["https:\/\/bpplock.pl\/wp-content\/uploads\/sites\/12\/2024\/12\/ZAJECIA-EDUKACYJNE_wi1-480x380.png",480,380,true],"img-300-225":["https:\/\/bpplock.pl\/wp-content\/uploads\/sites\/12\/2024\/12\/ZAJECIA-EDUKACYJNE_wi1-300x225.png",300,225,true],"img-540-700":["https:\/\/bpplock.pl\/wp-content\/uploads\/sites\/12\/2024\/12\/ZAJECIA-EDUKACYJNE_wi1-540x700.png",540,700,true],"img-75-75":["https:\/\/bpplock.pl\/wp-content\/uploads\/sites\/12\/2024\/12\/ZAJECIA-EDUKACYJNE_wi1-75x75.png",75,75,true],"menu-24x24":["https:\/\/bpplock.pl\/wp-content\/uploads\/sites\/12\/2024\/12\/ZAJECIA-EDUKACYJNE_wi1-24x13.png",24,13,true],"menu-36x36":["https:\/\/bpplock.pl\/wp-content\/uploads\/sites\/12\/2024\/12\/ZAJECIA-EDUKACYJNE_wi1-36x20.png",36,20,true],"menu-48x48":["https:\/\/bpplock.pl\/wp-content\/uploads\/sites\/12\/2024\/12\/ZAJECIA-EDUKACYJNE_wi1-48x27.png",48,27,true],"mailpoet_newsletter_max":["https:\/\/bpplock.pl\/wp-content\/uploads\/sites\/12\/2024\/12\/ZAJECIA-EDUKACYJNE_wi1-1320x742.png",1320,742,true]},"post_excerpt_stackable_v2":"<p>Bierzemy udzia\u0142 w autorskim mi\u0119dzynarodowym projekcie edukacyjnym \u201eNasza Ma\u0142a Biblioteka\u201d przeznaczonym dla dzieci w wieku wczesnoszkolnym 6-9 lat. Do projektu przyst\u0105pi\u0142o 5 szk\u00f3\u0142. Koordynatorami projektu s\u0105: Tatiana Jastrz\u0119bska, Magdalena Kardyna\u0142, Joanna Kami\u0144ska-W\u00f3jcik. Autorem projektu jest s\u0142owe\u0144skie wydawnictwo KUD Sodobnost International, kt\u00f3re od szesnastu lat z powodzeniem realizuje go w szko\u0142ach na S\u0142owenii. Tegoroczna edycja \u201eNaszej Ma\u0142ej Biblioteki\u201d obejmie swym zasi\u0119giem sze\u015b\u0107 europejskich kraj\u00f3w: S\u0142oweni\u0119, Polsk\u0119, Macedoni\u0119 P\u00f3\u0142nocn\u0105, Estoni\u0119, Chorwacj\u0119 i Grecj\u0119. Najwa\u017cniejszym celem projektu \u201eNasza Ma\u0142a Biblioteka\u201d jest zainteresowanie uczni\u00f3w z klas 1\u20103 szko\u0142y podstawowej czytaniem ksi\u0105\u017cek. G\u0142\u00f3wne cele projektu to:\u2713 propagowanie czytania ksi\u0105\u017cek w\u015br\u00f3d dzieci,\u2713 kszta\u0142towanie gust\u00f3w literackich i&hellip;<\/p>\n","category_list_v2":"","author_info_v2":{"name":"michals","url":"https:\/\/bpplock.pl\/uk\/author\/michals\/"},"comments_num_v2":"0 \u043a\u043e\u043c\u0435\u043d\u0442\u0430\u0440\u0456\u0432","_links":{"self":[{"href":"https:\/\/bpplock.pl\/uk\/wp-json\/wp\/v2\/pages\/48133","targetHints":{"allow":["GET"]}}],"collection":[{"href":"https:\/\/bpplock.pl\/uk\/wp-json\/wp\/v2\/pages"}],"about":[{"href":"https:\/\/bpplock.pl\/uk\/wp-json\/wp\/v2\/types\/page"}],"author":[{"embeddable":true,"href":"https:\/\/bpplock.pl\/uk\/wp-json\/wp\/v2\/users\/1459"}],"replies":[{"embeddable":true,"href":"https:\/\/bpplock.pl\/uk\/wp-json\/wp\/v2\/comments?post=48133"}],"version-history":[{"count":52,"href":"https:\/\/bpplock.pl\/uk\/wp-json\/wp\/v2\/pages\/48133\/revisions"}],"predecessor-version":[{"id":58843,"href":"https:\/\/bpplock.pl\/uk\/wp-json\/wp\/v2\/pages\/48133\/revisions\/58843"}],"wp:featuredmedia":[{"embeddable":true,"href":"https:\/\/bpplock.pl\/uk\/wp-json\/wp\/v2\/media\/53419"}],"wp:attachment":[{"href":"https:\/\/bpplock.pl\/uk\/wp-json\/wp\/v2\/media?parent=48133"}],"curies":[{"name":"wp","href":"https:\/\/api.w.org\/{rel}","templated":true}]}}