{"id":22621,"date":"2024-03-14T14:41:41","date_gmt":"2024-03-14T13:41:41","guid":{"rendered":"https:\/\/bpplock.pl\/?page_id=22621"},"modified":"2024-03-14T14:41:45","modified_gmt":"2024-03-14T13:41:45","slug":"patroni-roku-2","status":"publish","type":"page","link":"https:\/\/bpplock.pl\/uk\/patroni-roku-2\/","title":{"rendered":"Patroni roku"},"content":{"rendered":"\n<h2 class=\"wp-block-heading\">Patroni 2024 roku<\/h2>\n\n\n\n<p><strong>Patroni ustanowieni przez Sejm Rzeczypospolitej<\/strong><\/p>\n\n\n\n<ol class=\"wp-block-list\">\n<li><a href=\"https:\/\/pl.wikipedia.org\/wiki\/Marek_H%C5%82asko\" target=\"_blank\" rel=\"noopener\">Marek H\u0142asko (1934-1969)<\/a>&nbsp;&#8211;&nbsp;<a href=\"https:\/\/dziennikustaw.gov.pl\/M2023000084701.pdf\" target=\"_blank\" rel=\"noopener\">Uchwa\u0142a<\/a><\/li>\n\n\n\n<li><a href=\"https:\/\/pl.wikipedia.org\/wiki\/Antoni_Baraniak\" target=\"_blank\" rel=\"noopener\">Abp Antoni Baraniak (1904-1977)&nbsp;<\/a>&#8211;&nbsp;<a href=\"https:\/\/dziennikustaw.gov.pl\/M2023000083901.pdf\" target=\"_blank\" rel=\"noopener\">Uchwa\u0142a<\/a><\/li>\n\n\n\n<li><a href=\"https:\/\/pl.wikipedia.org\/wiki\/Romuald_Traugutt\" target=\"_blank\" rel=\"noopener\">Romuald Traugutt (1826-1864)<\/a>&nbsp;&#8211;&nbsp;<a href=\"https:\/\/dziennikustaw.gov.pl\/M2023000085601.pdf\" target=\"_blank\" rel=\"noopener\">Uchwa\u0142a<\/a><\/li>\n\n\n\n<li><a href=\"https:\/\/pl.wikipedia.org\/wiki\/Wincenty_Witos\" target=\"_blank\" rel=\"noopener\">Wincenty Witos (1874-1945<\/a><a href=\"https:\/\/pl.wikipedia.org\/wiki\/Krzysztof_Kamil_Baczy%C5%84ski\" target=\"_blank\" rel=\"noopener\">)<\/a>&#8211;&nbsp;<a href=\"https:\/\/dziennikustaw.gov.pl\/M2023000089501.pdf\" target=\"_blank\" rel=\"noopener\">Uchwa\u0142a<\/a><\/li>\n\n\n\n<li><a href=\"https:\/\/pl.wikipedia.org\/wiki\/Polscy_olimpijczycy\" target=\"_blank\" rel=\"noopener\">Polscy Olimpijczycy<\/a>&nbsp;&#8211;<a href=\"https:\/\/dziennikustaw.gov.pl\/M2023000088001.pdf\" target=\"_blank\" rel=\"noopener\">&nbsp;Uchwa\u0142a<\/a><\/li>\n\n\n\n<li><a href=\"https:\/\/pl.wikipedia.org\/wiki\/Kazimierz_Wierzy%C5%84ski\" target=\"_blank\" rel=\"noopener\">Kazimierz Wierzy\u0144ski (1894-1969)<\/a>&nbsp;&#8211;&nbsp;<a href=\"https:\/\/dziennikustaw.gov.pl\/M2023000088201.pdf\" target=\"_blank\" rel=\"noopener\">Uchwa\u0142a<\/a><\/li>\n\n\n\n<li><a href=\"https:\/\/pl.wikipedia.org\/wiki\/Zygmunt_Mi%C5%82kowski_(pisarz)\" target=\"_blank\" rel=\"noopener\">Zygmunt Mi\u0142kowski (1824-1915)<\/a> &#8211; <a href=\"https:\/\/dziennikustaw.gov.pl\/M2023000089401.pdf\" target=\"_blank\" rel=\"noopener\">Uchwa\u0142a<\/a><\/li>\n\n\n\n<li><a href=\"https:\/\/pl.wikipedia.org\/wiki\/Melchior_Wa%C5%84kowicz\" target=\"_blank\" rel=\"noopener\">Melchior Wa\u0144kowicz (1892-1974)<\/a> &#8211;<a href=\"https:\/\/dziennikustaw.gov.pl\/M2023000085501.pdf\" target=\"_blank\" rel=\"noopener\"> Uchwa\u0142a<\/a><\/li>\n\n\n\n<li><a href=\"https:\/\/pl.wikipedia.org\/wiki\/Zbrodnia_w_Markowej_(1944)\" target=\"_blank\" rel=\"noopener\">Rodzina Ulm\u00f3w<\/a> &#8211; <a href=\"https:\/\/dziennikustaw.gov.pl\/M2023000088601.pdf\" target=\"_blank\" rel=\"noopener\">Uchwa\u0142a<\/a><\/li>\n<\/ol>\n\n\n\n<p><strong>Patroni ustanowieni przez Senat Rzeczypospolitej<\/strong><\/p>\n\n\n\n<ol class=\"wp-block-list\">\n<li><a href=\"https:\/\/pl.wikipedia.org\/wiki\/Czes%C5%82aw_Mi%C5%82osz\" target=\"_blank\" rel=\"noopener\">Czes\u0142aw Mi\u0142osz (1911-2004)<\/a>&nbsp;&#8211; <a href=\"https:\/\/isap.sejm.gov.pl\/isap.nsf\/download.xsp\/WMP20230001013\/O\/M20231013.pdf\" target=\"_blank\" rel=\"noopener\">Uchwa\u0142a<\/a><\/li>\n\n\n\n<li><a href=\"https:\/\/pl.wikipedia.org\/wiki\/W%C5%82adys%C5%82aw_Zamoyski_(1853%E2%80%931924)\" target=\"_blank\" rel=\"noopener\">W\u0142adys\u0142aw Zamoyski (1853-1924)<\/a>&#8211;&nbsp;<a href=\"https:\/\/isap.sejm.gov.pl\/isap.nsf\/download.xsp\/WMP20230001007\/O\/M20231007.pdf\" target=\"_blank\" rel=\"noopener\">Uchwa\u0142a<\/a><\/li>\n\n\n\n<li><a href=\"https:\/\/pl.wikipedia.org\/wiki\/Wincenty_Witos\" target=\"_blank\" rel=\"noopener\">Wincenty Witos (1874-1945)<\/a>&nbsp;&#8211;&nbsp;<a href=\"https:\/\/isap.sejm.gov.pl\/isap.nsf\/download.xsp\/WMP20230001006\/O\/M20231006.pdf\" target=\"_blank\" rel=\"noopener\">Uchwa\u0142a<\/a><\/li>\n\n\n\n<li><a href=\"https:\/\/pl.wikipedia.org\/wiki\/Witold_Gombrowicz\" target=\"_blank\" rel=\"noopener\">Witold Gombrowicz (1904-1969)<\/a>&nbsp;&#8211;&nbsp;<a href=\"https:\/\/isap.sejm.gov.pl\/isap.nsf\/download.xsp\/WMP20230001005\/O\/M20231005.pdf\" target=\"_blank\" rel=\"noopener\">Uchwa\u0142a<\/a><\/li>\n\n\n\n<li><a href=\"https:\/\/ree2024.pl\/\" target=\"_blank\" rel=\"noopener\">Rok Edukacji Ekonomicznej<\/a>&#8211;&nbsp;<a href=\"https:\/\/isap.sejm.gov.pl\/isap.nsf\/download.xsp\/WMP20230001022\/O\/M20231022.pdf\" target=\"_blank\" rel=\"noopener\">Uchwa\u0142a<\/a><\/li>\n<\/ol>\n\n\n\n<p><strong>Patroni ustanowieni przez Sejmik Wojew\u00f3dztwa Mazowieckiego<\/strong><\/p>\n\n\n\n<ol class=\"wp-block-list\">\n<li><a href=\"https:\/\/pl.wikipedia.org\/wiki\/Tadeusz_Boy-%C5%BBele%C5%84ski\" target=\"_blank\" rel=\"noopener\">Tadeusz Boy-\u017bele\u0144ski (1874-1941) <\/a>&#8211;&nbsp;<a href=\"https:\/\/mazovia.pl\/pl\/bip\/sejmik\/uchwaly-sejmiku\/rejestr-uchwal-sejmiku\/uchwala-19823-sejmiku-wojewodztwa-mazowieckiego-z-dnia-2023-11-21.html\" target=\"_blank\" rel=\"noopener\">Uchwa\u0142a<\/a><\/li>\n\n\n\n<li><a href=\"https:\/\/pl.wikipedia.org\/wiki\/Witold_Gombrowicz\" target=\"_blank\" rel=\"noopener\">Witold Gombrowicz (1904-1969)<\/a> <a href=\"https:\/\/mazovia.pl\/pl\/bip\/sejmik\/uchwaly-sejmiku\/rejestr-uchwal-sejmiku\/uchwala-19923-sejmiku-wojewodztwa-mazowieckiego-z-dnia-2023-11-21.html\" target=\"_blank\" rel=\"noopener\">&#8211; Uchwa\u0142a<\/a><\/li>\n\n\n\n<li><a href=\"https:\/\/pl.wikipedia.org\/wiki\/Stanis%C5%82aw_Grzepski\" target=\"_blank\" rel=\"noopener\">Stanis\u0142aw Grzebski (1524-1570)<\/a>&nbsp;&#8211;&nbsp;<a href=\"https:\/\/mazovia.pl\/pl\/bip\/sejmik\/uchwaly-sejmiku\/rejestr-uchwal-sejmiku\/uchwala-20023-sejmiku-wojewodztwa-mazowieckiego-z-dnia-2023-11-21.html\" target=\"_blank\" rel=\"noopener\">Uchwa\u0142a<\/a><\/li>\n\n\n\n<li><a href=\"https:\/\/pl.wikipedia.org\/wiki\/Zbigniew_Herbert\" target=\"_blank\" rel=\"noopener\">Zbigniew Herbert (1924-1998)<\/a> <a href=\"https:\/\/mazovia.pl\/pl\/bip\/sejmik\/uchwaly-sejmiku\/rejestr-uchwal-sejmiku\/uchwala-20123-sejmiku-wojewodztwa-mazowieckiego-z-dnia-2023-11-21.html\" target=\"_blank\" rel=\"noopener\">&#8211; Uchwa\u0142a<\/a><\/li>\n\n\n\n<li><a href=\"https:\/\/pl.wikipedia.org\/wiki\/Jacek_Malczewski\" target=\"_blank\" rel=\"noopener\">Jacek Malczewski (1854-1929)<\/a> <a href=\"https:\/\/mazovia.pl\/pl\/bip\/sejmik\/uchwaly-sejmiku\/rejestr-uchwal-sejmiku\/uchwala-20223-sejmiku-wojewodztwa-mazowieckiego-z-dnia-2023-11-21.html\" target=\"_blank\" rel=\"noopener\">&#8211; Uchwa\u0142a<\/a><\/li>\n\n\n\n<li><a href=\"https:\/\/pl.wikipedia.org\/wiki\/Powstanie_warszawskie\" target=\"_blank\" rel=\"noopener\">Rok 80. rocznicy Powstania Warszawskiego<\/a> <a href=\"https:\/\/mazovia.pl\/pl\/bip\/sejmik\/uchwaly-sejmiku\/rejestr-uchwal-sejmiku\/uchwala-20323-sejmiku-wojewodztwa-mazowieckiego-z-dnia-2023-11-21.html\" target=\"_blank\" rel=\"noopener\">&#8211; Uchwa\u0142a<\/a><\/li>\n<\/ol>\n","protected":false},"excerpt":{"rendered":"<p>Patroni 2024 roku Patroni ustanowieni przez Sejm Rzeczypospolitej Patroni ustanowieni przez Senat Rzeczypospolitej Patroni ustanowieni przez Sejmik Wojew\u00f3dztwa Mazowieckiego<\/p>\n","protected":false},"author":1456,"featured_media":0,"parent":0,"menu_order":0,"comment_status":"closed","ping_status":"closed","template":"","meta":{"_acf_changed":false,"_oasis_is_in_workflow":0,"_oasis_original":0,"inline_featured_image":false,"site-sidebar-layout":"default","site-content-layout":"","ast-site-content-layout":"default","site-content-style":"default","site-sidebar-style":"default","ast-global-header-display":"","ast-banner-title-visibility":"","ast-main-header-display":"","ast-hfb-above-header-display":"","ast-hfb-below-header-display":"","ast-hfb-mobile-header-display":"","site-post-title":"","ast-breadcrumbs-content":"","ast-featured-img":"","footer-sml-layout":"","ast-disable-related-posts":"","theme-transparent-header-meta":"","adv-header-id-meta":"","stick-header-meta":"","header-above-stick-meta":"","header-main-stick-meta":"","header-below-stick-meta":"","astra-migrate-meta-layouts":"set","ast-page-background-enabled":"default","ast-page-background-meta":{"desktop":{"background-color":"","background-image":"","background-repeat":"repeat","background-position":"center center","background-size":"auto","background-attachment":"scroll","background-type":"","background-media":"","overlay-type":"","overlay-color":"","overlay-opacity":"","overlay-gradient":""},"tablet":{"background-color":"","background-image":"","background-repeat":"repeat","background-position":"center center","background-size":"auto","background-attachment":"scroll","background-type":"","background-media":"","overlay-type":"","overlay-color":"","overlay-opacity":"","overlay-gradient":""},"mobile":{"background-color":"","background-image":"","background-repeat":"repeat","background-position":"center center","background-size":"auto","background-attachment":"scroll","background-type":"","background-media":"","overlay-type":"","overlay-color":"","overlay-opacity":"","overlay-gradient":""}},"ast-content-background-meta":{"desktop":{"background-color":"var(--ast-global-color-5)","background-image":"","background-repeat":"repeat","background-position":"center center","background-size":"auto","background-attachment":"scroll","background-type":"","background-media":"","overlay-type":"","overlay-color":"","overlay-opacity":"","overlay-gradient":""},"tablet":{"background-color":"var(--ast-global-color-5)","background-image":"","background-repeat":"repeat","background-position":"center center","background-size":"auto","background-attachment":"scroll","background-type":"","background-media":"","overlay-type":"","overlay-color":"","overlay-opacity":"","overlay-gradient":""},"mobile":{"background-color":"var(--ast-global-color-5)","background-image":"","background-repeat":"repeat","background-position":"center center","background-size":"auto","background-attachment":"scroll","background-type":"","background-media":"","overlay-type":"","overlay-color":"","overlay-opacity":"","overlay-gradient":""}},"_themeisle_gutenberg_block_has_review":false,"footnotes":""},"class_list":["post-22621","page","type-page","status-publish","hentry"],"acf":[],"featured_image_urls_v2":{"full":"","thumbnail":"","medium":"","medium_large":"","large":"","1536x1536":"","2048x2048":"","img-1100-450":"","img-1120-800":"","img-870-440":"","img-850-600":"","img-480-380":"","img-300-225":"","img-540-700":"","img-75-75":"","menu-24x24":"","menu-36x36":"","menu-48x48":"","mailpoet_newsletter_max":""},"post_excerpt_stackable_v2":"<p>Patroni 2024 roku Patroni ustanowieni przez Sejm Rzeczypospolitej Marek H\u0142asko (1934-1969)&nbsp;&#8211;&nbsp;Uchwa\u0142a Abp Antoni Baraniak (1904-1977)&nbsp;&#8211;&nbsp;Uchwa\u0142a Romuald Traugutt (1826-1864)&nbsp;&#8211;&nbsp;Uchwa\u0142a Wincenty Witos (1874-1945)&#8211;&nbsp;Uchwa\u0142a Polscy Olimpijczycy&nbsp;&#8211;&nbsp;Uchwa\u0142a Kazimierz Wierzy\u0144ski (1894-1969)&nbsp;&#8211;&nbsp;Uchwa\u0142a Zygmunt Mi\u0142kowski (1824-1915) &#8211; Uchwa\u0142a Melchior Wa\u0144kowicz (1892-1974) &#8211; Uchwa\u0142a Rodzina Ulm\u00f3w &#8211; Uchwa\u0142a Patroni ustanowieni przez Senat Rzeczypospolitej Czes\u0142aw Mi\u0142osz (1911-2004)&nbsp;&#8211; Uchwa\u0142a W\u0142adys\u0142aw Zamoyski (1853-1924)&#8211;&nbsp;Uchwa\u0142a Wincenty Witos (1874-1945)&nbsp;&#8211;&nbsp;Uchwa\u0142a Witold Gombrowicz (1904-1969)&nbsp;&#8211;&nbsp;Uchwa\u0142a Rok Edukacji Ekonomicznej&#8211;&nbsp;Uchwa\u0142a Patroni ustanowieni przez Sejmik Wojew\u00f3dztwa Mazowieckiego Tadeusz Boy-\u017bele\u0144ski (1874-1941) &#8211;&nbsp;Uchwa\u0142a Witold Gombrowicz (1904-1969) &#8211; Uchwa\u0142a Stanis\u0142aw Grzebski (1524-1570)&nbsp;&#8211;&nbsp;Uchwa\u0142a Zbigniew Herbert (1924-1998) &#8211; Uchwa\u0142a Jacek Malczewski (1854-1929) &#8211; Uchwa\u0142a Rok 80. rocznicy Powstania Warszawskiego &#8211; Uchwa\u0142a<\/p>\n","category_list_v2":"","author_info_v2":{"name":"michalt","url":"https:\/\/bpplock.pl\/uk\/author\/michalt\/"},"comments_num_v2":"0 \u043a\u043e\u043c\u0435\u043d\u0442\u0430\u0440\u0456\u0432","_links":{"self":[{"href":"https:\/\/bpplock.pl\/uk\/wp-json\/wp\/v2\/pages\/22621","targetHints":{"allow":["GET"]}}],"collection":[{"href":"https:\/\/bpplock.pl\/uk\/wp-json\/wp\/v2\/pages"}],"about":[{"href":"https:\/\/bpplock.pl\/uk\/wp-json\/wp\/v2\/types\/page"}],"author":[{"embeddable":true,"href":"https:\/\/bpplock.pl\/uk\/wp-json\/wp\/v2\/users\/1456"}],"replies":[{"embeddable":true,"href":"https:\/\/bpplock.pl\/uk\/wp-json\/wp\/v2\/comments?post=22621"}],"version-history":[{"count":2,"href":"https:\/\/bpplock.pl\/uk\/wp-json\/wp\/v2\/pages\/22621\/revisions"}],"predecessor-version":[{"id":22627,"href":"https:\/\/bpplock.pl\/uk\/wp-json\/wp\/v2\/pages\/22621\/revisions\/22627"}],"wp:attachment":[{"href":"https:\/\/bpplock.pl\/uk\/wp-json\/wp\/v2\/media?parent=22621"}],"curies":[{"name":"wp","href":"https:\/\/api.w.org\/{rel}","templated":true}]}}