{"id":20065,"date":"2024-02-21T14:35:49","date_gmt":"2024-02-21T13:35:49","guid":{"rendered":"https:\/\/bpplock.pl\/?page_id=20065"},"modified":"2026-03-14T01:08:56","modified_gmt":"2026-03-14T00:08:56","slug":"rodo-2","status":"publish","type":"page","link":"https:\/\/bpplock.pl\/uk\/rodo-2\/","title":{"rendered":"RODO"},"content":{"rendered":"\n<p><strong>Inspektor Ochrony Danych Osobowych<\/strong><br><strong>Beata Zimowska<\/strong><br>Biblioteka Pedagogiczna w P\u0142ocku<br>ul. Ga\u0142czy\u0144skiego 26,<br>09-400 P\u0142ock<br>tel.: +48 (24) 366 53 70 wew. 20<br><strong>e-mail: <a href=\"mailto:iod@bpplock.pl\">iod@bpplock.pl<\/a><\/strong><\/p>\n\n\n\n<p>Przyjmuj\u0119 do wiadomo\u015bci, \u017ce:<\/p>\n\n\n\n<ol class=\"wp-block-list\">\n<li>Administratorem, zobowi\u0105zanym do zapewnienia, aby przetwarzanie moich danych osobowych odbywa\u0142o si\u0119 zgodnie z przepisami jest Biblioteka Pedagogiczna w P\u0142ocku, dane kontaktowe: Biblioteka Pedagogiczna w P\u0142ocku, ul. Ga\u0142czy\u0144skiego 26, 09-400 P\u0142ock, tel.: (24) 366-53-70.<\/li>\n<\/ol>\n\n\n\n<ol class=\"wp-block-list\">\n<li>Administrator powo\u0142a\u0142 inspektora ochrony danych, z kt\u00f3rym mo\u017cna si\u0119 skontaktowa\u0107 poprzez&nbsp;adres e-mail: <a href=\"mailto:iod@bpplock.pl\">iod@bpplock.pl<\/a>;<\/li>\n\n\n\n<li>\u201eMoje dane przetwarzane s\u0105 w nast\u0119puj\u0105cych celach zwi\u0105zanych z rejestracj\u0105 na portalu Bibliotek Pedagogicznych Mazowsza: za\u0142o\u017cenie konta, korzystanie z e-us\u0142ug takich jak: zapisy na praktyki, propozycje zakupu, wypo\u017cyczenia wystaw, rozpatrywanie skarg i wniosk\u00f3w, zg\u0142oszenie publikacji w czasopi\u015bmie, zapisy na wydarzenia, zapisy na lekcje biblioteczne, kszta\u0142cenie na odleg\u0142o\u015b\u0107, wideokonferencje, otrzymywanie powiadomie\u0144 mailowych zwi\u0105zanych obs\u0142ug\u0105&nbsp;e-us\u0142ug, otrzymywanie powiadomie\u0144 zwi\u0105zanych z realizacj\u0105&nbsp;e-us\u0142ug.\u201d<\/li>\n\n\n\n<li>Moje dane mog\u0105 zosta\u0107 udost\u0119pnione podmiotom, z kt\u00f3rymi Biblioteka zawar\u0142a stosowne umowy&nbsp;powierzenia przetwarzania danych osobowych. Ponadto, przyjmuj\u0119 do wiadomo\u015bci, \u017ce:<\/li>\n<\/ol>\n\n\n\n<p><\/p>\n\n\n\n<ul class=\"wp-block-list\">\n<li>Moje dane b\u0119d\u0105 przechowywane&nbsp;przez okres wa\u017cno\u015bci konta U\u017cytkownika (minimum 3 lata) lub do czasu wycofania zgody, wniesienia sprzeciwu,&nbsp;\u017c\u0105dania usuni\u0119cia danych. Zako\u0144czenie tego okresu nast\u0105pi w terminie 7 dni od wycofania zgody na przetwarzanie danych osobowych poprzez klikni\u0119cie w przycisk ,,usu\u0144 konto\u2019\u2019. Po usuni\u0119ciu konta, dane zostan\u0105 zanonimizowane, a czynno\u015b\u0107 usuni\u0119cia&nbsp;konta odnotowana w systemie.<\/li>\n\n\n\n<li>Mam prawo do \u017c\u0105dania od administratora dost\u0119pu do moich danych osobowych, ich&nbsp;sprostowania,&nbsp;usuni\u0119cia lub ograniczenia przetwarzania lub prawo do wniesienia sprzeciwu wobec przetwarzania, a&nbsp;tak\u017ce prawo do przenoszenia danych. Zdaj\u0119 sobie jednak spraw\u0119, \u017ce moje uprawnienia mog\u0105 by\u0107 ograniczone przez szczeg\u00f3lny przepis prawa;<\/li>\n\n\n\n<li>Mam prawo do cofni\u0119cia&nbsp;zgody&nbsp;(wycofanie zgody mo\u017cliwe jest po zalogowaniu w systemie \u2013&nbsp;w opcji&nbsp;Moje konto), stanowi\u0105cej podstaw\u0119 prawn\u0105 przetwarzania, w dowolnym momencie bez wp\u0142ywu na zgodno\u015b\u0107 z prawem przetwarzania, kt\u00f3rego dokonano na podstawie zgody przed jej cofni\u0119ciem;<\/li>\n\n\n\n<li>Mam prawo wniesienia skargi do Prezesa Urz\u0119du Ochrony Danych Osobowych.<\/li>\n\n\n\n<li>Podanie danych osobowych jest warunkiem dost\u0119pu do znajduj\u0105cych si\u0119 w serwisie&nbsp;e-us\u0142ug. Podstaw\u0105 przetwarzania moich danych osobowych jest udzielona zgoda.<\/li>\n\n\n\n<li>Moje dane nie b\u0119d\u0105&nbsp;poddawane zautomatyzowanemu podejmowaniu decyzji.<\/li>\n\n\n\n<li>Moje dane nie b\u0119d\u0105 poddane profilowaniu, czyli ocenie niekt\u00f3rych czynnik\u00f3w osobowych.<\/li>\n<\/ul>\n\n\n\n<h3 class=\"wp-block-heading\">Za\u0142\u0105czniki<\/h3>\n\n\n\n<p><a href=\"https:\/\/bpplock.pl\/wp-content\/uploads\/sites\/12\/2025\/06\/Informacja-o-przetwarzaniu-danych-osobowych.pdf\">Informacja o przetwarzaniu danych osobowych (plik w formacie PDF)<\/a><br><a href=\"https:\/\/bpplock.pl\/wp-content\/uploads\/sites\/12\/2025\/06\/Informacja-o-przetwarzaniu-danych-osobowych-uczestnikow-zajec-edukacyjnych.pdf\">Informacja o przetwarzaniu danych osobowych uczestnik\u00f3w zaj\u0119\u0107 edukacyjnych organizowanych przez Bibliotek\u0119 Pedagogiczn\u0105 w P\u0142ocku (plik w formacie PDF)<\/a><br><a href=\"https:\/\/bpplock.pl\/wp-content\/uploads\/sites\/12\/2025\/06\/informacja-o-przetwarzaniu-danych-osobowychwraziewypadku.pdf\">Informacja o przetwarzaniu danych osobowych osoby wskazanej przez pracownika Biblioteki Pedagogicznej w P\u0142ocku do kontaktu w razie wypadku (plik w formacie PDF)<\/a><br><a href=\"https:\/\/bpplock.pl\/wp-content\/uploads\/sites\/12\/2025\/06\/Informacja-o-przetwarzaniu-danych-osobowych-kontrahentow.pdf\">Informacja o przetwarzaniu danych osobowych kontrahent\u00f3w\/os\u00f3b ich reprezentuj\u0105cych\/os\u00f3b wskazanych do kontaktu<\/a><br><a href=\"https:\/\/bpplock.pl\/wp-content\/uploads\/sites\/12\/2026\/01\/klauzula_informacyjna_e-Doreczenia2-1.pdf\">Informacja o przetwarzaniu danych osobowych e &#8211; Dor\u0119czenia<\/a><br><a href=\"https:\/\/bpplock.pl\/wp-content\/uploads\/sites\/12\/2026\/03\/Informacja_o_przetwarzaniu_danych_osobowych_w_zwiazku_z_KSeF.pdf\">Informacja o przetwarzaniu danych osobowych dla kontrahent\u00f3w w zwi\u0105zku z obs\u0142ug\u0105 faktur ustrukturyzowanych\u00a0w Krajowym Systemie e-Faktur (KSeF) (plik w formacie PDF)<\/a><\/p>\n\n\n\n<p><\/p>\n","protected":false},"excerpt":{"rendered":"<p>Inspektor Ochrony Danych OsobowychBeata ZimowskaBiblioteka Pedagogiczna w P\u0142ockuul. Ga\u0142czy\u0144skiego 26,09-400 P\u0142ocktel.: +48 (24) 366 53 70 wew. 20e-mail: iod@bpplock.pl Przyjmuj\u0119 [&hellip;]<\/p>\n","protected":false},"author":1456,"featured_media":0,"parent":0,"menu_order":0,"comment_status":"closed","ping_status":"closed","template":"","meta":{"_acf_changed":false,"_oasis_is_in_workflow":0,"_oasis_original":0,"inline_featured_image":false,"site-sidebar-layout":"default","site-content-layout":"","ast-site-content-layout":"default","site-content-style":"default","site-sidebar-style":"default","ast-global-header-display":"","ast-banner-title-visibility":"","ast-main-header-display":"","ast-hfb-above-header-display":"","ast-hfb-below-header-display":"","ast-hfb-mobile-header-display":"","site-post-title":"","ast-breadcrumbs-content":"","ast-featured-img":"","footer-sml-layout":"","ast-disable-related-posts":"","theme-transparent-header-meta":"","adv-header-id-meta":"","stick-header-meta":"","header-above-stick-meta":"","header-main-stick-meta":"","header-below-stick-meta":"","astra-migrate-meta-layouts":"set","ast-page-background-enabled":"default","ast-page-background-meta":{"desktop":{"background-color":"","background-image":"","background-repeat":"repeat","background-position":"center center","background-size":"auto","background-attachment":"scroll","background-type":"","background-media":"","overlay-type":"","overlay-color":"","overlay-opacity":"","overlay-gradient":""},"tablet":{"background-color":"","background-image":"","background-repeat":"repeat","background-position":"center center","background-size":"auto","background-attachment":"scroll","background-type":"","background-media":"","overlay-type":"","overlay-color":"","overlay-opacity":"","overlay-gradient":""},"mobile":{"background-color":"","background-image":"","background-repeat":"repeat","background-position":"center center","background-size":"auto","background-attachment":"scroll","background-type":"","background-media":"","overlay-type":"","overlay-color":"","overlay-opacity":"","overlay-gradient":""}},"ast-content-background-meta":{"desktop":{"background-color":"var(--ast-global-color-5)","background-image":"","background-repeat":"repeat","background-position":"center center","background-size":"auto","background-attachment":"scroll","background-type":"","background-media":"","overlay-type":"","overlay-color":"","overlay-opacity":"","overlay-gradient":""},"tablet":{"background-color":"var(--ast-global-color-5)","background-image":"","background-repeat":"repeat","background-position":"center center","background-size":"auto","background-attachment":"scroll","background-type":"","background-media":"","overlay-type":"","overlay-color":"","overlay-opacity":"","overlay-gradient":""},"mobile":{"background-color":"var(--ast-global-color-5)","background-image":"","background-repeat":"repeat","background-position":"center center","background-size":"auto","background-attachment":"scroll","background-type":"","background-media":"","overlay-type":"","overlay-color":"","overlay-opacity":"","overlay-gradient":""}},"_themeisle_gutenberg_block_has_review":false,"footnotes":""},"class_list":["post-20065","page","type-page","status-publish","hentry"],"acf":[],"featured_image_urls_v2":{"full":"","thumbnail":"","medium":"","medium_large":"","large":"","1536x1536":"","2048x2048":"","img-1100-450":"","img-1120-800":"","img-870-440":"","img-850-600":"","img-480-380":"","img-300-225":"","img-540-700":"","img-75-75":"","menu-24x24":"","menu-36x36":"","menu-48x48":"","mailpoet_newsletter_max":""},"post_excerpt_stackable_v2":"<p>Inspektor Ochrony Danych OsobowychBeata ZimowskaBiblioteka Pedagogiczna w P\u0142ockuul. Ga\u0142czy\u0144skiego 26,09-400 P\u0142ocktel.: +48 (24) 366 53 70 wew. 20e-mail: iod@bpplock.pl Przyjmuj\u0119 do wiadomo\u015bci, \u017ce: Administratorem, zobowi\u0105zanym do zapewnienia, aby przetwarzanie moich danych osobowych odbywa\u0142o si\u0119 zgodnie z przepisami jest Biblioteka Pedagogiczna w P\u0142ocku, dane kontaktowe: Biblioteka Pedagogiczna w P\u0142ocku, ul. Ga\u0142czy\u0144skiego 26, 09-400 P\u0142ock, tel.: (24) 366-53-70. Administrator powo\u0142a\u0142 inspektora ochrony danych, z kt\u00f3rym mo\u017cna si\u0119 skontaktowa\u0107 poprzez&nbsp;adres e-mail: iod@bpplock.pl; \u201eMoje dane przetwarzane s\u0105 w nast\u0119puj\u0105cych celach zwi\u0105zanych z rejestracj\u0105 na portalu Bibliotek Pedagogicznych Mazowsza: za\u0142o\u017cenie konta, korzystanie z e-us\u0142ug takich jak: zapisy na praktyki, propozycje zakupu, wypo\u017cyczenia wystaw, rozpatrywanie skarg&hellip;<\/p>\n","category_list_v2":"","author_info_v2":{"name":"michalt","url":"https:\/\/bpplock.pl\/uk\/author\/michalt\/"},"comments_num_v2":"0 \u043a\u043e\u043c\u0435\u043d\u0442\u0430\u0440\u0456\u0432","_links":{"self":[{"href":"https:\/\/bpplock.pl\/uk\/wp-json\/wp\/v2\/pages\/20065","targetHints":{"allow":["GET"]}}],"collection":[{"href":"https:\/\/bpplock.pl\/uk\/wp-json\/wp\/v2\/pages"}],"about":[{"href":"https:\/\/bpplock.pl\/uk\/wp-json\/wp\/v2\/types\/page"}],"author":[{"embeddable":true,"href":"https:\/\/bpplock.pl\/uk\/wp-json\/wp\/v2\/users\/1456"}],"replies":[{"embeddable":true,"href":"https:\/\/bpplock.pl\/uk\/wp-json\/wp\/v2\/comments?post=20065"}],"version-history":[{"count":37,"href":"https:\/\/bpplock.pl\/uk\/wp-json\/wp\/v2\/pages\/20065\/revisions"}],"predecessor-version":[{"id":97960,"href":"https:\/\/bpplock.pl\/uk\/wp-json\/wp\/v2\/pages\/20065\/revisions\/97960"}],"wp:attachment":[{"href":"https:\/\/bpplock.pl\/uk\/wp-json\/wp\/v2\/media?parent=20065"}],"curies":[{"name":"wp","href":"https:\/\/api.w.org\/{rel}","templated":true}]}}