{"id":13081,"date":"2024-01-15T13:12:54","date_gmt":"2024-01-15T12:12:54","guid":{"rendered":"https:\/\/bpplock.pl\/?page_id=13081"},"modified":"2024-01-15T13:13:02","modified_gmt":"2024-01-15T12:13:02","slug":"siec-wspolpracy-i-samoksztalcenia-nauczycieli-tik","status":"publish","type":"page","link":"https:\/\/bpplock.pl\/uk\/siec-wspolpracy-i-samoksztalcenia-nauczycieli-tik\/","title":{"rendered":"Sie\u0107 wsp\u00f3\u0142pracy i samokszta\u0142cenia nauczycieli TIK"},"content":{"rendered":"\n<div class=\"wp-block-stackable-subtitle stk-block-subtitle stk-block stk-a995d31\" data-block-id=\"a995d31\"><p class=\"stk-block-subtitle__text stk-subtitle\">CYFROWY NARZ\u0118DZIOWNIK NAUCZYCIELA<\/p><\/div>\n","protected":false},"excerpt":{"rendered":"<p>CYFROWY NARZ\u0118DZIOWNIK NAUCZYCIELA<\/p>\n","protected":false},"author":1459,"featured_media":0,"parent":0,"menu_order":0,"comment_status":"closed","ping_status":"closed","template":"","meta":{"_acf_changed":false,"_oasis_is_in_workflow":0,"_oasis_original":0,"inline_featured_image":false,"site-sidebar-layout":"default","site-content-layout":"","ast-site-content-layout":"default","site-content-style":"default","site-sidebar-style":"default","ast-global-header-display":"","ast-banner-title-visibility":"","ast-main-header-display":"","ast-hfb-above-header-display":"","ast-hfb-below-header-display":"","ast-hfb-mobile-header-display":"","site-post-title":"","ast-breadcrumbs-content":"","ast-featured-img":"","footer-sml-layout":"","ast-disable-related-posts":"","theme-transparent-header-meta":"","adv-header-id-meta":"","stick-header-meta":"","header-above-stick-meta":"","header-main-stick-meta":"","header-below-stick-meta":"","astra-migrate-meta-layouts":"set","ast-page-background-enabled":"default","ast-page-background-meta":{"desktop":{"background-color":"","background-image":"","background-repeat":"repeat","background-position":"center center","background-size":"auto","background-attachment":"scroll","background-type":"","background-media":"","overlay-type":"","overlay-color":"","overlay-opacity":"","overlay-gradient":""},"tablet":{"background-color":"","background-image":"","background-repeat":"repeat","background-position":"center center","background-size":"auto","background-attachment":"scroll","background-type":"","background-media":"","overlay-type":"","overlay-color":"","overlay-opacity":"","overlay-gradient":""},"mobile":{"background-color":"","background-image":"","background-repeat":"repeat","background-position":"center center","background-size":"auto","background-attachment":"scroll","background-type":"","background-media":"","overlay-type":"","overlay-color":"","overlay-opacity":"","overlay-gradient":""}},"ast-content-background-meta":{"desktop":{"background-color":"var(--ast-global-color-5)","background-image":"","background-repeat":"repeat","background-position":"center center","background-size":"auto","background-attachment":"scroll","background-type":"","background-media":"","overlay-type":"","overlay-color":"","overlay-opacity":"","overlay-gradient":""},"tablet":{"background-color":"var(--ast-global-color-5)","background-image":"","background-repeat":"repeat","background-position":"center center","background-size":"auto","background-attachment":"scroll","background-type":"","background-media":"","overlay-type":"","overlay-color":"","overlay-opacity":"","overlay-gradient":""},"mobile":{"background-color":"var(--ast-global-color-5)","background-image":"","background-repeat":"repeat","background-position":"center center","background-size":"auto","background-attachment":"scroll","background-type":"","background-media":"","overlay-type":"","overlay-color":"","overlay-opacity":"","overlay-gradient":""}},"_themeisle_gutenberg_block_has_review":false,"footnotes":""},"class_list":["post-13081","page","type-page","status-publish","hentry"],"acf":[],"featured_image_urls_v2":{"full":"","thumbnail":"","medium":"","medium_large":"","large":"","1536x1536":"","2048x2048":"","img-1100-450":"","img-1120-800":"","img-870-440":"","img-850-600":"","img-480-380":"","img-300-225":"","img-540-700":"","img-75-75":"","menu-24x24":"","menu-36x36":"","menu-48x48":"","mailpoet_newsletter_max":""},"post_excerpt_stackable_v2":"<p>CYFROWY NARZ\u0118DZIOWNIK NAUCZYCIELA<\/p>\n","category_list_v2":"","author_info_v2":{"name":"michals","url":"https:\/\/bpplock.pl\/uk\/author\/michals\/"},"comments_num_v2":"0 \u043a\u043e\u043c\u0435\u043d\u0442\u0430\u0440\u0456\u0432","_links":{"self":[{"href":"https:\/\/bpplock.pl\/uk\/wp-json\/wp\/v2\/pages\/13081","targetHints":{"allow":["GET"]}}],"collection":[{"href":"https:\/\/bpplock.pl\/uk\/wp-json\/wp\/v2\/pages"}],"about":[{"href":"https:\/\/bpplock.pl\/uk\/wp-json\/wp\/v2\/types\/page"}],"author":[{"embeddable":true,"href":"https:\/\/bpplock.pl\/uk\/wp-json\/wp\/v2\/users\/1459"}],"replies":[{"embeddable":true,"href":"https:\/\/bpplock.pl\/uk\/wp-json\/wp\/v2\/comments?post=13081"}],"version-history":[{"count":2,"href":"https:\/\/bpplock.pl\/uk\/wp-json\/wp\/v2\/pages\/13081\/revisions"}],"predecessor-version":[{"id":13090,"href":"https:\/\/bpplock.pl\/uk\/wp-json\/wp\/v2\/pages\/13081\/revisions\/13090"}],"wp:attachment":[{"href":"https:\/\/bpplock.pl\/uk\/wp-json\/wp\/v2\/media?parent=13081"}],"curies":[{"name":"wp","href":"https:\/\/api.w.org\/{rel}","templated":true}]}}