{"id":12316,"date":"2024-01-12T08:07:08","date_gmt":"2024-01-12T07:07:08","guid":{"rendered":"https:\/\/bpplock.pl\/?page_id=12316"},"modified":"2025-01-18T08:39:53","modified_gmt":"2025-01-18T07:39:53","slug":"siec-wspolpracy-i-samoksztalcenia-nauczycieli-bibliotekarzy-miedzy-nami-bibliotekarzami","status":"publish","type":"page","link":"https:\/\/bpplock.pl\/uk\/siec-wspolpracy-i-samoksztalcenia-nauczycieli-bibliotekarzy-miedzy-nami-bibliotekarzami\/","title":{"rendered":"Sie\u0107 wsp\u00f3\u0142pracy i samokszta\u0142cenia nauczycieli bibliotekarzy"},"content":{"rendered":"\n<div class=\"wp-block-stackable-subtitle stk-block-subtitle stk-block stk-4e29b38\" data-block-id=\"4e29b38\"><p class=\"stk-block-subtitle__text stk-subtitle\">MI\u0118DZY NAMI BIBLIOTEKARZAMI<\/p><\/div>\n\n\n\n<figure class=\"wp-block-image size-full is-resized\"><img loading=\"lazy\" decoding=\"async\" width=\"960\" height=\"960\" src=\"https:\/\/bpplock.pl\/wp-content\/uploads\/sites\/12\/2025\/01\/Logo-sieci-Miedzy-nami-bibliotekarzami.png\" alt=\"\" class=\"wp-image-57916\" style=\"width:272px;height:auto\" srcset=\"https:\/\/bpplock.pl\/wp-content\/uploads\/sites\/12\/2025\/01\/Logo-sieci-Miedzy-nami-bibliotekarzami.png 960w, https:\/\/bpplock.pl\/wp-content\/uploads\/sites\/12\/2025\/01\/Logo-sieci-Miedzy-nami-bibliotekarzami-300x300.png 300w, https:\/\/bpplock.pl\/wp-content\/uploads\/sites\/12\/2025\/01\/Logo-sieci-Miedzy-nami-bibliotekarzami-150x150.png 150w, https:\/\/bpplock.pl\/wp-content\/uploads\/sites\/12\/2025\/01\/Logo-sieci-Miedzy-nami-bibliotekarzami-768x768.png 768w, https:\/\/bpplock.pl\/wp-content\/uploads\/sites\/12\/2025\/01\/Logo-sieci-Miedzy-nami-bibliotekarzami-75x75.png 75w, https:\/\/bpplock.pl\/wp-content\/uploads\/sites\/12\/2025\/01\/Logo-sieci-Miedzy-nami-bibliotekarzami-24x24.png 24w, https:\/\/bpplock.pl\/wp-content\/uploads\/sites\/12\/2025\/01\/Logo-sieci-Miedzy-nami-bibliotekarzami-36x36.png 36w, https:\/\/bpplock.pl\/wp-content\/uploads\/sites\/12\/2025\/01\/Logo-sieci-Miedzy-nami-bibliotekarzami-48x48.png 48w\" sizes=\"auto, (max-width: 960px) 100vw, 960px\" \/><\/figure>\n\n\n\n<p>Sie\u0107 wsp\u00f3\u0142pracy i samokszta\u0142cenia nauczycieli bibliotekarzy <strong>Mi\u0119dzy nami bibliotekarzami<\/strong> stanowi element dzielenia si\u0119 wiedz\u0105 i do\u015bwiadczeniem mi\u0119dzy nauczycielami bibliotekarzami. Spotkania te s\u0105 doskona\u0142\u0105 okazj\u0105 do wzajemnego wsparcia, inspiracji i rozwoju zawodowego. Daj\u0105 mo\u017cliwo\u015b\u0107 nawi\u0105zywania kontakt\u00f3w i wsp\u00f3\u0142pracy z innymi bibliotekami, a tak\u017ce dzielenia si\u0119 pomys\u0142ami na promocj\u0119 czytelnictwa.<\/p>\n\n\n\n<p>Ponadto uczestnicy mog\u0105 zdobywa\u0107 nowe umiej\u0119tno\u015bci, poznawa\u0107 i stosowa\u0107 r\u00f3\u017cne metody pracy. R\u00f3\u017cnorodno\u015b\u0107 poruszanych temat\u00f3w daje nowe \u015bwiat\u0142o na zmieniaj\u0105c\u0105 si\u0119 rzeczywisto\u015b\u0107 i pomaga wskaza\u0107 potrzeby czytelnicze u\u017cytkownik\u00f3w bibliotek szkolnych.<\/p>\n\n\n\n<p><strong>Koordynator: <\/strong>Joanna Kami\u0144ska-W\u00f3jcik<\/p>\n\n\n\n<p><strong>Kontakt: <\/strong>e-mail: <a href=\"mailto:j.kaminska-wojcik@bpplock.pl\">joanna.kaminska-wojcik@bpplock.pl<\/a>, tel.: 24 366 53 70 wew.12<\/p>\n\n\n\n<p><a href=\"\/category\/sieci-wspolpracy\/bibliotekarze\/\"><strong>Zapraszamy do zapoznania si\u0119 z histori\u0105 spotka\u0144 od 2024 roku<\/strong><\/a><\/p>\n\n\n\n<p><a href=\"http:\/\/archiwum.bpplock.pl\/sieci-wsp%C3%B3%C5%82pracy-i-samokszta%C5%82cenia\/sp-2.html\"><strong>Zapraszamy do historii spotka\u0144 przed 2024<\/strong><\/a><\/p>\n","protected":false},"excerpt":{"rendered":"<p>MI\u0118DZY NAMI BIBLIOTEKARZAMI Sie\u0107 wsp\u00f3\u0142pracy i samokszta\u0142cenia nauczycieli bibliotekarzy Mi\u0119dzy nami bibliotekarzami stanowi element dzielenia si\u0119 wiedz\u0105 i do\u015bwiadczeniem mi\u0119dzy [&hellip;]<\/p>\n","protected":false},"author":1459,"featured_media":16870,"parent":0,"menu_order":0,"comment_status":"closed","ping_status":"closed","template":"","meta":{"_acf_changed":false,"_oasis_is_in_workflow":0,"_oasis_original":0,"inline_featured_image":false,"site-sidebar-layout":"default","site-content-layout":"","ast-site-content-layout":"default","site-content-style":"default","site-sidebar-style":"default","ast-global-header-display":"","ast-banner-title-visibility":"","ast-main-header-display":"","ast-hfb-above-header-display":"","ast-hfb-below-header-display":"","ast-hfb-mobile-header-display":"","site-post-title":"","ast-breadcrumbs-content":"","ast-featured-img":"","footer-sml-layout":"","ast-disable-related-posts":"","theme-transparent-header-meta":"","adv-header-id-meta":"","stick-header-meta":"","header-above-stick-meta":"","header-main-stick-meta":"","header-below-stick-meta":"","astra-migrate-meta-layouts":"set","ast-page-background-enabled":"default","ast-page-background-meta":{"desktop":{"background-color":"","background-image":"","background-repeat":"repeat","background-position":"center center","background-size":"auto","background-attachment":"scroll","background-type":"","background-media":"","overlay-type":"","overlay-color":"","overlay-opacity":"","overlay-gradient":""},"tablet":{"background-color":"","background-image":"","background-repeat":"repeat","background-position":"center center","background-size":"auto","background-attachment":"scroll","background-type":"","background-media":"","overlay-type":"","overlay-color":"","overlay-opacity":"","overlay-gradient":""},"mobile":{"background-color":"","background-image":"","background-repeat":"repeat","background-position":"center center","background-size":"auto","background-attachment":"scroll","background-type":"","background-media":"","overlay-type":"","overlay-color":"","overlay-opacity":"","overlay-gradient":""}},"ast-content-background-meta":{"desktop":{"background-color":"var(--ast-global-color-5)","background-image":"","background-repeat":"repeat","background-position":"center center","background-size":"auto","background-attachment":"scroll","background-type":"","background-media":"","overlay-type":"","overlay-color":"","overlay-opacity":"","overlay-gradient":""},"tablet":{"background-color":"var(--ast-global-color-5)","background-image":"","background-repeat":"repeat","background-position":"center center","background-size":"auto","background-attachment":"scroll","background-type":"","background-media":"","overlay-type":"","overlay-color":"","overlay-opacity":"","overlay-gradient":""},"mobile":{"background-color":"var(--ast-global-color-5)","background-image":"","background-repeat":"repeat","background-position":"center center","background-size":"auto","background-attachment":"scroll","background-type":"","background-media":"","overlay-type":"","overlay-color":"","overlay-opacity":"","overlay-gradient":""}},"_themeisle_gutenberg_block_has_review":false,"footnotes":""},"class_list":["post-12316","page","type-page","status-publish","has-post-thumbnail","hentry"],"acf":[],"featured_image_urls_v2":{"full":["https:\/\/bpplock.pl\/wp-content\/uploads\/sites\/12\/2024\/01\/siec-nauczycieli-bibliotekarzy-Zdjecie-na-strone-www-scaled.jpg",2560,1920,false],"thumbnail":["https:\/\/bpplock.pl\/wp-content\/uploads\/sites\/12\/2024\/01\/siec-nauczycieli-bibliotekarzy-Zdjecie-na-strone-www-150x150.jpg",150,150,true],"medium":["https:\/\/bpplock.pl\/wp-content\/uploads\/sites\/12\/2024\/01\/siec-nauczycieli-bibliotekarzy-Zdjecie-na-strone-www-300x225.jpg",300,225,true],"medium_large":["https:\/\/bpplock.pl\/wp-content\/uploads\/sites\/12\/2024\/01\/siec-nauczycieli-bibliotekarzy-Zdjecie-na-strone-www-768x576.jpg",768,576,true],"large":["https:\/\/bpplock.pl\/wp-content\/uploads\/sites\/12\/2024\/01\/siec-nauczycieli-bibliotekarzy-Zdjecie-na-strone-www-1024x768.jpg",1024,768,true],"1536x1536":["https:\/\/bpplock.pl\/wp-content\/uploads\/sites\/12\/2024\/01\/siec-nauczycieli-bibliotekarzy-Zdjecie-na-strone-www-1536x1152.jpg",1536,1152,true],"2048x2048":["https:\/\/bpplock.pl\/wp-content\/uploads\/sites\/12\/2024\/01\/siec-nauczycieli-bibliotekarzy-Zdjecie-na-strone-www-2048x1536.jpg",2048,1536,true],"img-1100-450":["https:\/\/bpplock.pl\/wp-content\/uploads\/sites\/12\/2024\/01\/siec-nauczycieli-bibliotekarzy-Zdjecie-na-strone-www-1100x450.jpg",1100,450,true],"img-1120-800":["https:\/\/bpplock.pl\/wp-content\/uploads\/sites\/12\/2024\/01\/siec-nauczycieli-bibliotekarzy-Zdjecie-na-strone-www-1120x800.jpg",1120,800,true],"img-870-440":["https:\/\/bpplock.pl\/wp-content\/uploads\/sites\/12\/2024\/01\/siec-nauczycieli-bibliotekarzy-Zdjecie-na-strone-www-870x440.jpg",870,440,true],"img-850-600":["https:\/\/bpplock.pl\/wp-content\/uploads\/sites\/12\/2024\/01\/siec-nauczycieli-bibliotekarzy-Zdjecie-na-strone-www-850x600.jpg",850,600,true],"img-480-380":["https:\/\/bpplock.pl\/wp-content\/uploads\/sites\/12\/2024\/01\/siec-nauczycieli-bibliotekarzy-Zdjecie-na-strone-www-480x380.jpg",480,380,true],"img-300-225":["https:\/\/bpplock.pl\/wp-content\/uploads\/sites\/12\/2024\/01\/siec-nauczycieli-bibliotekarzy-Zdjecie-na-strone-www-300x225.jpg",300,225,true],"img-540-700":["https:\/\/bpplock.pl\/wp-content\/uploads\/sites\/12\/2024\/01\/siec-nauczycieli-bibliotekarzy-Zdjecie-na-strone-www-540x700.jpg",540,700,true],"img-75-75":["https:\/\/bpplock.pl\/wp-content\/uploads\/sites\/12\/2024\/01\/siec-nauczycieli-bibliotekarzy-Zdjecie-na-strone-www-75x75.jpg",75,75,true],"menu-24x24":["https:\/\/bpplock.pl\/wp-content\/uploads\/sites\/12\/2024\/01\/siec-nauczycieli-bibliotekarzy-Zdjecie-na-strone-www-24x18.jpg",24,18,true],"menu-36x36":["https:\/\/bpplock.pl\/wp-content\/uploads\/sites\/12\/2024\/01\/siec-nauczycieli-bibliotekarzy-Zdjecie-na-strone-www-36x27.jpg",36,27,true],"menu-48x48":["https:\/\/bpplock.pl\/wp-content\/uploads\/sites\/12\/2024\/01\/siec-nauczycieli-bibliotekarzy-Zdjecie-na-strone-www-48x36.jpg",48,36,true],"mailpoet_newsletter_max":["https:\/\/bpplock.pl\/wp-content\/uploads\/sites\/12\/2024\/01\/siec-nauczycieli-bibliotekarzy-Zdjecie-na-strone-www-1320x990.jpg",1320,990,true]},"post_excerpt_stackable_v2":"<p>MI\u0118DZY NAMI BIBLIOTEKARZAMI Sie\u0107 wsp\u00f3\u0142pracy i samokszta\u0142cenia nauczycieli bibliotekarzy Mi\u0119dzy nami bibliotekarzami stanowi element dzielenia si\u0119 wiedz\u0105 i do\u015bwiadczeniem mi\u0119dzy nauczycielami bibliotekarzami. Spotkania te s\u0105 doskona\u0142\u0105 okazj\u0105 do wzajemnego wsparcia, inspiracji i rozwoju zawodowego. Daj\u0105 mo\u017cliwo\u015b\u0107 nawi\u0105zywania kontakt\u00f3w i wsp\u00f3\u0142pracy z innymi bibliotekami, a tak\u017ce dzielenia si\u0119 pomys\u0142ami na promocj\u0119 czytelnictwa. Ponadto uczestnicy mog\u0105 zdobywa\u0107 nowe umiej\u0119tno\u015bci, poznawa\u0107 i stosowa\u0107 r\u00f3\u017cne metody pracy. R\u00f3\u017cnorodno\u015b\u0107 poruszanych temat\u00f3w daje nowe \u015bwiat\u0142o na zmieniaj\u0105c\u0105 si\u0119 rzeczywisto\u015b\u0107 i pomaga wskaza\u0107 potrzeby czytelnicze u\u017cytkownik\u00f3w bibliotek szkolnych. Koordynator: Joanna Kami\u0144ska-W\u00f3jcik Kontakt: e-mail: joanna.kaminska-wojcik@bpplock.pl, tel.: 24 366 53 70 wew.12 Zapraszamy do zapoznania si\u0119 z histori\u0105 spotka\u0144&hellip;<\/p>\n","category_list_v2":"","author_info_v2":{"name":"michals","url":"https:\/\/bpplock.pl\/uk\/author\/michals\/"},"comments_num_v2":"0 \u043a\u043e\u043c\u0435\u043d\u0442\u0430\u0440\u0456\u0432","_links":{"self":[{"href":"https:\/\/bpplock.pl\/uk\/wp-json\/wp\/v2\/pages\/12316","targetHints":{"allow":["GET"]}}],"collection":[{"href":"https:\/\/bpplock.pl\/uk\/wp-json\/wp\/v2\/pages"}],"about":[{"href":"https:\/\/bpplock.pl\/uk\/wp-json\/wp\/v2\/types\/page"}],"author":[{"embeddable":true,"href":"https:\/\/bpplock.pl\/uk\/wp-json\/wp\/v2\/users\/1459"}],"replies":[{"embeddable":true,"href":"https:\/\/bpplock.pl\/uk\/wp-json\/wp\/v2\/comments?post=12316"}],"version-history":[{"count":32,"href":"https:\/\/bpplock.pl\/uk\/wp-json\/wp\/v2\/pages\/12316\/revisions"}],"predecessor-version":[{"id":57949,"href":"https:\/\/bpplock.pl\/uk\/wp-json\/wp\/v2\/pages\/12316\/revisions\/57949"}],"wp:featuredmedia":[{"embeddable":true,"href":"https:\/\/bpplock.pl\/uk\/wp-json\/wp\/v2\/media\/16870"}],"wp:attachment":[{"href":"https:\/\/bpplock.pl\/uk\/wp-json\/wp\/v2\/media?parent=12316"}],"curies":[{"name":"wp","href":"https:\/\/api.w.org\/{rel}","templated":true}]}}