{"id":97900,"date":"2026-03-12T14:06:35","date_gmt":"2026-03-12T13:06:35","guid":{"rendered":"https:\/\/bpplock.pl\/?page_id=97900"},"modified":"2026-04-09T08:57:06","modified_gmt":"2026-04-09T06:57:06","slug":"kuferek-pelen-ksiazek","status":"publish","type":"page","link":"https:\/\/bpplock.pl\/en\/kuferek-pelen-ksiazek\/","title":{"rendered":"KUFEREK PE\u0141EN KSI\u0104\u017bEK"},"content":{"rendered":"\n<figure class=\"wp-block-image aligncenter size-large is-resized\"><img loading=\"lazy\" decoding=\"async\" width=\"1024\" height=\"657\" src=\"https:\/\/bpplock.pl\/wp-content\/uploads\/sites\/12\/2026\/03\/kuferek4-1024x657.jpg\" alt=\"\" class=\"wp-image-98106\" style=\"aspect-ratio:1.5585888994023054;width:684px;height:auto\" srcset=\"https:\/\/bpplock.pl\/wp-content\/uploads\/sites\/12\/2026\/03\/kuferek4-1024x657.jpg 1024w, https:\/\/bpplock.pl\/wp-content\/uploads\/sites\/12\/2026\/03\/kuferek4-300x192.jpg 300w, https:\/\/bpplock.pl\/wp-content\/uploads\/sites\/12\/2026\/03\/kuferek4-768x492.jpg 768w, https:\/\/bpplock.pl\/wp-content\/uploads\/sites\/12\/2026\/03\/kuferek4-24x15.jpg 24w, https:\/\/bpplock.pl\/wp-content\/uploads\/sites\/12\/2026\/03\/kuferek4-36x23.jpg 36w, https:\/\/bpplock.pl\/wp-content\/uploads\/sites\/12\/2026\/03\/kuferek4-48x31.jpg 48w, https:\/\/bpplock.pl\/wp-content\/uploads\/sites\/12\/2026\/03\/kuferek4-1320x846.jpg 1320w, https:\/\/bpplock.pl\/wp-content\/uploads\/sites\/12\/2026\/03\/kuferek4.jpg 1488w\" sizes=\"auto, (max-width: 1024px) 100vw, 1024px\" \/><\/figure>\n\n\n\n<p>Projekt <strong>Kuferek pe\u0142en ksi\u0105\u017cek \u2013 od s\u0142owa zaczyna si\u0119 \u015bwiat<\/strong> &nbsp;ma na celu rozwijanie kompetencji czytelniczych dzieci w wieku przedszkolnym poprzez tworzenie \u015brodowiska sprzyjaj\u0105cego kontaktowi z ksi\u0105\u017ck\u0105 oraz budowanie pozytywnych nawyk\u00f3w czytelniczych. Realizacja opiera si\u0119 na w\u0142\u0105czaniu literatury dzieci\u0119cej do codziennych dzia\u0142a\u0144 dydaktycznych.<\/p>\n\n\n\n<p>Program zak\u0142ada wyposa\u017cenie plac\u00f3wek w warto\u015bciowe ksi\u0105\u017cki oraz wspiera nauczycieli w rozwijaniu kompetencji czytelniczych w\u015br\u00f3d najm\u0142odszych. Projekt czytelniczy <a><strong>Kuferek pe\u0142en ksi\u0105\u017cek \u2013 od s\u0142owa zaczyna si\u0119 \u015bwiat<\/strong> <\/a>jest realizowany&nbsp; przez <strong>Samorz\u0105d Wojew\u00f3dztwa Mazowieckiego <\/strong>i<strong> Bibliotek\u0119 Pedagogiczn\u0105 w P\u0142ocku.<\/strong><\/p>\n\n\n\n<div style=\"height:42px\" aria-hidden=\"true\" class=\"wp-block-spacer\"><\/div>\n\n\n\n<h5 class=\"wp-block-heading\"><a href=\"https:\/\/bpplock.pl\/wp-content\/uploads\/sites\/12\/2026\/03\/Dla_rodzicow.pdf\"><span style=\"color: #404aa3\" class=\"stk-highlight\">INFORMACJA DO RODZIC\u00d3W<\/span><\/a><\/h5>\n\n\n\n<h5 class=\"wp-block-heading\"><a href=\"https:\/\/bpplock.pl\/wp-content\/uploads\/sites\/12\/2026\/03\/scenariusze-wersja_aktualna.pdf\"><span style=\"color: #404aa3\" class=\"stk-highlight\">SCENARIUSZE ZAJ\u0118\u0106<\/span><\/a><\/h5>\n\n\n\n<h5 class=\"wp-block-heading\"><a href=\"https:\/\/bpplock.pl\/wp-content\/uploads\/sites\/12\/2026\/03\/Lista_tytulow_ksiazek2.pdf\"><span style=\"color: #414ba7\" class=\"stk-highlight\">LISTA KSI\u0104\u017bEK<\/span><\/a><\/h5>\n\n\n\n<h5 class=\"wp-block-heading\"><a href=\"https:\/\/bpplock.pl\/wp-content\/uploads\/sites\/12\/2026\/03\/Zalety_czytania_dla_doroslych.pdf\"><span style=\"color: #3f49a3\" class=\"stk-highlight\">ZALETY CZYTANIA DLA DOROS\u0141YCH<\/span><\/a><\/h5>\n\n\n\n<h5 class=\"wp-block-heading\"><a href=\"https:\/\/bpplock.pl\/relacja-z-realizowanego-projektu\/\" data-type=\"page\" data-id=\"99862\"><span style=\"color: #404aa3\" class=\"stk-highlight\">REALIZACJA PROJEKTU<\/span><\/a><\/h5>\n","protected":false},"excerpt":{"rendered":"<p>Projekt Kuferek pe\u0142en ksi\u0105\u017cek \u2013 od s\u0142owa zaczyna si\u0119 \u015bwiat &nbsp;ma na celu rozwijanie kompetencji czytelniczych dzieci w wieku przedszkolnym [&hellip;]<\/p>\n","protected":false},"author":1456,"featured_media":0,"parent":0,"menu_order":0,"comment_status":"closed","ping_status":"closed","template":"","meta":{"_acf_changed":false,"_oasis_is_in_workflow":0,"_oasis_original":0,"inline_featured_image":false,"site-sidebar-layout":"default","site-content-layout":"","ast-site-content-layout":"default","site-content-style":"default","site-sidebar-style":"default","ast-global-header-display":"","ast-banner-title-visibility":"","ast-main-header-display":"","ast-hfb-above-header-display":"","ast-hfb-below-header-display":"","ast-hfb-mobile-header-display":"","site-post-title":"","ast-breadcrumbs-content":"","ast-featured-img":"","footer-sml-layout":"","ast-disable-related-posts":"","theme-transparent-header-meta":"","adv-header-id-meta":"","stick-header-meta":"","header-above-stick-meta":"","header-main-stick-meta":"","header-below-stick-meta":"","astra-migrate-meta-layouts":"set","ast-page-background-enabled":"default","ast-page-background-meta":{"desktop":{"background-color":"","background-image":"","background-repeat":"repeat","background-position":"center center","background-size":"auto","background-attachment":"scroll","background-type":"","background-media":"","overlay-type":"","overlay-color":"","overlay-opacity":"","overlay-gradient":""},"tablet":{"background-color":"","background-image":"","background-repeat":"repeat","background-position":"center center","background-size":"auto","background-attachment":"scroll","background-type":"","background-media":"","overlay-type":"","overlay-color":"","overlay-opacity":"","overlay-gradient":""},"mobile":{"background-color":"","background-image":"","background-repeat":"repeat","background-position":"center center","background-size":"auto","background-attachment":"scroll","background-type":"","background-media":"","overlay-type":"","overlay-color":"","overlay-opacity":"","overlay-gradient":""}},"ast-content-background-meta":{"desktop":{"background-color":"var(--ast-global-color-5)","background-image":"","background-repeat":"repeat","background-position":"center center","background-size":"auto","background-attachment":"scroll","background-type":"","background-media":"","overlay-type":"","overlay-color":"","overlay-opacity":"","overlay-gradient":""},"tablet":{"background-color":"var(--ast-global-color-5)","background-image":"","background-repeat":"repeat","background-position":"center center","background-size":"auto","background-attachment":"scroll","background-type":"","background-media":"","overlay-type":"","overlay-color":"","overlay-opacity":"","overlay-gradient":""},"mobile":{"background-color":"var(--ast-global-color-5)","background-image":"","background-repeat":"repeat","background-position":"center center","background-size":"auto","background-attachment":"scroll","background-type":"","background-media":"","overlay-type":"","overlay-color":"","overlay-opacity":"","overlay-gradient":""}},"_themeisle_gutenberg_block_has_review":false,"footnotes":""},"class_list":["post-97900","page","type-page","status-publish","hentry"],"acf":[],"featured_image_urls_v2":{"full":"","thumbnail":"","medium":"","medium_large":"","large":"","1536x1536":"","2048x2048":"","img-1100-450":"","img-1120-800":"","img-870-440":"","img-850-600":"","img-480-380":"","img-300-225":"","img-540-700":"","img-75-75":"","menu-24x24":"","menu-36x36":"","menu-48x48":"","mailpoet_newsletter_max":""},"post_excerpt_stackable_v2":"<p>Projekt Kuferek pe\u0142en ksi\u0105\u017cek \u2013 od s\u0142owa zaczyna si\u0119 \u015bwiat &nbsp;ma na celu rozwijanie kompetencji czytelniczych dzieci w wieku przedszkolnym poprzez tworzenie \u015brodowiska sprzyjaj\u0105cego kontaktowi z ksi\u0105\u017ck\u0105 oraz budowanie pozytywnych nawyk\u00f3w czytelniczych. Realizacja opiera si\u0119 na w\u0142\u0105czaniu literatury dzieci\u0119cej do codziennych dzia\u0142a\u0144 dydaktycznych. Program zak\u0142ada wyposa\u017cenie plac\u00f3wek w warto\u015bciowe ksi\u0105\u017cki oraz wspiera nauczycieli w rozwijaniu kompetencji czytelniczych w\u015br\u00f3d najm\u0142odszych. Projekt czytelniczy Kuferek pe\u0142en ksi\u0105\u017cek \u2013 od s\u0142owa zaczyna si\u0119 \u015bwiat jest realizowany&nbsp; przez Samorz\u0105d Wojew\u00f3dztwa Mazowieckiego i Bibliotek\u0119 Pedagogiczn\u0105 w P\u0142ocku. INFORMACJA DO RODZIC\u00d3W SCENARIUSZE ZAJ\u0118\u0106 LISTA KSI\u0104\u017bEK ZALETY CZYTANIA DLA DOROS\u0141YCH REALIZACJA PROJEKTU<\/p>\n","category_list_v2":"","author_info_v2":{"name":"michalt","url":"https:\/\/bpplock.pl\/en\/author\/michalt\/"},"comments_num_v2":"0 comments","_links":{"self":[{"href":"https:\/\/bpplock.pl\/en\/wp-json\/wp\/v2\/pages\/97900","targetHints":{"allow":["GET"]}}],"collection":[{"href":"https:\/\/bpplock.pl\/en\/wp-json\/wp\/v2\/pages"}],"about":[{"href":"https:\/\/bpplock.pl\/en\/wp-json\/wp\/v2\/types\/page"}],"author":[{"embeddable":true,"href":"https:\/\/bpplock.pl\/en\/wp-json\/wp\/v2\/users\/1456"}],"replies":[{"embeddable":true,"href":"https:\/\/bpplock.pl\/en\/wp-json\/wp\/v2\/comments?post=97900"}],"version-history":[{"count":58,"href":"https:\/\/bpplock.pl\/en\/wp-json\/wp\/v2\/pages\/97900\/revisions"}],"predecessor-version":[{"id":100436,"href":"https:\/\/bpplock.pl\/en\/wp-json\/wp\/v2\/pages\/97900\/revisions\/100436"}],"wp:attachment":[{"href":"https:\/\/bpplock.pl\/en\/wp-json\/wp\/v2\/media?parent=97900"}],"curies":[{"name":"wp","href":"https:\/\/api.w.org\/{rel}","templated":true}]}}