{"id":93880,"date":"2026-01-30T14:40:20","date_gmt":"2026-01-30T13:40:20","guid":{"rendered":"https:\/\/bpplock.pl\/?page_id=93880"},"modified":"2026-02-25T10:14:34","modified_gmt":"2026-02-25T09:14:34","slug":"radom-ursus-plock","status":"publish","type":"page","link":"https:\/\/bpplock.pl\/en\/radom-ursus-plock\/","title":{"rendered":"RADOM-URSUS-P\u0141OCK"},"content":{"rendered":"\n<figure class=\"wp-block-image size-large is-resized\"><img loading=\"lazy\" decoding=\"async\" width=\"1024\" height=\"100\" src=\"https:\/\/bpplock.pl\/wp-content\/uploads\/sites\/12\/2026\/01\/czerwiec1976_www4-1024x100.png\" alt=\"\" class=\"wp-image-93904\" style=\"width:1200px;height:auto\" srcset=\"https:\/\/bpplock.pl\/wp-content\/uploads\/sites\/12\/2026\/01\/czerwiec1976_www4-1024x100.png 1024w, https:\/\/bpplock.pl\/wp-content\/uploads\/sites\/12\/2026\/01\/czerwiec1976_www4-300x29.png 300w, https:\/\/bpplock.pl\/wp-content\/uploads\/sites\/12\/2026\/01\/czerwiec1976_www4-768x75.png 768w, https:\/\/bpplock.pl\/wp-content\/uploads\/sites\/12\/2026\/01\/czerwiec1976_www4-24x2.png 24w, https:\/\/bpplock.pl\/wp-content\/uploads\/sites\/12\/2026\/01\/czerwiec1976_www4-36x4.png 36w, https:\/\/bpplock.pl\/wp-content\/uploads\/sites\/12\/2026\/01\/czerwiec1976_www4-48x5.png 48w, https:\/\/bpplock.pl\/wp-content\/uploads\/sites\/12\/2026\/01\/czerwiec1976_www4-1320x129.png 1320w, https:\/\/bpplock.pl\/wp-content\/uploads\/sites\/12\/2026\/01\/czerwiec1976_www4.png 1536w\" sizes=\"(max-width: 1024px) 100vw, 1024px\" \/><\/figure>\n\n\n\n<div style=\"height:61px\" aria-hidden=\"true\" class=\"wp-block-spacer\"><\/div>\n\n\n\n<h2 class=\"wp-block-heading has-text-color has-link-color wp-elements-2226a56e76906cbabe29e77f82b337c3\" style=\"color:#6d1717\"><strong>Aktualno\u015bci<\/strong><\/h2>\n\n\n<div class=\"is-style-boxed wp-block-themeisle-blocks-posts-grid\" id=\"wp-block-themeisle-blocks-posts-grid-f2e4c951\"><div class=\"is-list\"><div class=\"o-posts-grid-post-blog o-posts-grid-post-plain\"><div class=\"o-posts-grid-post\"><div class=\"o-posts-grid-post-image\"><a href=\"https:\/\/bpplock.pl\/en\/wspomnienia-henryka-kaminskiego\/\"><img loading=\"lazy\" decoding=\"async\" width=\"639\" height=\"528\" src=\"https:\/\/bpplock.pl\/wp-content\/uploads\/sites\/12\/2026\/04\/56.jpg\" class=\"attachment-full size-full\" alt=\"Wspomnienia Henryka Kami\u0144skiego \u2013 uczestnika wydarze\u0144 Czerwca 1976 w P\u0142ocku i pracownika \u201eNaftoremontu\u201d\" srcset=\"https:\/\/bpplock.pl\/wp-content\/uploads\/sites\/12\/2026\/04\/56.jpg 639w, https:\/\/bpplock.pl\/wp-content\/uploads\/sites\/12\/2026\/04\/56-300x248.jpg 300w, https:\/\/bpplock.pl\/wp-content\/uploads\/sites\/12\/2026\/04\/56-24x20.jpg 24w, https:\/\/bpplock.pl\/wp-content\/uploads\/sites\/12\/2026\/04\/56-36x30.jpg 36w, https:\/\/bpplock.pl\/wp-content\/uploads\/sites\/12\/2026\/04\/56-48x40.jpg 48w\" sizes=\"(max-width: 639px) 100vw, 639px\" \/><\/a><\/div><div class=\"o-posts-grid-post-body\"><h4 class=\"o-posts-grid-post-title\"><a href=\"https:\/\/bpplock.pl\/en\/wspomnienia-henryka-kaminskiego\/\">Wspomnienia Henryka Kami\u0144skiego \u2013 uczestnika wydarze\u0144 Czerwca 1976 w P\u0142ocku i pracownika \u201eNaftoremontu\u201d<\/a><\/h4><div class=\"o-posts-grid-post-description\"><p>Czerwiec \u201976 \u2014 kojarzy Ci si\u0119 tylko z dat\u0105 w podr\u0119czniku? Pos\u0142uchaj wspomnie\u0144 Henryka Kami\u0144skiego \u2013 \u2026<\/p><\/div><\/div><\/div><\/div><div class=\"o-posts-grid-post-blog o-posts-grid-post-plain\"><div class=\"o-posts-grid-post\"><div class=\"o-posts-grid-post-image\"><a href=\"https:\/\/bpplock.pl\/en\/druzynowy-turniej-wiedzy-czerwiec-1976-pamiec-i-znaczenie\/\"><img loading=\"lazy\" decoding=\"async\" width=\"1152\" height=\"928\" src=\"https:\/\/bpplock.pl\/wp-content\/uploads\/sites\/12\/2026\/03\/Turniej-Post-na-Facebooka1.png\" class=\"attachment-full size-full\" alt=\"Dru\u017cynowy Turniej Wiedzy &#8211; &#8220;Czerwiec 1976 \u2013 pami\u0119\u0107 i znaczenie&#8221;\" srcset=\"https:\/\/bpplock.pl\/wp-content\/uploads\/sites\/12\/2026\/03\/Turniej-Post-na-Facebooka1.png 1152w, https:\/\/bpplock.pl\/wp-content\/uploads\/sites\/12\/2026\/03\/Turniej-Post-na-Facebooka1-300x242.png 300w, https:\/\/bpplock.pl\/wp-content\/uploads\/sites\/12\/2026\/03\/Turniej-Post-na-Facebooka1-1024x825.png 1024w, https:\/\/bpplock.pl\/wp-content\/uploads\/sites\/12\/2026\/03\/Turniej-Post-na-Facebooka1-768x619.png 768w, https:\/\/bpplock.pl\/wp-content\/uploads\/sites\/12\/2026\/03\/Turniej-Post-na-Facebooka1-24x19.png 24w, https:\/\/bpplock.pl\/wp-content\/uploads\/sites\/12\/2026\/03\/Turniej-Post-na-Facebooka1-36x29.png 36w, https:\/\/bpplock.pl\/wp-content\/uploads\/sites\/12\/2026\/03\/Turniej-Post-na-Facebooka1-48x39.png 48w\" sizes=\"(max-width: 1152px) 100vw, 1152px\" \/><\/a><\/div><div class=\"o-posts-grid-post-body\"><h4 class=\"o-posts-grid-post-title\"><a href=\"https:\/\/bpplock.pl\/en\/druzynowy-turniej-wiedzy-czerwiec-1976-pamiec-i-znaczenie\/\">Dru\u017cynowy Turniej Wiedzy &#8211; &#8220;Czerwiec 1976 \u2013 pami\u0119\u0107 i znaczenie&#8221;<\/a><\/h4><div class=\"o-posts-grid-post-description\"><p>Biblioteka Pedagogiczna w P\u0142ocku zaprasza uczni\u00f3w szk\u00f3\u0142 ponadpodstawowych do udzia\u0142u w Dru\u017cynowym Tu\u2026<\/p><\/div><\/div><\/div><\/div><div class=\"o-posts-grid-post-blog o-posts-grid-post-plain\"><div class=\"o-posts-grid-post\"><div class=\"o-posts-grid-post-image\"><a href=\"https:\/\/bpplock.pl\/en\/radom-ursus-plock-wspolna-rana-wspolna-pamiec-inauguracja-projektu-na-50-rocznice-czerwca-76\/\"><img loading=\"lazy\" decoding=\"async\" width=\"1152\" height=\"928\" src=\"https:\/\/bpplock.pl\/wp-content\/uploads\/sites\/12\/2026\/01\/radom-ursus-plock-2.webp\" class=\"attachment-full size-full\" alt=\"\u201eRadom-Ursus-P\u0142ock: wsp\u00f3lna rana, wsp\u00f3lna pami\u0119\u0107: 50. rocznica wydarze\u0144 Czerwca\u201976\u201d \u2013 inauguracja projektu na 50. rocznic\u0119 Czerwca \u201976.\" srcset=\"https:\/\/bpplock.pl\/wp-content\/uploads\/sites\/12\/2026\/01\/radom-ursus-plock-2.webp 1152w, https:\/\/bpplock.pl\/wp-content\/uploads\/sites\/12\/2026\/01\/radom-ursus-plock-2-300x242.webp 300w, https:\/\/bpplock.pl\/wp-content\/uploads\/sites\/12\/2026\/01\/radom-ursus-plock-2-1024x825.webp 1024w, https:\/\/bpplock.pl\/wp-content\/uploads\/sites\/12\/2026\/01\/radom-ursus-plock-2-768x619.webp 768w, https:\/\/bpplock.pl\/wp-content\/uploads\/sites\/12\/2026\/01\/radom-ursus-plock-2-24x19.webp 24w, https:\/\/bpplock.pl\/wp-content\/uploads\/sites\/12\/2026\/01\/radom-ursus-plock-2-36x29.webp 36w, https:\/\/bpplock.pl\/wp-content\/uploads\/sites\/12\/2026\/01\/radom-ursus-plock-2-48x39.webp 48w\" sizes=\"(max-width: 1152px) 100vw, 1152px\" \/><\/a><\/div><div class=\"o-posts-grid-post-body\"><h4 class=\"o-posts-grid-post-title\"><a href=\"https:\/\/bpplock.pl\/en\/radom-ursus-plock-wspolna-rana-wspolna-pamiec-inauguracja-projektu-na-50-rocznice-czerwca-76\/\">\u201eRadom-Ursus-P\u0142ock: wsp\u00f3lna rana, wsp\u00f3lna pami\u0119\u0107: 50. rocznica wydarze\u0144 Czerwca\u201976\u201d \u2013 inauguracja projektu na 50. rocznic\u0119 Czerwca \u201976.<\/a><\/h4><div class=\"o-posts-grid-post-description\"><p>Wsp\u00f3lny projekt \u2013 wsp\u00f3lna pami\u0119\u0107. P\u0142ock w centrum dzia\u0142a\u0144. Trzy mazowieckie biblioteki pedagogiczne \u2026<\/p><\/div><\/div><\/div><\/div><div class=\"o-posts-grid-post-blog o-posts-grid-post-plain\"><div class=\"o-posts-grid-post\"><div class=\"o-posts-grid-post-image\"><a href=\"https:\/\/bpplock.pl\/en\/trybuna-ludu\/\"><img loading=\"lazy\" decoding=\"async\" width=\"1414\" height=\"863\" src=\"https:\/\/bpplock.pl\/wp-content\/uploads\/sites\/12\/2026\/02\/Trybuna-Ludu-A31.png\" class=\"attachment-full size-full\" alt=\"\u201eTrybuna Ludu\u201d &#8211; wydanie specjalne\" srcset=\"https:\/\/bpplock.pl\/wp-content\/uploads\/sites\/12\/2026\/02\/Trybuna-Ludu-A31.png 1414w, https:\/\/bpplock.pl\/wp-content\/uploads\/sites\/12\/2026\/02\/Trybuna-Ludu-A31-300x183.png 300w, https:\/\/bpplock.pl\/wp-content\/uploads\/sites\/12\/2026\/02\/Trybuna-Ludu-A31-1024x625.png 1024w, https:\/\/bpplock.pl\/wp-content\/uploads\/sites\/12\/2026\/02\/Trybuna-Ludu-A31-768x469.png 768w, https:\/\/bpplock.pl\/wp-content\/uploads\/sites\/12\/2026\/02\/Trybuna-Ludu-A31-24x15.png 24w, https:\/\/bpplock.pl\/wp-content\/uploads\/sites\/12\/2026\/02\/Trybuna-Ludu-A31-36x22.png 36w, https:\/\/bpplock.pl\/wp-content\/uploads\/sites\/12\/2026\/02\/Trybuna-Ludu-A31-48x29.png 48w, https:\/\/bpplock.pl\/wp-content\/uploads\/sites\/12\/2026\/02\/Trybuna-Ludu-A31-1320x806.png 1320w\" sizes=\"(max-width: 1414px) 100vw, 1414px\" \/><\/a><\/div><div class=\"o-posts-grid-post-body\"><h4 class=\"o-posts-grid-post-title\"><a href=\"https:\/\/bpplock.pl\/en\/trybuna-ludu\/\">\u201eTrybuna Ludu\u201d &#8211; wydanie specjalne<\/a><\/h4><div class=\"o-posts-grid-post-description\"><p>W ramach projektu \u201eRadom\u2013Ursus\u2013P\u0142ock: wsp\u00f3lna rana, wsp\u00f3lna pami\u0119\u0107. 50. rocznica wydarze\u0144 Czerwca \u20197\u2026<\/p><\/div><\/div><\/div><\/div><\/div> <\/div>\n\n\n<div style=\"height:60px\" aria-hidden=\"true\" class=\"wp-block-spacer\"><\/div>\n\n\n\n<h2 class=\"wp-block-heading has-text-color has-link-color wp-elements-dcbe75b5a47d6f470393c922de46f5e5\" style=\"color:#6d1717\"><strong>Materia\u0142y<\/strong><\/h2>\n\n\n\n<p class=\"has-ast-global-color-0-color has-text-color has-link-color has-medium-font-size wp-elements-d46c8af2f8393b7f8595d9fb94dd2932\"><strong><a href=\"https:\/\/bpplock.pl\/wp-content\/uploads\/sites\/12\/2026\/01\/Radom_Ursus_Plock_literatura.pdf\">Zestawienie materia\u0142\u00f3w: RADOM-URSUS-P\u0141OCK: WSP\u00d3LNA RANA, WSP\u00d3LNA PAMI\u0118\u0106:\n50. ROCZNICA WYDARZE\u0143 CZERWCA\u201976 (plik w formacie PDF)<\/a><\/strong><\/p>\n\n\n\n<div style=\"height:51px\" aria-hidden=\"true\" class=\"wp-block-spacer\"><\/div>\n\n\n\n<h2 class=\"wp-block-heading has-text-color has-link-color wp-elements-79c35755177a7a913a4345f833ae5450\" style=\"color:#6d1717\"><strong>Kartka z kalendarza<\/strong><\/h2>\n\n\n\n<div class=\"wp-block-columns is-layout-flex wp-container-core-columns-is-layout-28f84493 wp-block-columns-is-layout-flex\">\n<div class=\"wp-block-column is-layout-flow wp-block-column-is-layout-flow\">\n<figure class=\"wp-block-image size-large\"><a href=\"https:\/\/bpplock.pl\/wp-content\/uploads\/sites\/12\/2026\/02\/kartka-z-kalendarza-Maj.jpg\"><img loading=\"lazy\" decoding=\"async\" width=\"724\" height=\"1024\" src=\"https:\/\/bpplock.pl\/wp-content\/uploads\/sites\/12\/2026\/02\/kartka-z-kalendarza-Maj-724x1024.jpg\" alt=\"\" class=\"wp-image-96676\" srcset=\"https:\/\/bpplock.pl\/wp-content\/uploads\/sites\/12\/2026\/02\/kartka-z-kalendarza-Maj-724x1024.jpg 724w, https:\/\/bpplock.pl\/wp-content\/uploads\/sites\/12\/2026\/02\/kartka-z-kalendarza-Maj-212x300.jpg 212w, https:\/\/bpplock.pl\/wp-content\/uploads\/sites\/12\/2026\/02\/kartka-z-kalendarza-Maj-768x1086.jpg 768w, https:\/\/bpplock.pl\/wp-content\/uploads\/sites\/12\/2026\/02\/kartka-z-kalendarza-Maj-1086x1536.jpg 1086w, https:\/\/bpplock.pl\/wp-content\/uploads\/sites\/12\/2026\/02\/kartka-z-kalendarza-Maj-1448x2048.jpg 1448w, https:\/\/bpplock.pl\/wp-content\/uploads\/sites\/12\/2026\/02\/kartka-z-kalendarza-Maj-17x24.jpg 17w, https:\/\/bpplock.pl\/wp-content\/uploads\/sites\/12\/2026\/02\/kartka-z-kalendarza-Maj-25x36.jpg 25w, https:\/\/bpplock.pl\/wp-content\/uploads\/sites\/12\/2026\/02\/kartka-z-kalendarza-Maj-34x48.jpg 34w, https:\/\/bpplock.pl\/wp-content\/uploads\/sites\/12\/2026\/02\/kartka-z-kalendarza-Maj-1320x1867.jpg 1320w, https:\/\/bpplock.pl\/wp-content\/uploads\/sites\/12\/2026\/02\/kartka-z-kalendarza-Maj.jpg 1587w\" sizes=\"(max-width: 724px) 100vw, 724px\" \/><\/a><\/figure>\n<\/div>\n\n\n\n<div class=\"wp-block-column is-layout-flow wp-block-column-is-layout-flow\">\n<figure class=\"wp-block-image size-large\"><a href=\"https:\/\/bpplock.pl\/wp-content\/uploads\/sites\/12\/2026\/02\/kartka-z-kalendarza-Kwiecien.jpg\"><img loading=\"lazy\" decoding=\"async\" width=\"724\" height=\"1024\" src=\"https:\/\/bpplock.pl\/wp-content\/uploads\/sites\/12\/2026\/02\/kartka-z-kalendarza-Kwiecien-724x1024.jpg\" alt=\"\" class=\"wp-image-96668\" srcset=\"https:\/\/bpplock.pl\/wp-content\/uploads\/sites\/12\/2026\/02\/kartka-z-kalendarza-Kwiecien-724x1024.jpg 724w, https:\/\/bpplock.pl\/wp-content\/uploads\/sites\/12\/2026\/02\/kartka-z-kalendarza-Kwiecien-212x300.jpg 212w, https:\/\/bpplock.pl\/wp-content\/uploads\/sites\/12\/2026\/02\/kartka-z-kalendarza-Kwiecien-768x1086.jpg 768w, https:\/\/bpplock.pl\/wp-content\/uploads\/sites\/12\/2026\/02\/kartka-z-kalendarza-Kwiecien-1086x1536.jpg 1086w, https:\/\/bpplock.pl\/wp-content\/uploads\/sites\/12\/2026\/02\/kartka-z-kalendarza-Kwiecien-1448x2048.jpg 1448w, https:\/\/bpplock.pl\/wp-content\/uploads\/sites\/12\/2026\/02\/kartka-z-kalendarza-Kwiecien-17x24.jpg 17w, https:\/\/bpplock.pl\/wp-content\/uploads\/sites\/12\/2026\/02\/kartka-z-kalendarza-Kwiecien-25x36.jpg 25w, https:\/\/bpplock.pl\/wp-content\/uploads\/sites\/12\/2026\/02\/kartka-z-kalendarza-Kwiecien-34x48.jpg 34w, https:\/\/bpplock.pl\/wp-content\/uploads\/sites\/12\/2026\/02\/kartka-z-kalendarza-Kwiecien-1320x1867.jpg 1320w, https:\/\/bpplock.pl\/wp-content\/uploads\/sites\/12\/2026\/02\/kartka-z-kalendarza-Kwiecien.jpg 1587w\" sizes=\"(max-width: 724px) 100vw, 724px\" \/><\/a><\/figure>\n<\/div>\n\n\n\n<div class=\"wp-block-column is-layout-flow wp-block-column-is-layout-flow\">\n<figure class=\"wp-block-image size-large\"><a href=\"https:\/\/bpplock.pl\/wp-content\/uploads\/sites\/12\/2026\/02\/kartka-z-kalendarza-Marzec.jpg\"><img loading=\"lazy\" decoding=\"async\" width=\"724\" height=\"1024\" src=\"https:\/\/bpplock.pl\/wp-content\/uploads\/sites\/12\/2026\/02\/kartka-z-kalendarza-Marzec-724x1024.jpg\" alt=\"\" class=\"wp-image-96660\" srcset=\"https:\/\/bpplock.pl\/wp-content\/uploads\/sites\/12\/2026\/02\/kartka-z-kalendarza-Marzec-724x1024.jpg 724w, https:\/\/bpplock.pl\/wp-content\/uploads\/sites\/12\/2026\/02\/kartka-z-kalendarza-Marzec-212x300.jpg 212w, https:\/\/bpplock.pl\/wp-content\/uploads\/sites\/12\/2026\/02\/kartka-z-kalendarza-Marzec-768x1086.jpg 768w, https:\/\/bpplock.pl\/wp-content\/uploads\/sites\/12\/2026\/02\/kartka-z-kalendarza-Marzec-1086x1536.jpg 1086w, https:\/\/bpplock.pl\/wp-content\/uploads\/sites\/12\/2026\/02\/kartka-z-kalendarza-Marzec-1448x2048.jpg 1448w, https:\/\/bpplock.pl\/wp-content\/uploads\/sites\/12\/2026\/02\/kartka-z-kalendarza-Marzec-17x24.jpg 17w, https:\/\/bpplock.pl\/wp-content\/uploads\/sites\/12\/2026\/02\/kartka-z-kalendarza-Marzec-25x36.jpg 25w, https:\/\/bpplock.pl\/wp-content\/uploads\/sites\/12\/2026\/02\/kartka-z-kalendarza-Marzec-34x48.jpg 34w, https:\/\/bpplock.pl\/wp-content\/uploads\/sites\/12\/2026\/02\/kartka-z-kalendarza-Marzec-1320x1867.jpg 1320w, https:\/\/bpplock.pl\/wp-content\/uploads\/sites\/12\/2026\/02\/kartka-z-kalendarza-Marzec.jpg 1587w\" sizes=\"(max-width: 724px) 100vw, 724px\" \/><\/a><\/figure>\n<\/div>\n<\/div>\n\n\n\n<div style=\"height:25px\" aria-hidden=\"true\" class=\"wp-block-spacer\"><\/div>\n\n\n\n<div class=\"wp-block-columns is-layout-flex wp-container-core-columns-is-layout-28f84493 wp-block-columns-is-layout-flex\">\n<div class=\"wp-block-column is-layout-flow wp-block-column-is-layout-flow\">\n<figure class=\"wp-block-image\"><a href=\"https:\/\/bpplock.pl\/wp-content\/uploads\/sites\/12\/2026\/02\/Kartka_z_kalendarza_31_stycznia_2026-1.jpg\"><img loading=\"lazy\" decoding=\"async\" width=\"724\" height=\"1024\" src=\"https:\/\/bpplock.pl\/wp-content\/uploads\/sites\/12\/2026\/02\/Kartka_z_kalendarza_31_stycznia_2026-1-724x1024.jpg\" alt=\"\" class=\"wp-image-95641\" srcset=\"https:\/\/bpplock.pl\/wp-content\/uploads\/sites\/12\/2026\/02\/Kartka_z_kalendarza_31_stycznia_2026-1-724x1024.jpg 724w, https:\/\/bpplock.pl\/wp-content\/uploads\/sites\/12\/2026\/02\/Kartka_z_kalendarza_31_stycznia_2026-1-212x300.jpg 212w, https:\/\/bpplock.pl\/wp-content\/uploads\/sites\/12\/2026\/02\/Kartka_z_kalendarza_31_stycznia_2026-1-768x1086.jpg 768w, https:\/\/bpplock.pl\/wp-content\/uploads\/sites\/12\/2026\/02\/Kartka_z_kalendarza_31_stycznia_2026-1-1086x1536.jpg 1086w, https:\/\/bpplock.pl\/wp-content\/uploads\/sites\/12\/2026\/02\/Kartka_z_kalendarza_31_stycznia_2026-1-17x24.jpg 17w, https:\/\/bpplock.pl\/wp-content\/uploads\/sites\/12\/2026\/02\/Kartka_z_kalendarza_31_stycznia_2026-1-25x36.jpg 25w, https:\/\/bpplock.pl\/wp-content\/uploads\/sites\/12\/2026\/02\/Kartka_z_kalendarza_31_stycznia_2026-1-34x48.jpg 34w, https:\/\/bpplock.pl\/wp-content\/uploads\/sites\/12\/2026\/02\/Kartka_z_kalendarza_31_stycznia_2026-1-1320x1867.jpg 1320w, https:\/\/bpplock.pl\/wp-content\/uploads\/sites\/12\/2026\/02\/Kartka_z_kalendarza_31_stycznia_2026-1.jpg 1448w\" sizes=\"(max-width: 724px) 100vw, 724px\" \/><\/a><\/figure>\n<\/div>\n\n\n\n<div class=\"wp-block-column is-layout-flow wp-block-column-is-layout-flow\">\n<figure class=\"wp-block-image\"><a href=\"https:\/\/bpplock.pl\/wp-content\/uploads\/sites\/12\/2026\/02\/Kartka_z_kalendarza_10_luty_2026-1.jpg\"><img decoding=\"async\" src=\"https:\/\/bpplock.pl\/wp-content\/uploads\/sites\/12\/2026\/02\/Kartka_z_kalendarza_10_luty_2026-1-724x1024.jpg\" alt=\"\" \/><\/a><\/figure>\n<\/div>\n\n\n\n<div class=\"wp-block-column is-layout-flow wp-block-column-is-layout-flow\"><\/div>\n<\/div>\n","protected":false},"excerpt":{"rendered":"<p>Aktualno\u015bci Materia\u0142y Zestawienie materia\u0142\u00f3w: RADOM-URSUS-P\u0141OCK: WSP\u00d3LNA RANA, WSP\u00d3LNA PAMI\u0118\u0106: 50. ROCZNICA WYDARZE\u0143 CZERWCA\u201976 (plik w formacie PDF) Kartka z kalendarza<\/p>\n","protected":false},"author":1456,"featured_media":0,"parent":0,"menu_order":0,"comment_status":"closed","ping_status":"closed","template":"","meta":{"_acf_changed":false,"_oasis_is_in_workflow":0,"_oasis_original":0,"inline_featured_image":false,"site-sidebar-layout":"default","site-content-layout":"","ast-site-content-layout":"default","site-content-style":"default","site-sidebar-style":"default","ast-global-header-display":"","ast-banner-title-visibility":"","ast-main-header-display":"","ast-hfb-above-header-display":"","ast-hfb-below-header-display":"","ast-hfb-mobile-header-display":"","site-post-title":"disabled","ast-breadcrumbs-content":"","ast-featured-img":"","footer-sml-layout":"","ast-disable-related-posts":"","theme-transparent-header-meta":"","adv-header-id-meta":"","stick-header-meta":"","header-above-stick-meta":"","header-main-stick-meta":"","header-below-stick-meta":"","astra-migrate-meta-layouts":"set","ast-page-background-enabled":"default","ast-page-background-meta":{"desktop":{"background-color":"","background-image":"","background-repeat":"repeat","background-position":"center center","background-size":"auto","background-attachment":"scroll","background-type":"","background-media":"","overlay-type":"","overlay-color":"","overlay-opacity":"","overlay-gradient":""},"tablet":{"background-color":"","background-image":"","background-repeat":"repeat","background-position":"center center","background-size":"auto","background-attachment":"scroll","background-type":"","background-media":"","overlay-type":"","overlay-color":"","overlay-opacity":"","overlay-gradient":""},"mobile":{"background-color":"","background-image":"","background-repeat":"repeat","background-position":"center center","background-size":"auto","background-attachment":"scroll","background-type":"","background-media":"","overlay-type":"","overlay-color":"","overlay-opacity":"","overlay-gradient":""}},"ast-content-background-meta":{"desktop":{"background-color":"var(--ast-global-color-5)","background-image":"","background-repeat":"repeat","background-position":"center center","background-size":"auto","background-attachment":"scroll","background-type":"","background-media":"","overlay-type":"","overlay-color":"","overlay-opacity":"","overlay-gradient":""},"tablet":{"background-color":"var(--ast-global-color-5)","background-image":"","background-repeat":"repeat","background-position":"center center","background-size":"auto","background-attachment":"scroll","background-type":"","background-media":"","overlay-type":"","overlay-color":"","overlay-opacity":"","overlay-gradient":""},"mobile":{"background-color":"var(--ast-global-color-5)","background-image":"","background-repeat":"repeat","background-position":"center center","background-size":"auto","background-attachment":"scroll","background-type":"","background-media":"","overlay-type":"","overlay-color":"","overlay-opacity":"","overlay-gradient":""}},"_themeisle_gutenberg_block_has_review":false,"footnotes":""},"class_list":["post-93880","page","type-page","status-publish","hentry"],"acf":[],"featured_image_urls_v2":{"full":"","thumbnail":"","medium":"","medium_large":"","large":"","1536x1536":"","2048x2048":"","img-1100-450":"","img-1120-800":"","img-870-440":"","img-850-600":"","img-480-380":"","img-300-225":"","img-540-700":"","img-75-75":"","menu-24x24":"","menu-36x36":"","menu-48x48":"","mailpoet_newsletter_max":""},"post_excerpt_stackable_v2":"<p>Aktualno\u015bci Wspomnienia Henryka Kami\u0144skiego \u2013 uczestnika wydarze\u0144 Czerwca 1976 w P\u0142ocku i pracownika \u201eNaftoremontu\u201dCzerwiec \u201976 \u2014 kojarzy Ci si\u0119 tylko z dat\u0105 w podr\u0119czniku? Pos\u0142uchaj wspomnie\u0144 Henryka Kami\u0144skiego \u2013 \u2026Dru\u017cynowy Turniej Wiedzy &#8211; &#8220;Czerwiec 1976 \u2013 pami\u0119\u0107 i znaczenie&#8221;Biblioteka Pedagogiczna w P\u0142ocku zaprasza uczni\u00f3w szk\u00f3\u0142 ponadpodstawowych do udzia\u0142u w Dru\u017cynowym Tu\u2026\u201eRadom-Ursus-P\u0142ock: wsp\u00f3lna rana, wsp\u00f3lna pami\u0119\u0107: 50. rocznica wydarze\u0144 Czerwca\u201976\u201d \u2013 inauguracja projektu na 50. rocznic\u0119 Czerwca \u201976.Wsp\u00f3lny projekt \u2013 wsp\u00f3lna pami\u0119\u0107. P\u0142ock w centrum dzia\u0142a\u0144. Trzy mazowieckie biblioteki pedagogiczne \u2026\u201eTrybuna Ludu\u201d &#8211; wydanie specjalneW ramach projektu \u201eRadom\u2013Ursus\u2013P\u0142ock: wsp\u00f3lna rana, wsp\u00f3lna pami\u0119\u0107. 50. rocznica wydarze\u0144 Czerwca \u20197\u2026 Materia\u0142y Zestawienie materia\u0142\u00f3w: RADOM-URSUS-P\u0141OCK:&hellip;<\/p>\n","category_list_v2":"","author_info_v2":{"name":"michalt","url":"https:\/\/bpplock.pl\/en\/author\/michalt\/"},"comments_num_v2":"0 comments","_links":{"self":[{"href":"https:\/\/bpplock.pl\/en\/wp-json\/wp\/v2\/pages\/93880","targetHints":{"allow":["GET"]}}],"collection":[{"href":"https:\/\/bpplock.pl\/en\/wp-json\/wp\/v2\/pages"}],"about":[{"href":"https:\/\/bpplock.pl\/en\/wp-json\/wp\/v2\/types\/page"}],"author":[{"embeddable":true,"href":"https:\/\/bpplock.pl\/en\/wp-json\/wp\/v2\/users\/1456"}],"replies":[{"embeddable":true,"href":"https:\/\/bpplock.pl\/en\/wp-json\/wp\/v2\/comments?post=93880"}],"version-history":[{"count":50,"href":"https:\/\/bpplock.pl\/en\/wp-json\/wp\/v2\/pages\/93880\/revisions"}],"predecessor-version":[{"id":96692,"href":"https:\/\/bpplock.pl\/en\/wp-json\/wp\/v2\/pages\/93880\/revisions\/96692"}],"wp:attachment":[{"href":"https:\/\/bpplock.pl\/en\/wp-json\/wp\/v2\/media?parent=93880"}],"curies":[{"name":"wp","href":"https:\/\/api.w.org\/{rel}","templated":true}]}}