{"id":8011,"date":"2022-11-14T13:58:10","date_gmt":"2022-11-14T12:58:10","guid":{"rendered":"https:\/\/bpplock.pl\/wyporzyczalnia\/"},"modified":"2026-03-26T23:11:22","modified_gmt":"2026-03-26T22:11:22","slug":"wypozyczalnia","status":"publish","type":"page","link":"https:\/\/bpplock.pl\/en\/wypozyczalnia\/","title":{"rendered":"Wypo\u017cyczalnia"},"content":{"rendered":"\n<div id=\"wp-block-themeisle-blocks-advanced-columns-d55b2c86\" class=\"wp-block-themeisle-blocks-advanced-columns has-1-columns has-desktop-equal-layout has-tablet-equal-layout has-mobile-equal-layout has-vertical-unset\"><div class=\"wp-block-themeisle-blocks-advanced-columns-overlay\"><\/div><div class=\"innerblocks-wrap\">\n<div id=\"wp-block-themeisle-blocks-advanced-column-e523c61a\" class=\"wp-block-themeisle-blocks-advanced-column\">\n<p class=\"has-text-align-center\"><a href=\"mailto:wypozyczalnia@bpplock.pl\">wypozyczalnia@bpplock.pl<\/a><br>Tel. 24 366 53 70 wew. 12<\/p>\n\n\n\n<p>Wydzia\u0142 oferuje mo\u017cliwo\u015b\u0107 wypo\u017cyczania materia\u0142\u00f3w bibliotecznych nauczycielom, osobom studiuj\u0105cym pedagogik\u0119 i przedmioty pokrewne, pracownikom poradni psychologiczno-pedagogicznych, poradni zawodowych, o\u015brodk\u00f3w pomocy spo\u0142ecznej, \u015bwietlic \u015brodowiskowych, nadzorowi pedagogicznemu, badaczom historii i teorii edukacji a tak\u017ce rodzicom i opiekunom oraz innym osobom pe\u0142noletnim.<\/p>\n\n\n\n<p>Pracownice Wydzia\u0142u zajmuj\u0105 si\u0119:<\/p>\n\n\n\n<ul class=\"wp-block-list\">\n<li>zapisywaniem czytelnik\u00f3w do biblioteki,<\/li>\n\n\n\n<li>wypo\u017cyczaniem materia\u0142\u00f3w bibliotecznych,<\/li>\n\n\n\n<li>wypo\u017cyczaniem mi\u0119dzybibliotecznym,<\/li>\n\n\n\n<li>udzielaniem U\u017cytkownikom biblioteki wszelkiej pomocy w zakresie korzystania ze zbior\u00f3w wypo\u017cyczalni oraz dost\u0119pnego sprz\u0119tu,<\/li>\n\n\n\n<li>udzielaniem informacji bibliograficznych, katalogowych i rzeczowych, <\/li>\n\n\n\n<li>wskazaniem dost\u0119pnych elektronicznych i cyfrowych zasob\u00f3w oraz \u017ar\u00f3de\u0142 informacji,<\/li>\n\n\n\n<li>statystyk\u0105 czytelnictwa,<\/li>\n\n\n\n<li>prezentowaniem regularnych wystawek tematycznych.<\/li>\n<\/ul>\n\n\n\n<h3 class=\"wp-block-heading has-text-align-center\">PRACOWNICE<\/h3>\n\n\n\n<figure class=\"wp-block-image aligncenter size-full is-resized\"><img loading=\"lazy\" decoding=\"async\" width=\"800\" height=\"1200\" src=\"https:\/\/bpplock.pl\/wp-content\/uploads\/sites\/12\/2026\/03\/sn_Tatiana-Jastrzebska.jpg\" alt=\"\" class=\"wp-image-98946\" style=\"width:192px;height:auto\" srcset=\"https:\/\/bpplock.pl\/wp-content\/uploads\/sites\/12\/2026\/03\/sn_Tatiana-Jastrzebska.jpg 800w, https:\/\/bpplock.pl\/wp-content\/uploads\/sites\/12\/2026\/03\/sn_Tatiana-Jastrzebska-200x300.jpg 200w, https:\/\/bpplock.pl\/wp-content\/uploads\/sites\/12\/2026\/03\/sn_Tatiana-Jastrzebska-683x1024.jpg 683w, https:\/\/bpplock.pl\/wp-content\/uploads\/sites\/12\/2026\/03\/sn_Tatiana-Jastrzebska-768x1152.jpg 768w, https:\/\/bpplock.pl\/wp-content\/uploads\/sites\/12\/2026\/03\/sn_Tatiana-Jastrzebska-16x24.jpg 16w, https:\/\/bpplock.pl\/wp-content\/uploads\/sites\/12\/2026\/03\/sn_Tatiana-Jastrzebska-24x36.jpg 24w, https:\/\/bpplock.pl\/wp-content\/uploads\/sites\/12\/2026\/03\/sn_Tatiana-Jastrzebska-32x48.jpg 32w\" sizes=\"auto, (max-width: 800px) 100vw, 800px\" \/><\/figure>\n\n\n\n<p class=\"has-text-align-center\"><strong>Tatiana Jastrz\u0119bska&nbsp;<\/strong><br>nauczycielka bibliotekarka<br><a href=\"mailto:tatiana.jastrzebska@bpplock.pl\" data-type=\"mailto\" data-id=\"mailto:tatiana.jastrzebska@bpplock.pl\">tatiana.jastrzebska@bpplock.pl<\/a><\/p>\n\n\n\n<figure class=\"wp-block-image aligncenter size-full is-resized\"><img loading=\"lazy\" decoding=\"async\" width=\"800\" height=\"1200\" src=\"https:\/\/bpplock.pl\/wp-content\/uploads\/sites\/12\/2026\/03\/sn_Joanna-Kaminska-Wojcik.jpg\" alt=\"\" class=\"wp-image-99018\" style=\"width:192px;height:auto\" srcset=\"https:\/\/bpplock.pl\/wp-content\/uploads\/sites\/12\/2026\/03\/sn_Joanna-Kaminska-Wojcik.jpg 800w, https:\/\/bpplock.pl\/wp-content\/uploads\/sites\/12\/2026\/03\/sn_Joanna-Kaminska-Wojcik-200x300.jpg 200w, https:\/\/bpplock.pl\/wp-content\/uploads\/sites\/12\/2026\/03\/sn_Joanna-Kaminska-Wojcik-683x1024.jpg 683w, https:\/\/bpplock.pl\/wp-content\/uploads\/sites\/12\/2026\/03\/sn_Joanna-Kaminska-Wojcik-768x1152.jpg 768w, https:\/\/bpplock.pl\/wp-content\/uploads\/sites\/12\/2026\/03\/sn_Joanna-Kaminska-Wojcik-16x24.jpg 16w, https:\/\/bpplock.pl\/wp-content\/uploads\/sites\/12\/2026\/03\/sn_Joanna-Kaminska-Wojcik-24x36.jpg 24w, https:\/\/bpplock.pl\/wp-content\/uploads\/sites\/12\/2026\/03\/sn_Joanna-Kaminska-Wojcik-32x48.jpg 32w\" sizes=\"auto, (max-width: 800px) 100vw, 800px\" \/><\/figure>\n\n\n\n<p class=\"has-text-align-center\">&nbsp;<strong>Joanna Kami\u0144ska-W\u00f3jcik<\/strong><br>nauczycielka bibliotekarka<br><a href=\"mailto:joanna.kaminska-wojcik@bpplock.pl\" data-type=\"mailto\" data-id=\"mailto:joanna.kaminska-wojcik@bpplock.pl\">joanna.kaminska-wojcik@bpplock.pl<\/a><\/p>\n\n\n\n<figure class=\"wp-block-image aligncenter size-full is-resized\"><img loading=\"lazy\" decoding=\"async\" width=\"800\" height=\"1200\" src=\"https:\/\/bpplock.pl\/wp-content\/uploads\/sites\/12\/2026\/03\/sn_Magdalena-Kardynal.jpg\" alt=\"\" class=\"wp-image-98890\" style=\"width:194px;height:auto\" srcset=\"https:\/\/bpplock.pl\/wp-content\/uploads\/sites\/12\/2026\/03\/sn_Magdalena-Kardynal.jpg 800w, https:\/\/bpplock.pl\/wp-content\/uploads\/sites\/12\/2026\/03\/sn_Magdalena-Kardynal-200x300.jpg 200w, https:\/\/bpplock.pl\/wp-content\/uploads\/sites\/12\/2026\/03\/sn_Magdalena-Kardynal-683x1024.jpg 683w, https:\/\/bpplock.pl\/wp-content\/uploads\/sites\/12\/2026\/03\/sn_Magdalena-Kardynal-768x1152.jpg 768w, https:\/\/bpplock.pl\/wp-content\/uploads\/sites\/12\/2026\/03\/sn_Magdalena-Kardynal-16x24.jpg 16w, https:\/\/bpplock.pl\/wp-content\/uploads\/sites\/12\/2026\/03\/sn_Magdalena-Kardynal-24x36.jpg 24w, https:\/\/bpplock.pl\/wp-content\/uploads\/sites\/12\/2026\/03\/sn_Magdalena-Kardynal-32x48.jpg 32w\" sizes=\"auto, (max-width: 800px) 100vw, 800px\" \/><\/figure>\n\n\n\n<p class=\"has-text-align-center\"><strong>Magdalena Kardyna\u0142&nbsp;<\/strong><br>nauczycielka bibliotekarka<br><a href=\"mailto:magdalena.kardynal@bpplock.pl\" data-type=\"mailto\" data-id=\"mailto:magdalena.kardynal@bpplock.pl\"><\/a><a href=\"mailto:magdalena.kardynal@bpplock.pl\">magdalena.kardynal@bpplock.pl<\/a><\/p>\n<\/div>\n<\/div><\/div>\n","protected":false},"excerpt":{"rendered":"","protected":false},"author":1459,"featured_media":0,"parent":0,"menu_order":0,"comment_status":"closed","ping_status":"closed","template":"","meta":{"_acf_changed":false,"_oasis_is_in_workflow":0,"_oasis_original":0,"inline_featured_image":false,"site-sidebar-layout":"default","site-content-layout":"","ast-site-content-layout":"default","site-content-style":"default","site-sidebar-style":"default","ast-global-header-display":"","ast-banner-title-visibility":"","ast-main-header-display":"","ast-hfb-above-header-display":"","ast-hfb-below-header-display":"","ast-hfb-mobile-header-display":"","site-post-title":"","ast-breadcrumbs-content":"","ast-featured-img":"","footer-sml-layout":"","ast-disable-related-posts":"","theme-transparent-header-meta":"","adv-header-id-meta":"","stick-header-meta":"","header-above-stick-meta":"","header-main-stick-meta":"","header-below-stick-meta":"","astra-migrate-meta-layouts":"default","ast-page-background-enabled":"default","ast-page-background-meta":{"desktop":{"background-color":"","background-image":"","background-repeat":"repeat","background-position":"center center","background-size":"auto","background-attachment":"scroll","background-type":"","background-media":"","overlay-type":"","overlay-color":"","overlay-opacity":"","overlay-gradient":""},"tablet":{"background-color":"","background-image":"","background-repeat":"repeat","background-position":"center center","background-size":"auto","background-attachment":"scroll","background-type":"","background-media":"","overlay-type":"","overlay-color":"","overlay-opacity":"","overlay-gradient":""},"mobile":{"background-color":"","background-image":"","background-repeat":"repeat","background-position":"center center","background-size":"auto","background-attachment":"scroll","background-type":"","background-media":"","overlay-type":"","overlay-color":"","overlay-opacity":"","overlay-gradient":""}},"ast-content-background-meta":{"desktop":{"background-color":"var(--ast-global-color-5)","background-image":"","background-repeat":"repeat","background-position":"center center","background-size":"auto","background-attachment":"scroll","background-type":"","background-media":"","overlay-type":"","overlay-color":"","overlay-opacity":"","overlay-gradient":""},"tablet":{"background-color":"var(--ast-global-color-5)","background-image":"","background-repeat":"repeat","background-position":"center center","background-size":"auto","background-attachment":"scroll","background-type":"","background-media":"","overlay-type":"","overlay-color":"","overlay-opacity":"","overlay-gradient":""},"mobile":{"background-color":"var(--ast-global-color-5)","background-image":"","background-repeat":"repeat","background-position":"center center","background-size":"auto","background-attachment":"scroll","background-type":"","background-media":"","overlay-type":"","overlay-color":"","overlay-opacity":"","overlay-gradient":""}},"_themeisle_gutenberg_block_has_review":false,"footnotes":""},"class_list":["post-8011","page","type-page","status-publish","hentry"],"acf":[],"featured_image_urls_v2":{"full":"","thumbnail":"","medium":"","medium_large":"","large":"","1536x1536":"","2048x2048":"","img-1100-450":"","img-1120-800":"","img-870-440":"","img-850-600":"","img-480-380":"","img-300-225":"","img-540-700":"","img-75-75":"","menu-24x24":"","menu-36x36":"","menu-48x48":"","mailpoet_newsletter_max":""},"post_excerpt_stackable_v2":"<p>wypozyczalnia@bpplock.plTel. 24 366 53 70 wew. 12 Wydzia\u0142 oferuje mo\u017cliwo\u015b\u0107 wypo\u017cyczania materia\u0142\u00f3w bibliotecznych nauczycielom, osobom studiuj\u0105cym pedagogik\u0119 i przedmioty pokrewne, pracownikom poradni psychologiczno-pedagogicznych, poradni zawodowych, o\u015brodk\u00f3w pomocy spo\u0142ecznej, \u015bwietlic \u015brodowiskowych, nadzorowi pedagogicznemu, badaczom historii i teorii edukacji a tak\u017ce rodzicom i opiekunom oraz innym osobom pe\u0142noletnim. Pracownice Wydzia\u0142u zajmuj\u0105 si\u0119: zapisywaniem czytelnik\u00f3w do biblioteki, wypo\u017cyczaniem materia\u0142\u00f3w bibliotecznych, wypo\u017cyczaniem mi\u0119dzybibliotecznym, udzielaniem U\u017cytkownikom biblioteki wszelkiej pomocy w zakresie korzystania ze zbior\u00f3w wypo\u017cyczalni oraz dost\u0119pnego sprz\u0119tu, udzielaniem informacji bibliograficznych, katalogowych i rzeczowych, wskazaniem dost\u0119pnych elektronicznych i cyfrowych zasob\u00f3w oraz \u017ar\u00f3de\u0142 informacji, statystyk\u0105 czytelnictwa, prezentowaniem regularnych wystawek tematycznych. PRACOWNICE Tatiana Jastrz\u0119bska&nbsp;nauczycielka bibliotekarkatatiana.jastrzebska@bpplock.pl &nbsp;Joanna Kami\u0144ska-W\u00f3jciknauczycielka&hellip;<\/p>\n","category_list_v2":"","author_info_v2":{"name":"michals","url":"https:\/\/bpplock.pl\/en\/author\/michals\/"},"comments_num_v2":"0 comments","_links":{"self":[{"href":"https:\/\/bpplock.pl\/en\/wp-json\/wp\/v2\/pages\/8011","targetHints":{"allow":["GET"]}}],"collection":[{"href":"https:\/\/bpplock.pl\/en\/wp-json\/wp\/v2\/pages"}],"about":[{"href":"https:\/\/bpplock.pl\/en\/wp-json\/wp\/v2\/types\/page"}],"author":[{"embeddable":true,"href":"https:\/\/bpplock.pl\/en\/wp-json\/wp\/v2\/users\/1459"}],"replies":[{"embeddable":true,"href":"https:\/\/bpplock.pl\/en\/wp-json\/wp\/v2\/comments?post=8011"}],"version-history":[{"count":21,"href":"https:\/\/bpplock.pl\/en\/wp-json\/wp\/v2\/pages\/8011\/revisions"}],"predecessor-version":[{"id":99040,"href":"https:\/\/bpplock.pl\/en\/wp-json\/wp\/v2\/pages\/8011\/revisions\/99040"}],"wp:attachment":[{"href":"https:\/\/bpplock.pl\/en\/wp-json\/wp\/v2\/media?parent=8011"}],"curies":[{"name":"wp","href":"https:\/\/api.w.org\/{rel}","templated":true}]}}