{"id":8002,"date":"2022-11-14T13:59:44","date_gmt":"2022-11-14T12:59:44","guid":{"rendered":"https:\/\/bpplock.pl\/pracownia-komputerowa\/"},"modified":"2024-01-11T10:44:22","modified_gmt":"2024-01-11T09:44:22","slug":"pracownia-komputerowa","status":"publish","type":"page","link":"https:\/\/bpplock.pl\/en\/pracownia-komputerowa\/","title":{"rendered":"Pracownia komputerowa"},"content":{"rendered":"\n<div id=\"wp-block-themeisle-blocks-advanced-columns-a5019a15\" class=\"wp-block-themeisle-blocks-advanced-columns has-1-columns has-desktop-equal-layout has-tablet-equal-layout has-mobile-equal-layout has-vertical-unset\"><div class=\"wp-block-themeisle-blocks-advanced-columns-overlay\"><\/div><div class=\"innerblocks-wrap\">\n<div id=\"wp-block-themeisle-blocks-advanced-column-ee020fc9\" class=\"wp-block-themeisle-blocks-advanced-column\">\n<p>Od 2006 r. w bibliotece dzia\u0142a Pracownia komputerowa. Do dyspozycji u\u017cytkownik\u00f3w jest pi\u0119tna\u015bcie stanowisk komputerowych ze sta\u0142ym dost\u0119pem do Internetu, mo\u017cliwo\u015bci\u0105\u00a0 \u00a0przegl\u0105dania\u00a0 katalogu Integro\u00a0 w\u00a0 P\u0142ocku\u00a0 oraz\u00a0 katalog\u00f3w\u00a0 innych\u00a0 bibliotek,\u00a0 skorzystania m.in. z oprogramowania biurowego oraz drukowania i skanowania materia\u0142\u00f3w.<br><br>Korzystanie ze stanowiska komputerowego w pracowni jest bezp\u0142atne. U\u017cytkownik ponosi jedynie koszty dokonywanego na jego \u017cyczenie drukowania materia\u0142\u00f3w.<br><br>Warunkiem korzystania ze stanowiska komputerowego w pracowni komputerowej jest wpisanie si\u0119 U\u017cytkownika do Rejestru korzystania ze stanowisk komputerowych &#8211; co jest jednoznaczne z potwierdzeniem znajomo\u015bci Regulaminu.<br><br>Opiekunem pracowni jest Anna Szablewska<\/p>\n\n\n\n<figure class=\"wp-block-image size-full is-resized\"><img loading=\"lazy\" decoding=\"async\" width=\"400\" height=\"533\" src=\"https:\/\/bpplock.pl\/wp-content\/uploads\/sites\/12\/2024\/01\/9118250-int.jpg\" alt=\"\" class=\"wp-image-11107\" style=\"width:186px;height:auto\" srcset=\"https:\/\/bpplock.pl\/wp-content\/uploads\/sites\/12\/2024\/01\/9118250-int.jpg 400w, https:\/\/bpplock.pl\/wp-content\/uploads\/sites\/12\/2024\/01\/9118250-int-225x300.jpg 225w, https:\/\/bpplock.pl\/wp-content\/uploads\/sites\/12\/2024\/01\/9118250-int-18x24.jpg 18w, https:\/\/bpplock.pl\/wp-content\/uploads\/sites\/12\/2024\/01\/9118250-int-27x36.jpg 27w, https:\/\/bpplock.pl\/wp-content\/uploads\/sites\/12\/2024\/01\/9118250-int-36x48.jpg 36w\" sizes=\"auto, (max-width: 400px) 100vw, 400px\" \/><\/figure>\n\n\n\n<p>Zapraszamy do korzystania z us\u0142ug!<\/p>\n<\/div>\n<\/div><\/div>\n","protected":false},"excerpt":{"rendered":"","protected":false},"author":112,"featured_media":0,"parent":0,"menu_order":0,"comment_status":"closed","ping_status":"closed","template":"","meta":{"_acf_changed":false,"_oasis_is_in_workflow":0,"_oasis_original":0,"inline_featured_image":false,"site-sidebar-layout":"default","site-content-layout":"","ast-site-content-layout":"default","site-content-style":"default","site-sidebar-style":"default","ast-global-header-display":"","ast-banner-title-visibility":"","ast-main-header-display":"","ast-hfb-above-header-display":"","ast-hfb-below-header-display":"","ast-hfb-mobile-header-display":"","site-post-title":"","ast-breadcrumbs-content":"","ast-featured-img":"","footer-sml-layout":"","ast-disable-related-posts":"","theme-transparent-header-meta":"","adv-header-id-meta":"","stick-header-meta":"","header-above-stick-meta":"","header-main-stick-meta":"","header-below-stick-meta":"","astra-migrate-meta-layouts":"default","ast-page-background-enabled":"default","ast-page-background-meta":{"desktop":{"background-color":"","background-image":"","background-repeat":"repeat","background-position":"center center","background-size":"auto","background-attachment":"scroll","background-type":"","background-media":"","overlay-type":"","overlay-color":"","overlay-opacity":"","overlay-gradient":""},"tablet":{"background-color":"","background-image":"","background-repeat":"repeat","background-position":"center center","background-size":"auto","background-attachment":"scroll","background-type":"","background-media":"","overlay-type":"","overlay-color":"","overlay-opacity":"","overlay-gradient":""},"mobile":{"background-color":"","background-image":"","background-repeat":"repeat","background-position":"center center","background-size":"auto","background-attachment":"scroll","background-type":"","background-media":"","overlay-type":"","overlay-color":"","overlay-opacity":"","overlay-gradient":""}},"ast-content-background-meta":{"desktop":{"background-color":"var(--ast-global-color-5)","background-image":"","background-repeat":"repeat","background-position":"center center","background-size":"auto","background-attachment":"scroll","background-type":"","background-media":"","overlay-type":"","overlay-color":"","overlay-opacity":"","overlay-gradient":""},"tablet":{"background-color":"var(--ast-global-color-5)","background-image":"","background-repeat":"repeat","background-position":"center center","background-size":"auto","background-attachment":"scroll","background-type":"","background-media":"","overlay-type":"","overlay-color":"","overlay-opacity":"","overlay-gradient":""},"mobile":{"background-color":"var(--ast-global-color-5)","background-image":"","background-repeat":"repeat","background-position":"center center","background-size":"auto","background-attachment":"scroll","background-type":"","background-media":"","overlay-type":"","overlay-color":"","overlay-opacity":"","overlay-gradient":""}},"_themeisle_gutenberg_block_has_review":false,"footnotes":""},"class_list":["post-8002","page","type-page","status-publish","hentry"],"acf":[],"featured_image_urls_v2":{"full":"","thumbnail":"","medium":"","medium_large":"","large":"","1536x1536":"","2048x2048":"","img-1100-450":"","img-1120-800":"","img-870-440":"","img-850-600":"","img-480-380":"","img-300-225":"","img-540-700":"","img-75-75":"","menu-24x24":"","menu-36x36":"","menu-48x48":"","mailpoet_newsletter_max":""},"post_excerpt_stackable_v2":"<p>Od 2006 r. w bibliotece dzia\u0142a Pracownia komputerowa. Do dyspozycji u\u017cytkownik\u00f3w jest pi\u0119tna\u015bcie stanowisk komputerowych ze sta\u0142ym dost\u0119pem do Internetu, mo\u017cliwo\u015bci\u0105\u00a0 \u00a0przegl\u0105dania\u00a0 katalogu Integro\u00a0 w\u00a0 P\u0142ocku\u00a0 oraz\u00a0 katalog\u00f3w\u00a0 innych\u00a0 bibliotek,\u00a0 skorzystania m.in. z oprogramowania biurowego oraz drukowania i skanowania materia\u0142\u00f3w.Korzystanie ze stanowiska komputerowego w pracowni jest bezp\u0142atne. U\u017cytkownik ponosi jedynie koszty dokonywanego na jego \u017cyczenie drukowania materia\u0142\u00f3w.Warunkiem korzystania ze stanowiska komputerowego w pracowni komputerowej jest wpisanie si\u0119 U\u017cytkownika do Rejestru korzystania ze stanowisk komputerowych &#8211; co jest jednoznaczne z potwierdzeniem znajomo\u015bci Regulaminu.Opiekunem pracowni jest Anna Szablewska Zapraszamy do korzystania z us\u0142ug!<\/p>\n","category_list_v2":"","author_info_v2":{"name":"Martyna Zalewska","url":"https:\/\/bpplock.pl\/en\/author\/mprzygodzka\/"},"comments_num_v2":"0 comments","_links":{"self":[{"href":"https:\/\/bpplock.pl\/en\/wp-json\/wp\/v2\/pages\/8002","targetHints":{"allow":["GET"]}}],"collection":[{"href":"https:\/\/bpplock.pl\/en\/wp-json\/wp\/v2\/pages"}],"about":[{"href":"https:\/\/bpplock.pl\/en\/wp-json\/wp\/v2\/types\/page"}],"author":[{"embeddable":true,"href":"https:\/\/bpplock.pl\/en\/wp-json\/wp\/v2\/users\/112"}],"replies":[{"embeddable":true,"href":"https:\/\/bpplock.pl\/en\/wp-json\/wp\/v2\/comments?post=8002"}],"version-history":[{"count":2,"href":"https:\/\/bpplock.pl\/en\/wp-json\/wp\/v2\/pages\/8002\/revisions"}],"predecessor-version":[{"id":11506,"href":"https:\/\/bpplock.pl\/en\/wp-json\/wp\/v2\/pages\/8002\/revisions\/11506"}],"wp:attachment":[{"href":"https:\/\/bpplock.pl\/en\/wp-json\/wp\/v2\/media?parent=8002"}],"curies":[{"name":"wp","href":"https:\/\/api.w.org\/{rel}","templated":true}]}}