{"id":7993,"date":"2022-11-14T14:00:48","date_gmt":"2022-11-14T13:00:48","guid":{"rendered":"https:\/\/bpplock.pl\/gromadzenie-i-opracowanie-zbiorow\/"},"modified":"2026-03-26T23:28:54","modified_gmt":"2026-03-26T22:28:54","slug":"gromadzenie-i-opracowanie-zbiorow","status":"publish","type":"page","link":"https:\/\/bpplock.pl\/en\/gromadzenie-i-opracowanie-zbiorow\/","title":{"rendered":"Gromadzenie i opracowanie zbior\u00f3w"},"content":{"rendered":"\n<div id=\"wp-block-themeisle-blocks-advanced-columns-8d578fbe\" class=\"wp-block-themeisle-blocks-advanced-columns has-1-columns has-desktop-equal-layout has-tablet-equal-layout has-mobile-equal-layout has-vertical-unset\"><div class=\"wp-block-themeisle-blocks-advanced-columns-overlay\"><\/div><div class=\"innerblocks-wrap\">\n<div id=\"wp-block-themeisle-blocks-advanced-column-0e32ae0b\" class=\"wp-block-themeisle-blocks-advanced-column\">\n<p class=\"has-text-align-center\"><a href=\"mailto:gromadzenie@bpplock.pl\">gromadzenie@bpplock.pl<\/a><br>Tel. 24 366 53 70 wew. 14<\/p>\n\n\n\n<p>Wydzia\u0142 zajmuje si\u0119:<\/p>\n\n\n\n<ul class=\"wp-block-list\">\n<li>dokonywaniem wyboru i gromadzeniem ksi\u0119gozbioru zgodnie z koncepcj\u0105 pracy Biblioteki<\/li>\n\n\n\n<li>opracowaniem w systemie komputerowym PROLIB<\/li>\n\n\n\n<li>nawi\u0105zywaniem wsp\u00f3\u0142pracy z osobami prywatnymi i instytucjami w celu pozyskania dar\u00f3w<\/li>\n\n\n\n<li>organizowaniem skontrum, dokonywaniem selekcji zbior\u00f3w zwartych<\/li>\n\n\n\n<li>prowadzeniem rejestru przybytk\u00f3w i ubytk\u00f3w<\/li>\n\n\n\n<li>promowaniem nowo\u015bci wydawniczych na stronie Biblioteki<\/li>\n\n\n\n<li>wsp\u00f3\u0142organizowaniem imprez bibliotecznych maj\u0105cych na celu promowanie czytelnictwa, ksi\u0105\u017cki i Biblioteki w \u015brodowisku<\/li>\n\n\n\n<li>udzielaniem konsultacji nauczycielom bibliotekarzom w zakresie ewidencji, gromadzenia i opracowania zbior\u00f3w<\/li>\n<\/ul>\n\n\n\n<h3 class=\"wp-block-heading has-text-align-center\">PRACOWNICE<\/h3>\n\n\n\n<figure class=\"wp-block-image aligncenter size-full is-resized\"><img loading=\"lazy\" decoding=\"async\" width=\"800\" height=\"1200\" src=\"https:\/\/bpplock.pl\/wp-content\/uploads\/sites\/12\/2026\/03\/sn_Marta-Jaroszewska.jpg\" alt=\"\" class=\"wp-image-98898\" style=\"width:260px;height:auto\" srcset=\"https:\/\/bpplock.pl\/wp-content\/uploads\/sites\/12\/2026\/03\/sn_Marta-Jaroszewska.jpg 800w, https:\/\/bpplock.pl\/wp-content\/uploads\/sites\/12\/2026\/03\/sn_Marta-Jaroszewska-200x300.jpg 200w, https:\/\/bpplock.pl\/wp-content\/uploads\/sites\/12\/2026\/03\/sn_Marta-Jaroszewska-683x1024.jpg 683w, https:\/\/bpplock.pl\/wp-content\/uploads\/sites\/12\/2026\/03\/sn_Marta-Jaroszewska-768x1152.jpg 768w, https:\/\/bpplock.pl\/wp-content\/uploads\/sites\/12\/2026\/03\/sn_Marta-Jaroszewska-16x24.jpg 16w, https:\/\/bpplock.pl\/wp-content\/uploads\/sites\/12\/2026\/03\/sn_Marta-Jaroszewska-24x36.jpg 24w, https:\/\/bpplock.pl\/wp-content\/uploads\/sites\/12\/2026\/03\/sn_Marta-Jaroszewska-32x48.jpg 32w\" sizes=\"auto, (max-width: 800px) 100vw, 800px\" \/><\/figure>\n\n\n\n<p class=\"has-text-align-center\"><strong>Marta Jaroszewska<\/strong><br>nauczycielka bibliotekarka<br>Kierowniczka Wydzia\u0142u Gromadzenia i Opracowania Zbior\u00f3w<br><a href=\"mailto:marta.jaroszewska@bpplock.pl\">marta.jaroszewska@bpplock.pl<\/a><\/p>\n\n\n\n<figure class=\"wp-block-image aligncenter size-full is-resized\"><img loading=\"lazy\" decoding=\"async\" width=\"800\" height=\"1200\" src=\"https:\/\/bpplock.pl\/wp-content\/uploads\/sites\/12\/2026\/03\/sn_Agnieszka-Bialecka.jpg\" alt=\"\" class=\"wp-image-98962\" style=\"width:228px;height:auto\" srcset=\"https:\/\/bpplock.pl\/wp-content\/uploads\/sites\/12\/2026\/03\/sn_Agnieszka-Bialecka.jpg 800w, https:\/\/bpplock.pl\/wp-content\/uploads\/sites\/12\/2026\/03\/sn_Agnieszka-Bialecka-200x300.jpg 200w, https:\/\/bpplock.pl\/wp-content\/uploads\/sites\/12\/2026\/03\/sn_Agnieszka-Bialecka-683x1024.jpg 683w, https:\/\/bpplock.pl\/wp-content\/uploads\/sites\/12\/2026\/03\/sn_Agnieszka-Bialecka-768x1152.jpg 768w, https:\/\/bpplock.pl\/wp-content\/uploads\/sites\/12\/2026\/03\/sn_Agnieszka-Bialecka-16x24.jpg 16w, https:\/\/bpplock.pl\/wp-content\/uploads\/sites\/12\/2026\/03\/sn_Agnieszka-Bialecka-24x36.jpg 24w, https:\/\/bpplock.pl\/wp-content\/uploads\/sites\/12\/2026\/03\/sn_Agnieszka-Bialecka-32x48.jpg 32w\" sizes=\"auto, (max-width: 800px) 100vw, 800px\" \/><\/figure>\n\n\n\n<p class=\"has-text-align-center\"><strong>Agnieszka Bia\u0142ecka&nbsp;<\/strong><br>starsza bibliotekarka<br><a href=\"mailto:agnieszka.bialecka@bpplock.pl\">agnieszka.bialecka@bpplock.pl<\/a><\/p>\n\n\n\n<figure class=\"wp-block-image aligncenter size-full is-resized\"><img loading=\"lazy\" decoding=\"async\" width=\"800\" height=\"1200\" src=\"https:\/\/bpplock.pl\/wp-content\/uploads\/sites\/12\/2026\/03\/sn_Anna-Szablewska.jpg\" alt=\"\" class=\"wp-image-98994\" style=\"width:236px;height:auto\" srcset=\"https:\/\/bpplock.pl\/wp-content\/uploads\/sites\/12\/2026\/03\/sn_Anna-Szablewska.jpg 800w, https:\/\/bpplock.pl\/wp-content\/uploads\/sites\/12\/2026\/03\/sn_Anna-Szablewska-200x300.jpg 200w, https:\/\/bpplock.pl\/wp-content\/uploads\/sites\/12\/2026\/03\/sn_Anna-Szablewska-683x1024.jpg 683w, https:\/\/bpplock.pl\/wp-content\/uploads\/sites\/12\/2026\/03\/sn_Anna-Szablewska-768x1152.jpg 768w, https:\/\/bpplock.pl\/wp-content\/uploads\/sites\/12\/2026\/03\/sn_Anna-Szablewska-16x24.jpg 16w, https:\/\/bpplock.pl\/wp-content\/uploads\/sites\/12\/2026\/03\/sn_Anna-Szablewska-24x36.jpg 24w, https:\/\/bpplock.pl\/wp-content\/uploads\/sites\/12\/2026\/03\/sn_Anna-Szablewska-32x48.jpg 32w\" sizes=\"auto, (max-width: 800px) 100vw, 800px\" \/><\/figure>\n\n\n\n<p class=\"has-text-align-center\"><strong>Anna Szablewska<\/strong><br>nauczycielka bibliotekarka<br><a href=\"mailto:anna.szablewska@bpplock.pl\" data-type=\"mailto\" data-id=\"mailto:anna.szablewska@bpplock.pl\">anna.szablewska@bpplock.pl<\/a><\/p>\n\n\n\n<figure class=\"wp-block-image aligncenter size-full is-resized\"><img loading=\"lazy\" decoding=\"async\" width=\"800\" height=\"1200\" src=\"https:\/\/bpplock.pl\/wp-content\/uploads\/sites\/12\/2026\/03\/sn_Ewelina-Stanilko.jpg\" alt=\"\" class=\"wp-image-99002\" style=\"width:236px;height:auto\" srcset=\"https:\/\/bpplock.pl\/wp-content\/uploads\/sites\/12\/2026\/03\/sn_Ewelina-Stanilko.jpg 800w, https:\/\/bpplock.pl\/wp-content\/uploads\/sites\/12\/2026\/03\/sn_Ewelina-Stanilko-200x300.jpg 200w, https:\/\/bpplock.pl\/wp-content\/uploads\/sites\/12\/2026\/03\/sn_Ewelina-Stanilko-683x1024.jpg 683w, https:\/\/bpplock.pl\/wp-content\/uploads\/sites\/12\/2026\/03\/sn_Ewelina-Stanilko-768x1152.jpg 768w, https:\/\/bpplock.pl\/wp-content\/uploads\/sites\/12\/2026\/03\/sn_Ewelina-Stanilko-16x24.jpg 16w, https:\/\/bpplock.pl\/wp-content\/uploads\/sites\/12\/2026\/03\/sn_Ewelina-Stanilko-24x36.jpg 24w, https:\/\/bpplock.pl\/wp-content\/uploads\/sites\/12\/2026\/03\/sn_Ewelina-Stanilko-32x48.jpg 32w\" sizes=\"auto, (max-width: 800px) 100vw, 800px\" \/><\/figure>\n\n\n\n<p class=\"has-text-align-center\"><strong>Ewelina Stani\u0142ko<\/strong><br>nauczycielka bibliotekarka<br><a href=\"mailto:ewelina.stanilko@bpplock.pl\">ewelina.stanilko@bpplock.pl<\/a><\/p>\n<\/div>\n<\/div><\/div>\n","protected":false},"excerpt":{"rendered":"","protected":false},"author":1459,"featured_media":0,"parent":0,"menu_order":0,"comment_status":"closed","ping_status":"closed","template":"","meta":{"_acf_changed":false,"_oasis_is_in_workflow":0,"_oasis_original":0,"inline_featured_image":false,"site-sidebar-layout":"default","site-content-layout":"","ast-site-content-layout":"default","site-content-style":"default","site-sidebar-style":"default","ast-global-header-display":"","ast-banner-title-visibility":"","ast-main-header-display":"","ast-hfb-above-header-display":"","ast-hfb-below-header-display":"","ast-hfb-mobile-header-display":"","site-post-title":"","ast-breadcrumbs-content":"","ast-featured-img":"","footer-sml-layout":"","ast-disable-related-posts":"","theme-transparent-header-meta":"","adv-header-id-meta":"","stick-header-meta":"","header-above-stick-meta":"","header-main-stick-meta":"","header-below-stick-meta":"","astra-migrate-meta-layouts":"default","ast-page-background-enabled":"default","ast-page-background-meta":{"desktop":{"background-color":"","background-image":"","background-repeat":"repeat","background-position":"center center","background-size":"auto","background-attachment":"scroll","background-type":"","background-media":"","overlay-type":"","overlay-color":"","overlay-opacity":"","overlay-gradient":""},"tablet":{"background-color":"","background-image":"","background-repeat":"repeat","background-position":"center center","background-size":"auto","background-attachment":"scroll","background-type":"","background-media":"","overlay-type":"","overlay-color":"","overlay-opacity":"","overlay-gradient":""},"mobile":{"background-color":"","background-image":"","background-repeat":"repeat","background-position":"center center","background-size":"auto","background-attachment":"scroll","background-type":"","background-media":"","overlay-type":"","overlay-color":"","overlay-opacity":"","overlay-gradient":""}},"ast-content-background-meta":{"desktop":{"background-color":"var(--ast-global-color-5)","background-image":"","background-repeat":"repeat","background-position":"center center","background-size":"auto","background-attachment":"scroll","background-type":"","background-media":"","overlay-type":"","overlay-color":"","overlay-opacity":"","overlay-gradient":""},"tablet":{"background-color":"var(--ast-global-color-5)","background-image":"","background-repeat":"repeat","background-position":"center center","background-size":"auto","background-attachment":"scroll","background-type":"","background-media":"","overlay-type":"","overlay-color":"","overlay-opacity":"","overlay-gradient":""},"mobile":{"background-color":"var(--ast-global-color-5)","background-image":"","background-repeat":"repeat","background-position":"center center","background-size":"auto","background-attachment":"scroll","background-type":"","background-media":"","overlay-type":"","overlay-color":"","overlay-opacity":"","overlay-gradient":""}},"_themeisle_gutenberg_block_has_review":false,"footnotes":""},"class_list":["post-7993","page","type-page","status-publish","hentry"],"acf":[],"featured_image_urls_v2":{"full":"","thumbnail":"","medium":"","medium_large":"","large":"","1536x1536":"","2048x2048":"","img-1100-450":"","img-1120-800":"","img-870-440":"","img-850-600":"","img-480-380":"","img-300-225":"","img-540-700":"","img-75-75":"","menu-24x24":"","menu-36x36":"","menu-48x48":"","mailpoet_newsletter_max":""},"post_excerpt_stackable_v2":"<p>gromadzenie@bpplock.plTel. 24 366 53 70 wew. 14 Wydzia\u0142 zajmuje si\u0119: dokonywaniem wyboru i gromadzeniem ksi\u0119gozbioru zgodnie z koncepcj\u0105 pracy Biblioteki opracowaniem w systemie komputerowym PROLIB nawi\u0105zywaniem wsp\u00f3\u0142pracy z osobami prywatnymi i instytucjami w celu pozyskania dar\u00f3w organizowaniem skontrum, dokonywaniem selekcji zbior\u00f3w zwartych prowadzeniem rejestru przybytk\u00f3w i ubytk\u00f3w promowaniem nowo\u015bci wydawniczych na stronie Biblioteki wsp\u00f3\u0142organizowaniem imprez bibliotecznych maj\u0105cych na celu promowanie czytelnictwa, ksi\u0105\u017cki i Biblioteki w \u015brodowisku udzielaniem konsultacji nauczycielom bibliotekarzom w zakresie ewidencji, gromadzenia i opracowania zbior\u00f3w PRACOWNICE Marta Jaroszewskanauczycielka bibliotekarkaKierowniczka Wydzia\u0142u Gromadzenia i Opracowania Zbior\u00f3wmarta.jaroszewska@bpplock.pl Agnieszka Bia\u0142ecka&nbsp;starsza bibliotekarkaagnieszka.bialecka@bpplock.pl Anna Szablewskanauczycielka bibliotekarkaanna.szablewska@bpplock.pl Ewelina Stani\u0142konauczycielka bibliotekarkaewelina.stanilko@bpplock.pl<\/p>\n","category_list_v2":"","author_info_v2":{"name":"michals","url":"https:\/\/bpplock.pl\/en\/author\/michals\/"},"comments_num_v2":"0 comments","_links":{"self":[{"href":"https:\/\/bpplock.pl\/en\/wp-json\/wp\/v2\/pages\/7993","targetHints":{"allow":["GET"]}}],"collection":[{"href":"https:\/\/bpplock.pl\/en\/wp-json\/wp\/v2\/pages"}],"about":[{"href":"https:\/\/bpplock.pl\/en\/wp-json\/wp\/v2\/types\/page"}],"author":[{"embeddable":true,"href":"https:\/\/bpplock.pl\/en\/wp-json\/wp\/v2\/users\/1459"}],"replies":[{"embeddable":true,"href":"https:\/\/bpplock.pl\/en\/wp-json\/wp\/v2\/comments?post=7993"}],"version-history":[{"count":17,"href":"https:\/\/bpplock.pl\/en\/wp-json\/wp\/v2\/pages\/7993\/revisions"}],"predecessor-version":[{"id":99102,"href":"https:\/\/bpplock.pl\/en\/wp-json\/wp\/v2\/pages\/7993\/revisions\/99102"}],"wp:attachment":[{"href":"https:\/\/bpplock.pl\/en\/wp-json\/wp\/v2\/media?parent=7993"}],"curies":[{"name":"wp","href":"https:\/\/api.w.org\/{rel}","templated":true}]}}