{"id":48496,"date":"2024-10-31T08:30:10","date_gmt":"2024-10-31T07:30:10","guid":{"rendered":"https:\/\/bpplock.pl\/?page_id=48496"},"modified":"2024-10-31T08:34:35","modified_gmt":"2024-10-31T07:34:35","slug":"klauzula-informacyjna-dla-uczestnikow-konferencji-zaczytajmy-mazowsze-mazowieckie-biblioteki-pedagogiczne-inspiruja","status":"publish","type":"page","link":"https:\/\/bpplock.pl\/en\/klauzula-informacyjna-dla-uczestnikow-konferencji-zaczytajmy-mazowsze-mazowieckie-biblioteki-pedagogiczne-inspiruja\/","title":{"rendered":"Klauzula informacyjna dla Uczestnik\u00f3w\u00a0konferencji ZACZYTAJMY MAZOWSZE MAZOWIECKIE BIBLIOTEKI\u00a0 PEDAGOGICZNE INSPIRUJ\u0104"},"content":{"rendered":"\n<p><strong>INFORMACJA O PRZETWARZANIU DANYCH OSOBOWYCH<\/strong> <strong>DLA&nbsp; UCZESTNIK\u00d3W<\/strong><\/p>\n\n\n\n<h2 class=\"wp-block-heading\"><strong>Administrator<\/strong><\/h2>\n\n\n\n<p>Administratorem danych osobowych jest Biblioteka Pedagogiczna w P\u0142ocku przy ul. Ga\u0142czy\u0144skiego 26, 09-400 P\u0142ock, tel. 24 366 53 70, e-mail&nbsp; <a href=\"mailto:sekretariat@bpplock.pl\">sekretariat@bpplock.pl<\/a>, zwana dalej Administratorem; Administrator prowadzi operacje przetwarzania danych osobowych.<\/p>\n\n\n\n<h2 class=\"wp-block-heading\"><strong>Inspektor ochrony danych<\/strong><\/h2>\n\n\n\n<p>Administrator wyznaczy\u0142 inspektora ochrony danych, z kt\u00f3rym mo\u017cna si\u0119 kontaktowa\u0107 w nast\u0119puj\u0105cy spos\u00f3b: listownie na adres: &nbsp;Biblioteka Pedagogiczna w P\u0142ocku przy ul. Ga\u0142czy\u0144skiego 26, 09-400 P\u0142ock lub e-mailem: iod@bpplock.pl.<\/p>\n\n\n\n<h2 class=\"wp-block-heading\"><strong>Cel i podstawy przetwarzania<\/strong><\/h2>\n\n\n\n<p>Pani\/Pana dane osobowe podane w formularzu zg\u0142oszeniowym b\u0119dziemy przetwarza\u0107 w celu rejestracji uczestnictwa oraz organizacji Konferencji Zaczytajmy Mazowsze Mazowieckie Biblioteki Pedagogiczne Inspiruj\u0105, wystawienia za\u015bwiadczenia o udziale w konferencji oraz w celach archiwizacyjnych.<\/p>\n\n\n\n<p>W trakcie Konferencji b\u0119dziemy wykonywa\u0107 zdj\u0119cia i nagrania filmowe w formie dokumentacji wyst\u0105pie\u0144 i wizerunk\u00f3w uczestnik\u00f3w w celu ich publikacji na stronie internetowej i w mediach spo\u0142eczno\u015bciowych Biblioteki Pedagogicznej w P\u0142ocku.<\/p>\n\n\n\n<p>Pani\/Pana dane osobowe b\u0119dziemy przetwarza\u0107 na podstawie:<\/p>\n\n\n\n<p>&#8211; realizacji zada\u0144 publicznych zwi\u0105zanych z dzia\u0142alno\u015bci\u0105 biblioteki&nbsp; w zwi\u0105zku z art. 22 ustawy z dnia 27 czerwca 1997 r. o bibliotekach w celu organizacji konferencji (art. 6 ust. 1 lit. e RODO);<\/p>\n\n\n\n<p>&#8211; przetwarzanie jest niezb\u0119dne do wype\u0142nienia obowi\u0105zku prawnego ci\u0105\u017c\u0105cego na administratorze w celu archiwizacji dokument\u00f3w (art. 6 ust. 1 lit. c RODO);<\/p>\n\n\n\n<p>&#8211; art. 6 ust. 1 lit. a RODO zgody wyra\u017anie wyra\u017conej\u00a0 na utrwalenie wizerunku, g\u0142osu\u00a0 i\u00a0 publikacj\u0119 w celu informowania o konferencji (art. 6 ust. 1 lit. a RODO).<\/p>\n\n\n\n<h2 class=\"wp-block-heading\"><strong>Informacja o wymogu podania danych<\/strong><\/h2>\n\n\n\n<p>Podanie danych osobowych jest dobrowolne, ale niezb\u0119dne do uczestnictwa w Konferencji &nbsp;Mazowieckich Bibliotek Pedagogicznych.<\/p>\n\n\n\n<h2 class=\"wp-block-heading\"><strong>Odbiorcy danych osobowych<\/strong><\/h2>\n\n\n\n<p>Odbiorcami Pani\/Pana danych osobowych b\u0119d\u0105 wy\u0142\u0105cznie podmioty uprawnione do uzyskania danych osobowych na podstawie przepis\u00f3w prawa oraz podmioty realizuj\u0105ce zadania w imieniu Administratora, z kt\u00f3rymi Administrator zawar\u0142 umowy powierzenia przetwarzania danych osobowych (dostawcy us\u0142ug informatycznych, hostingowych) oraz w zakresie wizerunku, g\u0142osu odbiorcy strony internetowej i medi\u00f3w spo\u0142eczno\u015bciowych Biblioteki Pedagogicznej w P\u0142ocku.<\/p>\n\n\n\n<h2 class=\"wp-block-heading\"><strong>Prawa os\u00f3b, kt\u00f3rych dane dotycz\u0105<\/strong><\/h2>\n\n\n\n<p>Posiada Pani\/Pan prawo do \u017c\u0105dania od Administratora dost\u0119pu do swoich danych osobowych oraz z zastrze\u017ceniem przepis\u00f3w prawa, prawo do ich sprostowania, usuni\u0119cia lub ograniczenia przetwarzania danych osobowych, przenoszenia danych, prawo wniesienia sprzeciwu wobec takiego przetwarzania.<\/p>\n\n\n\n<h2 class=\"wp-block-heading\"><strong>Prawo wycofania zgody<\/strong><\/h2>\n\n\n\n<p>Posiada Pani\/Pan prawo do cofni\u0119cia zgody na przetwarzanie danych osobowych przetwarzanych na podstawie dobrowolnie wyra\u017conej zgody w ka\u017cdej chwili w postaci o\u015bwiadczenia z\u0142o\u017conego w sekretariacie biblioteki lub przes\u0142anego na adres e-mail: iod@bpplock.pl, wycofanie zgody nie wp\u0142ywa na zgodno\u015b\u0107 z prawem przetwarzania, kt\u00f3rego dokonano na podstawie zgody przed jej wycofaniem.<\/p>\n\n\n\n<h2 class=\"wp-block-heading\"><strong>Informacja o prawie wniesienia skargi do organu nadzorczego<\/strong><\/h2>\n\n\n\n<p>W przypadku stwierdzenia, \u017ce przetwarzanie Pani\/Pana danych osobowych nast\u0119puje z naruszeniem przepis\u00f3w prawa przys\u0142uguje Pani\/Panu prawo wniesienia skargi do organu nadzorczego, tj. Prezesa Urz\u0119du Ochrony Danych Osobowych, ul. Stawki 2, 00-193 Warszawa.<\/p>\n\n\n\n<h2 class=\"wp-block-heading\"><strong>Informacja o zautomatyzowanym podejmowaniu decyzji<\/strong><\/h2>\n\n\n\n<p>Dane osobowe nie podlegaj\u0105 zautomatyzowanemu podejmowaniu decyzji, w tym profilowaniu.<\/p>\n\n\n\n<h2 class=\"wp-block-heading\"><strong>Informacja o przekazywaniu danych do pa\u0144stwa trzeciego lub do organizacji mi\u0119dzynarodowej<\/strong><\/h2>\n\n\n\n<p>Danych osobowych nie b\u0119dziemy przekazywa\u0107 do pa\u0144stw trzecich ani organizacji mi\u0119dzynarodowych z zastrze\u017ceniem ponadnarodowego charakteru przep\u0142ywu danych\u00a0w ramach serwis\u00f3w spo\u0142eczno\u015bciowych. Informacje o zasadach przetwarzania danych osobowych przez Facebook, Instagram, kana\u0142 You Tube dost\u0119pne w polityce prywatno\u015bci serwis\u00f3w.<\/p>\n\n\n\n<h2 class=\"wp-block-heading\"><strong>Okres przechowywania danych<\/strong><\/h2>\n\n\n\n<p>Pani\/Pana dane osobowe podane w formularzu zg\u0142oszeniowym b\u0119dziemy przechowywa\u0107 przez okres niezb\u0119dny do organizacji konferencji, nast\u0119pnie przez okres wymagany w przepisach o archiwizacji dokument\u00f3w.<\/p>\n\n\n\n<p>Pani\/Pana dane osobowe przetwarzane na podstawie zgody, b\u0119dziemy przetwarza\u0107 do momentu wycofania zgody lub realizacji celu przetwarzania.<\/p>\n\n\n\n<p><\/p>\n","protected":false},"excerpt":{"rendered":"<p>INFORMACJA O PRZETWARZANIU DANYCH OSOBOWYCH DLA&nbsp; UCZESTNIK\u00d3W Administrator Administratorem danych osobowych jest Biblioteka Pedagogiczna w P\u0142ocku przy ul. Ga\u0142czy\u0144skiego 26, [&hellip;]<\/p>\n","protected":false},"author":1459,"featured_media":0,"parent":0,"menu_order":0,"comment_status":"closed","ping_status":"closed","template":"","meta":{"_acf_changed":false,"_oasis_is_in_workflow":0,"_oasis_original":0,"inline_featured_image":false,"site-sidebar-layout":"default","site-content-layout":"","ast-site-content-layout":"default","site-content-style":"default","site-sidebar-style":"default","ast-global-header-display":"","ast-banner-title-visibility":"","ast-main-header-display":"","ast-hfb-above-header-display":"","ast-hfb-below-header-display":"","ast-hfb-mobile-header-display":"","site-post-title":"","ast-breadcrumbs-content":"","ast-featured-img":"","footer-sml-layout":"","ast-disable-related-posts":"","theme-transparent-header-meta":"","adv-header-id-meta":"","stick-header-meta":"","header-above-stick-meta":"","header-main-stick-meta":"","header-below-stick-meta":"","astra-migrate-meta-layouts":"set","ast-page-background-enabled":"default","ast-page-background-meta":{"desktop":{"background-color":"","background-image":"","background-repeat":"repeat","background-position":"center center","background-size":"auto","background-attachment":"scroll","background-type":"","background-media":"","overlay-type":"","overlay-color":"","overlay-opacity":"","overlay-gradient":""},"tablet":{"background-color":"","background-image":"","background-repeat":"repeat","background-position":"center center","background-size":"auto","background-attachment":"scroll","background-type":"","background-media":"","overlay-type":"","overlay-color":"","overlay-opacity":"","overlay-gradient":""},"mobile":{"background-color":"","background-image":"","background-repeat":"repeat","background-position":"center center","background-size":"auto","background-attachment":"scroll","background-type":"","background-media":"","overlay-type":"","overlay-color":"","overlay-opacity":"","overlay-gradient":""}},"ast-content-background-meta":{"desktop":{"background-color":"var(--ast-global-color-5)","background-image":"","background-repeat":"repeat","background-position":"center center","background-size":"auto","background-attachment":"scroll","background-type":"","background-media":"","overlay-type":"","overlay-color":"","overlay-opacity":"","overlay-gradient":""},"tablet":{"background-color":"var(--ast-global-color-5)","background-image":"","background-repeat":"repeat","background-position":"center center","background-size":"auto","background-attachment":"scroll","background-type":"","background-media":"","overlay-type":"","overlay-color":"","overlay-opacity":"","overlay-gradient":""},"mobile":{"background-color":"var(--ast-global-color-5)","background-image":"","background-repeat":"repeat","background-position":"center center","background-size":"auto","background-attachment":"scroll","background-type":"","background-media":"","overlay-type":"","overlay-color":"","overlay-opacity":"","overlay-gradient":""}},"_themeisle_gutenberg_block_has_review":false,"footnotes":""},"class_list":["post-48496","page","type-page","status-publish","hentry"],"acf":[],"featured_image_urls_v2":{"full":"","thumbnail":"","medium":"","medium_large":"","large":"","1536x1536":"","2048x2048":"","img-1100-450":"","img-1120-800":"","img-870-440":"","img-850-600":"","img-480-380":"","img-300-225":"","img-540-700":"","img-75-75":"","menu-24x24":"","menu-36x36":"","menu-48x48":"","mailpoet_newsletter_max":""},"post_excerpt_stackable_v2":"<p>INFORMACJA O PRZETWARZANIU DANYCH OSOBOWYCH DLA&nbsp; UCZESTNIK\u00d3W Administrator Administratorem danych osobowych jest Biblioteka Pedagogiczna w P\u0142ocku przy ul. Ga\u0142czy\u0144skiego 26, 09-400 P\u0142ock, tel. 24 366 53 70, e-mail&nbsp; sekretariat@bpplock.pl, zwana dalej Administratorem; Administrator prowadzi operacje przetwarzania danych osobowych. Inspektor ochrony danych Administrator wyznaczy\u0142 inspektora ochrony danych, z kt\u00f3rym mo\u017cna si\u0119 kontaktowa\u0107 w nast\u0119puj\u0105cy spos\u00f3b: listownie na adres: &nbsp;Biblioteka Pedagogiczna w P\u0142ocku przy ul. Ga\u0142czy\u0144skiego 26, 09-400 P\u0142ock lub e-mailem: iod@bpplock.pl. Cel i podstawy przetwarzania Pani\/Pana dane osobowe podane w formularzu zg\u0142oszeniowym b\u0119dziemy przetwarza\u0107 w celu rejestracji uczestnictwa oraz organizacji Konferencji Zaczytajmy Mazowsze Mazowieckie Biblioteki Pedagogiczne Inspiruj\u0105, wystawienia za\u015bwiadczenia o udziale&hellip;<\/p>\n","category_list_v2":"","author_info_v2":{"name":"michals","url":"https:\/\/bpplock.pl\/en\/author\/michals\/"},"comments_num_v2":"0 comments","_links":{"self":[{"href":"https:\/\/bpplock.pl\/en\/wp-json\/wp\/v2\/pages\/48496","targetHints":{"allow":["GET"]}}],"collection":[{"href":"https:\/\/bpplock.pl\/en\/wp-json\/wp\/v2\/pages"}],"about":[{"href":"https:\/\/bpplock.pl\/en\/wp-json\/wp\/v2\/types\/page"}],"author":[{"embeddable":true,"href":"https:\/\/bpplock.pl\/en\/wp-json\/wp\/v2\/users\/1459"}],"replies":[{"embeddable":true,"href":"https:\/\/bpplock.pl\/en\/wp-json\/wp\/v2\/comments?post=48496"}],"version-history":[{"count":6,"href":"https:\/\/bpplock.pl\/en\/wp-json\/wp\/v2\/pages\/48496\/revisions"}],"predecessor-version":[{"id":48526,"href":"https:\/\/bpplock.pl\/en\/wp-json\/wp\/v2\/pages\/48496\/revisions\/48526"}],"wp:attachment":[{"href":"https:\/\/bpplock.pl\/en\/wp-json\/wp\/v2\/media?parent=48496"}],"curies":[{"name":"wp","href":"https:\/\/api.w.org\/{rel}","templated":true}]}}