{"id":46381,"date":"2024-10-16T10:00:50","date_gmt":"2024-10-16T08:00:50","guid":{"rendered":"https:\/\/bpplock.pl\/?page_id=46381"},"modified":"2024-10-23T13:13:26","modified_gmt":"2024-10-23T11:13:26","slug":"mk","status":"publish","type":"page","link":"https:\/\/bpplock.pl\/en\/mk\/","title":{"rendered":"mk"},"content":{"rendered":"\n<figure class=\"wp-block-table\"><table class=\"has-fixed-layout\"><tbody><tr><td>Je\u015bli powy\u017cszy przycisk nie dzia\u0142a, skopiuj i wklej nast\u0119puj\u0105cy link do Twojej przegl\u0105darki:<br><br><a href=\"https:\/\/mailing.nask.pl\/subscriber_enter_conference.html?x=a62e&amp;co=y&amp;m=8V&amp;mc=F&amp;s=hVA&amp;u=6&amp;z=k6zRLQE&amp;\" target=\"_blank\" rel=\"noopener\">https:\/\/mailing.nask.pl\/subscriber_enter_conference.html?x=a62e&amp;co=y&amp;m=8V&amp;mc=F&amp;s=hVA&amp;u=6&amp;z=k6zRLQE&amp;<\/a><\/td><\/tr><\/tbody><\/table><\/figure>\n\n\n\n<div data-wp-interactive=\"core\/file\" class=\"wp-block-file\"><object data-wp-bind--hidden=\"!state.hasPdfPreview\" hidden class=\"wp-block-file__embed\" data=\"https:\/\/bpplock.pl\/wp-content\/uploads\/sites\/12\/2024\/10\/Kopia-\u2013-Prezentacja-na-szkolenie-u-Ani-Krusiewicz-23.10.2024.pdf\" type=\"application\/pdf\" style=\"width:100%;height:600px\" aria-label=\"Embed of Kopia \u2013 Prezentacja na szkolenie u Ani Krusiewicz 23.10.2024.\"><\/object><a id=\"wp-block-file--media-2437f36a-b778-4191-80d9-bcc48eec7fd9\" href=\"https:\/\/bpplock.pl\/wp-content\/uploads\/sites\/12\/2024\/10\/Kopia-\u2013-Prezentacja-na-szkolenie-u-Ani-Krusiewicz-23.10.2024.pdf\">Kopia \u2013 Prezentacja na szkolenie u Ani Krusiewicz 23.10.2024<\/a><a href=\"https:\/\/bpplock.pl\/wp-content\/uploads\/sites\/12\/2024\/10\/Kopia-\u2013-Prezentacja-na-szkolenie-u-Ani-Krusiewicz-23.10.2024.pdf\" class=\"wp-block-file__button wp-element-button\" aria-describedby=\"wp-block-file--media-2437f36a-b778-4191-80d9-bcc48eec7fd9\" download>Pobierz<\/a><\/div>\n","protected":false},"excerpt":{"rendered":"<p>Je\u015bli powy\u017cszy przycisk nie dzia\u0142a, skopiuj i wklej nast\u0119puj\u0105cy link do Twojej przegl\u0105darki: https:\/\/mailing.nask.pl\/subscriber_enter_conference.html?x=a62e&amp;co=y&amp;m=8V&amp;mc=F&amp;s=hVA&amp;u=6&amp;z=k6zRLQE&amp;<\/p>\n","protected":false},"author":1492,"featured_media":0,"parent":0,"menu_order":0,"comment_status":"closed","ping_status":"closed","template":"","meta":{"_acf_changed":false,"_oasis_is_in_workflow":0,"_oasis_original":0,"inline_featured_image":false,"site-sidebar-layout":"default","site-content-layout":"","ast-site-content-layout":"default","site-content-style":"default","site-sidebar-style":"default","ast-global-header-display":"","ast-banner-title-visibility":"","ast-main-header-display":"","ast-hfb-above-header-display":"","ast-hfb-below-header-display":"","ast-hfb-mobile-header-display":"","site-post-title":"","ast-breadcrumbs-content":"","ast-featured-img":"","footer-sml-layout":"","ast-disable-related-posts":"","theme-transparent-header-meta":"","adv-header-id-meta":"","stick-header-meta":"","header-above-stick-meta":"","header-main-stick-meta":"","header-below-stick-meta":"","astra-migrate-meta-layouts":"set","ast-page-background-enabled":"default","ast-page-background-meta":{"desktop":{"background-color":"","background-image":"","background-repeat":"repeat","background-position":"center center","background-size":"auto","background-attachment":"scroll","background-type":"","background-media":"","overlay-type":"","overlay-color":"","overlay-opacity":"","overlay-gradient":""},"tablet":{"background-color":"","background-image":"","background-repeat":"repeat","background-position":"center center","background-size":"auto","background-attachment":"scroll","background-type":"","background-media":"","overlay-type":"","overlay-color":"","overlay-opacity":"","overlay-gradient":""},"mobile":{"background-color":"","background-image":"","background-repeat":"repeat","background-position":"center center","background-size":"auto","background-attachment":"scroll","background-type":"","background-media":"","overlay-type":"","overlay-color":"","overlay-opacity":"","overlay-gradient":""}},"ast-content-background-meta":{"desktop":{"background-color":"var(--ast-global-color-5)","background-image":"","background-repeat":"repeat","background-position":"center center","background-size":"auto","background-attachment":"scroll","background-type":"","background-media":"","overlay-type":"","overlay-color":"","overlay-opacity":"","overlay-gradient":""},"tablet":{"background-color":"var(--ast-global-color-5)","background-image":"","background-repeat":"repeat","background-position":"center center","background-size":"auto","background-attachment":"scroll","background-type":"","background-media":"","overlay-type":"","overlay-color":"","overlay-opacity":"","overlay-gradient":""},"mobile":{"background-color":"var(--ast-global-color-5)","background-image":"","background-repeat":"repeat","background-position":"center center","background-size":"auto","background-attachment":"scroll","background-type":"","background-media":"","overlay-type":"","overlay-color":"","overlay-opacity":"","overlay-gradient":""}},"_themeisle_gutenberg_block_has_review":false,"footnotes":""},"class_list":["post-46381","page","type-page","status-publish","hentry"],"acf":[],"featured_image_urls_v2":{"full":"","thumbnail":"","medium":"","medium_large":"","large":"","1536x1536":"","2048x2048":"","img-1100-450":"","img-1120-800":"","img-870-440":"","img-850-600":"","img-480-380":"","img-300-225":"","img-540-700":"","img-75-75":"","menu-24x24":"","menu-36x36":"","menu-48x48":"","mailpoet_newsletter_max":""},"post_excerpt_stackable_v2":"<p>Je\u015bli powy\u017cszy przycisk nie dzia\u0142a, skopiuj i wklej nast\u0119puj\u0105cy link do Twojej przegl\u0105darki:https:\/\/mailing.nask.pl\/subscriber_enter_conference.html?x=a62e&amp;co=y&amp;m=8V&amp;mc=F&amp;s=hVA&amp;u=6&amp;z=k6zRLQE&amp; Kopia \u2013 Prezentacja na szkolenie u Ani Krusiewicz 23.10.2024Pobierz<\/p>\n","category_list_v2":"","author_info_v2":{"name":"magdalenak","url":"https:\/\/bpplock.pl\/en\/author\/magdalenak\/"},"comments_num_v2":"0 comments","_links":{"self":[{"href":"https:\/\/bpplock.pl\/en\/wp-json\/wp\/v2\/pages\/46381","targetHints":{"allow":["GET"]}}],"collection":[{"href":"https:\/\/bpplock.pl\/en\/wp-json\/wp\/v2\/pages"}],"about":[{"href":"https:\/\/bpplock.pl\/en\/wp-json\/wp\/v2\/types\/page"}],"author":[{"embeddable":true,"href":"https:\/\/bpplock.pl\/en\/wp-json\/wp\/v2\/users\/1492"}],"replies":[{"embeddable":true,"href":"https:\/\/bpplock.pl\/en\/wp-json\/wp\/v2\/comments?post=46381"}],"version-history":[{"count":6,"href":"https:\/\/bpplock.pl\/en\/wp-json\/wp\/v2\/pages\/46381\/revisions"}],"predecessor-version":[{"id":47629,"href":"https:\/\/bpplock.pl\/en\/wp-json\/wp\/v2\/pages\/46381\/revisions\/47629"}],"wp:attachment":[{"href":"https:\/\/bpplock.pl\/en\/wp-json\/wp\/v2\/media?parent=46381"}],"curies":[{"name":"wp","href":"https:\/\/api.w.org\/{rel}","templated":true}]}}