{"id":45649,"date":"2024-10-03T16:18:59","date_gmt":"2024-10-03T14:18:59","guid":{"rendered":"https:\/\/bpplock.pl\/?page_id=45649"},"modified":"2024-11-13T12:40:30","modified_gmt":"2024-11-13T11:40:30","slug":"konferencja-mazowieckich-bibliotek-pedagogicznych","status":"publish","type":"page","link":"https:\/\/bpplock.pl\/en\/konferencja-mazowieckich-bibliotek-pedagogicznych\/","title":{"rendered":"KONFERENCJA MAZOWIECKICH BIBLIOTEK PEDAGOGICZNYCH"},"content":{"rendered":"\n<p class=\"has-text-align-center\"><strong>ZACZYTAJMY MAZOWSZE<\/strong><\/p>\n\n\n\n<p class=\"has-text-align-center\">MAZOWIECKIE BIBLIOTEKI PEDAGOGICZNE INSPIRUJ\u0104<\/p>\n\n\n\n<p class=\"has-text-align-center\">P\u0142ock 18 listopada 2024 r. godz. 10:00<\/p>\n\n\n\n<p class=\"has-text-align-center\">Muzeum Mazowieckie w P\u0142ocku Oddzia\u0142 Art Deco ul. Kolegialna 6<\/p>\n\n\n\n<p>PROGRAM KONFERENCJI:<\/p>\n\n\n\n<p class=\"has-text-align-left\">09:40 Rejestracja Uczestnik\u00f3w.<\/p>\n\n\n\n<p>10:00 Otwarcie konferencji.<\/p>\n\n\n\n<p>&nbsp;&nbsp;&nbsp;&nbsp;&nbsp;&nbsp;&nbsp;&nbsp;&nbsp; Agnieszka Olczyk dyrektor Biblioteki Pedagogicznej w P\u0142ocku.<\/p>\n\n\n\n<p>10:15 Bibliotekarz XXI wieku \u2013 Broker informacji w \u015bwiecie dezinformacji i AI.<\/p>\n\n\n\n<p>&nbsp;&nbsp;&nbsp;&nbsp;&nbsp;&nbsp;&nbsp;&nbsp;&nbsp;&nbsp; Tatiana Jastrz\u0119bska &#8211; Biblioteka Pedagogiczna w P\u0142ocku.<\/p>\n\n\n\n<p>10:35 Dlaczego warto tworzy\u0107 podcasty w bibliotece pedagogicznej?<\/p>\n\n\n\n<p>&nbsp;&nbsp;&nbsp;&nbsp;&nbsp;&nbsp;&nbsp;&nbsp;&nbsp;&nbsp; Agnieszka Kownatka-Ruszkowska &#8211; Pedagogiczna Wojew\u00f3dzka Biblioteka im. KEN w Warszawie.<\/p>\n\n\n\n<p>10:55 Czytanie jako klucz do kompetencji przysz\u0142o\u015bci: Rola bibliotek pedagogicznych w erze rewolucji \u00a05.0 i rosn\u0105cej warto\u015bci humanist\u00f3w w \u015bwiecie AI.<\/p>\n\n\n\n<p>&nbsp;&nbsp;&nbsp;&nbsp;&nbsp;&nbsp;&nbsp;&nbsp; \ufeffEdyta Plich &#8211; go\u015b\u0107 specjalny.<\/p>\n\n\n\n<p>12:00 Przerwa kawowa.<\/p>\n\n\n\n<p>12:25 Grywalizacja w bibliotece.<\/p>\n\n\n\n<p>&nbsp;&nbsp;&nbsp;&nbsp;&nbsp;&nbsp;&nbsp;&nbsp;&nbsp;&nbsp; Aneta Dobrzy\u0144ska &#8211; Biblioteka Pedagogiczna w Ostro\u0142\u0119ce Filia w Przasnyszu.<\/p>\n\n\n\n<p>&nbsp;&nbsp;&nbsp;&nbsp;&nbsp;&nbsp;&nbsp;&nbsp;&nbsp;&nbsp; Luiza Dawidziuk &#8211; Biblioteka Pedagogiczna w Ostro\u0142\u0119ce Filia w Przasnyszu.<\/p>\n\n\n\n<p>12:45 Biblioteka to nie tylko wypo\u017cyczanie ksi\u0105\u017cek.<\/p>\n\n\n\n<p>&nbsp;&nbsp;&nbsp;&nbsp;&nbsp;&nbsp;&nbsp;&nbsp;&nbsp;&nbsp; Wioletta Ga\u0142\u0105zka &#8211; Biblioteka Pedagogiczna w Ciechanowie.<\/p>\n\n\n\n<p>&nbsp;&nbsp;&nbsp;&nbsp;&nbsp;&nbsp;&nbsp;&nbsp;&nbsp;&nbsp; Sylwia Piekarska &#8211; Biblioteka Pedagogiczna w Ciechanowie Filia w \u017burominie.<\/p>\n\n\n\n<p>13:05 Inspiracje ksi\u0105\u017ckowe. Podcasty z magiczn\u0105 ksi\u0105\u017ck\u0105.<\/p>\n\n\n\n<p>&nbsp;&nbsp;&nbsp;&nbsp;&nbsp;&nbsp;&nbsp;&nbsp;&nbsp; Renata Jaroszewska &#8211; Biblioteka Pedagogiczna im. Heleny Radli\u0144skiej w Siedlcach Filia w Soko\u0142owie Podlaskim.<\/p>\n\n\n\n<p>13:25 Ho\u0142d wobec przesz\u0142o\u015bci: regionalizm w bibliotece<\/p>\n\n\n\n<p>&nbsp;&nbsp;&nbsp;&nbsp;&nbsp;&nbsp;&nbsp;&nbsp; &nbsp;&nbsp;Bo\u017cena Je\u017cma\u0144ska &#8211; Biblioteka Pedagogiczna w Radomiu.<\/p>\n\n\n\n<p>13:45 Podsumowanie konferencji.<\/p>\n\n\n\n<p>13:50 Pocz\u0119stunek.<\/p>\n\n\n\n<p><\/p>\n","protected":false},"excerpt":{"rendered":"<p>ZACZYTAJMY MAZOWSZE MAZOWIECKIE BIBLIOTEKI PEDAGOGICZNE INSPIRUJ\u0104 P\u0142ock 18 listopada 2024 r. godz. 10:00 Muzeum Mazowieckie w P\u0142ocku Oddzia\u0142 Art Deco [&hellip;]<\/p>\n","protected":false},"author":899,"featured_media":46183,"parent":0,"menu_order":0,"comment_status":"closed","ping_status":"closed","template":"","meta":{"_acf_changed":false,"_oasis_is_in_workflow":0,"_oasis_original":0,"inline_featured_image":false,"site-sidebar-layout":"default","site-content-layout":"","ast-site-content-layout":"default","site-content-style":"default","site-sidebar-style":"default","ast-global-header-display":"","ast-banner-title-visibility":"","ast-main-header-display":"","ast-hfb-above-header-display":"","ast-hfb-below-header-display":"","ast-hfb-mobile-header-display":"","site-post-title":"","ast-breadcrumbs-content":"","ast-featured-img":"","footer-sml-layout":"","ast-disable-related-posts":"","theme-transparent-header-meta":"","adv-header-id-meta":"","stick-header-meta":"","header-above-stick-meta":"","header-main-stick-meta":"","header-below-stick-meta":"","astra-migrate-meta-layouts":"set","ast-page-background-enabled":"default","ast-page-background-meta":{"desktop":{"background-color":"","background-image":"","background-repeat":"repeat","background-position":"center center","background-size":"auto","background-attachment":"scroll","background-type":"","background-media":"","overlay-type":"","overlay-color":"","overlay-opacity":"","overlay-gradient":""},"tablet":{"background-color":"","background-image":"","background-repeat":"repeat","background-position":"center center","background-size":"auto","background-attachment":"scroll","background-type":"","background-media":"","overlay-type":"","overlay-color":"","overlay-opacity":"","overlay-gradient":""},"mobile":{"background-color":"","background-image":"","background-repeat":"repeat","background-position":"center center","background-size":"auto","background-attachment":"scroll","background-type":"","background-media":"","overlay-type":"","overlay-color":"","overlay-opacity":"","overlay-gradient":""}},"ast-content-background-meta":{"desktop":{"background-color":"var(--ast-global-color-5)","background-image":"","background-repeat":"repeat","background-position":"center center","background-size":"auto","background-attachment":"scroll","background-type":"","background-media":"","overlay-type":"","overlay-color":"","overlay-opacity":"","overlay-gradient":""},"tablet":{"background-color":"var(--ast-global-color-5)","background-image":"","background-repeat":"repeat","background-position":"center center","background-size":"auto","background-attachment":"scroll","background-type":"","background-media":"","overlay-type":"","overlay-color":"","overlay-opacity":"","overlay-gradient":""},"mobile":{"background-color":"var(--ast-global-color-5)","background-image":"","background-repeat":"repeat","background-position":"center center","background-size":"auto","background-attachment":"scroll","background-type":"","background-media":"","overlay-type":"","overlay-color":"","overlay-opacity":"","overlay-gradient":""}},"_themeisle_gutenberg_block_has_review":false,"footnotes":""},"class_list":["post-45649","page","type-page","status-publish","has-post-thumbnail","hentry"],"acf":[],"featured_image_urls_v2":{"full":["https:\/\/bpplock.pl\/wp-content\/uploads\/sites\/12\/2024\/10\/ZACZYTAJMY-MAZOWSZE-Plakat.png",4630,6614,false],"thumbnail":["https:\/\/bpplock.pl\/wp-content\/uploads\/sites\/12\/2024\/10\/ZACZYTAJMY-MAZOWSZE-Plakat-150x150.png",150,150,true],"medium":["https:\/\/bpplock.pl\/wp-content\/uploads\/sites\/12\/2024\/10\/ZACZYTAJMY-MAZOWSZE-Plakat-210x300.png",210,300,true],"medium_large":["https:\/\/bpplock.pl\/wp-content\/uploads\/sites\/12\/2024\/10\/ZACZYTAJMY-MAZOWSZE-Plakat-768x1097.png",768,1097,true],"large":["https:\/\/bpplock.pl\/wp-content\/uploads\/sites\/12\/2024\/10\/ZACZYTAJMY-MAZOWSZE-Plakat-717x1024.png",717,1024,true],"1536x1536":["https:\/\/bpplock.pl\/wp-content\/uploads\/sites\/12\/2024\/10\/ZACZYTAJMY-MAZOWSZE-Plakat-1075x1536.png",1075,1536,true],"2048x2048":["https:\/\/bpplock.pl\/wp-content\/uploads\/sites\/12\/2024\/10\/ZACZYTAJMY-MAZOWSZE-Plakat-1434x2048.png",1434,2048,true],"img-1100-450":["https:\/\/bpplock.pl\/wp-content\/uploads\/sites\/12\/2024\/10\/ZACZYTAJMY-MAZOWSZE-Plakat-1100x450.png",1100,450,true],"img-1120-800":["https:\/\/bpplock.pl\/wp-content\/uploads\/sites\/12\/2024\/10\/ZACZYTAJMY-MAZOWSZE-Plakat-1120x800.png",1120,800,true],"img-870-440":["https:\/\/bpplock.pl\/wp-content\/uploads\/sites\/12\/2024\/10\/ZACZYTAJMY-MAZOWSZE-Plakat-870x440.png",870,440,true],"img-850-600":["https:\/\/bpplock.pl\/wp-content\/uploads\/sites\/12\/2024\/10\/ZACZYTAJMY-MAZOWSZE-Plakat-850x600.png",850,600,true],"img-480-380":["https:\/\/bpplock.pl\/wp-content\/uploads\/sites\/12\/2024\/10\/ZACZYTAJMY-MAZOWSZE-Plakat-480x380.png",480,380,true],"img-300-225":["https:\/\/bpplock.pl\/wp-content\/uploads\/sites\/12\/2024\/10\/ZACZYTAJMY-MAZOWSZE-Plakat-300x225.png",300,225,true],"img-540-700":["https:\/\/bpplock.pl\/wp-content\/uploads\/sites\/12\/2024\/10\/ZACZYTAJMY-MAZOWSZE-Plakat-540x700.png",540,700,true],"img-75-75":["https:\/\/bpplock.pl\/wp-content\/uploads\/sites\/12\/2024\/10\/ZACZYTAJMY-MAZOWSZE-Plakat-75x75.png",75,75,true],"menu-24x24":["https:\/\/bpplock.pl\/wp-content\/uploads\/sites\/12\/2024\/10\/ZACZYTAJMY-MAZOWSZE-Plakat-17x24.png",17,24,true],"menu-36x36":["https:\/\/bpplock.pl\/wp-content\/uploads\/sites\/12\/2024\/10\/ZACZYTAJMY-MAZOWSZE-Plakat-25x36.png",25,36,true],"menu-48x48":["https:\/\/bpplock.pl\/wp-content\/uploads\/sites\/12\/2024\/10\/ZACZYTAJMY-MAZOWSZE-Plakat-34x48.png",34,48,true],"mailpoet_newsletter_max":["https:\/\/bpplock.pl\/wp-content\/uploads\/sites\/12\/2024\/10\/ZACZYTAJMY-MAZOWSZE-Plakat-1320x1886.png",1320,1886,true]},"post_excerpt_stackable_v2":"<p>ZACZYTAJMY MAZOWSZE MAZOWIECKIE BIBLIOTEKI PEDAGOGICZNE INSPIRUJ\u0104 P\u0142ock 18 listopada 2024 r. godz. 10:00 Muzeum Mazowieckie w P\u0142ocku Oddzia\u0142 Art Deco ul. Kolegialna 6 PROGRAM KONFERENCJI: 09:40 Rejestracja Uczestnik\u00f3w. 10:00 Otwarcie konferencji. &nbsp;&nbsp;&nbsp;&nbsp;&nbsp;&nbsp;&nbsp;&nbsp;&nbsp; Agnieszka Olczyk dyrektor Biblioteki Pedagogicznej w P\u0142ocku. 10:15 Bibliotekarz XXI wieku \u2013 Broker informacji w \u015bwiecie dezinformacji i AI. &nbsp;&nbsp;&nbsp;&nbsp;&nbsp;&nbsp;&nbsp;&nbsp;&nbsp;&nbsp; Tatiana Jastrz\u0119bska &#8211; Biblioteka Pedagogiczna w P\u0142ocku. 10:35 Dlaczego warto tworzy\u0107 podcasty w bibliotece pedagogicznej? &nbsp;&nbsp;&nbsp;&nbsp;&nbsp;&nbsp;&nbsp;&nbsp;&nbsp;&nbsp; Agnieszka Kownatka-Ruszkowska &#8211; Pedagogiczna Wojew\u00f3dzka Biblioteka im. KEN w Warszawie. 10:55 Czytanie jako klucz do kompetencji przysz\u0142o\u015bci: Rola bibliotek pedagogicznych w erze rewolucji \u00a05.0 i rosn\u0105cej warto\u015bci humanist\u00f3w w \u015bwiecie AI. &nbsp;&nbsp;&nbsp;&nbsp;&nbsp;&nbsp;&nbsp;&nbsp;&hellip;<\/p>\n","category_list_v2":"","author_info_v2":{"name":"lserafinowski","url":"https:\/\/bpplock.pl\/en\/author\/lserafinowski\/"},"comments_num_v2":"0 comments","_links":{"self":[{"href":"https:\/\/bpplock.pl\/en\/wp-json\/wp\/v2\/pages\/45649","targetHints":{"allow":["GET"]}}],"collection":[{"href":"https:\/\/bpplock.pl\/en\/wp-json\/wp\/v2\/pages"}],"about":[{"href":"https:\/\/bpplock.pl\/en\/wp-json\/wp\/v2\/types\/page"}],"author":[{"embeddable":true,"href":"https:\/\/bpplock.pl\/en\/wp-json\/wp\/v2\/users\/899"}],"replies":[{"embeddable":true,"href":"https:\/\/bpplock.pl\/en\/wp-json\/wp\/v2\/comments?post=45649"}],"version-history":[{"count":42,"href":"https:\/\/bpplock.pl\/en\/wp-json\/wp\/v2\/pages\/45649\/revisions"}],"predecessor-version":[{"id":50437,"href":"https:\/\/bpplock.pl\/en\/wp-json\/wp\/v2\/pages\/45649\/revisions\/50437"}],"wp:featuredmedia":[{"embeddable":true,"href":"https:\/\/bpplock.pl\/en\/wp-json\/wp\/v2\/media\/46183"}],"wp:attachment":[{"href":"https:\/\/bpplock.pl\/en\/wp-json\/wp\/v2\/media?parent=45649"}],"curies":[{"name":"wp","href":"https:\/\/api.w.org\/{rel}","templated":true}]}}