{"id":4457,"date":"2022-06-29T10:43:21","date_gmt":"2022-06-29T08:43:21","guid":{"rendered":"https:\/\/bpplock.pl\/?page_id=4457"},"modified":"2022-06-29T10:43:23","modified_gmt":"2022-06-29T08:43:23","slug":"my-news","status":"publish","type":"page","link":"https:\/\/bpplock.pl\/en\/profil-uzytkownika\/my-news\/","title":{"rendered":"My news"},"content":{"rendered":"<div class=\"\">\r\n    <div class=\"bs_title_block\">\r\n        <h1 class=\"entry-title\">My news<\/h1>\r\n    <\/div>\r\n    <div class=\"bs-my-account-post-navigation\" data-current-page-index=\"1\">\r\n        <div class=\"bs-my-account-post-count\">4messages <\/div>\r\n        <div class=\"bs-my-account-post-pages\">\r\n                            <button data-get-page=\"prev\"><img decoding=\"async\" src=\"\/wp-content\/uploads\/2021\/05\/left-arrow.svg\" data-get-page=\"prev\" style=\"pointer-events: none;\" \/><\/button>\r\n                <label> 1 z 1<\/label>\r\n                <button data-get-page=\"next\"><img decoding=\"async\" src=\"\/wp-content\/uploads\/2021\/05\/right-arrow.svg\" data-get-page=\"next\" style=\"pointer-events: none;\" \/><\/button>\r\n                    <\/div>\r\n    <\/div>\r\n    <div class=\"bs-my-account-posts\">\r\n                    <div class=\"bs-questions-page\" data-page-index=\"1\" id=\"bs-my-account-posts-page-1\">\r\n                                                        <div class=\"bs-my-account-single-post unseen\" id=\"1081\" style=\"background-color:#12316859\">\r\n                        <div class=\"bs-my-account-date\">2022-11-17 15:52:56<\/div>\r\n                        <div class=\"bs-my-account-title\">Dodano now\u0105 wiadomo\u015b\u0107 do sprawy MBP.B.Plock.Czasopisma\/2022\/7<\/div>\r\n                        <div class=\"bs-my-account-content\">U\u017cytkownik wys\u0142a\u0142 now\u0105 wiadomo\u015b\u0107 w[...]<\/div>\r\n                        <div class=\"bs-my-account-message\" style=\"display:none\">U\u017cytkownik wys\u0142a\u0142 now\u0105 wiadomo\u015b\u0107 w sprawie <a href=\"https:\/\/bpplock.pl\/mbpesprawa\/2645dcc81a6ddde16125d6a60b14c1f0\">MBP.B.Plock.Czasopisma\/2022\/7<\/a>.<\/div>\r\n                        <button class=\"bs-my-account-details-show\" data-bona-id-notification='1081'> go to the site<\/button>\r\n                        <button class=\"bs-my-account-details-hide\" style=\"display:none\" data-bona-id-notification='1081'>Hide<\/button>\r\n                    <\/div>\r\n                                                        <div class=\"bs-my-account-single-post unseen\" id=\"330\" style=\"background-color:#12316859\">\r\n                        <div class=\"bs-my-account-date\">2022-07-22 14:28:46<\/div>\r\n                        <div class=\"bs-my-account-title\">Dodano now\u0105 wiadomo\u015b\u0107 do sprawy MBP.B.Plock.Czasopisma\/2022\/4<\/div>\r\n                        <div class=\"bs-my-account-content\">U\u017cytkownik wys\u0142a\u0142 now\u0105 wiadomo\u015b\u0107 w[...]<\/div>\r\n                        <div class=\"bs-my-account-message\" style=\"display:none\">U\u017cytkownik wys\u0142a\u0142 now\u0105 wiadomo\u015b\u0107 w sprawie <a href=\"https:\/\/bpplock.pl\/mbpesprawa\/3deabff613338b793308f9bd1be8f07e\">MBP.B.Plock.Czasopisma\/2022\/4<\/a>.<\/div>\r\n                        <button class=\"bs-my-account-details-show\" data-bona-id-notification='330'> go to the site<\/button>\r\n                        <button class=\"bs-my-account-details-hide\" style=\"display:none\" data-bona-id-notification='330'>Hide<\/button>\r\n                    <\/div>\r\n                                                        <div class=\"bs-my-account-single-post \" id=\"318\" style=\"background-color:#12316859\">\r\n                        <div class=\"bs-my-account-date\">2022-07-22 13:46:43<\/div>\r\n                        <div class=\"bs-my-account-title\">Dodano now\u0105 wiadomo\u015b\u0107 do sprawy MBP.B.Plock.Czasopisma\/2022\/2<\/div>\r\n                        <div class=\"bs-my-account-content\">U\u017cytkownik wys\u0142a\u0142 now\u0105 wiadomo\u015b\u0107 w[...]<\/div>\r\n                        <div class=\"bs-my-account-message\" style=\"display:none\">U\u017cytkownik wys\u0142a\u0142 now\u0105 wiadomo\u015b\u0107 w sprawie <a href=\"https:\/\/bpplock.pl\/mbpesprawa\/e0f9439243afabc9b9a863a16a048b56\">MBP.B.Plock.Czasopisma\/2022\/2<\/a>.<\/div>\r\n                        <button class=\"bs-my-account-details-show\" data-bona-id-notification='318'> go to the site<\/button>\r\n                        <button class=\"bs-my-account-details-hide\" style=\"display:none\" data-bona-id-notification='318'>Hide<\/button>\r\n                    <\/div>\r\n                                                        <div class=\"bs-my-account-single-post \" id=\"54\" style=\"background-color:#12316859\">\r\n                        <div class=\"bs-my-account-date\">2022-07-19 14:12:49<\/div>\r\n                        <div class=\"bs-my-account-title\">Dodano now\u0105 wiadomo\u015b\u0107 do sprawy MBP.B.Plock.Wydarzenia\/2022\/30<\/div>\r\n                        <div class=\"bs-my-account-content\">U\u017cytkownik wys\u0142a\u0142 now\u0105 wiadomo\u015b\u0107 w[...]<\/div>\r\n                        <div class=\"bs-my-account-message\" style=\"display:none\">U\u017cytkownik wys\u0142a\u0142 now\u0105 wiadomo\u015b\u0107 w sprawie <a href=\"https:\/\/bpplock.pl\/mbpesprawa\/07a705c908188db6af78f07cc9a20777\">MBP.B.Plock.Wydarzenia\/2022\/30<\/a>.<\/div>\r\n                        <button class=\"bs-my-account-details-show\" data-bona-id-notification='54'> go to the site<\/button>\r\n                        <button class=\"bs-my-account-details-hide\" style=\"display:none\" data-bona-id-notification='54'>Hide<\/button>\r\n                    <\/div>\r\n                            <\/div>\r\n            <\/div>\r\n<\/div>\n","protected":false},"excerpt":{"rendered":"","protected":false},"author":53,"featured_media":674,"parent":3442,"menu_order":0,"comment_status":"closed","ping_status":"closed","template":"user-account-template.php","meta":{"_acf_changed":false,"_oasis_is_in_workflow":0,"_oasis_original":0,"inline_featured_image":false,"site-sidebar-layout":"default","site-content-layout":"","ast-site-content-layout":"default","site-content-style":"default","site-sidebar-style":"default","ast-global-header-display":"","ast-banner-title-visibility":"","ast-main-header-display":"","ast-hfb-above-header-display":"","ast-hfb-below-header-display":"","ast-hfb-mobile-header-display":"","site-post-title":"","ast-breadcrumbs-content":"","ast-featured-img":"","footer-sml-layout":"","ast-disable-related-posts":"","theme-transparent-header-meta":"","adv-header-id-meta":"","stick-header-meta":"","header-above-stick-meta":"","header-main-stick-meta":"","header-below-stick-meta":"","astra-migrate-meta-layouts":"default","ast-page-background-enabled":"default","ast-page-background-meta":{"desktop":{"background-color":"","background-image":"","background-repeat":"repeat","background-position":"center center","background-size":"auto","background-attachment":"scroll","background-type":"","background-media":"","overlay-type":"","overlay-color":"","overlay-opacity":"","overlay-gradient":""},"tablet":{"background-color":"","background-image":"","background-repeat":"repeat","background-position":"center center","background-size":"auto","background-attachment":"scroll","background-type":"","background-media":"","overlay-type":"","overlay-color":"","overlay-opacity":"","overlay-gradient":""},"mobile":{"background-color":"","background-image":"","background-repeat":"repeat","background-position":"center center","background-size":"auto","background-attachment":"scroll","background-type":"","background-media":"","overlay-type":"","overlay-color":"","overlay-opacity":"","overlay-gradient":""}},"ast-content-background-meta":{"desktop":{"background-color":"var(--ast-global-color-5)","background-image":"","background-repeat":"repeat","background-position":"center center","background-size":"auto","background-attachment":"scroll","background-type":"","background-media":"","overlay-type":"","overlay-color":"","overlay-opacity":"","overlay-gradient":""},"tablet":{"background-color":"var(--ast-global-color-5)","background-image":"","background-repeat":"repeat","background-position":"center center","background-size":"auto","background-attachment":"scroll","background-type":"","background-media":"","overlay-type":"","overlay-color":"","overlay-opacity":"","overlay-gradient":""},"mobile":{"background-color":"var(--ast-global-color-5)","background-image":"","background-repeat":"repeat","background-position":"center center","background-size":"auto","background-attachment":"scroll","background-type":"","background-media":"","overlay-type":"","overlay-color":"","overlay-opacity":"","overlay-gradient":""}},"_themeisle_gutenberg_block_has_review":false,"footnotes":""},"class_list":["post-4457","page","type-page","status-publish","has-post-thumbnail","hentry"],"acf":[],"featured_image_urls_v2":{"full":["https:\/\/bpplock.pl\/wp-content\/uploads\/sites\/12\/2021\/08\/budynekpoprawionekolory.jpg",1386,1040,false],"thumbnail":["https:\/\/bpplock.pl\/wp-content\/uploads\/sites\/12\/2021\/08\/budynekpoprawionekolory.jpg",150,113,false],"medium":["https:\/\/bpplock.pl\/wp-content\/uploads\/sites\/12\/2021\/08\/budynekpoprawionekolory.jpg",300,225,false],"medium_large":["https:\/\/bpplock.pl\/wp-content\/uploads\/sites\/12\/2021\/08\/budynekpoprawionekolory.jpg",768,576,false],"large":["https:\/\/bpplock.pl\/wp-content\/uploads\/sites\/12\/2021\/08\/budynekpoprawionekolory.jpg",1024,768,false],"1536x1536":["https:\/\/bpplock.pl\/wp-content\/uploads\/sites\/12\/2021\/08\/budynekpoprawionekolory.jpg",1386,1040,false],"2048x2048":["https:\/\/bpplock.pl\/wp-content\/uploads\/sites\/12\/2021\/08\/budynekpoprawionekolory.jpg",1386,1040,false],"img-1100-450":["https:\/\/bpplock.pl\/wp-content\/uploads\/sites\/12\/2021\/08\/budynekpoprawionekolory.jpg",600,450,false],"img-1120-800":["https:\/\/bpplock.pl\/wp-content\/uploads\/sites\/12\/2021\/08\/budynekpoprawionekolory.jpg",1066,800,false],"img-870-440":["https:\/\/bpplock.pl\/wp-content\/uploads\/sites\/12\/2021\/08\/budynekpoprawionekolory.jpg",586,440,false],"img-850-600":["https:\/\/bpplock.pl\/wp-content\/uploads\/sites\/12\/2021\/08\/budynekpoprawionekolory.jpg",800,600,false],"img-480-380":["https:\/\/bpplock.pl\/wp-content\/uploads\/sites\/12\/2021\/08\/budynekpoprawionekolory.jpg",480,360,false],"img-300-225":["https:\/\/bpplock.pl\/wp-content\/uploads\/sites\/12\/2021\/08\/budynekpoprawionekolory.jpg",300,225,false],"img-540-700":["https:\/\/bpplock.pl\/wp-content\/uploads\/sites\/12\/2021\/08\/budynekpoprawionekolory.jpg",540,405,false],"img-75-75":["https:\/\/bpplock.pl\/wp-content\/uploads\/sites\/12\/2021\/08\/budynekpoprawionekolory.jpg",75,56,false],"menu-24x24":["https:\/\/bpplock.pl\/wp-content\/uploads\/sites\/12\/2021\/08\/budynekpoprawionekolory.jpg",24,18,false],"menu-36x36":["https:\/\/bpplock.pl\/wp-content\/uploads\/sites\/12\/2021\/08\/budynekpoprawionekolory.jpg",36,27,false],"menu-48x48":["https:\/\/bpplock.pl\/wp-content\/uploads\/sites\/12\/2021\/08\/budynekpoprawionekolory.jpg",48,36,false],"mailpoet_newsletter_max":["https:\/\/bpplock.pl\/wp-content\/uploads\/sites\/12\/2021\/08\/budynekpoprawionekolory.jpg",1320,990,false]},"post_excerpt_stackable_v2":"<p>My news 4messages 1 z 1 2022-11-17 15:52:56 Dodano now\u0105 wiadomo\u015b\u0107 do sprawy MBP.B.Plock.Czasopisma\/2022\/7 U\u017cytkownik wys\u0142a\u0142 now\u0105 wiadomo\u015b\u0107 w[&#8230;] U\u017cytkownik wys\u0142a\u0142 now\u0105 wiadomo\u015b\u0107 w sprawie MBP.B.Plock.Czasopisma\/2022\/7. go to the site Hide 2022-07-22 14:28:46 Dodano now\u0105 wiadomo\u015b\u0107 do sprawy MBP.B.Plock.Czasopisma\/2022\/4 U\u017cytkownik wys\u0142a\u0142 now\u0105 wiadomo\u015b\u0107 w[&#8230;] U\u017cytkownik wys\u0142a\u0142 now\u0105 wiadomo\u015b\u0107 w sprawie MBP.B.Plock.Czasopisma\/2022\/4. go to the site Hide 2022-07-22 13:46:43 Dodano now\u0105 wiadomo\u015b\u0107 do sprawy MBP.B.Plock.Czasopisma\/2022\/2 U\u017cytkownik wys\u0142a\u0142 now\u0105 wiadomo\u015b\u0107 w[&#8230;] U\u017cytkownik wys\u0142a\u0142 now\u0105 wiadomo\u015b\u0107 w sprawie MBP.B.Plock.Czasopisma\/2022\/2. go to the site Hide 2022-07-19 14:12:49 Dodano now\u0105 wiadomo\u015b\u0107 do sprawy MBP.B.Plock.Wydarzenia\/2022\/30 U\u017cytkownik wys\u0142a\u0142 now\u0105 wiadomo\u015b\u0107 w[&#8230;] U\u017cytkownik wys\u0142a\u0142 now\u0105 wiadomo\u015b\u0107 w sprawie&hellip;<\/p>\n","category_list_v2":"","author_info_v2":{"name":"cHJhY293bmlrMQ==","url":"https:\/\/bpplock.pl\/en\/author\/chjhy293bmlrmq\/"},"comments_num_v2":"0 comments","_links":{"self":[{"href":"https:\/\/bpplock.pl\/en\/wp-json\/wp\/v2\/pages\/4457","targetHints":{"allow":["GET"]}}],"collection":[{"href":"https:\/\/bpplock.pl\/en\/wp-json\/wp\/v2\/pages"}],"about":[{"href":"https:\/\/bpplock.pl\/en\/wp-json\/wp\/v2\/types\/page"}],"author":[{"embeddable":true,"href":"https:\/\/bpplock.pl\/en\/wp-json\/wp\/v2\/users\/53"}],"replies":[{"embeddable":true,"href":"https:\/\/bpplock.pl\/en\/wp-json\/wp\/v2\/comments?post=4457"}],"version-history":[{"count":0,"href":"https:\/\/bpplock.pl\/en\/wp-json\/wp\/v2\/pages\/4457\/revisions"}],"up":[{"embeddable":true,"href":"https:\/\/bpplock.pl\/en\/wp-json\/wp\/v2\/pages\/3442"}],"wp:featuredmedia":[{"embeddable":true,"href":"https:\/\/bpplock.pl\/en\/wp-json\/wp\/v2\/media\/674"}],"wp:attachment":[{"href":"https:\/\/bpplock.pl\/en\/wp-json\/wp\/v2\/media?parent=4457"}],"curies":[{"name":"wp","href":"https:\/\/api.w.org\/{rel}","templated":true}]}}