{"id":4157,"date":"2022-06-03T11:51:14","date_gmt":"2022-06-03T09:51:14","guid":{"rendered":"https:\/\/bpplock.pl\/mapa-strony\/"},"modified":"2022-07-07T10:12:53","modified_gmt":"2022-07-07T08:12:53","slug":"mapa-strony","status":"publish","type":"page","link":"https:\/\/bpplock.pl\/en\/mapa-strony\/","title":{"rendered":"Sitemap"},"content":{"rendered":"<ul class=\"wp-block-page-list\"><li class=\"wp-block-pages-list__item\"><a class=\"wp-block-pages-list__item__link\" href=\"https:\/\/bpplock.pl\/en\/administracja-i-obsluga\/\">Administracja i obs\u0142uga<\/a><\/li><li class=\"wp-block-pages-list__item\"><a class=\"wp-block-pages-list__item__link\" href=\"https:\/\/bpplock.pl\/en\/aktualnosci\/\">Aktualno\u015bci<\/a><\/li><li class=\"wp-block-pages-list__item\"><a class=\"wp-block-pages-list__item__link\" href=\"https:\/\/bpplock.pl\/en\/zgloszenie-potwierdzone\/\">Application confirmed<\/a><\/li><li class=\"wp-block-pages-list__item\"><a class=\"wp-block-pages-list__item__link\" href=\"https:\/\/bpplock.pl\/en\/sprawdz\/\">Check<\/a><\/li><li class=\"wp-block-pages-list__item\"><a class=\"wp-block-pages-list__item__link\" href=\"https:\/\/bpplock.pl\/en\/procedura-covid-19\/\">COVID 19 procedure<\/a><\/li><li class=\"wp-block-pages-list__item\"><a class=\"wp-block-pages-list__item__link\" href=\"https:\/\/bpplock.pl\/en\/cyberlekcje-3-0\/\">CYBERLEKCJE 3.0<\/a><\/li><li class=\"wp-block-pages-list__item\"><a class=\"wp-block-pages-list__item__link\" href=\"https:\/\/bpplock.pl\/en\/czasopisma-prenumerowane-2021\/\">Czasopisma prenumerowane 2021<\/a><\/li><li class=\"wp-block-pages-list__item\"><a class=\"wp-block-pages-list__item__link\" href=\"https:\/\/bpplock.pl\/en\/czytelnia-i-wydzial-informacyjno-bibliograficzny\/\">Czytelnia i Wydzia\u0142 Informacyjno- Bibliograficzny<\/a><\/li><li class=\"wp-block-pages-list__item\"><a class=\"wp-block-pages-list__item__link\" href=\"https:\/\/bpplock.pl\/en\/deklaracja-dostepnosci\/\">Declaration of availability<\/a><\/li><li class=\"wp-block-pages-list__item\"><a class=\"wp-block-pages-list__item__link\" href=\"https:\/\/bpplock.pl\/en\/dyrektor\/\">DYREKTORKA<\/a><\/li><li class=\"wp-block-pages-list__item\"><a class=\"wp-block-pages-list__item__link\" href=\"https:\/\/bpplock.pl\/en\/dzialalnosc-i-zadania\/\">Dzia\u0142alno\u015b\u0107 i zadania<\/a><\/li><li class=\"wp-block-pages-list__item\"><a class=\"wp-block-pages-list__item__link\" href=\"https:\/\/bpplock.pl\/en\/edukacja-zdalna\/\">Edukacja zdalna<\/a><\/li><li class=\"wp-block-pages-list__item\"><a class=\"wp-block-pages-list__item__link\" href=\"https:\/\/bpplock.pl\/en\/wydarzenia\/\">Events<\/a><\/li><li class=\"wp-block-pages-list__item\"><a class=\"wp-block-pages-list__item__link\" href=\"https:\/\/bpplock.pl\/en\/rodo\/\">GDPR<\/a><\/li><li class=\"wp-block-pages-list__item\"><a class=\"wp-block-pages-list__item__link\" href=\"https:\/\/bpplock.pl\/en\/gromadzenie-i-opracowanie-zbiorow\/\">Gromadzenie i opracowanie zbior\u00f3w<\/a><\/li><li class=\"wp-block-pages-list__item\"><a class=\"wp-block-pages-list__item__link\" href=\"https:\/\/bpplock.pl\/en\/historia\/\">Historia<\/a><\/li><li class=\"wp-block-pages-list__item menu-item-home\"><a class=\"wp-block-pages-list__item__link\" href=\"https:\/\/bpplock.pl\/en\/\">Home<\/a><\/li><li class=\"wp-block-pages-list__item\"><a class=\"wp-block-pages-list__item__link\" href=\"https:\/\/bpplock.pl\/en\/ibuk-libra-filmy-instruktazowe-zestawienia-bibliograficzne\/\">IBUK Libra, filmy instrukta\u017cowe, zestawienia bibliograficzne<\/a><\/li><li class=\"wp-block-pages-list__item\"><a class=\"wp-block-pages-list__item__link\" href=\"https:\/\/bpplock.pl\/en\/klauzula-informacyjna\/\">Informacja o przetwarzaniu danych osobowych<\/a><\/li><li class=\"wp-block-pages-list__item\"><a class=\"wp-block-pages-list__item__link\" href=\"https:\/\/bpplock.pl\/en\/instrukcja-korzystania-z-katalogu-ibuk-libra\/\">Instrukcja korzystania z katalogu IBUK Libra<\/a><\/li><li class=\"wp-block-pages-list__item\"><a class=\"wp-block-pages-list__item__link\" href=\"https:\/\/bpplock.pl\/en\/instrukcja-korzystania-z-katalogu-integro\/\">Instrukcja korzystania z katalogu INTEGRO<\/a><\/li><li class=\"wp-block-pages-list__item\"><a class=\"wp-block-pages-list__item__link\" href=\"https:\/\/bpplock.pl\/en\/jkw\/\">jkw<\/a><\/li><li class=\"wp-block-pages-list__item\"><a class=\"wp-block-pages-list__item__link\" href=\"https:\/\/bpplock.pl\/en\/klasy-iv-viii-szkol-podstawowych\/\">Klasy IV-VIII szk\u00f3\u0142 podstawowych<\/a><\/li><li class=\"wp-block-pages-list__item\"><a class=\"wp-block-pages-list__item__link\" href=\"https:\/\/bpplock.pl\/en\/klauzula-informacyjna-dla-uczestnikow-konferencji-zaczytajmy-mazowsze-mazowieckie-biblioteki-pedagogiczne-inspiruja\/\">Klauzula informacyjna dla Uczestnik\u00f3w\u00a0konferencji ZACZYTAJMY MAZOWSZE MAZOWIECKIE BIBLIOTEKI\u00a0 PEDAGOGICZNE INSPIRUJ\u0104<\/a><\/li><li class=\"wp-block-pages-list__item\"><a class=\"wp-block-pages-list__item__link\" href=\"https:\/\/bpplock.pl\/en\/konferencja-mazowieckich-bibliotek-pedagogicznych\/\">KONFERENCJA MAZOWIECKICH BIBLIOTEK PEDAGOGICZNYCH<\/a><\/li><li class=\"wp-block-pages-list__item\"><a class=\"wp-block-pages-list__item__link\" href=\"https:\/\/bpplock.pl\/en\/konkursy\/\">Konkursy<\/a><\/li><li class=\"wp-block-pages-list__item\"><a class=\"wp-block-pages-list__item__link\" href=\"https:\/\/bpplock.pl\/en\/kontakt\/\">Kontakt<\/a><\/li><li class=\"wp-block-pages-list__item\"><a class=\"wp-block-pages-list__item__link\" href=\"https:\/\/bpplock.pl\/en\/konto-uzytkownika\/\">Konto u\u017cytkownika<\/a><\/li><li class=\"wp-block-pages-list__item\"><a class=\"wp-block-pages-list__item__link\" href=\"https:\/\/bpplock.pl\/en\/kuferek-pelen-ksiazek\/\">KUFEREK PE\u0141EN KSI\u0104\u017bEK<\/a><\/li><li class=\"wp-block-pages-list__item\"><a class=\"wp-block-pages-list__item__link\" href=\"https:\/\/bpplock.pl\/en\/log-in\/\">log in<\/a><\/li><li class=\"wp-block-pages-list__item\"><a class=\"wp-block-pages-list__item__link\" href=\"https:\/\/bpplock.pl\/en\/materialy-udostepnione-calkowicie-bezplatnie-na-czas-zawieszenia-zajec-dydaktyczno-wychowawczych-w-szkolach\/\">Materia\u0142y udost\u0119pnione ca\u0142kowicie bezp\u0142atnie na czas zawieszenia zaj\u0119\u0107 dydaktyczno- wychowawczych w szko\u0142ach<\/a><\/li><li class=\"wp-block-pages-list__item\"><a class=\"wp-block-pages-list__item__link\" href=\"https:\/\/bpplock.pl\/en\/mk\/\">mk<\/a><\/li><li class=\"wp-block-pages-list__item\"><a class=\"wp-block-pages-list__item__link\" href=\"https:\/\/bpplock.pl\/en\/moje-wiadomosci\/\">Moje wiadomo\u015bci<\/a><\/li><li class=\"wp-block-pages-list__item\"><a class=\"wp-block-pages-list__item__link\" href=\"https:\/\/bpplock.pl\/en\/nadzor-pedagogiczny\/\">Nadz\u00f3r Pedagogiczny<\/a><\/li><li class=\"wp-block-pages-list__item\"><a class=\"wp-block-pages-list__item__link\" href=\"https:\/\/bpplock.pl\/en\/nadzor-pedagogiczny-wiecej-artykulow\/\">Nadz\u00f3r pedagogiczny wi\u0119cej artyku\u0142\u00f3w<\/a><\/li><li class=\"wp-block-pages-list__item\"><a class=\"wp-block-pages-list__item__link\" href=\"https:\/\/bpplock.pl\/en\/narzedzia-tik\/\">Narz\u0119dzia TIK<\/a><\/li><li class=\"wp-block-pages-list__item\"><a class=\"wp-block-pages-list__item__link\" href=\"https:\/\/bpplock.pl\/en\/nasza-mala-biblioteka\/\">Nasza Ma\u0142a Biblioteka<\/a><\/li><li class=\"wp-block-pages-list__item\"><a class=\"wp-block-pages-list__item__link\" href=\"https:\/\/bpplock.pl\/en\/newsletter-2\/\">Newsletter<\/a><\/li><li class=\"wp-block-pages-list__item\"><a class=\"wp-block-pages-list__item__link\" href=\"https:\/\/bpplock.pl\/en\/newsletter-2-2\/\">Newsletter<\/a><\/li><li class=\"wp-block-pages-list__item\"><a class=\"wp-block-pages-list__item__link\" href=\"https:\/\/bpplock.pl\/en\/newsletter\/\">Newsletter<\/a><\/li><li class=\"wp-block-pages-list__item\"><a class=\"wp-block-pages-list__item__link\" href=\"https:\/\/bpplock.pl\/en\/newsletter-regulations\/\">Newsletter regulations<\/a><\/li><li class=\"wp-block-pages-list__item\"><a class=\"wp-block-pages-list__item__link\" href=\"https:\/\/bpplock.pl\/en\/oferty-pracy\/\">Oferty pracy<\/a><\/li><li class=\"wp-block-pages-list__item\"><a class=\"wp-block-pages-list__item__link\" href=\"https:\/\/bpplock.pl\/en\/patroni-roku-3\/\">Patroni roku<\/a><\/li><li class=\"wp-block-pages-list__item\"><a class=\"wp-block-pages-list__item__link\" href=\"https:\/\/bpplock.pl\/en\/patroni-roku-2\/\">Patroni roku<\/a><\/li><li class=\"wp-block-pages-list__item\"><a class=\"wp-block-pages-list__item__link\" href=\"https:\/\/bpplock.pl\/en\/patroni-roku\/\">Patroni roku<\/a><\/li><li class=\"wp-block-pages-list__item\"><a class=\"wp-block-pages-list__item__link\" href=\"https:\/\/bpplock.pl\/en\/platformy-i-serwisy-przydatne-w-ksztalceniu-na-odleglosc\/\">Platformy i serwisy przydatne w kszta\u0142ceniu na odleg\u0142o\u015b\u0107<\/a><\/li><li class=\"wp-block-pages-list__item\"><a class=\"wp-block-pages-list__item__link\" href=\"https:\/\/bpplock.pl\/en\/potwierdzenie-realizacji\/\">Potwierdzenie realizacji<\/a><\/li><li class=\"wp-block-pages-list__item\"><a class=\"wp-block-pages-list__item__link\" href=\"https:\/\/bpplock.pl\/en\/pracownia-komputerowa\/\">Pracownia komputerowa<\/a><\/li><li class=\"wp-block-pages-list__item\"><a class=\"wp-block-pages-list__item__link\" href=\"https:\/\/bpplock.pl\/en\/prawa-autorskie-w-czasie-pandemii\/\">Prawa autorskie w czasie pandemii<\/a><\/li><li class=\"wp-block-pages-list__item\"><a class=\"wp-block-pages-list__item__link\" href=\"https:\/\/bpplock.pl\/en\/accessibility-declaration\/\">Privacy policy<\/a><\/li><li class=\"wp-block-pages-list__item\"><a class=\"wp-block-pages-list__item__link\" href=\"https:\/\/bpplock.pl\/en\/projekty\/\">Projekty<\/a><\/li><li class=\"wp-block-pages-list__item\"><a class=\"wp-block-pages-list__item__link\" href=\"https:\/\/bpplock.pl\/en\/przedszkola-i-klasy-i-iii-szkol-podstawowych\/\">Przedszkola i klasy I-III szk\u00f3\u0142 podstawowych<\/a><\/li><li class=\"wp-block-pages-list__item\"><a class=\"wp-block-pages-list__item__link\" href=\"https:\/\/bpplock.pl\/en\/quizy-online\/\">Quizy online<\/a><\/li><li class=\"wp-block-pages-list__item\"><a class=\"wp-block-pages-list__item__link\" href=\"https:\/\/bpplock.pl\/en\/radom-ursus-plock\/\">RADOM-URSUS-P\u0141OCK<\/a><\/li><li class=\"wp-block-pages-list__item\"><a class=\"wp-block-pages-list__item__link\" href=\"https:\/\/bpplock.pl\/en\/relacja-z-realizowanego-projektu\/\">Realizacja projektu<\/a><\/li><li class=\"wp-block-pages-list__item\"><a class=\"wp-block-pages-list__item__link\" href=\"https:\/\/bpplock.pl\/en\/register\/\">Register<\/a><\/li><li class=\"wp-block-pages-list__item\"><a class=\"wp-block-pages-list__item__link\" href=\"https:\/\/bpplock.pl\/en\/zarejestruj-sie\/\">Register<\/a><\/li><li class=\"wp-block-pages-list__item\"><a class=\"wp-block-pages-list__item__link\" href=\"https:\/\/bpplock.pl\/en\/regulamin-udostepniania\/\">Regulamin udost\u0119pniania<\/a><\/li><li class=\"wp-block-pages-list__item\"><a class=\"wp-block-pages-list__item__link\" href=\"https:\/\/bpplock.pl\/en\/rodo-2\/\">RODO<\/a><\/li><li class=\"wp-block-pages-list__item\"><a class=\"wp-block-pages-list__item__link\" href=\"https:\/\/bpplock.pl\/en\/scenariusze-lekcji-do-wykorzystania-w-edukacji-zdalnej\/\">Scenariusze lekcji do wykorzystania w edukacji zdalnej<\/a><\/li><li class=\"wp-block-pages-list__item\"><a class=\"wp-block-pages-list__item__link\" href=\"https:\/\/bpplock.pl\/en\/scenariusze-zajec-kuferek-pelen-ksiazek\/\">Scenariusze zaj\u0119\u0107 &#8211; KUFEREK PE\u0141EN KSI\u0104\u017bEK<\/a><\/li><li class=\"wp-block-pages-list__item\"><a class=\"wp-block-pages-list__item__link\" href=\"https:\/\/bpplock.pl\/en\/siec\/\">sie\u0107<\/a><\/li><li class=\"wp-block-pages-list__item\"><a class=\"wp-block-pages-list__item__link\" href=\"https:\/\/bpplock.pl\/en\/siec-wspolpracy-i-samoksztalcenia-nauczycieli-bibliotekarzy-miedzy-nami-bibliotekarzami\/\">Sie\u0107 wsp\u00f3\u0142pracy i samokszta\u0142cenia nauczycieli bibliotekarzy<\/a><\/li><li class=\"wp-block-pages-list__item\"><a class=\"wp-block-pages-list__item__link\" href=\"https:\/\/bpplock.pl\/en\/siec-wspolpracy-i-samoksztalcenia-nauczycieli-tik\/\">Sie\u0107 wsp\u00f3\u0142pracy i samokszta\u0142cenia nauczycieli TIK<\/a><\/li><li class=\"wp-block-pages-list__item\"><a class=\"wp-block-pages-list__item__link\" href=\"https:\/\/bpplock.pl\/en\/siec-wspolpracy-i-samoksztalcenia-przedszkola\/\">Sie\u0107 wsp\u00f3\u0142pracy i samokszta\u0142cenia nauczycieli wychowania przedszkolnego i edukacji wczesnoszkolnej Edukacyjna Przysta\u0144<\/a><\/li><li class=\"wp-block-pages-list__item\"><a class=\"wp-block-pages-list__item__link\" href=\"https:\/\/bpplock.pl\/en\/sieci-wspolpracy\/\">Sieci wsp\u00f3\u0142pracy<\/a><\/li><li class=\"wp-block-pages-list__item\"><a class=\"wp-block-pages-list__item__link\" href=\"https:\/\/bpplock.pl\/en\/mapa-strony\/\">Sitemap<\/a><\/li><li class=\"wp-block-pages-list__item\"><a class=\"wp-block-pages-list__item__link\" href=\"https:\/\/bpplock.pl\/en\/solidarni-z-ukraina\/\">Solidarni z Ukrain\u0105<\/a><\/li><li class=\"wp-block-pages-list__item\"><a class=\"wp-block-pages-list__item__link\" href=\"https:\/\/bpplock.pl\/en\/standardy-ochrony-maloletnich\/\">Standardy Ochrony Ma\u0142oletnich<\/a><\/li><li class=\"wp-block-pages-list__item\"><a class=\"wp-block-pages-list__item__link\" href=\"https:\/\/bpplock.pl\/en\/regulamin\/\">Statute<\/a><\/li><li class=\"wp-block-pages-list__item\"><a class=\"wp-block-pages-list__item__link\" href=\"https:\/\/bpplock.pl\/en\/strona-kursow\/\">Strona kurs\u00f3w<\/a><\/li><li class=\"wp-block-pages-list__item\"><a class=\"wp-block-pages-list__item__link\" href=\"https:\/\/bpplock.pl\/en\/struktura\/\">Struktura<\/a><\/li><li class=\"wp-block-pages-list__item\"><a class=\"wp-block-pages-list__item__link\" href=\"https:\/\/bpplock.pl\/en\/szkoly-ponadpodstawowe-2\/\">Szko\u0142y ponadpodstawowe<\/a><\/li><li class=\"wp-block-pages-list__item\"><a class=\"wp-block-pages-list__item__link\" href=\"https:\/\/bpplock.pl\/en\/przydatne-linki\/\">Useful links<\/a><\/li><li class=\"wp-block-pages-list__item has-child\"><a class=\"wp-block-pages-list__item__link\" href=\"https:\/\/bpplock.pl\/en\/profil-uzytkownika\/\">User profile<\/a><ul class=\"wp-block-navigation__submenu-container\"><li class=\"wp-block-pages-list__item \"><a class=\"wp-block-pages-list__item__link\" href=\"https:\/\/bpplock.pl\/en\/profil-uzytkownika\/moje-artykuly\/\">My Articles<\/a><\/li><li class=\"wp-block-pages-list__item \"><a class=\"wp-block-pages-list__item__link\" href=\"https:\/\/bpplock.pl\/en\/profil-uzytkownika\/moje-skargi-i-wnioski\/\">My complaints and requests<\/a><\/li><li class=\"wp-block-pages-list__item \"><a class=\"wp-block-pages-list__item__link\" href=\"https:\/\/bpplock.pl\/en\/profil-uzytkownika\/my-consents\/\">My consents<\/a><\/li><li class=\"wp-block-pages-list__item \"><a class=\"wp-block-pages-list__item__link\" href=\"https:\/\/bpplock.pl\/en\/profil-uzytkownika\/my-courses\/\">My courses<\/a><\/li><li class=\"wp-block-pages-list__item \"><a class=\"wp-block-pages-list__item__link\" href=\"https:\/\/bpplock.pl\/en\/profil-uzytkownika\/my-errors\/\">My errors<\/a><\/li><li class=\"wp-block-pages-list__item \"><a class=\"wp-block-pages-list__item__link\" href=\"https:\/\/bpplock.pl\/en\/profil-uzytkownika\/moje-wydarzenia\/\">My events<\/a><\/li><li class=\"wp-block-pages-list__item \"><a class=\"wp-block-pages-list__item__link\" href=\"https:\/\/bpplock.pl\/en\/profil-uzytkownika\/moje-wystawy\/\">My exhibitions<\/a><\/li><li class=\"wp-block-pages-list__item \"><a class=\"wp-block-pages-list__item__link\" href=\"https:\/\/bpplock.pl\/en\/profil-uzytkownika\/moje-zapytania\/\">My Inquiries<\/a><\/li><li class=\"wp-block-pages-list__item \"><a class=\"wp-block-pages-list__item__link\" href=\"https:\/\/bpplock.pl\/en\/profil-uzytkownika\/moje-lekcje-biblioteczne\/\">My library lessons<\/a><\/li><li class=\"wp-block-pages-list__item \"><a class=\"wp-block-pages-list__item__link\" href=\"https:\/\/bpplock.pl\/en\/profil-uzytkownika\/moje-zestawienia\/\">My Library Lists<\/a><\/li><li class=\"wp-block-pages-list__item \"><a class=\"wp-block-pages-list__item__link\" href=\"https:\/\/bpplock.pl\/en\/profil-uzytkownika\/my-news\/\">My news<\/a><\/li><li class=\"wp-block-pages-list__item \"><a class=\"wp-block-pages-list__item__link\" href=\"https:\/\/bpplock.pl\/en\/profil-uzytkownika\/moje-praktyki\/\">My practices<\/a><\/li><li class=\"wp-block-pages-list__item has-child \"><a class=\"wp-block-pages-list__item__link\" href=\"https:\/\/bpplock.pl\/en\/profil-uzytkownika\/moj-profil\/\">My profile<\/a><ul class=\"wp-block-navigation__submenu-container\"><li class=\"wp-block-pages-list__item \"><a class=\"wp-block-pages-list__item__link\" href=\"https:\/\/bpplock.pl\/en\/profil-uzytkownika\/moj-profil\/edytuj-profil\/\">Edit profile<\/a><\/li><\/ul><\/li><li class=\"wp-block-pages-list__item \"><a class=\"wp-block-pages-list__item__link\" href=\"https:\/\/bpplock.pl\/en\/profil-uzytkownika\/moje-propozycje-zakupu\/\">My purchase suggestions<\/a><\/li><li class=\"wp-block-pages-list__item \"><a class=\"wp-block-pages-list__item__link\" href=\"https:\/\/bpplock.pl\/en\/profil-uzytkownika\/moje-skany\/\">My scans<\/a><\/li><li class=\"wp-block-pages-list__item \"><a class=\"wp-block-pages-list__item__link\" href=\"https:\/\/bpplock.pl\/en\/profil-uzytkownika\/my-videoconferences\/\">My videoconferences<\/a><\/li><\/ul><\/li><li class=\"wp-block-pages-list__item\"><a class=\"wp-block-pages-list__item__link\" href=\"https:\/\/bpplock.pl\/en\/przegladanie-zgloszen\/\">Viewing reports<\/a><\/li><li class=\"wp-block-pages-list__item\"><a class=\"wp-block-pages-list__item__link\" href=\"https:\/\/bpplock.pl\/en\/wypozyczalnia\/\">Wypo\u017cyczalnia<\/a><\/li><li class=\"wp-block-pages-list__item\"><a class=\"wp-block-pages-list__item__link\" href=\"https:\/\/bpplock.pl\/en\/zajecia\/\">Zaj\u0119cia<\/a><\/li><li class=\"wp-block-pages-list__item\"><a class=\"wp-block-pages-list__item__link\" href=\"https:\/\/bpplock.pl\/en\/zestawienia\/\">Zestawienia<\/a><\/li><li class=\"wp-block-pages-list__item\"><a class=\"wp-block-pages-list__item__link\" href=\"https:\/\/bpplock.pl\/en\/zgoda-na-otrzymywanie-wiadomosci-zwiazanych-z-wydarzeniami-i-wideokonferencjami\/\">Zgoda na otrzymywanie wiadomo\u015bci zwi\u0105zanych z wydarzeniami i wideokonferencjami<\/a><\/li><\/ul>","protected":false},"excerpt":{"rendered":"","protected":false},"author":415,"featured_media":0,"parent":0,"menu_order":0,"comment_status":"closed","ping_status":"closed","template":"","meta":{"_acf_changed":false,"_oasis_is_in_workflow":0,"_oasis_original":0,"inline_featured_image":false,"site-sidebar-layout":"default","site-content-layout":"","ast-site-content-layout":"default","site-content-style":"default","site-sidebar-style":"default","ast-global-header-display":"","ast-banner-title-visibility":"","ast-main-header-display":"","ast-hfb-above-header-display":"","ast-hfb-below-header-display":"","ast-hfb-mobile-header-display":"","site-post-title":"","ast-breadcrumbs-content":"","ast-featured-img":"","footer-sml-layout":"","ast-disable-related-posts":"","theme-transparent-header-meta":"","adv-header-id-meta":"","stick-header-meta":"","header-above-stick-meta":"","header-main-stick-meta":"","header-below-stick-meta":"","astra-migrate-meta-layouts":"default","ast-page-background-enabled":"default","ast-page-background-meta":{"desktop":{"background-color":"","background-image":"","background-repeat":"repeat","background-position":"center center","background-size":"auto","background-attachment":"scroll","background-type":"","background-media":"","overlay-type":"","overlay-color":"","overlay-opacity":"","overlay-gradient":""},"tablet":{"background-color":"","background-image":"","background-repeat":"repeat","background-position":"center center","background-size":"auto","background-attachment":"scroll","background-type":"","background-media":"","overlay-type":"","overlay-color":"","overlay-opacity":"","overlay-gradient":""},"mobile":{"background-color":"","background-image":"","background-repeat":"repeat","background-position":"center center","background-size":"auto","background-attachment":"scroll","background-type":"","background-media":"","overlay-type":"","overlay-color":"","overlay-opacity":"","overlay-gradient":""}},"ast-content-background-meta":{"desktop":{"background-color":"var(--ast-global-color-5)","background-image":"","background-repeat":"repeat","background-position":"center center","background-size":"auto","background-attachment":"scroll","background-type":"","background-media":"","overlay-type":"","overlay-color":"","overlay-opacity":"","overlay-gradient":""},"tablet":{"background-color":"var(--ast-global-color-5)","background-image":"","background-repeat":"repeat","background-position":"center center","background-size":"auto","background-attachment":"scroll","background-type":"","background-media":"","overlay-type":"","overlay-color":"","overlay-opacity":"","overlay-gradient":""},"mobile":{"background-color":"var(--ast-global-color-5)","background-image":"","background-repeat":"repeat","background-position":"center center","background-size":"auto","background-attachment":"scroll","background-type":"","background-media":"","overlay-type":"","overlay-color":"","overlay-opacity":"","overlay-gradient":""}},"_themeisle_gutenberg_block_has_review":false,"footnotes":""},"class_list":["post-4157","page","type-page","status-publish","hentry"],"acf":[],"featured_image_urls_v2":{"full":"","thumbnail":"","medium":"","medium_large":"","large":"","1536x1536":"","2048x2048":"","img-1100-450":"","img-1120-800":"","img-870-440":"","img-850-600":"","img-480-380":"","img-300-225":"","img-540-700":"","img-75-75":"","menu-24x24":"","menu-36x36":"","menu-48x48":"","mailpoet_newsletter_max":""},"post_excerpt_stackable_v2":"<p>Administracja i obs\u0142ugaAktualno\u015bciApplication confirmedCheckCOVID 19 procedureCYBERLEKCJE 3.0Czasopisma prenumerowane 2021Czytelnia i Wydzia\u0142 Informacyjno- BibliograficznyDeclaration of availabilityDYREKTORKADzia\u0142alno\u015b\u0107 i zadaniaEdukacja zdalnaEventsGDPRGromadzenie i opracowanie zbior\u00f3wHistoriaHomeIBUK Libra, filmy instrukta\u017cowe, zestawienia bibliograficzneInformacja o przetwarzaniu danych osobowychInstrukcja korzystania z katalogu IBUK LibraInstrukcja korzystania z katalogu INTEGROjkwKlasy IV-VIII szk\u00f3\u0142 podstawowychKlauzula informacyjna dla Uczestnik\u00f3w\u00a0konferencji ZACZYTAJMY MAZOWSZE MAZOWIECKIE BIBLIOTEKI\u00a0 PEDAGOGICZNE INSPIRUJ\u0104KONFERENCJA MAZOWIECKICH BIBLIOTEK PEDAGOGICZNYCHKonkursyKontaktKonto u\u017cytkownikaKUFEREK PE\u0141EN KSI\u0104\u017bEKlog inMateria\u0142y udost\u0119pnione ca\u0142kowicie bezp\u0142atnie na czas zawieszenia zaj\u0119\u0107 dydaktyczno- wychowawczych w szko\u0142achmkMoje wiadomo\u015bciNadz\u00f3r PedagogicznyNadz\u00f3r pedagogiczny wi\u0119cej artyku\u0142\u00f3wNarz\u0119dzia TIKNasza Ma\u0142a BibliotekaNewsletterNewsletterNewsletterNewsletter regulationsOferty pracyPatroni rokuPatroni rokuPatroni rokuPlatformy i serwisy przydatne w kszta\u0142ceniu na odleg\u0142o\u015b\u0107Potwierdzenie realizacjiPracownia komputerowaPrawa autorskie w czasie pandemiiPrivacy policyProjektyPrzedszkola i klasy I-III szk\u00f3\u0142&hellip;<\/p>\n","category_list_v2":"","author_info_v2":{"name":"idemczuk","url":"https:\/\/bpplock.pl\/en\/author\/idemczuk\/"},"comments_num_v2":"0 comments","_links":{"self":[{"href":"https:\/\/bpplock.pl\/en\/wp-json\/wp\/v2\/pages\/4157","targetHints":{"allow":["GET"]}}],"collection":[{"href":"https:\/\/bpplock.pl\/en\/wp-json\/wp\/v2\/pages"}],"about":[{"href":"https:\/\/bpplock.pl\/en\/wp-json\/wp\/v2\/types\/page"}],"author":[{"embeddable":true,"href":"https:\/\/bpplock.pl\/en\/wp-json\/wp\/v2\/users\/415"}],"replies":[{"embeddable":true,"href":"https:\/\/bpplock.pl\/en\/wp-json\/wp\/v2\/comments?post=4157"}],"version-history":[{"count":0,"href":"https:\/\/bpplock.pl\/en\/wp-json\/wp\/v2\/pages\/4157\/revisions"}],"wp:attachment":[{"href":"https:\/\/bpplock.pl\/en\/wp-json\/wp\/v2\/media?parent=4157"}],"curies":[{"name":"wp","href":"https:\/\/api.w.org\/{rel}","templated":true}]}}