{"id":39685,"date":"2024-08-09T12:15:50","date_gmt":"2024-08-09T10:15:50","guid":{"rendered":"https:\/\/bpplock.pl\/?page_id=39685"},"modified":"2025-06-06T13:57:02","modified_gmt":"2025-06-06T11:57:02","slug":"standardy-ochrony-maloletnich","status":"publish","type":"page","link":"https:\/\/bpplock.pl\/en\/standardy-ochrony-maloletnich\/","title":{"rendered":"Standardy Ochrony Ma\u0142oletnich"},"content":{"rendered":"\n<h3 class=\"wp-block-heading\">Standardy Ochrony Ma\u0142oletnich w Bibliotece Pedagogicznej w P\u0142ocku i Filii w Gostyninie<\/h3>\n\n\n\n<div class=\"wp-block-file\"><a id=\"wp-block-file--media-d0e0cf5c-8ba7-4c28-a42d-0900e44ba1b4\" href=\"https:\/\/bpplock.pl\/wp-content\/uploads\/sites\/12\/2024\/08\/Standardy_Ochrony_Maloletnich.pdf\">Standardy Ochrony Ma\u0142oletnich<\/a><a href=\"https:\/\/bpplock.pl\/wp-content\/uploads\/sites\/12\/2024\/08\/Standardy_Ochrony_Maloletnich.pdf\" class=\"wp-block-file__button wp-element-button\" download aria-describedby=\"wp-block-file--media-d0e0cf5c-8ba7-4c28-a42d-0900e44ba1b4\">Pobierz<\/a><\/div>\n\n\n\n<div class=\"wp-block-file\"><a id=\"wp-block-file--media-324a053a-5dd3-4c99-8dbc-67a4e9ccc58d\" href=\"https:\/\/bpplock.pl\/wp-content\/uploads\/sites\/12\/2025\/06\/Klauzula-informacyjna-2.pdf\">Klauzula informacyjna<\/a><a href=\"https:\/\/bpplock.pl\/wp-content\/uploads\/sites\/12\/2025\/06\/Klauzula-informacyjna-2.pdf\" class=\"wp-block-file__button wp-element-button\" download aria-describedby=\"wp-block-file--media-324a053a-5dd3-4c99-8dbc-67a4e9ccc58d\">Pobierz<\/a><\/div>\n","protected":false},"excerpt":{"rendered":"<p>Standardy Ochrony Ma\u0142oletnich w Bibliotece Pedagogicznej w P\u0142ocku i Filii w Gostyninie<\/p>\n","protected":false},"author":1456,"featured_media":0,"parent":0,"menu_order":0,"comment_status":"closed","ping_status":"closed","template":"","meta":{"_acf_changed":false,"_oasis_is_in_workflow":0,"_oasis_original":0,"inline_featured_image":false,"site-sidebar-layout":"default","site-content-layout":"","ast-site-content-layout":"default","site-content-style":"default","site-sidebar-style":"default","ast-global-header-display":"","ast-banner-title-visibility":"","ast-main-header-display":"","ast-hfb-above-header-display":"","ast-hfb-below-header-display":"","ast-hfb-mobile-header-display":"","site-post-title":"disabled","ast-breadcrumbs-content":"","ast-featured-img":"","footer-sml-layout":"","ast-disable-related-posts":"","theme-transparent-header-meta":"","adv-header-id-meta":"","stick-header-meta":"","header-above-stick-meta":"","header-main-stick-meta":"","header-below-stick-meta":"","astra-migrate-meta-layouts":"set","ast-page-background-enabled":"default","ast-page-background-meta":{"desktop":{"background-color":"","background-image":"","background-repeat":"repeat","background-position":"center center","background-size":"auto","background-attachment":"scroll","background-type":"","background-media":"","overlay-type":"","overlay-color":"","overlay-opacity":"","overlay-gradient":""},"tablet":{"background-color":"","background-image":"","background-repeat":"repeat","background-position":"center center","background-size":"auto","background-attachment":"scroll","background-type":"","background-media":"","overlay-type":"","overlay-color":"","overlay-opacity":"","overlay-gradient":""},"mobile":{"background-color":"","background-image":"","background-repeat":"repeat","background-position":"center center","background-size":"auto","background-attachment":"scroll","background-type":"","background-media":"","overlay-type":"","overlay-color":"","overlay-opacity":"","overlay-gradient":""}},"ast-content-background-meta":{"desktop":{"background-color":"var(--ast-global-color-5)","background-image":"","background-repeat":"repeat","background-position":"center center","background-size":"auto","background-attachment":"scroll","background-type":"","background-media":"","overlay-type":"","overlay-color":"","overlay-opacity":"","overlay-gradient":""},"tablet":{"background-color":"var(--ast-global-color-5)","background-image":"","background-repeat":"repeat","background-position":"center center","background-size":"auto","background-attachment":"scroll","background-type":"","background-media":"","overlay-type":"","overlay-color":"","overlay-opacity":"","overlay-gradient":""},"mobile":{"background-color":"var(--ast-global-color-5)","background-image":"","background-repeat":"repeat","background-position":"center center","background-size":"auto","background-attachment":"scroll","background-type":"","background-media":"","overlay-type":"","overlay-color":"","overlay-opacity":"","overlay-gradient":""}},"_themeisle_gutenberg_block_has_review":false,"footnotes":""},"class_list":["post-39685","page","type-page","status-publish","hentry"],"acf":[],"featured_image_urls_v2":{"full":"","thumbnail":"","medium":"","medium_large":"","large":"","1536x1536":"","2048x2048":"","img-1100-450":"","img-1120-800":"","img-870-440":"","img-850-600":"","img-480-380":"","img-300-225":"","img-540-700":"","img-75-75":"","menu-24x24":"","menu-36x36":"","menu-48x48":"","mailpoet_newsletter_max":""},"post_excerpt_stackable_v2":"<p>Standardy Ochrony Ma\u0142oletnich w Bibliotece Pedagogicznej w P\u0142ocku i Filii w Gostyninie Standardy Ochrony Ma\u0142oletnichPobierz Klauzula informacyjnaPobierz<\/p>\n","category_list_v2":"","author_info_v2":{"name":"michalt","url":"https:\/\/bpplock.pl\/en\/author\/michalt\/"},"comments_num_v2":"0 comments","_links":{"self":[{"href":"https:\/\/bpplock.pl\/en\/wp-json\/wp\/v2\/pages\/39685","targetHints":{"allow":["GET"]}}],"collection":[{"href":"https:\/\/bpplock.pl\/en\/wp-json\/wp\/v2\/pages"}],"about":[{"href":"https:\/\/bpplock.pl\/en\/wp-json\/wp\/v2\/types\/page"}],"author":[{"embeddable":true,"href":"https:\/\/bpplock.pl\/en\/wp-json\/wp\/v2\/users\/1456"}],"replies":[{"embeddable":true,"href":"https:\/\/bpplock.pl\/en\/wp-json\/wp\/v2\/comments?post=39685"}],"version-history":[{"count":22,"href":"https:\/\/bpplock.pl\/en\/wp-json\/wp\/v2\/pages\/39685\/revisions"}],"predecessor-version":[{"id":72445,"href":"https:\/\/bpplock.pl\/en\/wp-json\/wp\/v2\/pages\/39685\/revisions\/72445"}],"wp:attachment":[{"href":"https:\/\/bpplock.pl\/en\/wp-json\/wp\/v2\/media?parent=39685"}],"curies":[{"name":"wp","href":"https:\/\/api.w.org\/{rel}","templated":true}]}}