{"id":3686,"date":"2022-02-22T08:52:36","date_gmt":"2022-02-22T07:52:36","guid":{"rendered":"https:\/\/bpplock.pl\/?page_id=3686"},"modified":"2024-01-31T14:35:01","modified_gmt":"2024-01-31T13:35:01","slug":"klauzula-informacyjna","status":"publish","type":"page","link":"https:\/\/bpplock.pl\/en\/klauzula-informacyjna\/","title":{"rendered":"Informacja o przetwarzaniu danych osobowych"},"content":{"rendered":"\n<p>Szanowni Pa\u0144stwo,<\/p>\n\n\n\n<p>zgodnie z Rozporz\u0105dzeniem Parlamentu Europejskiego i Rady (UE) 2016\/679 z dnia 27 kwietnia 2016 r. w sprawie ochrony os\u00f3b fizycznych w zwi\u0105zku z przetwarzaniem danych osobowych i w sprawie swobodnego przep\u0142ywu takich danych oraz uchylenia dyrektywy 95\/46\/WE (og\u00f3lne rozporz\u0105dzenie o ochronie danych), zwanego dalej RODO, uprzejmie<br>informujemy, \u017ce:<\/p>\n\n\n\n<p>Administratorem Pa\u0144stwa danych osobowych jest Biblioteka Pedagogiczna w P\u0142ocku przy ul. Ga\u0142czy\u0144skiego 26, tel. 24 366-53-70, zwana dalej Administratorem; Administrator prowadzi operacje przetwarzania danych osobowych. Kontakt z inspektorem ochrony danych osobowych u Administratora w sprawach zwi\u0105zanych z przetwarzaniem danych osobowych mo\u017cliwy jest za pomoc\u0105: adresu e-mail: iod@bpplock.pl lub listownie na adres Biblioteka Pedagogiczna w P\u0142ocku, 09-400 P\u0142ock, ul. Ga\u0142czy\u0144skiego 26<\/p>\n\n\n\n<p>Pani\/Pana dane osobowe b\u0119d\u0105 przetwarzane w celu realizacji zada\u0144 i us\u0142ug oferowanych przez bibliotek\u0119 okre\u015blonych w szczeg\u00f3lno\u015bci w ustawie z dnia 27 czerwca 1997 r. o bibliotekach oraz Rozporz\u0105dzeniu Ministra Edukacji Narodowej z dnia 28 lutego 2013 r. w sprawie szczeg\u00f3\u0142owych zasad dzia\u0142ania publicznych bibliotek pedagogicznych.<\/p>\n\n\n\n<p>Podstaw\u0105 przetwarzania Pani\/Pana danych b\u0119dzie:<br>wype\u0142nienie obowi\u0105zku prawnego ci\u0105\u017c\u0105cego na Administratorze (art. 6 ust. 1 lit. c RODO), wykonania zadania realizowanego w interesie publicznym lub w ramach w\u0142adzy publicznej<br>powierzonej Administratorowi (art. 6 ust. 1 lit. e RODO), realizacja zawartych um\u00f3w (art. 6 ust. 1 lit. b RODO).<br>W pozosta\u0142ych przypadkach Pani\/Pana dane osobowe przetwarzane b\u0119d\u0105 na podstawie dobrowolnie wyra\u017conej zgody w zakresie i tre\u015bci zgody (art. 6 ust. 1 lit. a RODO).<\/p>\n\n\n\n<p>Podanie przez Pani\u0105\/Pana danych osobowych w zakresie wynikaj\u0105cym z przepis\u00f3w prawa jest obowi\u0105zkowe. W pozosta\u0142ych przypadkach podanie danych osobowych ma charakter dobrowolny, ale niezb\u0119dny do realizacji celu przetwarzania.<\/p>\n\n\n\n<p>Odbiorcami Pani\/Pana danych osobowych mog\u0105 by\u0107 wy\u0142\u0105cznie podmioty uprawnione do uzyskania danych osobowych na podstawie przepis\u00f3w prawa oraz podmioty realizuj\u0105ce zadania w imieniu Administratora, z kt\u00f3rymi Administrator zawar\u0142 stosowne umowy (np. dostawcy us\u0142ug informatycznych, hostingowych).<br>Posiada Pani\/Pan prawo dost\u0119pu do tre\u015bci swoich danych osobowych oraz z zastrze\u017ceniem przepis\u00f3w prawa do ich sprostowania, usuni\u0119cia lub ograniczenia przetwarzania, prawo do przenoszenia danych, prawo wniesienia sprzeciwu wobec przetwarzania danych.<\/p>\n\n\n\n<p>Posiada Pani\/Pan prawo w ka\u017cdej chwili wycofa\u0107 zgod\u0119 na przetwarzanie danych osobowych w zakresie udzielonej zgody w postaci o\u015bwiadczenia przes\u0142anego na adres e-mail:<br>iod@bpplock.pl. Cofni\u0119cie zgody nie wp\u0142ywa na zgodno\u015b\u0107 z prawem przetwarzania, kt\u00f3rego dokonano na podstawie Pani\/Pana zgody przed jej cofni\u0119ciem.<\/p>\n\n\n\n<p>W przypadku stwierdzenia, \u017ce przetwarzanie Pani\/Pana danych osobowych nast\u0119puje z naruszeniem przepis\u00f3w prawa przys\u0142uguje Pani\/Panu prawo wniesienia skargi do organu<br>nadzorczego, tj. Prezesa Urz\u0119du Ochrony Danych Osobowych, ul. Stawki 2 00-193 Warszawa.<\/p>\n\n\n\n<p>Pani\/Pana dane osobowe nie podlegaj\u0105 zautomatyzowanemu podejmowaniu decyzji, w tym profilowaniu.<\/p>\n\n\n\n<p>Pani\/Pana dane osobowe nie b\u0119d\u0105 przekazywane do pa\u0144stw trzecich ani do organizacji mi\u0119dzynarodowych.<\/p>\n\n\n\n<p>Pani\/Pana dane osobowe b\u0119d\u0105 przetwarzane przez okres niezb\u0119dny do realizacji cel\u00f3w, a po tym czasie przez okres wynikaj\u0105cy z przepis\u00f3w o archiwizacji dokumentacji.<\/p>\n","protected":false},"excerpt":{"rendered":"<p>Szanowni Pa\u0144stwo, zgodnie z Rozporz\u0105dzeniem Parlamentu Europejskiego i Rady (UE) 2016\/679 z dnia 27 kwietnia 2016 r. w sprawie ochrony [&hellip;]<\/p>\n","protected":false},"author":89,"featured_media":0,"parent":0,"menu_order":0,"comment_status":"closed","ping_status":"closed","template":"","meta":{"_acf_changed":false,"_oasis_is_in_workflow":0,"_oasis_original":0,"inline_featured_image":false,"site-sidebar-layout":"default","site-content-layout":"","ast-site-content-layout":"default","site-content-style":"default","site-sidebar-style":"default","ast-global-header-display":"","ast-banner-title-visibility":"","ast-main-header-display":"","ast-hfb-above-header-display":"","ast-hfb-below-header-display":"","ast-hfb-mobile-header-display":"","site-post-title":"","ast-breadcrumbs-content":"","ast-featured-img":"","footer-sml-layout":"","ast-disable-related-posts":"","theme-transparent-header-meta":"","adv-header-id-meta":"","stick-header-meta":"","header-above-stick-meta":"","header-main-stick-meta":"","header-below-stick-meta":"","astra-migrate-meta-layouts":"set","ast-page-background-enabled":"default","ast-page-background-meta":{"desktop":{"background-color":"","background-image":"","background-repeat":"repeat","background-position":"center center","background-size":"auto","background-attachment":"scroll","background-type":"","background-media":"","overlay-type":"","overlay-color":"","overlay-opacity":"","overlay-gradient":""},"tablet":{"background-color":"","background-image":"","background-repeat":"repeat","background-position":"center center","background-size":"auto","background-attachment":"scroll","background-type":"","background-media":"","overlay-type":"","overlay-color":"","overlay-opacity":"","overlay-gradient":""},"mobile":{"background-color":"","background-image":"","background-repeat":"repeat","background-position":"center center","background-size":"auto","background-attachment":"scroll","background-type":"","background-media":"","overlay-type":"","overlay-color":"","overlay-opacity":"","overlay-gradient":""}},"ast-content-background-meta":{"desktop":{"background-color":"var(--ast-global-color-5)","background-image":"","background-repeat":"repeat","background-position":"center center","background-size":"auto","background-attachment":"scroll","background-type":"","background-media":"","overlay-type":"","overlay-color":"","overlay-opacity":"","overlay-gradient":""},"tablet":{"background-color":"var(--ast-global-color-5)","background-image":"","background-repeat":"repeat","background-position":"center center","background-size":"auto","background-attachment":"scroll","background-type":"","background-media":"","overlay-type":"","overlay-color":"","overlay-opacity":"","overlay-gradient":""},"mobile":{"background-color":"var(--ast-global-color-5)","background-image":"","background-repeat":"repeat","background-position":"center center","background-size":"auto","background-attachment":"scroll","background-type":"","background-media":"","overlay-type":"","overlay-color":"","overlay-opacity":"","overlay-gradient":""}},"_themeisle_gutenberg_block_has_review":false,"footnotes":""},"class_list":["post-3686","page","type-page","status-publish","hentry"],"acf":[],"featured_image_urls_v2":{"full":"","thumbnail":"","medium":"","medium_large":"","large":"","1536x1536":"","2048x2048":"","img-1100-450":"","img-1120-800":"","img-870-440":"","img-850-600":"","img-480-380":"","img-300-225":"","img-540-700":"","img-75-75":"","menu-24x24":"","menu-36x36":"","menu-48x48":"","mailpoet_newsletter_max":""},"post_excerpt_stackable_v2":"<p>Szanowni Pa\u0144stwo, zgodnie z Rozporz\u0105dzeniem Parlamentu Europejskiego i Rady (UE) 2016\/679 z dnia 27 kwietnia 2016 r. w sprawie ochrony os\u00f3b fizycznych w zwi\u0105zku z przetwarzaniem danych osobowych i w sprawie swobodnego przep\u0142ywu takich danych oraz uchylenia dyrektywy 95\/46\/WE (og\u00f3lne rozporz\u0105dzenie o ochronie danych), zwanego dalej RODO, uprzejmieinformujemy, \u017ce: Administratorem Pa\u0144stwa danych osobowych jest Biblioteka Pedagogiczna w P\u0142ocku przy ul. Ga\u0142czy\u0144skiego 26, tel. 24 366-53-70, zwana dalej Administratorem; Administrator prowadzi operacje przetwarzania danych osobowych. Kontakt z inspektorem ochrony danych osobowych u Administratora w sprawach zwi\u0105zanych z przetwarzaniem danych osobowych mo\u017cliwy jest za pomoc\u0105: adresu e-mail: iod@bpplock.pl lub listownie na adres&hellip;<\/p>\n","category_list_v2":"","author_info_v2":{"name":"dstolarek","url":"https:\/\/bpplock.pl\/en\/author\/dstolarek\/"},"comments_num_v2":"0 comments","_links":{"self":[{"href":"https:\/\/bpplock.pl\/en\/wp-json\/wp\/v2\/pages\/3686","targetHints":{"allow":["GET"]}}],"collection":[{"href":"https:\/\/bpplock.pl\/en\/wp-json\/wp\/v2\/pages"}],"about":[{"href":"https:\/\/bpplock.pl\/en\/wp-json\/wp\/v2\/types\/page"}],"author":[{"embeddable":true,"href":"https:\/\/bpplock.pl\/en\/wp-json\/wp\/v2\/users\/89"}],"replies":[{"embeddable":true,"href":"https:\/\/bpplock.pl\/en\/wp-json\/wp\/v2\/comments?post=3686"}],"version-history":[{"count":8,"href":"https:\/\/bpplock.pl\/en\/wp-json\/wp\/v2\/pages\/3686\/revisions"}],"predecessor-version":[{"id":17104,"href":"https:\/\/bpplock.pl\/en\/wp-json\/wp\/v2\/pages\/3686\/revisions\/17104"}],"wp:attachment":[{"href":"https:\/\/bpplock.pl\/en\/wp-json\/wp\/v2\/media?parent=3686"}],"curies":[{"name":"wp","href":"https:\/\/api.w.org\/{rel}","templated":true}]}}