{"id":3553,"date":"2022-01-19T13:59:00","date_gmt":"2022-01-19T12:59:00","guid":{"rendered":"https:\/\/bpplock.pl\/moje-wiadomosci\/"},"modified":"2022-10-27T22:29:32","modified_gmt":"2022-10-27T20:29:32","slug":"moje-wiadomosci","status":"publish","type":"page","link":"https:\/\/bpplock.pl\/en\/moje-wiadomosci\/","title":{"rendered":"Moje wiadomo\u015bci"},"content":{"rendered":"<div class=\"\">\r\n    <div class=\"bs_title_block\">\r\n        <h1 class=\"entry-title\">Moje wiadomo\u015bci<\/h1>\r\n    <\/div>\r\n    <div class=\"bs-my-account-post-navigation\" data-current-page-index=\"1\">\r\n        <div class=\"bs-my-account-post-count\">4messages <\/div>\r\n        <div class=\"bs-my-account-post-pages\">\r\n                            <button data-get-page=\"prev\"><img decoding=\"async\" src=\"\/wp-content\/uploads\/2021\/05\/left-arrow.svg\" data-get-page=\"prev\" style=\"pointer-events: none;\" \/><\/button>\r\n                <label> 1 z 1<\/label>\r\n                <button data-get-page=\"next\"><img decoding=\"async\" src=\"\/wp-content\/uploads\/2021\/05\/right-arrow.svg\" data-get-page=\"next\" style=\"pointer-events: none;\" \/><\/button>\r\n                    <\/div>\r\n    <\/div>\r\n    <div class=\"bs-my-account-posts\">\r\n                    <div class=\"bs-questions-page\" data-page-index=\"1\" id=\"bs-my-account-posts-page-1\">\r\n                                                        <div class=\"bs-my-account-single-post unseen\" id=\"1081\" style=\"background-color:#12316859\">\r\n                        <div class=\"bs-my-account-date\">2022-11-17 15:52:56<\/div>\r\n                        <div class=\"bs-my-account-title\">Dodano now\u0105 wiadomo\u015b\u0107 do sprawy MBP.B.Plock.Czasopisma\/2022\/7<\/div>\r\n                        <div class=\"bs-my-account-content\">U\u017cytkownik wys\u0142a\u0142 now\u0105 wiadomo\u015b\u0107 w[...]<\/div>\r\n                        <div class=\"bs-my-account-message\" style=\"display:none\">U\u017cytkownik wys\u0142a\u0142 now\u0105 wiadomo\u015b\u0107 w sprawie <a href=\"https:\/\/bpplock.pl\/mbpesprawa\/2645dcc81a6ddde16125d6a60b14c1f0\">MBP.B.Plock.Czasopisma\/2022\/7<\/a>.<\/div>\r\n                        <button class=\"bs-my-account-details-show\" data-bona-id-notification='1081'> go to the site<\/button>\r\n                        <button class=\"bs-my-account-details-hide\" style=\"display:none\" data-bona-id-notification='1081'>Hide<\/button>\r\n                    <\/div>\r\n                                                        <div class=\"bs-my-account-single-post unseen\" id=\"330\" style=\"background-color:#12316859\">\r\n                        <div class=\"bs-my-account-date\">2022-07-22 14:28:46<\/div>\r\n                        <div class=\"bs-my-account-title\">Dodano now\u0105 wiadomo\u015b\u0107 do sprawy MBP.B.Plock.Czasopisma\/2022\/4<\/div>\r\n                        <div class=\"bs-my-account-content\">U\u017cytkownik wys\u0142a\u0142 now\u0105 wiadomo\u015b\u0107 w[...]<\/div>\r\n                        <div class=\"bs-my-account-message\" style=\"display:none\">U\u017cytkownik wys\u0142a\u0142 now\u0105 wiadomo\u015b\u0107 w sprawie <a href=\"https:\/\/bpplock.pl\/mbpesprawa\/3deabff613338b793308f9bd1be8f07e\">MBP.B.Plock.Czasopisma\/2022\/4<\/a>.<\/div>\r\n                        <button class=\"bs-my-account-details-show\" data-bona-id-notification='330'> go to the site<\/button>\r\n                        <button class=\"bs-my-account-details-hide\" style=\"display:none\" data-bona-id-notification='330'>Hide<\/button>\r\n                    <\/div>\r\n                                                        <div class=\"bs-my-account-single-post \" id=\"318\" style=\"background-color:#12316859\">\r\n                        <div class=\"bs-my-account-date\">2022-07-22 13:46:43<\/div>\r\n                        <div class=\"bs-my-account-title\">Dodano now\u0105 wiadomo\u015b\u0107 do sprawy MBP.B.Plock.Czasopisma\/2022\/2<\/div>\r\n                        <div class=\"bs-my-account-content\">U\u017cytkownik wys\u0142a\u0142 now\u0105 wiadomo\u015b\u0107 w[...]<\/div>\r\n                        <div class=\"bs-my-account-message\" style=\"display:none\">U\u017cytkownik wys\u0142a\u0142 now\u0105 wiadomo\u015b\u0107 w sprawie <a href=\"https:\/\/bpplock.pl\/mbpesprawa\/e0f9439243afabc9b9a863a16a048b56\">MBP.B.Plock.Czasopisma\/2022\/2<\/a>.<\/div>\r\n                        <button class=\"bs-my-account-details-show\" data-bona-id-notification='318'> go to the site<\/button>\r\n                        <button class=\"bs-my-account-details-hide\" style=\"display:none\" data-bona-id-notification='318'>Hide<\/button>\r\n                    <\/div>\r\n                                                        <div class=\"bs-my-account-single-post \" id=\"54\" style=\"background-color:#12316859\">\r\n                        <div class=\"bs-my-account-date\">2022-07-19 14:12:49<\/div>\r\n                        <div class=\"bs-my-account-title\">Dodano now\u0105 wiadomo\u015b\u0107 do sprawy MBP.B.Plock.Wydarzenia\/2022\/30<\/div>\r\n                        <div class=\"bs-my-account-content\">U\u017cytkownik wys\u0142a\u0142 now\u0105 wiadomo\u015b\u0107 w[...]<\/div>\r\n                        <div class=\"bs-my-account-message\" style=\"display:none\">U\u017cytkownik wys\u0142a\u0142 now\u0105 wiadomo\u015b\u0107 w sprawie <a href=\"https:\/\/bpplock.pl\/mbpesprawa\/07a705c908188db6af78f07cc9a20777\">MBP.B.Plock.Wydarzenia\/2022\/30<\/a>.<\/div>\r\n                        <button class=\"bs-my-account-details-show\" data-bona-id-notification='54'> go to the site<\/button>\r\n                        <button class=\"bs-my-account-details-hide\" style=\"display:none\" data-bona-id-notification='54'>Hide<\/button>\r\n                    <\/div>\r\n                            <\/div>\r\n            <\/div>\r\n<\/div>\n","protected":false},"excerpt":{"rendered":"","protected":false},"author":112,"featured_media":0,"parent":0,"menu_order":0,"comment_status":"closed","ping_status":"closed","template":"","meta":{"_acf_changed":false,"_oasis_is_in_workflow":0,"_oasis_original":0,"inline_featured_image":false,"site-sidebar-layout":"default","site-content-layout":"","ast-site-content-layout":"default","site-content-style":"default","site-sidebar-style":"default","ast-global-header-display":"","ast-banner-title-visibility":"","ast-main-header-display":"","ast-hfb-above-header-display":"","ast-hfb-below-header-display":"","ast-hfb-mobile-header-display":"","site-post-title":"","ast-breadcrumbs-content":"","ast-featured-img":"","footer-sml-layout":"","ast-disable-related-posts":"","theme-transparent-header-meta":"","adv-header-id-meta":"","stick-header-meta":"","header-above-stick-meta":"","header-main-stick-meta":"","header-below-stick-meta":"","astra-migrate-meta-layouts":"default","ast-page-background-enabled":"default","ast-page-background-meta":{"desktop":{"background-color":"","background-image":"","background-repeat":"repeat","background-position":"center center","background-size":"auto","background-attachment":"scroll","background-type":"","background-media":"","overlay-type":"","overlay-color":"","overlay-opacity":"","overlay-gradient":""},"tablet":{"background-color":"","background-image":"","background-repeat":"repeat","background-position":"center center","background-size":"auto","background-attachment":"scroll","background-type":"","background-media":"","overlay-type":"","overlay-color":"","overlay-opacity":"","overlay-gradient":""},"mobile":{"background-color":"","background-image":"","background-repeat":"repeat","background-position":"center center","background-size":"auto","background-attachment":"scroll","background-type":"","background-media":"","overlay-type":"","overlay-color":"","overlay-opacity":"","overlay-gradient":""}},"ast-content-background-meta":{"desktop":{"background-color":"var(--ast-global-color-5)","background-image":"","background-repeat":"repeat","background-position":"center center","background-size":"auto","background-attachment":"scroll","background-type":"","background-media":"","overlay-type":"","overlay-color":"","overlay-opacity":"","overlay-gradient":""},"tablet":{"background-color":"var(--ast-global-color-5)","background-image":"","background-repeat":"repeat","background-position":"center center","background-size":"auto","background-attachment":"scroll","background-type":"","background-media":"","overlay-type":"","overlay-color":"","overlay-opacity":"","overlay-gradient":""},"mobile":{"background-color":"var(--ast-global-color-5)","background-image":"","background-repeat":"repeat","background-position":"center center","background-size":"auto","background-attachment":"scroll","background-type":"","background-media":"","overlay-type":"","overlay-color":"","overlay-opacity":"","overlay-gradient":""}},"_themeisle_gutenberg_block_has_review":false,"footnotes":""},"class_list":["post-3553","page","type-page","status-publish","hentry"],"acf":[],"featured_image_urls_v2":{"full":"","thumbnail":"","medium":"","medium_large":"","large":"","1536x1536":"","2048x2048":"","img-1100-450":"","img-1120-800":"","img-870-440":"","img-850-600":"","img-480-380":"","img-300-225":"","img-540-700":"","img-75-75":"","menu-24x24":"","menu-36x36":"","menu-48x48":"","mailpoet_newsletter_max":""},"post_excerpt_stackable_v2":"<p>Moje wiadomo\u015bci 4messages 1 z 1 2022-11-17 15:52:56 Dodano now\u0105 wiadomo\u015b\u0107 do sprawy MBP.B.Plock.Czasopisma\/2022\/7 U\u017cytkownik wys\u0142a\u0142 now\u0105 wiadomo\u015b\u0107 w[&#8230;] U\u017cytkownik wys\u0142a\u0142 now\u0105 wiadomo\u015b\u0107 w sprawie MBP.B.Plock.Czasopisma\/2022\/7. go to the site Hide 2022-07-22 14:28:46 Dodano now\u0105 wiadomo\u015b\u0107 do sprawy MBP.B.Plock.Czasopisma\/2022\/4 U\u017cytkownik wys\u0142a\u0142 now\u0105 wiadomo\u015b\u0107 w[&#8230;] U\u017cytkownik wys\u0142a\u0142 now\u0105 wiadomo\u015b\u0107 w sprawie MBP.B.Plock.Czasopisma\/2022\/4. go to the site Hide 2022-07-22 13:46:43 Dodano now\u0105 wiadomo\u015b\u0107 do sprawy MBP.B.Plock.Czasopisma\/2022\/2 U\u017cytkownik wys\u0142a\u0142 now\u0105 wiadomo\u015b\u0107 w[&#8230;] U\u017cytkownik wys\u0142a\u0142 now\u0105 wiadomo\u015b\u0107 w sprawie MBP.B.Plock.Czasopisma\/2022\/2. go to the site Hide 2022-07-19 14:12:49 Dodano now\u0105 wiadomo\u015b\u0107 do sprawy MBP.B.Plock.Wydarzenia\/2022\/30 U\u017cytkownik wys\u0142a\u0142 now\u0105 wiadomo\u015b\u0107 w[&#8230;] U\u017cytkownik wys\u0142a\u0142 now\u0105 wiadomo\u015b\u0107 w sprawie&hellip;<\/p>\n","category_list_v2":"","author_info_v2":{"name":"Martyna Zalewska","url":"https:\/\/bpplock.pl\/en\/author\/mprzygodzka\/"},"comments_num_v2":"0 comments","_links":{"self":[{"href":"https:\/\/bpplock.pl\/en\/wp-json\/wp\/v2\/pages\/3553","targetHints":{"allow":["GET"]}}],"collection":[{"href":"https:\/\/bpplock.pl\/en\/wp-json\/wp\/v2\/pages"}],"about":[{"href":"https:\/\/bpplock.pl\/en\/wp-json\/wp\/v2\/types\/page"}],"author":[{"embeddable":true,"href":"https:\/\/bpplock.pl\/en\/wp-json\/wp\/v2\/users\/112"}],"replies":[{"embeddable":true,"href":"https:\/\/bpplock.pl\/en\/wp-json\/wp\/v2\/comments?post=3553"}],"version-history":[{"count":2,"href":"https:\/\/bpplock.pl\/en\/wp-json\/wp\/v2\/pages\/3553\/revisions"}],"predecessor-version":[{"id":6425,"href":"https:\/\/bpplock.pl\/en\/wp-json\/wp\/v2\/pages\/3553\/revisions\/6425"}],"wp:attachment":[{"href":"https:\/\/bpplock.pl\/en\/wp-json\/wp\/v2\/media?parent=3553"}],"curies":[{"name":"wp","href":"https:\/\/api.w.org\/{rel}","templated":true}]}}