{"id":3468,"date":"2021-11-26T10:08:26","date_gmt":"2021-11-26T09:08:26","guid":{"rendered":"https:\/\/bpplock.pl\/prawa-autorskie-w-czasie-pandemii\/"},"modified":"2022-10-27T22:29:10","modified_gmt":"2022-10-27T20:29:10","slug":"prawa-autorskie-w-czasie-pandemii","status":"publish","type":"page","link":"https:\/\/bpplock.pl\/en\/prawa-autorskie-w-czasie-pandemii\/","title":{"rendered":"Prawa autorskie w czasie pandemii"},"content":{"rendered":"\n<ul class=\"wp-block-list\"><li><a href=\"https:\/\/bpplock.pl\/wp-content\/uploads\/sites\/12\/2021\/11\/Jak_korzystac_z_zasobow_w_internecie_z_poszanowaniem_prawa_Natalia_Mileszyk.pdf\" target=\"_blank\" rel=\"noreferrer noopener\">Jak korzysta\u0107 z zasob\u00f3w w internecie z poszanowaniem prawa &#8211; Natalia Mileszyk<\/a><\/li><li><a href=\"https:\/\/bpplock.pl\/wp-content\/uploads\/sites\/12\/2021\/11\/Legalna_Kultura_Dorota_Galan_Niedziela.pdf\" target=\"_blank\" rel=\"noreferrer noopener\">Legalna Kultura &#8211; Dorota Ga\u0142an-Niedziela<\/a><\/li><li><a href=\"https:\/\/bpplock.pl\/wp-content\/uploads\/sites\/12\/2021\/11\/Llinki_pytania_i_odpowiedzi.pdf\" target=\"_blank\" rel=\"noreferrer noopener\">Linki &#8211; pytania i odpowiedzi<\/a><\/li><li><a href=\"https:\/\/bpplock.pl\/wp-content\/uploads\/sites\/12\/2021\/11\/Prezentacja_Prawo-autorskie_ze_spotkania_w_Sieci.pdf\" target=\"_blank\" rel=\"noreferrer noopener\">Prawo autorskie w pracy zdalnej bibliotekarza &#8211; prezentacja multimedialna &#8211; baza materia\u0142\u00f3w<\/a><\/li><li><a href=\"https:\/\/bpplock.pl\/wp-content\/uploads\/sites\/12\/2021\/11\/Prawo_autorskie_dla_bibliotek_Natalia-Mileszyk.pdf\" target=\"_blank\" rel=\"noreferrer noopener\">Prawo autorskie dla bibliotek &#8211; Natalia Mileszyk<\/a><\/li><li><a href=\"https:\/\/bpplock.pl\/wp-content\/uploads\/sites\/12\/2021\/11\/linki__z_kanalu_YouTube.pdf\" target=\"_blank\" rel=\"noreferrer noopener\">Wybrane materia\u0142y z kana\u0142u YouTube<\/a><\/li><\/ul>\n\n\n\n<p><\/p>\n","protected":false},"excerpt":{"rendered":"<p>Jak korzysta\u0107 z zasob\u00f3w w internecie z poszanowaniem prawa &#8211; Natalia Mileszyk Legalna Kultura &#8211; Dorota Ga\u0142an-Niedziela Linki &#8211; pytania [&hellip;]<\/p>\n","protected":false},"author":112,"featured_media":0,"parent":0,"menu_order":0,"comment_status":"closed","ping_status":"closed","template":"","meta":{"_acf_changed":false,"_oasis_is_in_workflow":0,"_oasis_original":0,"inline_featured_image":false,"site-sidebar-layout":"default","site-content-layout":"","ast-site-content-layout":"default","site-content-style":"default","site-sidebar-style":"default","ast-global-header-display":"","ast-banner-title-visibility":"","ast-main-header-display":"","ast-hfb-above-header-display":"","ast-hfb-below-header-display":"","ast-hfb-mobile-header-display":"","site-post-title":"","ast-breadcrumbs-content":"","ast-featured-img":"","footer-sml-layout":"","ast-disable-related-posts":"","theme-transparent-header-meta":"","adv-header-id-meta":"","stick-header-meta":"","header-above-stick-meta":"","header-main-stick-meta":"","header-below-stick-meta":"","astra-migrate-meta-layouts":"default","ast-page-background-enabled":"default","ast-page-background-meta":{"desktop":{"background-color":"","background-image":"","background-repeat":"repeat","background-position":"center center","background-size":"auto","background-attachment":"scroll","background-type":"","background-media":"","overlay-type":"","overlay-color":"","overlay-opacity":"","overlay-gradient":""},"tablet":{"background-color":"","background-image":"","background-repeat":"repeat","background-position":"center center","background-size":"auto","background-attachment":"scroll","background-type":"","background-media":"","overlay-type":"","overlay-color":"","overlay-opacity":"","overlay-gradient":""},"mobile":{"background-color":"","background-image":"","background-repeat":"repeat","background-position":"center center","background-size":"auto","background-attachment":"scroll","background-type":"","background-media":"","overlay-type":"","overlay-color":"","overlay-opacity":"","overlay-gradient":""}},"ast-content-background-meta":{"desktop":{"background-color":"var(--ast-global-color-5)","background-image":"","background-repeat":"repeat","background-position":"center center","background-size":"auto","background-attachment":"scroll","background-type":"","background-media":"","overlay-type":"","overlay-color":"","overlay-opacity":"","overlay-gradient":""},"tablet":{"background-color":"var(--ast-global-color-5)","background-image":"","background-repeat":"repeat","background-position":"center center","background-size":"auto","background-attachment":"scroll","background-type":"","background-media":"","overlay-type":"","overlay-color":"","overlay-opacity":"","overlay-gradient":""},"mobile":{"background-color":"var(--ast-global-color-5)","background-image":"","background-repeat":"repeat","background-position":"center center","background-size":"auto","background-attachment":"scroll","background-type":"","background-media":"","overlay-type":"","overlay-color":"","overlay-opacity":"","overlay-gradient":""}},"_themeisle_gutenberg_block_has_review":false,"footnotes":""},"class_list":["post-3468","page","type-page","status-publish","hentry"],"acf":[],"featured_image_urls_v2":{"full":"","thumbnail":"","medium":"","medium_large":"","large":"","1536x1536":"","2048x2048":"","img-1100-450":"","img-1120-800":"","img-870-440":"","img-850-600":"","img-480-380":"","img-300-225":"","img-540-700":"","img-75-75":"","menu-24x24":"","menu-36x36":"","menu-48x48":"","mailpoet_newsletter_max":""},"post_excerpt_stackable_v2":"<p>Jak korzysta\u0107 z zasob\u00f3w w internecie z poszanowaniem prawa &#8211; Natalia MileszykLegalna Kultura &#8211; Dorota Ga\u0142an-NiedzielaLinki &#8211; pytania i odpowiedziPrawo autorskie w pracy zdalnej bibliotekarza &#8211; prezentacja multimedialna &#8211; baza materia\u0142\u00f3wPrawo autorskie dla bibliotek &#8211; Natalia MileszykWybrane materia\u0142y z kana\u0142u YouTube<\/p>\n","category_list_v2":"","author_info_v2":{"name":"Martyna Zalewska","url":"https:\/\/bpplock.pl\/en\/author\/mprzygodzka\/"},"comments_num_v2":"0 comments","_links":{"self":[{"href":"https:\/\/bpplock.pl\/en\/wp-json\/wp\/v2\/pages\/3468","targetHints":{"allow":["GET"]}}],"collection":[{"href":"https:\/\/bpplock.pl\/en\/wp-json\/wp\/v2\/pages"}],"about":[{"href":"https:\/\/bpplock.pl\/en\/wp-json\/wp\/v2\/types\/page"}],"author":[{"embeddable":true,"href":"https:\/\/bpplock.pl\/en\/wp-json\/wp\/v2\/users\/112"}],"replies":[{"embeddable":true,"href":"https:\/\/bpplock.pl\/en\/wp-json\/wp\/v2\/comments?post=3468"}],"version-history":[{"count":1,"href":"https:\/\/bpplock.pl\/en\/wp-json\/wp\/v2\/pages\/3468\/revisions"}],"predecessor-version":[{"id":6377,"href":"https:\/\/bpplock.pl\/en\/wp-json\/wp\/v2\/pages\/3468\/revisions\/6377"}],"wp:attachment":[{"href":"https:\/\/bpplock.pl\/en\/wp-json\/wp\/v2\/media?parent=3468"}],"curies":[{"name":"wp","href":"https:\/\/api.w.org\/{rel}","templated":true}]}}