{"id":3462,"date":"2021-11-26T12:42:50","date_gmt":"2021-11-26T11:42:50","guid":{"rendered":"https:\/\/bpplock.pl\/nadzor-pedagogiczny-wiecej-artykulow\/"},"modified":"2022-10-27T22:29:03","modified_gmt":"2022-10-27T20:29:03","slug":"nadzor-pedagogiczny-wiecej-artykulow","status":"publish","type":"page","link":"https:\/\/bpplock.pl\/en\/nadzor-pedagogiczny-wiecej-artykulow\/","title":{"rendered":"Nadz\u00f3r pedagogiczny wi\u0119cej artyku\u0142\u00f3w"},"content":{"rendered":"\n<h2 class=\"wp-block-heading\">Nadz\u00f3r pedagogiczny 2016\/2017<\/h2>\n\n\n\n<p><a href=\"https:\/\/men.gov.pl\/jakosc-edukacji\/nadzor-pedagogiczny\/podstawowe-kierunki-realizacji-polityki-oswiatowej-panstwa-w-roku-szkolnym-2016_2017.html\" target=\"_blank\" rel=\"noopener\">Podstawowe kierunki realizacji polityki o\u015bwiatowej pa\u0144stwa w roku szkolnym 2016\/2017<\/a><\/p>\n\n\n\n<p><a href=\"http:\/\/www.kuratorium.waw.pl\/pl\/nadzor-pedagogiczny\/plan-nadzoru\" target=\"_blank\" rel=\"noopener\">Plan Nadzoru Pedagogicznego Mazowieckiego Kuratora O\u015bwiaty na rok szkolny 2016\/2017<\/a><\/p>\n\n\n\n<h2 class=\"wp-block-heading\"> Nadz\u00f3r pedagogiczny 2015\/2016<\/h2>\n\n\n\n<p><a href=\"http:\/\/men.gov.pl\/2013-08-03-12-13-58\/1255-podstawowe-kierunki-realizacji-polityki-oswiatowej-panstwa-w-roku-szkolnym-2014-2015\" target=\"_blank\" rel=\"noopener\">Podstawowe kierunki realizacji polityki o\u015bwiatowej pa\u0144stwa w roku szkolnym 2015\/2016<\/a><\/p>\n\n\n\n<p><a href=\"http:\/\/www.kuratorium.waw.pl\/pl\/nadzor-pedagogiczny\/plan-nadzoru\/9003,Plan-Nadzoru-Pedagogicznego-Mazowieckiego-Kuratora-Oswiaty-na-rok-szkolny-201520.html?search=29993956\" target=\"_blank\" rel=\"noopener\">Plan Nadzoru Pedagogicznego Mazowieckiego Kuratora O\u015bwiaty na rok szkolny 2015\/2016<\/a><\/p>\n\n\n\n<h2 class=\"wp-block-heading\"> Nadz\u00f3r pedagogiczny 2014\/2015<\/h2>\n\n\n\n<p><a href=\"http:\/\/men.gov.pl\/index.php\/2013-08-03-12-13-58\/1255-podstawowe-kierunki-realizacji-polityki-oswiatowej-panstwa-w-roku-szkolnym-2014-2015\" target=\"_blank\" rel=\"noopener\">Podstawowe kierunki realizacji polityki o\u015bwiatowej pa\u0144stwa w roku szkolnym 2014\/2015<\/a><\/p>\n\n\n\n<p><a href=\"http:\/\/www.kuratorium.waw.pl\/pl\/informacje\/aktualnosci\/3203,Plan-Nadzoru-Pedagogicznego-Mazowieckiego-Kuratora-Oswiaty-na-rok-szkolny-201420.html?search=29993956\" target=\"_blank\" rel=\"noopener\">Plan Nadzoru Pedagogicznego Mazowieckiego Kuratora O\u015bwiaty na rok szkolny 2014\/2015<\/a><\/p>\n\n\n\n<h2 class=\"wp-block-heading\"> Nadz\u00f3r pedagogiczny 2013\/2014<\/h2>\n\n\n\n<p><a href=\"http:\/\/men.gov.pl\/index.php\/2013-08-03-12-13-58\/292-podstawowe-kierunki-realizacji-polityki-oswiatowej-panstwa-w-roku-szkolnym-2013-2014\" target=\"_blank\" rel=\"noopener\">Podstawowe kierunki realizacji polityki o\u015bwiatowej pa\u0144stwa w roku szkolnym 2013\/2014<\/a><\/p>\n\n\n\n<p><a href=\"http:\/\/www.kuratorium.waw.pl\/pl\/informacje\/aktualnosci\/2955,Plan-Nadzoru-Pedagogicznego-Mazowieckiego-Kuratora-Oswiaty-na-rok-szkolny-201320.html?search=496882\" target=\"_blank\" rel=\"noopener\">Plan Nadzoru Pedagogicznego Mazowieckiego Kuratora O\u015bwiaty na rok szkolny 2013\/2014<\/a><\/p>\n","protected":false},"excerpt":{"rendered":"<p>Nadz\u00f3r pedagogiczny 2016\/2017 Podstawowe kierunki realizacji polityki o\u015bwiatowej pa\u0144stwa w roku szkolnym 2016\/2017 Plan Nadzoru Pedagogicznego Mazowieckiego Kuratora O\u015bwiaty na [&hellip;]<\/p>\n","protected":false},"author":112,"featured_media":0,"parent":0,"menu_order":0,"comment_status":"closed","ping_status":"closed","template":"","meta":{"_acf_changed":false,"_oasis_is_in_workflow":0,"_oasis_original":0,"inline_featured_image":false,"site-sidebar-layout":"default","site-content-layout":"","ast-site-content-layout":"default","site-content-style":"default","site-sidebar-style":"default","ast-global-header-display":"","ast-banner-title-visibility":"","ast-main-header-display":"","ast-hfb-above-header-display":"","ast-hfb-below-header-display":"","ast-hfb-mobile-header-display":"","site-post-title":"","ast-breadcrumbs-content":"","ast-featured-img":"","footer-sml-layout":"","ast-disable-related-posts":"","theme-transparent-header-meta":"","adv-header-id-meta":"","stick-header-meta":"","header-above-stick-meta":"","header-main-stick-meta":"","header-below-stick-meta":"","astra-migrate-meta-layouts":"default","ast-page-background-enabled":"default","ast-page-background-meta":{"desktop":{"background-color":"","background-image":"","background-repeat":"repeat","background-position":"center center","background-size":"auto","background-attachment":"scroll","background-type":"","background-media":"","overlay-type":"","overlay-color":"","overlay-opacity":"","overlay-gradient":""},"tablet":{"background-color":"","background-image":"","background-repeat":"repeat","background-position":"center center","background-size":"auto","background-attachment":"scroll","background-type":"","background-media":"","overlay-type":"","overlay-color":"","overlay-opacity":"","overlay-gradient":""},"mobile":{"background-color":"","background-image":"","background-repeat":"repeat","background-position":"center center","background-size":"auto","background-attachment":"scroll","background-type":"","background-media":"","overlay-type":"","overlay-color":"","overlay-opacity":"","overlay-gradient":""}},"ast-content-background-meta":{"desktop":{"background-color":"var(--ast-global-color-5)","background-image":"","background-repeat":"repeat","background-position":"center center","background-size":"auto","background-attachment":"scroll","background-type":"","background-media":"","overlay-type":"","overlay-color":"","overlay-opacity":"","overlay-gradient":""},"tablet":{"background-color":"var(--ast-global-color-5)","background-image":"","background-repeat":"repeat","background-position":"center center","background-size":"auto","background-attachment":"scroll","background-type":"","background-media":"","overlay-type":"","overlay-color":"","overlay-opacity":"","overlay-gradient":""},"mobile":{"background-color":"var(--ast-global-color-5)","background-image":"","background-repeat":"repeat","background-position":"center center","background-size":"auto","background-attachment":"scroll","background-type":"","background-media":"","overlay-type":"","overlay-color":"","overlay-opacity":"","overlay-gradient":""}},"_themeisle_gutenberg_block_has_review":false,"footnotes":""},"class_list":["post-3462","page","type-page","status-publish","hentry"],"acf":[],"featured_image_urls_v2":{"full":"","thumbnail":"","medium":"","medium_large":"","large":"","1536x1536":"","2048x2048":"","img-1100-450":"","img-1120-800":"","img-870-440":"","img-850-600":"","img-480-380":"","img-300-225":"","img-540-700":"","img-75-75":"","menu-24x24":"","menu-36x36":"","menu-48x48":"","mailpoet_newsletter_max":""},"post_excerpt_stackable_v2":"<p>Nadz\u00f3r pedagogiczny 2016\/2017 Podstawowe kierunki realizacji polityki o\u015bwiatowej pa\u0144stwa w roku szkolnym 2016\/2017 Plan Nadzoru Pedagogicznego Mazowieckiego Kuratora O\u015bwiaty na rok szkolny 2016\/2017 Nadz\u00f3r pedagogiczny 2015\/2016 Podstawowe kierunki realizacji polityki o\u015bwiatowej pa\u0144stwa w roku szkolnym 2015\/2016 Plan Nadzoru Pedagogicznego Mazowieckiego Kuratora O\u015bwiaty na rok szkolny 2015\/2016 Nadz\u00f3r pedagogiczny 2014\/2015 Podstawowe kierunki realizacji polityki o\u015bwiatowej pa\u0144stwa w roku szkolnym 2014\/2015 Plan Nadzoru Pedagogicznego Mazowieckiego Kuratora O\u015bwiaty na rok szkolny 2014\/2015 Nadz\u00f3r pedagogiczny 2013\/2014 Podstawowe kierunki realizacji polityki o\u015bwiatowej pa\u0144stwa w roku szkolnym 2013\/2014 Plan Nadzoru Pedagogicznego Mazowieckiego Kuratora O\u015bwiaty na rok szkolny 2013\/2014<\/p>\n","category_list_v2":"","author_info_v2":{"name":"Martyna Zalewska","url":"https:\/\/bpplock.pl\/en\/author\/mprzygodzka\/"},"comments_num_v2":"0 comments","_links":{"self":[{"href":"https:\/\/bpplock.pl\/en\/wp-json\/wp\/v2\/pages\/3462","targetHints":{"allow":["GET"]}}],"collection":[{"href":"https:\/\/bpplock.pl\/en\/wp-json\/wp\/v2\/pages"}],"about":[{"href":"https:\/\/bpplock.pl\/en\/wp-json\/wp\/v2\/types\/page"}],"author":[{"embeddable":true,"href":"https:\/\/bpplock.pl\/en\/wp-json\/wp\/v2\/users\/112"}],"replies":[{"embeddable":true,"href":"https:\/\/bpplock.pl\/en\/wp-json\/wp\/v2\/comments?post=3462"}],"version-history":[{"count":1,"href":"https:\/\/bpplock.pl\/en\/wp-json\/wp\/v2\/pages\/3462\/revisions"}],"predecessor-version":[{"id":6341,"href":"https:\/\/bpplock.pl\/en\/wp-json\/wp\/v2\/pages\/3462\/revisions\/6341"}],"wp:attachment":[{"href":"https:\/\/bpplock.pl\/en\/wp-json\/wp\/v2\/media?parent=3462"}],"curies":[{"name":"wp","href":"https:\/\/api.w.org\/{rel}","templated":true}]}}