{"id":3446,"date":"2021-11-25T10:27:11","date_gmt":"2021-11-25T09:27:11","guid":{"rendered":"https:\/\/bpplock.pl\/czasopisma-prenumerowane-2021\/"},"modified":"2022-10-27T22:16:12","modified_gmt":"2022-10-27T20:16:12","slug":"czasopisma-prenumerowane-2021","status":"publish","type":"page","link":"https:\/\/bpplock.pl\/en\/czasopisma-prenumerowane-2021\/","title":{"rendered":"Czasopisma prenumerowane 2021"},"content":{"rendered":"\n<h2 class=\"wp-block-heading\"><strong>Czasopisma prenumerowane b\u0105d\u017a otrzymywane przez Bibliotek\u0119 Pedagogiczn\u0105 w P\u0142ocku w\u00a02021 r.<\/strong><\/h2>\n\n\n\n<ol class=\"wp-block-list\"><li>Alkoholizm i Narkomania<\/li><li>Biblioteka w Szkole<\/li><li>Biologia w Szkole<\/li><li>Biuletyn IPN<\/li><li>Bli\u017cej Przedszkola<\/li><li>Charaktery<\/li><li>Chemia w Szkole<\/li><li>Dyrektor Szko\u0142y<\/li><li>Edukacja<\/li><li>Edukacja Doros\u0142ych<\/li><li>Edukacja Wczesnoszkolna<\/li><li>Fizyka w Szkole<\/li><li>Folia Toruniensia<\/li><li>Geografia w Szkole<\/li><li>G\u0142os Nauczycielski<\/li><li>G\u0142os Pedagogiczny<\/li><li>J\u0119zyk Polski w Szkole Podstawowej<\/li><li>J\u0119zyk Polski w Szkole Ponadpodstawowej<\/li><li>Kultura i Edukacja<\/li><li>Kwartalnik Pedagogiczny<\/li><li>Matematyka<\/li><li>Mazowsze. Serce Polski<\/li><li>Mazowsze. Studia Regionalne<\/li><li>Meritum<\/li><li>Nauki ekonomiczne<\/li><li>Niebieska Linia<\/li><li>Niepe\u0142nosprawno\u015b\u0107 i Rehabilitacja<\/li><li>Polonistyka<\/li><li>Poradnik Bibliotekarza<\/li><li>Praca Socjalna<\/li><li>Problemy Opieku\u0144czo- Wychowawcze<\/li><li>Psychologia w Praktyce<\/li><li>Remedium<\/li><li>Serwis Informacyjny Narkomania<\/li><li>Spo\u0142ecze\u0144stwo. Edukacja. J\u0119zyk.<\/li><li>Szko\u0142a Specjalna<\/li><li>\u015awietlica w Szkole<\/li><li>Tygodnik P\u0142ocki<\/li><li>Wiadomo\u015bci Historyczne<\/li><li>Wychowanie Fizyczne i Zdrowotne<\/li><li>Wychowanie Muzyczne<\/li><li>Wychowanie w Przedszkolu<\/li><li>Wychowawca<\/li><li>\u017bycie Szko\u0142y<\/li><\/ol>\n","protected":false},"excerpt":{"rendered":"<p>Czasopisma prenumerowane b\u0105d\u017a otrzymywane przez Bibliotek\u0119 Pedagogiczn\u0105 w P\u0142ocku w\u00a02021 r. Alkoholizm i Narkomania Biblioteka w Szkole Biologia w Szkole [&hellip;]<\/p>\n","protected":false},"author":112,"featured_media":17275,"parent":0,"menu_order":0,"comment_status":"closed","ping_status":"closed","template":"","meta":{"_acf_changed":false,"_oasis_is_in_workflow":0,"_oasis_original":0,"inline_featured_image":false,"site-sidebar-layout":"default","site-content-layout":"","ast-site-content-layout":"default","site-content-style":"default","site-sidebar-style":"default","ast-global-header-display":"","ast-banner-title-visibility":"","ast-main-header-display":"","ast-hfb-above-header-display":"","ast-hfb-below-header-display":"","ast-hfb-mobile-header-display":"","site-post-title":"","ast-breadcrumbs-content":"","ast-featured-img":"","footer-sml-layout":"","ast-disable-related-posts":"","theme-transparent-header-meta":"","adv-header-id-meta":"","stick-header-meta":"","header-above-stick-meta":"","header-main-stick-meta":"","header-below-stick-meta":"","astra-migrate-meta-layouts":"default","ast-page-background-enabled":"default","ast-page-background-meta":{"desktop":{"background-color":"","background-image":"","background-repeat":"repeat","background-position":"center center","background-size":"auto","background-attachment":"scroll","background-type":"","background-media":"","overlay-type":"","overlay-color":"","overlay-opacity":"","overlay-gradient":""},"tablet":{"background-color":"","background-image":"","background-repeat":"repeat","background-position":"center center","background-size":"auto","background-attachment":"scroll","background-type":"","background-media":"","overlay-type":"","overlay-color":"","overlay-opacity":"","overlay-gradient":""},"mobile":{"background-color":"","background-image":"","background-repeat":"repeat","background-position":"center center","background-size":"auto","background-attachment":"scroll","background-type":"","background-media":"","overlay-type":"","overlay-color":"","overlay-opacity":"","overlay-gradient":""}},"ast-content-background-meta":{"desktop":{"background-color":"var(--ast-global-color-5)","background-image":"","background-repeat":"repeat","background-position":"center center","background-size":"auto","background-attachment":"scroll","background-type":"","background-media":"","overlay-type":"","overlay-color":"","overlay-opacity":"","overlay-gradient":""},"tablet":{"background-color":"var(--ast-global-color-5)","background-image":"","background-repeat":"repeat","background-position":"center center","background-size":"auto","background-attachment":"scroll","background-type":"","background-media":"","overlay-type":"","overlay-color":"","overlay-opacity":"","overlay-gradient":""},"mobile":{"background-color":"var(--ast-global-color-5)","background-image":"","background-repeat":"repeat","background-position":"center center","background-size":"auto","background-attachment":"scroll","background-type":"","background-media":"","overlay-type":"","overlay-color":"","overlay-opacity":"","overlay-gradient":""}},"_themeisle_gutenberg_block_has_review":false,"footnotes":""},"class_list":["post-3446","page","type-page","status-publish","has-post-thumbnail","hentry"],"acf":[],"featured_image_urls_v2":{"full":["https:\/\/bpplock.pl\/wp-content\/uploads\/sites\/12\/2024\/02\/konkurs-komiksowy.png",2055,1644,false],"thumbnail":["https:\/\/bpplock.pl\/wp-content\/uploads\/sites\/12\/2024\/02\/konkurs-komiksowy-150x150.png",150,150,true],"medium":["https:\/\/bpplock.pl\/wp-content\/uploads\/sites\/12\/2024\/02\/konkurs-komiksowy-300x240.png",300,240,true],"medium_large":["https:\/\/bpplock.pl\/wp-content\/uploads\/sites\/12\/2024\/02\/konkurs-komiksowy-768x614.png",768,614,true],"large":["https:\/\/bpplock.pl\/wp-content\/uploads\/sites\/12\/2024\/02\/konkurs-komiksowy-1024x819.png",1024,819,true],"1536x1536":["https:\/\/bpplock.pl\/wp-content\/uploads\/sites\/12\/2024\/02\/konkurs-komiksowy-1536x1229.png",1536,1229,true],"2048x2048":["https:\/\/bpplock.pl\/wp-content\/uploads\/sites\/12\/2024\/02\/konkurs-komiksowy-2048x1638.png",2048,1638,true],"img-1100-450":["https:\/\/bpplock.pl\/wp-content\/uploads\/sites\/12\/2024\/02\/konkurs-komiksowy-1100x450.png",1100,450,true],"img-1120-800":["https:\/\/bpplock.pl\/wp-content\/uploads\/sites\/12\/2024\/02\/konkurs-komiksowy-1120x800.png",1120,800,true],"img-870-440":["https:\/\/bpplock.pl\/wp-content\/uploads\/sites\/12\/2024\/02\/konkurs-komiksowy-870x440.png",870,440,true],"img-850-600":["https:\/\/bpplock.pl\/wp-content\/uploads\/sites\/12\/2024\/02\/konkurs-komiksowy-850x600.png",850,600,true],"img-480-380":["https:\/\/bpplock.pl\/wp-content\/uploads\/sites\/12\/2024\/02\/konkurs-komiksowy-480x380.png",480,380,true],"img-300-225":["https:\/\/bpplock.pl\/wp-content\/uploads\/sites\/12\/2024\/02\/konkurs-komiksowy-300x225.png",300,225,true],"img-540-700":["https:\/\/bpplock.pl\/wp-content\/uploads\/sites\/12\/2024\/02\/konkurs-komiksowy-540x700.png",540,700,true],"img-75-75":["https:\/\/bpplock.pl\/wp-content\/uploads\/sites\/12\/2024\/02\/konkurs-komiksowy-75x75.png",75,75,true],"menu-24x24":["https:\/\/bpplock.pl\/wp-content\/uploads\/sites\/12\/2024\/02\/konkurs-komiksowy-24x19.png",24,19,true],"menu-36x36":["https:\/\/bpplock.pl\/wp-content\/uploads\/sites\/12\/2024\/02\/konkurs-komiksowy-36x29.png",36,29,true],"menu-48x48":["https:\/\/bpplock.pl\/wp-content\/uploads\/sites\/12\/2024\/02\/konkurs-komiksowy-48x38.png",48,38,true],"mailpoet_newsletter_max":["https:\/\/bpplock.pl\/wp-content\/uploads\/sites\/12\/2024\/02\/konkurs-komiksowy-1320x1056.png",1320,1056,true]},"post_excerpt_stackable_v2":"<p>Czasopisma prenumerowane b\u0105d\u017a otrzymywane przez Bibliotek\u0119 Pedagogiczn\u0105 w P\u0142ocku w\u00a02021 r. Alkoholizm i NarkomaniaBiblioteka w SzkoleBiologia w SzkoleBiuletyn IPNBli\u017cej PrzedszkolaCharakteryChemia w SzkoleDyrektor Szko\u0142yEdukacjaEdukacja Doros\u0142ychEdukacja WczesnoszkolnaFizyka w SzkoleFolia ToruniensiaGeografia w SzkoleG\u0142os NauczycielskiG\u0142os PedagogicznyJ\u0119zyk Polski w Szkole PodstawowejJ\u0119zyk Polski w Szkole PonadpodstawowejKultura i EdukacjaKwartalnik PedagogicznyMatematykaMazowsze. Serce PolskiMazowsze. Studia RegionalneMeritumNauki ekonomiczneNiebieska LiniaNiepe\u0142nosprawno\u015b\u0107 i RehabilitacjaPolonistykaPoradnik BibliotekarzaPraca SocjalnaProblemy Opieku\u0144czo- WychowawczePsychologia w PraktyceRemediumSerwis Informacyjny NarkomaniaSpo\u0142ecze\u0144stwo. Edukacja. J\u0119zyk.Szko\u0142a Specjalna\u015awietlica w SzkoleTygodnik P\u0142ockiWiadomo\u015bci HistoryczneWychowanie Fizyczne i ZdrowotneWychowanie MuzyczneWychowanie w PrzedszkoluWychowawca\u017bycie Szko\u0142y<\/p>\n","category_list_v2":"","author_info_v2":{"name":"Martyna Zalewska","url":"https:\/\/bpplock.pl\/en\/author\/mprzygodzka\/"},"comments_num_v2":"0 comments","_links":{"self":[{"href":"https:\/\/bpplock.pl\/en\/wp-json\/wp\/v2\/pages\/3446","targetHints":{"allow":["GET"]}}],"collection":[{"href":"https:\/\/bpplock.pl\/en\/wp-json\/wp\/v2\/pages"}],"about":[{"href":"https:\/\/bpplock.pl\/en\/wp-json\/wp\/v2\/types\/page"}],"author":[{"embeddable":true,"href":"https:\/\/bpplock.pl\/en\/wp-json\/wp\/v2\/users\/112"}],"replies":[{"embeddable":true,"href":"https:\/\/bpplock.pl\/en\/wp-json\/wp\/v2\/comments?post=3446"}],"version-history":[{"count":1,"href":"https:\/\/bpplock.pl\/en\/wp-json\/wp\/v2\/pages\/3446\/revisions"}],"predecessor-version":[{"id":6194,"href":"https:\/\/bpplock.pl\/en\/wp-json\/wp\/v2\/pages\/3446\/revisions\/6194"}],"wp:featuredmedia":[{"embeddable":true,"href":"https:\/\/bpplock.pl\/en\/wp-json\/wp\/v2\/media\/17275"}],"wp:attachment":[{"href":"https:\/\/bpplock.pl\/en\/wp-json\/wp\/v2\/media?parent=3446"}],"curies":[{"name":"wp","href":"https:\/\/api.w.org\/{rel}","templated":true}]}}