{"id":3281,"date":"2021-11-25T10:13:56","date_gmt":"2021-11-25T09:13:56","guid":{"rendered":"https:\/\/bpplock.pl\/konkursy\/"},"modified":"2025-09-25T13:09:26","modified_gmt":"2025-09-25T11:09:26","slug":"konkursy","status":"publish","type":"page","link":"https:\/\/bpplock.pl\/en\/konkursy\/","title":{"rendered":"Konkursy"},"content":{"rendered":"\n<p><strong>Konkurs &#8220;Kartka \u015bwi\u0105teczna dla Biblioteki&#8221;<\/strong><\/p>\n\n<p>Zapraszamy do udzia\u0142u w <strong>konkursie plastyczno-graficznym \u201eKartka \u015bwi\u0105teczna dla Biblioteki\u201d<\/strong>.<\/p>\n\n<p>Celem konkursu jest:<\/p>\n\n<ul class=\"wp-block-list\">\n<li>rozwijanie kreatywno\u015bci i umiej\u0119tno\u015bci plastycznych,<\/li>\n\n\n\n<li>tworzenie \u015bwi\u0105tecznej atmosfery,<\/li>\n\n\n\n<li>kultywowanie tradycji bo\u017conarodzeniowych.<\/li>\n<\/ul>\n\n<p>Konkurs skierowany jest do uczni\u00f3w szk\u00f3\u0142 podstawowych z terenu:<\/p>\n\n<ul class=\"wp-block-list\">\n<li>miasta P\u0142ocka,<\/li>\n\n\n\n<li>powiatu p\u0142ockiego,<\/li>\n\n\n\n<li>powiatu gostyni\u0144skiego,<\/li>\n\n\n\n<li>powiatu sierpeckiego.<\/li>\n<\/ul>\n\n<p>Prace b\u0119d\u0105 oceniane w trzech kategoriach wiekowych:<\/p>\n\n<ul class=\"wp-block-list\">\n<li><strong>Klasy I\u2013III<\/strong> \u2013 prace plastyczne wykonane dowoln\u0105 technik\u0105 r\u0119czn\u0105.<\/li>\n\n\n\n<li><strong>Klasy IV\u2013VI<\/strong> \u2013 prace plastyczno-graficzne (mo\u017cna u\u017cy\u0107 program\u00f3w graficznych lub technik tradycyjnych)<\/li>\n\n\n\n<li><strong>Klasy VII\u2013VIII<\/strong> \u2013 prace graficzne<\/li>\n<\/ul>\n\n<p>Prace nale\u017cy dostarczy\u0107 do <strong>28 pa\u017adziernika 2025 r. (wtorek) do godz. 15:00.<\/strong><\/p>\n\n<p>Mo\u017cna je przekaza\u0107:<\/p>\n\n<ul class=\"wp-block-list\">\n<li>osobi\u015bcie<\/li>\n\n\n\n<li>poczt\u0105 na adres: ul. Ga\u0142czy\u0144skiego 26, 09-400 P\u0142ock<\/li>\n\n\n\n<li>mailowo na adres: <a href=\"mailto:agnieszka.krzywda-zgorzelska@bpplock.pl\">agnieszka.krzywda-zgorzelska@bpplock.pl<\/a><\/li>\n<\/ul>\n\n<p>Szczeg\u00f3\u0142y w za\u0142\u0105cznikach:<\/p>\n\n<p><a href=\"https:\/\/bpplock.pl\/wp-content\/uploads\/sites\/12\/2025\/09\/Regulamin-konkursu-Kartka-dla-Biblioteki-1.pdf\">Regulamin<\/a><\/p>\n\n<p><a href=\"https:\/\/bpplock.pl\/wp-content\/uploads\/sites\/12\/2025\/09\/Zalacznik-nr-1-Formularz-zgloszeniowy-1.pdf\">Formularz zg\u0142oszeniowy<\/a><\/p>\n\n<p><a href=\"https:\/\/bpplock.pl\/wp-content\/uploads\/sites\/12\/2025\/09\/Zalacznik-nr-2-Oswiadczenia-uczestnika-1.pdf\">O\u015bwiadczenie uczestnika<\/a><\/p>\n\n<p><a href=\"https:\/\/bpplock.pl\/wp-content\/uploads\/sites\/12\/2025\/09\/Zalacznik-nr-3-Klauzula-informacyjna-1.pdf\">Klauzula informacyjna<\/a><\/p>\n\n<figure class=\"wp-block-gallery has-nested-images columns-default is-cropped wp-block-gallery-1 is-layout-flex wp-block-gallery-is-layout-flex\">\n<figure class=\"wp-block-image size-large\"><img loading=\"lazy\" decoding=\"async\" width=\"1080\" height=\"677\" data-id=\"82423\" src=\"https:\/\/bpplock.pl\/wp-content\/uploads\/sites\/12\/2025\/09\/Konkurs-Kartka-nw-2-e1758798426387.jpg\" alt=\"\" class=\"wp-image-82423\" srcset=\"https:\/\/bpplock.pl\/wp-content\/uploads\/sites\/12\/2025\/09\/Konkurs-Kartka-nw-2-e1758798426387.jpg 1080w, https:\/\/bpplock.pl\/wp-content\/uploads\/sites\/12\/2025\/09\/Konkurs-Kartka-nw-2-e1758798426387-300x188.jpg 300w, https:\/\/bpplock.pl\/wp-content\/uploads\/sites\/12\/2025\/09\/Konkurs-Kartka-nw-2-e1758798426387-1024x642.jpg 1024w, https:\/\/bpplock.pl\/wp-content\/uploads\/sites\/12\/2025\/09\/Konkurs-Kartka-nw-2-e1758798426387-768x481.jpg 768w, https:\/\/bpplock.pl\/wp-content\/uploads\/sites\/12\/2025\/09\/Konkurs-Kartka-nw-2-e1758798426387-24x15.jpg 24w, https:\/\/bpplock.pl\/wp-content\/uploads\/sites\/12\/2025\/09\/Konkurs-Kartka-nw-2-e1758798426387-36x23.jpg 36w, https:\/\/bpplock.pl\/wp-content\/uploads\/sites\/12\/2025\/09\/Konkurs-Kartka-nw-2-e1758798426387-48x30.jpg 48w\" sizes=\"auto, (max-width: 1080px) 100vw, 1080px\" \/><\/figure>\n<\/figure>\n","protected":false},"excerpt":{"rendered":"<p>Konkurs &#8220;Kartka \u015bwi\u0105teczna dla Biblioteki&#8221; Zapraszamy do udzia\u0142u w konkursie plastyczno-graficznym \u201eKartka \u015bwi\u0105teczna dla Biblioteki\u201d. Celem konkursu jest: Konkurs skierowany [&hellip;]<\/p>\n","protected":false},"author":112,"featured_media":82426,"parent":0,"menu_order":0,"comment_status":"closed","ping_status":"closed","template":"","meta":{"_acf_changed":false,"_oasis_is_in_workflow":0,"_oasis_original":0,"inline_featured_image":false,"site-sidebar-layout":"default","site-content-layout":"","ast-site-content-layout":"default","site-content-style":"default","site-sidebar-style":"default","ast-global-header-display":"","ast-banner-title-visibility":"","ast-main-header-display":"","ast-hfb-above-header-display":"","ast-hfb-below-header-display":"","ast-hfb-mobile-header-display":"","site-post-title":"","ast-breadcrumbs-content":"","ast-featured-img":"","footer-sml-layout":"","ast-disable-related-posts":"","theme-transparent-header-meta":"","adv-header-id-meta":"","stick-header-meta":"","header-above-stick-meta":"","header-main-stick-meta":"","header-below-stick-meta":"","astra-migrate-meta-layouts":"default","ast-page-background-enabled":"default","ast-page-background-meta":{"desktop":{"background-color":"","background-image":"","background-repeat":"repeat","background-position":"center center","background-size":"auto","background-attachment":"scroll","background-type":"","background-media":"","overlay-type":"","overlay-color":"","overlay-opacity":"","overlay-gradient":""},"tablet":{"background-color":"","background-image":"","background-repeat":"repeat","background-position":"center center","background-size":"auto","background-attachment":"scroll","background-type":"","background-media":"","overlay-type":"","overlay-color":"","overlay-opacity":"","overlay-gradient":""},"mobile":{"background-color":"","background-image":"","background-repeat":"repeat","background-position":"center center","background-size":"auto","background-attachment":"scroll","background-type":"","background-media":"","overlay-type":"","overlay-color":"","overlay-opacity":"","overlay-gradient":""}},"ast-content-background-meta":{"desktop":{"background-color":"var(--ast-global-color-5)","background-image":"","background-repeat":"repeat","background-position":"center center","background-size":"auto","background-attachment":"scroll","background-type":"","background-media":"","overlay-type":"","overlay-color":"","overlay-opacity":"","overlay-gradient":""},"tablet":{"background-color":"var(--ast-global-color-5)","background-image":"","background-repeat":"repeat","background-position":"center center","background-size":"auto","background-attachment":"scroll","background-type":"","background-media":"","overlay-type":"","overlay-color":"","overlay-opacity":"","overlay-gradient":""},"mobile":{"background-color":"var(--ast-global-color-5)","background-image":"","background-repeat":"repeat","background-position":"center center","background-size":"auto","background-attachment":"scroll","background-type":"","background-media":"","overlay-type":"","overlay-color":"","overlay-opacity":"","overlay-gradient":""}},"_themeisle_gutenberg_block_has_review":false,"footnotes":""},"class_list":["post-3281","page","type-page","status-publish","has-post-thumbnail","hentry"],"acf":[],"featured_image_urls_v2":{"full":["https:\/\/bpplock.pl\/wp-content\/uploads\/sites\/12\/2025\/09\/Konkurs-Kartka-nw-2-e1758798426387.jpg",1080,1350,false],"thumbnail":["https:\/\/bpplock.pl\/wp-content\/uploads\/sites\/12\/2025\/09\/Konkurs-Kartka-nw-2-150x150.jpg",150,150,true],"medium":["https:\/\/bpplock.pl\/wp-content\/uploads\/sites\/12\/2025\/09\/Konkurs-Kartka-nw-2-240x300.jpg",240,300,true],"medium_large":["https:\/\/bpplock.pl\/wp-content\/uploads\/sites\/12\/2025\/09\/Konkurs-Kartka-nw-2-768x960.jpg",768,960,true],"large":["https:\/\/bpplock.pl\/wp-content\/uploads\/sites\/12\/2025\/09\/Konkurs-Kartka-nw-2-819x1024.jpg",819,1024,true],"1536x1536":["https:\/\/bpplock.pl\/wp-content\/uploads\/sites\/12\/2025\/09\/Konkurs-Kartka-nw-2-e1758798426387.jpg",1080,1350,false],"2048x2048":["https:\/\/bpplock.pl\/wp-content\/uploads\/sites\/12\/2025\/09\/Konkurs-Kartka-nw-2-e1758798426387.jpg",1080,1350,false],"img-1100-450":["https:\/\/bpplock.pl\/wp-content\/uploads\/sites\/12\/2025\/09\/Konkurs-Kartka-nw-2-1080x450.jpg",1080,450,true],"img-1120-800":["https:\/\/bpplock.pl\/wp-content\/uploads\/sites\/12\/2025\/09\/Konkurs-Kartka-nw-2-1080x800.jpg",1080,800,true],"img-870-440":["https:\/\/bpplock.pl\/wp-content\/uploads\/sites\/12\/2025\/09\/Konkurs-Kartka-nw-2-870x440.jpg",870,440,true],"img-850-600":["https:\/\/bpplock.pl\/wp-content\/uploads\/sites\/12\/2025\/09\/Konkurs-Kartka-nw-2-850x600.jpg",850,600,true],"img-480-380":["https:\/\/bpplock.pl\/wp-content\/uploads\/sites\/12\/2025\/09\/Konkurs-Kartka-nw-2-480x380.jpg",480,380,true],"img-300-225":["https:\/\/bpplock.pl\/wp-content\/uploads\/sites\/12\/2025\/09\/Konkurs-Kartka-nw-2-300x225.jpg",300,225,true],"img-540-700":["https:\/\/bpplock.pl\/wp-content\/uploads\/sites\/12\/2025\/09\/Konkurs-Kartka-nw-2-540x700.jpg",540,700,true],"img-75-75":["https:\/\/bpplock.pl\/wp-content\/uploads\/sites\/12\/2025\/09\/Konkurs-Kartka-nw-2-75x75.jpg",75,75,true],"menu-24x24":["https:\/\/bpplock.pl\/wp-content\/uploads\/sites\/12\/2025\/09\/Konkurs-Kartka-nw-2-19x24.jpg",19,24,true],"menu-36x36":["https:\/\/bpplock.pl\/wp-content\/uploads\/sites\/12\/2025\/09\/Konkurs-Kartka-nw-2-29x36.jpg",29,36,true],"menu-48x48":["https:\/\/bpplock.pl\/wp-content\/uploads\/sites\/12\/2025\/09\/Konkurs-Kartka-nw-2-38x48.jpg",38,48,true],"mailpoet_newsletter_max":["https:\/\/bpplock.pl\/wp-content\/uploads\/sites\/12\/2025\/09\/Konkurs-Kartka-nw-2-e1758798426387.jpg",1080,1350,false]},"post_excerpt_stackable_v2":"<p>Konkurs &#8220;Kartka \u015bwi\u0105teczna dla Biblioteki&#8221; Zapraszamy do udzia\u0142u w konkursie plastyczno-graficznym \u201eKartka \u015bwi\u0105teczna dla Biblioteki\u201d. Celem konkursu jest: rozwijanie kreatywno\u015bci i umiej\u0119tno\u015bci plastycznych, tworzenie \u015bwi\u0105tecznej atmosfery, kultywowanie tradycji bo\u017conarodzeniowych. Konkurs skierowany jest do uczni\u00f3w szk\u00f3\u0142 podstawowych z terenu: miasta P\u0142ocka, powiatu p\u0142ockiego, powiatu gostyni\u0144skiego, powiatu sierpeckiego. Prace b\u0119d\u0105 oceniane w trzech kategoriach wiekowych: Klasy I\u2013III \u2013 prace plastyczne wykonane dowoln\u0105 technik\u0105 r\u0119czn\u0105. Klasy IV\u2013VI \u2013 prace plastyczno-graficzne (mo\u017cna u\u017cy\u0107 program\u00f3w graficznych lub technik tradycyjnych) Klasy VII\u2013VIII \u2013 prace graficzne Prace nale\u017cy dostarczy\u0107 do 28 pa\u017adziernika 2025 r. (wtorek) do godz. 15:00. Mo\u017cna je przekaza\u0107: osobi\u015bcie poczt\u0105 na adres: ul. Ga\u0142czy\u0144skiego&hellip;<\/p>\n","category_list_v2":"","author_info_v2":{"name":"Martyna Zalewska","url":"https:\/\/bpplock.pl\/en\/author\/mprzygodzka\/"},"comments_num_v2":"0 comments","_links":{"self":[{"href":"https:\/\/bpplock.pl\/en\/wp-json\/wp\/v2\/pages\/3281","targetHints":{"allow":["GET"]}}],"collection":[{"href":"https:\/\/bpplock.pl\/en\/wp-json\/wp\/v2\/pages"}],"about":[{"href":"https:\/\/bpplock.pl\/en\/wp-json\/wp\/v2\/types\/page"}],"author":[{"embeddable":true,"href":"https:\/\/bpplock.pl\/en\/wp-json\/wp\/v2\/users\/112"}],"replies":[{"embeddable":true,"href":"https:\/\/bpplock.pl\/en\/wp-json\/wp\/v2\/comments?post=3281"}],"version-history":[{"count":3,"href":"https:\/\/bpplock.pl\/en\/wp-json\/wp\/v2\/pages\/3281\/revisions"}],"predecessor-version":[{"id":82456,"href":"https:\/\/bpplock.pl\/en\/wp-json\/wp\/v2\/pages\/3281\/revisions\/82456"}],"wp:featuredmedia":[{"embeddable":true,"href":"https:\/\/bpplock.pl\/en\/wp-json\/wp\/v2\/media\/82426"}],"wp:attachment":[{"href":"https:\/\/bpplock.pl\/en\/wp-json\/wp\/v2\/media?parent=3281"}],"curies":[{"name":"wp","href":"https:\/\/api.w.org\/{rel}","templated":true}]}}