{"id":3277,"date":"2021-11-25T10:10:19","date_gmt":"2021-11-25T09:10:19","guid":{"rendered":"https:\/\/bpplock.pl\/patroni-roku\/"},"modified":"2022-10-27T22:29:08","modified_gmt":"2022-10-27T20:29:08","slug":"patroni-roku","status":"publish","type":"page","link":"https:\/\/bpplock.pl\/en\/patroni-roku\/","title":{"rendered":"Patroni roku"},"content":{"rendered":"\n<h2 class=\"wp-block-heading\">Patroni 2021 roku<\/h2>\n\n\n\n<p><strong>Patroni ustanowieni przez Sejm Rzeczypospolitej<\/strong><\/p>\n\n\n\n<ol class=\"wp-block-list\"><li><a href=\"https:\/\/pl.wikipedia.org\/wiki\/Tadeusz_R%C3%B3%C5%BCewicz\" target=\"_blank\" rel=\"noopener\">Tadeusz R\u00f3\u017cewicz (1921-2014)<\/a>&nbsp;&#8211;&nbsp;<a href=\"https:\/\/isap.sejm.gov.pl\/isap.nsf\/download.xsp\/WMP20200001182\/O\/M20201182.pdf\" target=\"_blank\" rel=\"noopener\">Uchwa\u0142a<\/a><\/li><li><a href=\"https:\/\/pl.wikipedia.org\/wiki\/Cyprian_Kamil_Norwid\" target=\"_blank\" rel=\"noopener\">Cyprian Kamil Norwid (1821-1883)&nbsp;<\/a>&#8211;&nbsp;<a href=\"https:\/\/isap.sejm.gov.pl\/isap.nsf\/download.xsp\/WMP20200001163\/O\/M20201163.pdf\" target=\"_blank\" rel=\"noopener\">Uchwa\u0142a<\/a><\/li><li><a href=\"https:\/\/pl.wikipedia.org\/wiki\/Stanis%C5%82aw_Lem\" target=\"_blank\" rel=\"noopener\">Stanis\u0142aw Lem (1921-2006)<\/a>&nbsp;&#8211;&nbsp;<a href=\"https:\/\/isap.sejm.gov.pl\/isap.nsf\/download.xsp\/WMP20200001181\/O\/M20201181.pdf\" target=\"_blank\" rel=\"noopener\">Uchwa\u0142a<\/a><\/li><li><a href=\"https:\/\/pl.wikipedia.org\/wiki\/Krzysztof_Kamil_Baczy%C5%84ski\" target=\"_blank\" rel=\"noopener\">Krzysztof Kamil Baczy\u0144ski (1921-1944)<\/a>&#8211;&nbsp;<a href=\"http:\/\/orka.sejm.gov.pl\/opinie9.nsf\/nazwa\/615_u\/$file\/615_u.pdf\" target=\"_blank\" rel=\"noopener\">Uchwa\u0142a<\/a><\/li><li><a href=\"https:\/\/pl.wikipedia.org\/wiki\/Stefan_Wyszy%C5%84ski\" target=\"_blank\" rel=\"noopener\">Kardyna\u0142 Stefan Wyszy\u0144ski (1901-1981)<\/a>&nbsp;&#8211;<a href=\"https:\/\/isap.sejm.gov.pl\/isap.nsf\/download.xsp\/WMP20200001156\/O\/M20201156.pdf\" target=\"_blank\" rel=\"noopener\">&nbsp;Uchwa\u0142a<\/a><\/li><li><a href=\"https:\/\/pl.wikipedia.org\/wiki\/Konstytucja_3_maja\" target=\"_blank\" rel=\"noopener\">Konstytucja 3 Maja (1791-2021)<\/a>&nbsp;&#8211;&nbsp;<a href=\"https:\/\/isap.sejm.gov.pl\/isap.nsf\/download.xsp\/WMP20200001172\/O\/M20201172.pdf\" target=\"_blank\" rel=\"noopener\">Uchwa\u0142a<\/a><\/li><\/ol>\n\n\n\n<p><strong>Patroni ustanowieni przez Senat Rzeczypospolitej<\/strong><\/p>\n\n\n\n<ol class=\"wp-block-list\"><li><a href=\"https:\/\/pl.wikipedia.org\/wiki\/Stefan_Wyszy%C5%84ski\" target=\"_blank\" rel=\"noopener\">Kardyna\u0142 Stefan Wyszy\u0144ski (1901-1981)<\/a>&nbsp;&#8211;<a href=\"https:\/\/senat.edu.pl\/assets\/Edukacja\/PatroniRoku\/2021\/2021-Rokiem-Prymasa-Tysiaclecia-Stefana-Kardynaa-Wyszyskiego.pdf\" target=\"_blank\" rel=\"noopener\">&nbsp;Uchwa\u0142a<\/a><\/li><li><a href=\"https:\/\/pl.wikipedia.org\/wiki\/Cyprian_Kamil_Norwid\" target=\"_blank\" rel=\"noopener\">Cyprian Kamil Norwid (1821-1883)<\/a>&#8211;&nbsp;<a href=\"https:\/\/senat.edu.pl\/assets\/Edukacja\/PatroniRoku\/2021\/2021-Rokiem-Cypriana-Norwida.pdf\" target=\"_blank\" rel=\"noopener\">Uchwa\u0142a<\/a><\/li><li><a href=\"https:\/\/pl.wikipedia.org\/wiki\/S%C5%82u%C5%BCba_zdrowia\" target=\"_blank\" rel=\"noopener\">Pracownicy ochrony zdrowia<\/a>&nbsp;&#8211;&nbsp;<a href=\"https:\/\/senat.edu.pl\/assets\/Edukacja\/PatroniRoku\/2021\/2021-Rokiem-Pracownikow-Ochrony-Zdrowia.pdf\" target=\"_blank\" rel=\"noopener\">Uchwa\u0142a<\/a><\/li><li><a href=\"https:\/\/pl.wikipedia.org\/wiki\/Powstania_%C5%9Bl%C4%85skie\" target=\"_blank\" rel=\"noopener\">Powstania \u015bl\u0105skie<\/a>&nbsp;&#8211;&nbsp;<a href=\"https:\/\/senat.edu.pl\/assets\/Edukacja\/PatroniRoku\/2021\/2021-Rokiem-Powsta-laskich.pdf\" target=\"_blank\" rel=\"noopener\">Uchwa\u0142a<\/a><\/li><li><a href=\"https:\/\/pl.wikipedia.org\/wiki\/Konstytucja_3_maja\" target=\"_blank\" rel=\"noopener\">Polska tradycja konstytucji (1791-2021)&nbsp;<\/a>&#8211;&nbsp;<a href=\"https:\/\/senat.edu.pl\/assets\/Edukacja\/PatroniRoku\/2021\/2021-Rokiem-Polskiej-Tradycji-Konstytucyjnej.pdf\" target=\"_blank\" rel=\"noopener\">Uchwa\u0142a<\/a><\/li><\/ol>\n\n\n\n<p><strong>Patroni ustanowieni przez Sejmik Wojew\u00f3dztwa Mazowieckiego<\/strong><\/p>\n\n\n\n<ol class=\"wp-block-list\"><li><a href=\"https:\/\/pl.wikipedia.org\/wiki\/Cyprian_Kamil_Norwid\" target=\"_blank\" rel=\"noopener\">Cyprian Kamil Norwid (1821-1883)<\/a>&nbsp;&#8211;&nbsp;<a href=\"https:\/\/www.mazovia.pl\/aktualnosci\/art,8476,patroni-2021-r-na-mazowszu.html\" target=\"_blank\" rel=\"noopener\">Aktualno\u015bci<\/a><\/li><li><a href=\"https:\/\/pl.wikipedia.org\/wiki\/Wojciech_Jastrz%C4%99bowski_(przyrodnik)\" target=\"_blank\" rel=\"noopener\">Wojciech Bogumi\u0142 Jastrz\u0119bowski (1799-1882)<\/a>&nbsp;\u2013&nbsp;<a href=\"https:\/\/www.mazovia.pl\/aktualnosci\/art,8476,patroni-2021-r-na-mazowszu.html\" target=\"_blank\" rel=\"noopener\">Aktualno\u015bci<\/a><\/li><\/ol>\n","protected":false},"excerpt":{"rendered":"<p>Patroni 2021 roku Patroni ustanowieni przez Sejm Rzeczypospolitej Tadeusz R\u00f3\u017cewicz (1921-2014)&nbsp;&#8211;&nbsp;Uchwa\u0142a Cyprian Kamil Norwid (1821-1883)&nbsp;&#8211;&nbsp;Uchwa\u0142a Stanis\u0142aw Lem (1921-2006)&nbsp;&#8211;&nbsp;Uchwa\u0142a Krzysztof Kamil [&hellip;]<\/p>\n","protected":false},"author":112,"featured_media":0,"parent":0,"menu_order":0,"comment_status":"closed","ping_status":"closed","template":"","meta":{"_acf_changed":false,"_oasis_is_in_workflow":0,"_oasis_original":0,"inline_featured_image":false,"site-sidebar-layout":"default","site-content-layout":"","ast-site-content-layout":"default","site-content-style":"default","site-sidebar-style":"default","ast-global-header-display":"","ast-banner-title-visibility":"","ast-main-header-display":"","ast-hfb-above-header-display":"","ast-hfb-below-header-display":"","ast-hfb-mobile-header-display":"","site-post-title":"","ast-breadcrumbs-content":"","ast-featured-img":"","footer-sml-layout":"","ast-disable-related-posts":"","theme-transparent-header-meta":"","adv-header-id-meta":"","stick-header-meta":"","header-above-stick-meta":"","header-main-stick-meta":"","header-below-stick-meta":"","astra-migrate-meta-layouts":"default","ast-page-background-enabled":"default","ast-page-background-meta":{"desktop":{"background-color":"","background-image":"","background-repeat":"repeat","background-position":"center center","background-size":"auto","background-attachment":"scroll","background-type":"","background-media":"","overlay-type":"","overlay-color":"","overlay-opacity":"","overlay-gradient":""},"tablet":{"background-color":"","background-image":"","background-repeat":"repeat","background-position":"center center","background-size":"auto","background-attachment":"scroll","background-type":"","background-media":"","overlay-type":"","overlay-color":"","overlay-opacity":"","overlay-gradient":""},"mobile":{"background-color":"","background-image":"","background-repeat":"repeat","background-position":"center center","background-size":"auto","background-attachment":"scroll","background-type":"","background-media":"","overlay-type":"","overlay-color":"","overlay-opacity":"","overlay-gradient":""}},"ast-content-background-meta":{"desktop":{"background-color":"var(--ast-global-color-5)","background-image":"","background-repeat":"repeat","background-position":"center center","background-size":"auto","background-attachment":"scroll","background-type":"","background-media":"","overlay-type":"","overlay-color":"","overlay-opacity":"","overlay-gradient":""},"tablet":{"background-color":"var(--ast-global-color-5)","background-image":"","background-repeat":"repeat","background-position":"center center","background-size":"auto","background-attachment":"scroll","background-type":"","background-media":"","overlay-type":"","overlay-color":"","overlay-opacity":"","overlay-gradient":""},"mobile":{"background-color":"var(--ast-global-color-5)","background-image":"","background-repeat":"repeat","background-position":"center center","background-size":"auto","background-attachment":"scroll","background-type":"","background-media":"","overlay-type":"","overlay-color":"","overlay-opacity":"","overlay-gradient":""}},"_themeisle_gutenberg_block_has_review":false,"footnotes":""},"class_list":["post-3277","page","type-page","status-publish","hentry"],"acf":[],"featured_image_urls_v2":{"full":"","thumbnail":"","medium":"","medium_large":"","large":"","1536x1536":"","2048x2048":"","img-1100-450":"","img-1120-800":"","img-870-440":"","img-850-600":"","img-480-380":"","img-300-225":"","img-540-700":"","img-75-75":"","menu-24x24":"","menu-36x36":"","menu-48x48":"","mailpoet_newsletter_max":""},"post_excerpt_stackable_v2":"<p>Patroni 2021 roku Patroni ustanowieni przez Sejm Rzeczypospolitej Tadeusz R\u00f3\u017cewicz (1921-2014)&nbsp;&#8211;&nbsp;Uchwa\u0142aCyprian Kamil Norwid (1821-1883)&nbsp;&#8211;&nbsp;Uchwa\u0142aStanis\u0142aw Lem (1921-2006)&nbsp;&#8211;&nbsp;Uchwa\u0142aKrzysztof Kamil Baczy\u0144ski (1921-1944)&#8211;&nbsp;Uchwa\u0142aKardyna\u0142 Stefan Wyszy\u0144ski (1901-1981)&nbsp;&#8211;&nbsp;Uchwa\u0142aKonstytucja 3 Maja (1791-2021)&nbsp;&#8211;&nbsp;Uchwa\u0142a Patroni ustanowieni przez Senat Rzeczypospolitej Kardyna\u0142 Stefan Wyszy\u0144ski (1901-1981)&nbsp;&#8211;&nbsp;Uchwa\u0142aCyprian Kamil Norwid (1821-1883)&#8211;&nbsp;Uchwa\u0142aPracownicy ochrony zdrowia&nbsp;&#8211;&nbsp;Uchwa\u0142aPowstania \u015bl\u0105skie&nbsp;&#8211;&nbsp;Uchwa\u0142aPolska tradycja konstytucji (1791-2021)&nbsp;&#8211;&nbsp;Uchwa\u0142a Patroni ustanowieni przez Sejmik Wojew\u00f3dztwa Mazowieckiego Cyprian Kamil Norwid (1821-1883)&nbsp;&#8211;&nbsp;Aktualno\u015bciWojciech Bogumi\u0142 Jastrz\u0119bowski (1799-1882)&nbsp;\u2013&nbsp;Aktualno\u015bci<\/p>\n","category_list_v2":"","author_info_v2":{"name":"Martyna Zalewska","url":"https:\/\/bpplock.pl\/en\/author\/mprzygodzka\/"},"comments_num_v2":"0 comments","_links":{"self":[{"href":"https:\/\/bpplock.pl\/en\/wp-json\/wp\/v2\/pages\/3277","targetHints":{"allow":["GET"]}}],"collection":[{"href":"https:\/\/bpplock.pl\/en\/wp-json\/wp\/v2\/pages"}],"about":[{"href":"https:\/\/bpplock.pl\/en\/wp-json\/wp\/v2\/types\/page"}],"author":[{"embeddable":true,"href":"https:\/\/bpplock.pl\/en\/wp-json\/wp\/v2\/users\/112"}],"replies":[{"embeddable":true,"href":"https:\/\/bpplock.pl\/en\/wp-json\/wp\/v2\/comments?post=3277"}],"version-history":[{"count":1,"href":"https:\/\/bpplock.pl\/en\/wp-json\/wp\/v2\/pages\/3277\/revisions"}],"predecessor-version":[{"id":6371,"href":"https:\/\/bpplock.pl\/en\/wp-json\/wp\/v2\/pages\/3277\/revisions\/6371"}],"wp:attachment":[{"href":"https:\/\/bpplock.pl\/en\/wp-json\/wp\/v2\/media?parent=3277"}],"curies":[{"name":"wp","href":"https:\/\/api.w.org\/{rel}","templated":true}]}}