{"id":3273,"date":"2021-11-25T10:05:32","date_gmt":"2021-11-25T09:05:32","guid":{"rendered":"https:\/\/bpplock.pl\/edukacja-zdalna\/"},"modified":"2022-10-27T22:17:17","modified_gmt":"2022-10-27T20:17:17","slug":"edukacja-zdalna","status":"publish","type":"page","link":"https:\/\/bpplock.pl\/en\/edukacja-zdalna\/","title":{"rendered":"Edukacja zdalna"},"content":{"rendered":"\n<ul class=\"wp-block-list\"><li><a href=\"https:\/\/bpplock.pl\/platformy-i-serwisy-przydatne-w-ksztalceniu-na-odleglosc\/\">Platformy i serwisy przydatne w kszta\u0142ceniu na odleg\u0142o\u015b\u0107<\/a><\/li><li><a href=\"https:\/\/bpplock.pl\/scenariusze-lekcji-do-wykorzystania-w-edukacji-zdalnej\/\">Scenariusze lekcji do wykorzystania w edukacji zdalnej<\/a><\/li><li><a href=\"https:\/\/bpplock.pl\/ibuk-libra-filmy-instruktazowe-zestawienia-bibliograficzne\/\" target=\"_blank\" rel=\"noreferrer noopener\">IBUK Libra, filmy instrukta\u017cowe, zestawienia bibliograficzne<\/a><\/li><li><a href=\"https:\/\/bpplock.pl\/czasopisma-dla-nauczycieli-ktorych-pelne-tresci-dostepne-sa-on-line\/\">Czasopisma dla nauczycieli, kt\u00f3rych pe\u0142ne teksty dost\u0119pne s\u0105 on-line<\/a><\/li><li><a href=\"https:\/\/bpplock.pl\/wp-content\/uploads\/sites\/12\/2021\/11\/Materialy_online_dla_nauczycieli.pdf\" target=\"_blank\" rel=\"noreferrer noopener\">Otwarte Zasoby Edukacyjne<\/a><\/li><li><a href=\"https:\/\/bpplock.pl\/wp-content\/uploads\/sites\/12\/2021\/11\/Materialy_online_dla_maturzystow.pdf\" target=\"_blank\" rel=\"noreferrer noopener\">Materia\u0142y online dla maturzyst\u00f3w<\/a><\/li><li><a href=\"https:\/\/bpplock.pl\/narzedzia-tik\">Narz\u0119dzia TIK<\/a><\/li><li><a href=\"https:\/\/bpplock.pl\/materialy-udostepnione-calkowicie-bezplatnie-na-czas-zawieszenia-zajec-dydaktyczno-wychowawczych-w-szkolach\/\">Materia\u0142y udost\u0119pnione ca\u0142kowicie bezp\u0142atnie na czas zawieszenia zaj\u0119\u0107 dydaktyczno-wychowawczych w szko\u0142ach.<\/a><\/li><li><a href=\"https:\/\/bpplock.pl\/wp-content\/uploads\/sites\/12\/2021\/11\/Bajkoterapia_koronawirus.pdf\" target=\"_blank\" rel=\"noreferrer noopener\">Bajkoterapia \u2013 Koronawirus<\/a><\/li><li><a href=\"https:\/\/bpplock.pl\/prawa-autorskie-w-czasie-pandemii\/\">Prawa autorskie w czasie pandemii<\/a><\/li><li><a href=\"https:\/\/bpplock.pl\/wp-content\/uploads\/sites\/12\/2021\/11\/Poznaj_magie_Teatrzyku_kamishibai.pdf\" target=\"_blank\" rel=\"noreferrer noopener\">Magia teatrzyku kamishibai<\/a><\/li><li><a href=\"http:\/\/www.mscdn.pl\/mscdn2018\/index.php\/pl\/allcategories-pl-pl\/55-centrum\/czym-sie-zajmujemy\/1210-zostan-w-domu-centrum\" target=\"_blank\" rel=\"noreferrer noopener\">Oferta szkole\u0144 online MSCDN<\/a><\/li><\/ul>\n","protected":false},"excerpt":{"rendered":"<p>Platformy i serwisy przydatne w kszta\u0142ceniu na odleg\u0142o\u015b\u0107 Scenariusze lekcji do wykorzystania w edukacji zdalnej IBUK Libra, filmy instrukta\u017cowe, zestawienia [&hellip;]<\/p>\n","protected":false},"author":112,"featured_media":0,"parent":0,"menu_order":0,"comment_status":"closed","ping_status":"closed","template":"","meta":{"_acf_changed":false,"_oasis_is_in_workflow":0,"_oasis_original":0,"inline_featured_image":false,"site-sidebar-layout":"default","site-content-layout":"","ast-site-content-layout":"default","site-content-style":"default","site-sidebar-style":"default","ast-global-header-display":"","ast-banner-title-visibility":"","ast-main-header-display":"","ast-hfb-above-header-display":"","ast-hfb-below-header-display":"","ast-hfb-mobile-header-display":"","site-post-title":"","ast-breadcrumbs-content":"","ast-featured-img":"","footer-sml-layout":"","ast-disable-related-posts":"","theme-transparent-header-meta":"","adv-header-id-meta":"","stick-header-meta":"","header-above-stick-meta":"","header-main-stick-meta":"","header-below-stick-meta":"","astra-migrate-meta-layouts":"default","ast-page-background-enabled":"default","ast-page-background-meta":{"desktop":{"background-color":"","background-image":"","background-repeat":"repeat","background-position":"center center","background-size":"auto","background-attachment":"scroll","background-type":"","background-media":"","overlay-type":"","overlay-color":"","overlay-opacity":"","overlay-gradient":""},"tablet":{"background-color":"","background-image":"","background-repeat":"repeat","background-position":"center center","background-size":"auto","background-attachment":"scroll","background-type":"","background-media":"","overlay-type":"","overlay-color":"","overlay-opacity":"","overlay-gradient":""},"mobile":{"background-color":"","background-image":"","background-repeat":"repeat","background-position":"center center","background-size":"auto","background-attachment":"scroll","background-type":"","background-media":"","overlay-type":"","overlay-color":"","overlay-opacity":"","overlay-gradient":""}},"ast-content-background-meta":{"desktop":{"background-color":"var(--ast-global-color-5)","background-image":"","background-repeat":"repeat","background-position":"center center","background-size":"auto","background-attachment":"scroll","background-type":"","background-media":"","overlay-type":"","overlay-color":"","overlay-opacity":"","overlay-gradient":""},"tablet":{"background-color":"var(--ast-global-color-5)","background-image":"","background-repeat":"repeat","background-position":"center center","background-size":"auto","background-attachment":"scroll","background-type":"","background-media":"","overlay-type":"","overlay-color":"","overlay-opacity":"","overlay-gradient":""},"mobile":{"background-color":"var(--ast-global-color-5)","background-image":"","background-repeat":"repeat","background-position":"center center","background-size":"auto","background-attachment":"scroll","background-type":"","background-media":"","overlay-type":"","overlay-color":"","overlay-opacity":"","overlay-gradient":""}},"_themeisle_gutenberg_block_has_review":false,"footnotes":""},"class_list":["post-3273","page","type-page","status-publish","hentry"],"acf":[],"featured_image_urls_v2":{"full":"","thumbnail":"","medium":"","medium_large":"","large":"","1536x1536":"","2048x2048":"","img-1100-450":"","img-1120-800":"","img-870-440":"","img-850-600":"","img-480-380":"","img-300-225":"","img-540-700":"","img-75-75":"","menu-24x24":"","menu-36x36":"","menu-48x48":"","mailpoet_newsletter_max":""},"post_excerpt_stackable_v2":"<p>Platformy i serwisy przydatne w kszta\u0142ceniu na odleg\u0142o\u015b\u0107Scenariusze lekcji do wykorzystania w edukacji zdalnejIBUK Libra, filmy instrukta\u017cowe, zestawienia bibliograficzneCzasopisma dla nauczycieli, kt\u00f3rych pe\u0142ne teksty dost\u0119pne s\u0105 on-lineOtwarte Zasoby EdukacyjneMateria\u0142y online dla maturzyst\u00f3wNarz\u0119dzia TIKMateria\u0142y udost\u0119pnione ca\u0142kowicie bezp\u0142atnie na czas zawieszenia zaj\u0119\u0107 dydaktyczno-wychowawczych w szko\u0142ach.Bajkoterapia \u2013 KoronawirusPrawa autorskie w czasie pandemiiMagia teatrzyku kamishibaiOferta szkole\u0144 online MSCDN<\/p>\n","category_list_v2":"","author_info_v2":{"name":"Martyna Zalewska","url":"https:\/\/bpplock.pl\/en\/author\/mprzygodzka\/"},"comments_num_v2":"0 comments","_links":{"self":[{"href":"https:\/\/bpplock.pl\/en\/wp-json\/wp\/v2\/pages\/3273","targetHints":{"allow":["GET"]}}],"collection":[{"href":"https:\/\/bpplock.pl\/en\/wp-json\/wp\/v2\/pages"}],"about":[{"href":"https:\/\/bpplock.pl\/en\/wp-json\/wp\/v2\/types\/page"}],"author":[{"embeddable":true,"href":"https:\/\/bpplock.pl\/en\/wp-json\/wp\/v2\/users\/112"}],"replies":[{"embeddable":true,"href":"https:\/\/bpplock.pl\/en\/wp-json\/wp\/v2\/comments?post=3273"}],"version-history":[{"count":1,"href":"https:\/\/bpplock.pl\/en\/wp-json\/wp\/v2\/pages\/3273\/revisions"}],"predecessor-version":[{"id":6263,"href":"https:\/\/bpplock.pl\/en\/wp-json\/wp\/v2\/pages\/3273\/revisions\/6263"}],"wp:attachment":[{"href":"https:\/\/bpplock.pl\/en\/wp-json\/wp\/v2\/media?parent=3273"}],"curies":[{"name":"wp","href":"https:\/\/api.w.org\/{rel}","templated":true}]}}