{"id":3271,"date":"2021-11-25T10:04:50","date_gmt":"2021-11-25T09:04:50","guid":{"rendered":"https:\/\/bpplock.pl\/sieci-wspolpracy\/"},"modified":"2024-02-01T13:14:36","modified_gmt":"2024-02-01T12:14:36","slug":"sieci-wspolpracy","status":"publish","type":"page","link":"https:\/\/bpplock.pl\/en\/sieci-wspolpracy\/","title":{"rendered":"Sieci wsp\u00f3\u0142pracy"},"content":{"rendered":"\n<p>Zgodnie z Rozporz\u0105dzeniem Ministra Edukacji Narodowej z dnia 28 lutego 2013 r. w sprawie szczeg\u00f3\u0142owych zasad dzia\u0142ania publicznych bibliotek pedagogicznych do zada\u0144 biblioteki nale\u017cy organizowanie i prowadzenie wspomagania:<\/p>\n\n<ul class=\"wp-block-list\">\n<li>szk\u00f3\u0142 i plac\u00f3wek w realizacji zada\u0144 dydaktycznych, wychowawczych i opieku\u0144czych, w tym w wykorzystywaniu technologii informacyjno-komunikacyjnej,<\/li>\n<\/ul>\n\n<ul class=\"wp-block-list\">\n<li>bibliotek szkolnych, w tym w zakresie organizacji i zarz\u0105dzania bibliotek\u0105 szkoln\u0105.<br \/><\/li>\n<\/ul>\n\n<p>Wspomaganie, o kt\u00f3rym mowa polega na:<\/p>\n\n<ul class=\"wp-block-list\">\n<li>zaplanowaniu i przeprowadzeniu w zwi\u0105zku z potrzebami szko\u0142y lub plac\u00f3wki dzia\u0142a\u0144, maj\u0105cych na celu popraw\u0119 jako\u015bci pracy szko\u0142y lub plac\u00f3wki, obejmuj\u0105cych:<\/li>\n<\/ul>\n\n<ul class=\"wp-block-list\">\n<li>pomoc w diagnozowaniu potrzeb szko\u0142y lub plac\u00f3wki,<\/li>\n<\/ul>\n\n<ul class=\"wp-block-list\">\n<li>ustalenie sposob\u00f3w dzia\u0142ania prowadz\u0105cych do zaspokojenia potrzeb szko\u0142y lub plac\u00f3wki,<\/li>\n<\/ul>\n\n<ul class=\"wp-block-list\">\n<li>zaplanowanie form wspomagania i ich realizacj\u0119,<\/li>\n<\/ul>\n\n<ul class=\"wp-block-list\">\n<li>wsp\u00f3ln\u0105 ocen\u0119 efekt\u00f3w realizacji zaplanowanych form wspomagania i opracowanie wniosk\u00f3w z ich realizacji.<\/li>\n<\/ul>\n\n<ul class=\"wp-block-list\">\n<li>organizowaniu i prowadzeniu sieci wsp\u00f3\u0142pracy i samokszta\u0142cenia dla nauczycieli, kt\u00f3rzy w zorganizowany spos\u00f3b wsp\u00f3\u0142pracuj\u0105 ze sob\u0105 w celu doskonalenia swojej pracy, w szczeg\u00f3lno\u015bci przez wymian\u0119 do\u015bwiadcze\u0144.<\/li>\n<\/ul>\n\n<p><span style=\"color: #cf2e2e\" class=\"stk-highlight\">Biblioteka Pedagogiczna proponuje  spotkania w ramach:<\/span><\/p>\n\n<ul class=\"wp-block-list\">\n<li><a href=\"https:\/\/bpplock.pl\/siec-wspolpracy-i-samoksztalcenia-nauczycieli-bibliotekarzy-miedzy-nami-bibliotekarzami\/\">Sieci wsp\u00f3\u0142pracy i samokszta\u0142cenia nauczycieli bibliotekarzy &#8220;Mi\u0119dzy nami bibliotekarzami&#8221;<\/a><\/li>\n<\/ul>\n\n<ul class=\"wp-block-list\">\n<li><a href=\"https:\/\/bpplock.pl\/siec-wspolpracy-i-samoksztalcenia-nauczycieli-tik\/\">Sieci wsp\u00f3\u0142pracy i samokszta\u0142cenia nauczycieli \u201eTIK Cyfrowy Narz\u0119dziownik Nauczyciela\u201d<\/a><\/li>\n<\/ul>\n\n<ul class=\"wp-block-list\">\n<li><a href=\"https:\/\/bpplock.pl\/siec-wspolpracy-i-samoksztalcenia-przedszkola\/\">Sieci wsp\u00f3\u0142pracy i samokszta\u0142cenia nauczycieli wychowania przedszkolnego<\/a><\/li>\n<\/ul>\n\n<p><\/p>\n","protected":false},"excerpt":{"rendered":"<p>Zgodnie z Rozporz\u0105dzeniem Ministra Edukacji Narodowej z dnia 28 lutego 2013 r. w sprawie szczeg\u00f3\u0142owych zasad dzia\u0142ania publicznych bibliotek pedagogicznych [&hellip;]<\/p>\n","protected":false},"author":112,"featured_media":0,"parent":0,"menu_order":0,"comment_status":"closed","ping_status":"closed","template":"","meta":{"_acf_changed":false,"_oasis_is_in_workflow":0,"_oasis_original":0,"inline_featured_image":false,"site-sidebar-layout":"default","site-content-layout":"","ast-site-content-layout":"default","site-content-style":"default","site-sidebar-style":"default","ast-global-header-display":"","ast-banner-title-visibility":"","ast-main-header-display":"","ast-hfb-above-header-display":"","ast-hfb-below-header-display":"","ast-hfb-mobile-header-display":"","site-post-title":"","ast-breadcrumbs-content":"","ast-featured-img":"","footer-sml-layout":"","ast-disable-related-posts":"","theme-transparent-header-meta":"","adv-header-id-meta":"","stick-header-meta":"","header-above-stick-meta":"","header-main-stick-meta":"","header-below-stick-meta":"","astra-migrate-meta-layouts":"default","ast-page-background-enabled":"default","ast-page-background-meta":{"desktop":{"background-color":"","background-image":"","background-repeat":"repeat","background-position":"center center","background-size":"auto","background-attachment":"scroll","background-type":"","background-media":"","overlay-type":"","overlay-color":"","overlay-opacity":"","overlay-gradient":""},"tablet":{"background-color":"","background-image":"","background-repeat":"repeat","background-position":"center center","background-size":"auto","background-attachment":"scroll","background-type":"","background-media":"","overlay-type":"","overlay-color":"","overlay-opacity":"","overlay-gradient":""},"mobile":{"background-color":"","background-image":"","background-repeat":"repeat","background-position":"center center","background-size":"auto","background-attachment":"scroll","background-type":"","background-media":"","overlay-type":"","overlay-color":"","overlay-opacity":"","overlay-gradient":""}},"ast-content-background-meta":{"desktop":{"background-color":"var(--ast-global-color-5)","background-image":"","background-repeat":"repeat","background-position":"center center","background-size":"auto","background-attachment":"scroll","background-type":"","background-media":"","overlay-type":"","overlay-color":"","overlay-opacity":"","overlay-gradient":""},"tablet":{"background-color":"var(--ast-global-color-5)","background-image":"","background-repeat":"repeat","background-position":"center center","background-size":"auto","background-attachment":"scroll","background-type":"","background-media":"","overlay-type":"","overlay-color":"","overlay-opacity":"","overlay-gradient":""},"mobile":{"background-color":"var(--ast-global-color-5)","background-image":"","background-repeat":"repeat","background-position":"center center","background-size":"auto","background-attachment":"scroll","background-type":"","background-media":"","overlay-type":"","overlay-color":"","overlay-opacity":"","overlay-gradient":""}},"_themeisle_gutenberg_block_has_review":false,"footnotes":""},"class_list":["post-3271","page","type-page","status-publish","hentry"],"acf":[],"featured_image_urls_v2":{"full":"","thumbnail":"","medium":"","medium_large":"","large":"","1536x1536":"","2048x2048":"","img-1100-450":"","img-1120-800":"","img-870-440":"","img-850-600":"","img-480-380":"","img-300-225":"","img-540-700":"","img-75-75":"","menu-24x24":"","menu-36x36":"","menu-48x48":"","mailpoet_newsletter_max":""},"post_excerpt_stackable_v2":"<p>Zgodnie z Rozporz\u0105dzeniem Ministra Edukacji Narodowej z dnia 28 lutego 2013 r. w sprawie szczeg\u00f3\u0142owych zasad dzia\u0142ania publicznych bibliotek pedagogicznych do zada\u0144 biblioteki nale\u017cy organizowanie i prowadzenie wspomagania: szk\u00f3\u0142 i plac\u00f3wek w realizacji zada\u0144 dydaktycznych, wychowawczych i opieku\u0144czych, w tym w wykorzystywaniu technologii informacyjno-komunikacyjnej, bibliotek szkolnych, w tym w zakresie organizacji i zarz\u0105dzania bibliotek\u0105 szkoln\u0105. Wspomaganie, o kt\u00f3rym mowa polega na: zaplanowaniu i przeprowadzeniu w zwi\u0105zku z potrzebami szko\u0142y lub plac\u00f3wki dzia\u0142a\u0144, maj\u0105cych na celu popraw\u0119 jako\u015bci pracy szko\u0142y lub plac\u00f3wki, obejmuj\u0105cych: pomoc w diagnozowaniu potrzeb szko\u0142y lub plac\u00f3wki, ustalenie sposob\u00f3w dzia\u0142ania prowadz\u0105cych do zaspokojenia potrzeb szko\u0142y lub plac\u00f3wki, zaplanowanie&hellip;<\/p>\n","category_list_v2":"","author_info_v2":{"name":"Martyna Zalewska","url":"https:\/\/bpplock.pl\/en\/author\/mprzygodzka\/"},"comments_num_v2":"0 comments","_links":{"self":[{"href":"https:\/\/bpplock.pl\/en\/wp-json\/wp\/v2\/pages\/3271","targetHints":{"allow":["GET"]}}],"collection":[{"href":"https:\/\/bpplock.pl\/en\/wp-json\/wp\/v2\/pages"}],"about":[{"href":"https:\/\/bpplock.pl\/en\/wp-json\/wp\/v2\/types\/page"}],"author":[{"embeddable":true,"href":"https:\/\/bpplock.pl\/en\/wp-json\/wp\/v2\/users\/112"}],"replies":[{"embeddable":true,"href":"https:\/\/bpplock.pl\/en\/wp-json\/wp\/v2\/comments?post=3271"}],"version-history":[{"count":4,"href":"https:\/\/bpplock.pl\/en\/wp-json\/wp\/v2\/pages\/3271\/revisions"}],"predecessor-version":[{"id":17449,"href":"https:\/\/bpplock.pl\/en\/wp-json\/wp\/v2\/pages\/3271\/revisions\/17449"}],"wp:attachment":[{"href":"https:\/\/bpplock.pl\/en\/wp-json\/wp\/v2\/media?parent=3271"}],"curies":[{"name":"wp","href":"https:\/\/api.w.org\/{rel}","templated":true}]}}