{"id":3263,"date":"2021-11-25T09:56:42","date_gmt":"2021-11-25T08:56:42","guid":{"rendered":"https:\/\/bpplock.pl\/struktura\/"},"modified":"2022-10-27T22:33:43","modified_gmt":"2022-10-27T20:33:43","slug":"struktura","status":"publish","type":"page","link":"https:\/\/bpplock.pl\/en\/struktura\/","title":{"rendered":"Struktura"},"content":{"rendered":"\n<p>Biblioteka Pedagogiczna w P\u0142ocku jest samodzieln\u0105 jednostk\u0105 organizacyjn\u0105. Bibliotek\u0105 kieruje dyrektor biblioteki wybierany w drodze konkursu og\u0142aszanego przez organ prowadz\u0105cy.<\/p>\n\n\n\n<p>W sk\u0142ad Biblioteki Pedagogicznej w P\u0142ocku wchodz\u0105:<\/p>\n\n\n\n<ul class=\"wp-block-list\"><li>Wypo\u017cyczalnia<\/li><li>Czytelnia i Wydzia\u0142 Informacyjno-Bibliograficzny<\/li><li>Gromadzenie i Opracowanie Zbior\u00f3w<\/li><li>Administracja i Obs\u0142uga<\/li><li>Pracownia Komputerowa<\/li><li>Filia w Gostyninie<\/li><\/ul>\n","protected":false},"excerpt":{"rendered":"<p>Biblioteka Pedagogiczna w P\u0142ocku jest samodzieln\u0105 jednostk\u0105 organizacyjn\u0105. Bibliotek\u0105 kieruje dyrektor biblioteki wybierany w drodze konkursu og\u0142aszanego przez organ prowadz\u0105cy. [&hellip;]<\/p>\n","protected":false},"author":112,"featured_media":0,"parent":0,"menu_order":0,"comment_status":"closed","ping_status":"closed","template":"","meta":{"_acf_changed":false,"_oasis_is_in_workflow":0,"_oasis_original":0,"inline_featured_image":false,"site-sidebar-layout":"default","site-content-layout":"","ast-site-content-layout":"default","site-content-style":"default","site-sidebar-style":"default","ast-global-header-display":"","ast-banner-title-visibility":"","ast-main-header-display":"","ast-hfb-above-header-display":"","ast-hfb-below-header-display":"","ast-hfb-mobile-header-display":"","site-post-title":"","ast-breadcrumbs-content":"","ast-featured-img":"","footer-sml-layout":"","ast-disable-related-posts":"","theme-transparent-header-meta":"","adv-header-id-meta":"","stick-header-meta":"","header-above-stick-meta":"","header-main-stick-meta":"","header-below-stick-meta":"","astra-migrate-meta-layouts":"default","ast-page-background-enabled":"default","ast-page-background-meta":{"desktop":{"background-color":"","background-image":"","background-repeat":"repeat","background-position":"center center","background-size":"auto","background-attachment":"scroll","background-type":"","background-media":"","overlay-type":"","overlay-color":"","overlay-opacity":"","overlay-gradient":""},"tablet":{"background-color":"","background-image":"","background-repeat":"repeat","background-position":"center center","background-size":"auto","background-attachment":"scroll","background-type":"","background-media":"","overlay-type":"","overlay-color":"","overlay-opacity":"","overlay-gradient":""},"mobile":{"background-color":"","background-image":"","background-repeat":"repeat","background-position":"center center","background-size":"auto","background-attachment":"scroll","background-type":"","background-media":"","overlay-type":"","overlay-color":"","overlay-opacity":"","overlay-gradient":""}},"ast-content-background-meta":{"desktop":{"background-color":"var(--ast-global-color-5)","background-image":"","background-repeat":"repeat","background-position":"center center","background-size":"auto","background-attachment":"scroll","background-type":"","background-media":"","overlay-type":"","overlay-color":"","overlay-opacity":"","overlay-gradient":""},"tablet":{"background-color":"var(--ast-global-color-5)","background-image":"","background-repeat":"repeat","background-position":"center center","background-size":"auto","background-attachment":"scroll","background-type":"","background-media":"","overlay-type":"","overlay-color":"","overlay-opacity":"","overlay-gradient":""},"mobile":{"background-color":"var(--ast-global-color-5)","background-image":"","background-repeat":"repeat","background-position":"center center","background-size":"auto","background-attachment":"scroll","background-type":"","background-media":"","overlay-type":"","overlay-color":"","overlay-opacity":"","overlay-gradient":""}},"_themeisle_gutenberg_block_has_review":false,"footnotes":""},"class_list":["post-3263","page","type-page","status-publish","hentry"],"acf":[],"featured_image_urls_v2":{"full":"","thumbnail":"","medium":"","medium_large":"","large":"","1536x1536":"","2048x2048":"","img-1100-450":"","img-1120-800":"","img-870-440":"","img-850-600":"","img-480-380":"","img-300-225":"","img-540-700":"","img-75-75":"","menu-24x24":"","menu-36x36":"","menu-48x48":"","mailpoet_newsletter_max":""},"post_excerpt_stackable_v2":"<p>Biblioteka Pedagogiczna w P\u0142ocku jest samodzieln\u0105 jednostk\u0105 organizacyjn\u0105. Bibliotek\u0105 kieruje dyrektor biblioteki wybierany w drodze konkursu og\u0142aszanego przez organ prowadz\u0105cy. W sk\u0142ad Biblioteki Pedagogicznej w P\u0142ocku wchodz\u0105: Wypo\u017cyczalniaCzytelnia i Wydzia\u0142 Informacyjno-BibliograficznyGromadzenie i Opracowanie Zbior\u00f3wAdministracja i Obs\u0142ugaPracownia KomputerowaFilia w Gostyninie<\/p>\n","category_list_v2":"","author_info_v2":{"name":"Martyna Zalewska","url":"https:\/\/bpplock.pl\/en\/author\/mprzygodzka\/"},"comments_num_v2":"0 comments","_links":{"self":[{"href":"https:\/\/bpplock.pl\/en\/wp-json\/wp\/v2\/pages\/3263","targetHints":{"allow":["GET"]}}],"collection":[{"href":"https:\/\/bpplock.pl\/en\/wp-json\/wp\/v2\/pages"}],"about":[{"href":"https:\/\/bpplock.pl\/en\/wp-json\/wp\/v2\/types\/page"}],"author":[{"embeddable":true,"href":"https:\/\/bpplock.pl\/en\/wp-json\/wp\/v2\/users\/112"}],"replies":[{"embeddable":true,"href":"https:\/\/bpplock.pl\/en\/wp-json\/wp\/v2\/comments?post=3263"}],"version-history":[{"count":1,"href":"https:\/\/bpplock.pl\/en\/wp-json\/wp\/v2\/pages\/3263\/revisions"}],"predecessor-version":[{"id":6503,"href":"https:\/\/bpplock.pl\/en\/wp-json\/wp\/v2\/pages\/3263\/revisions\/6503"}],"wp:attachment":[{"href":"https:\/\/bpplock.pl\/en\/wp-json\/wp\/v2\/media?parent=3263"}],"curies":[{"name":"wp","href":"https:\/\/api.w.org\/{rel}","templated":true}]}}