{"id":13072,"date":"2024-01-15T13:10:51","date_gmt":"2024-01-15T12:10:51","guid":{"rendered":"https:\/\/bpplock.pl\/?page_id=13072"},"modified":"2025-09-11T13:30:31","modified_gmt":"2025-09-11T11:30:31","slug":"siec-wspolpracy-i-samoksztalcenia-przedszkola","status":"publish","type":"page","link":"https:\/\/bpplock.pl\/en\/siec-wspolpracy-i-samoksztalcenia-przedszkola\/","title":{"rendered":"Sie\u0107 wsp\u00f3\u0142pracy i samokszta\u0142cenia nauczycieli wychowania przedszkolnego i edukacji wczesnoszkolnej Edukacyjna Przysta\u0144"},"content":{"rendered":"\n<figure class=\"wp-block-image size-full\"><img loading=\"lazy\" decoding=\"async\" width=\"500\" height=\"500\" src=\"https:\/\/bpplock.pl\/wp-content\/uploads\/sites\/12\/2025\/09\/Edukacyjna-Przystan-popr.png\" alt=\"\" class=\"wp-image-80872\" srcset=\"https:\/\/bpplock.pl\/wp-content\/uploads\/sites\/12\/2025\/09\/Edukacyjna-Przystan-popr.png 500w, https:\/\/bpplock.pl\/wp-content\/uploads\/sites\/12\/2025\/09\/Edukacyjna-Przystan-popr-300x300.png 300w, https:\/\/bpplock.pl\/wp-content\/uploads\/sites\/12\/2025\/09\/Edukacyjna-Przystan-popr-150x150.png 150w, https:\/\/bpplock.pl\/wp-content\/uploads\/sites\/12\/2025\/09\/Edukacyjna-Przystan-popr-75x75.png 75w, https:\/\/bpplock.pl\/wp-content\/uploads\/sites\/12\/2025\/09\/Edukacyjna-Przystan-popr-24x24.png 24w, https:\/\/bpplock.pl\/wp-content\/uploads\/sites\/12\/2025\/09\/Edukacyjna-Przystan-popr-36x36.png 36w, https:\/\/bpplock.pl\/wp-content\/uploads\/sites\/12\/2025\/09\/Edukacyjna-Przystan-popr-48x48.png 48w\" sizes=\"auto, (max-width: 500px) 100vw, 500px\" \/><\/figure>\n\n\n\n<p>Wsp\u00f3\u0142praca i samokszta\u0142cenie nauczycieli wychowania przedszkolnego i edukacji wczesnoszkolnej s\u0105 kluczowe dla podnoszenia jako\u015bci nauczania i dostosowywania si\u0119 do zmian w edukacji. Dzi\u0119ki tym inicjatywom, nauczyciele mog\u0105 lepiej odpowiada\u0107 na potrzeby dzieci, rozwija\u0107 si\u0119 zawodowo i tworzy\u0107 bardziej zaanga\u017cowane i wszechstronne \u015brodowisko edukacyjne.<\/p>\n\n\n\n<p>Celem sieci jest:<\/p>\n\n\n\n<ul class=\"wp-block-list\">\n<li>pozyskiwanie metodycznego i merytorycznego wsparcia ekspert\u00f3w,<\/li>\n\n\n\n<li>doskonalenie warsztatu pracy i poszerzanie kompetencji uczestnik\u00f3w,<\/li>\n\n\n\n<li>wypracowanie nowych rozwi\u0105za\u0144,<\/li>\n\n\n\n<li>nawi\u0105zywanie kontakt\u00f3w i wsp\u00f3\u0142pracy mi\u0119dzy uczestnikami.<\/li>\n<\/ul>\n\n\n\n<p><a><strong><span style=\"color: #000000fc\" class=\"stk-highlight\">Koordynator sieci (obszar: wychowanie przedszkolne)<\/span><\/strong><\/a> Ewelina Stani\u0142ko <br><a><span style=\"color: var(--ast-global-color-1)\" class=\"stk-highlight\"><strong>Kontakt:<\/strong> <\/span><\/a><a href=\"mailto:m.jaroszewska@bpplock.pl\">ewelina.stanilko@bpplock.pl<\/a>, tel.: 24&nbsp;366 53 70 wew.14<\/p>\n\n\n\n<p><a><strong><span style=\"color: #000000fc\" class=\"stk-highlight\">Koordynator sieci (obszar: wychowanie wczesnoszkolne)<\/span><\/strong><\/a> Agnieszka Krzywda-Zgorzelska<br><a><span style=\"color: var(--ast-global-color-1)\" class=\"stk-highlight\"><strong>Kontakt:<\/strong> <\/span><\/a><a href=\"mailto:agnieszka.krzywda-zgorzelska@bpplock.pl\">agnieszka.krzywda-zgorzelska@bpplock.pl<\/a>, tel. tel.: 24&nbsp;366 53 70 wew.13<\/p>\n\n\n\n<p><\/p>\n","protected":false},"excerpt":{"rendered":"<p>Wsp\u00f3\u0142praca i samokszta\u0142cenie nauczycieli wychowania przedszkolnego i edukacji wczesnoszkolnej s\u0105 kluczowe dla podnoszenia jako\u015bci nauczania i dostosowywania si\u0119 do zmian [&hellip;]<\/p>\n","protected":false},"author":1459,"featured_media":80872,"parent":0,"menu_order":0,"comment_status":"closed","ping_status":"closed","template":"","meta":{"_acf_changed":false,"_oasis_is_in_workflow":0,"_oasis_original":0,"inline_featured_image":false,"site-sidebar-layout":"default","site-content-layout":"","ast-site-content-layout":"default","site-content-style":"default","site-sidebar-style":"default","ast-global-header-display":"","ast-banner-title-visibility":"","ast-main-header-display":"","ast-hfb-above-header-display":"","ast-hfb-below-header-display":"","ast-hfb-mobile-header-display":"","site-post-title":"","ast-breadcrumbs-content":"","ast-featured-img":"","footer-sml-layout":"","ast-disable-related-posts":"","theme-transparent-header-meta":"","adv-header-id-meta":"","stick-header-meta":"","header-above-stick-meta":"","header-main-stick-meta":"","header-below-stick-meta":"","astra-migrate-meta-layouts":"set","ast-page-background-enabled":"default","ast-page-background-meta":{"desktop":{"background-color":"","background-image":"","background-repeat":"repeat","background-position":"center center","background-size":"auto","background-attachment":"scroll","background-type":"","background-media":"","overlay-type":"","overlay-color":"","overlay-opacity":"","overlay-gradient":""},"tablet":{"background-color":"","background-image":"","background-repeat":"repeat","background-position":"center center","background-size":"auto","background-attachment":"scroll","background-type":"","background-media":"","overlay-type":"","overlay-color":"","overlay-opacity":"","overlay-gradient":""},"mobile":{"background-color":"","background-image":"","background-repeat":"repeat","background-position":"center center","background-size":"auto","background-attachment":"scroll","background-type":"","background-media":"","overlay-type":"","overlay-color":"","overlay-opacity":"","overlay-gradient":""}},"ast-content-background-meta":{"desktop":{"background-color":"var(--ast-global-color-5)","background-image":"","background-repeat":"repeat","background-position":"center center","background-size":"auto","background-attachment":"scroll","background-type":"","background-media":"","overlay-type":"","overlay-color":"","overlay-opacity":"","overlay-gradient":""},"tablet":{"background-color":"var(--ast-global-color-5)","background-image":"","background-repeat":"repeat","background-position":"center center","background-size":"auto","background-attachment":"scroll","background-type":"","background-media":"","overlay-type":"","overlay-color":"","overlay-opacity":"","overlay-gradient":""},"mobile":{"background-color":"var(--ast-global-color-5)","background-image":"","background-repeat":"repeat","background-position":"center center","background-size":"auto","background-attachment":"scroll","background-type":"","background-media":"","overlay-type":"","overlay-color":"","overlay-opacity":"","overlay-gradient":""}},"_themeisle_gutenberg_block_has_review":false,"footnotes":""},"class_list":["post-13072","page","type-page","status-publish","has-post-thumbnail","hentry"],"acf":[],"featured_image_urls_v2":{"full":["https:\/\/bpplock.pl\/wp-content\/uploads\/sites\/12\/2025\/09\/Edukacyjna-Przystan-popr.png",500,500,false],"thumbnail":["https:\/\/bpplock.pl\/wp-content\/uploads\/sites\/12\/2025\/09\/Edukacyjna-Przystan-popr-150x150.png",150,150,true],"medium":["https:\/\/bpplock.pl\/wp-content\/uploads\/sites\/12\/2025\/09\/Edukacyjna-Przystan-popr-300x300.png",300,300,true],"medium_large":["https:\/\/bpplock.pl\/wp-content\/uploads\/sites\/12\/2025\/09\/Edukacyjna-Przystan-popr.png",500,500,false],"large":["https:\/\/bpplock.pl\/wp-content\/uploads\/sites\/12\/2025\/09\/Edukacyjna-Przystan-popr.png",500,500,false],"1536x1536":["https:\/\/bpplock.pl\/wp-content\/uploads\/sites\/12\/2025\/09\/Edukacyjna-Przystan-popr.png",500,500,false],"2048x2048":["https:\/\/bpplock.pl\/wp-content\/uploads\/sites\/12\/2025\/09\/Edukacyjna-Przystan-popr.png",500,500,false],"img-1100-450":["https:\/\/bpplock.pl\/wp-content\/uploads\/sites\/12\/2025\/09\/Edukacyjna-Przystan-popr-500x450.png",500,450,true],"img-1120-800":["https:\/\/bpplock.pl\/wp-content\/uploads\/sites\/12\/2025\/09\/Edukacyjna-Przystan-popr.png",500,500,false],"img-870-440":["https:\/\/bpplock.pl\/wp-content\/uploads\/sites\/12\/2025\/09\/Edukacyjna-Przystan-popr-500x440.png",500,440,true],"img-850-600":["https:\/\/bpplock.pl\/wp-content\/uploads\/sites\/12\/2025\/09\/Edukacyjna-Przystan-popr.png",500,500,false],"img-480-380":["https:\/\/bpplock.pl\/wp-content\/uploads\/sites\/12\/2025\/09\/Edukacyjna-Przystan-popr-480x380.png",480,380,true],"img-300-225":["https:\/\/bpplock.pl\/wp-content\/uploads\/sites\/12\/2025\/09\/Edukacyjna-Przystan-popr-300x225.png",300,225,true],"img-540-700":["https:\/\/bpplock.pl\/wp-content\/uploads\/sites\/12\/2025\/09\/Edukacyjna-Przystan-popr.png",500,500,false],"img-75-75":["https:\/\/bpplock.pl\/wp-content\/uploads\/sites\/12\/2025\/09\/Edukacyjna-Przystan-popr-75x75.png",75,75,true],"menu-24x24":["https:\/\/bpplock.pl\/wp-content\/uploads\/sites\/12\/2025\/09\/Edukacyjna-Przystan-popr-24x24.png",24,24,true],"menu-36x36":["https:\/\/bpplock.pl\/wp-content\/uploads\/sites\/12\/2025\/09\/Edukacyjna-Przystan-popr-36x36.png",36,36,true],"menu-48x48":["https:\/\/bpplock.pl\/wp-content\/uploads\/sites\/12\/2025\/09\/Edukacyjna-Przystan-popr-48x48.png",48,48,true],"mailpoet_newsletter_max":["https:\/\/bpplock.pl\/wp-content\/uploads\/sites\/12\/2025\/09\/Edukacyjna-Przystan-popr.png",500,500,false]},"post_excerpt_stackable_v2":"<p>Wsp\u00f3\u0142praca i samokszta\u0142cenie nauczycieli wychowania przedszkolnego i edukacji wczesnoszkolnej s\u0105 kluczowe dla podnoszenia jako\u015bci nauczania i dostosowywania si\u0119 do zmian w edukacji. Dzi\u0119ki tym inicjatywom, nauczyciele mog\u0105 lepiej odpowiada\u0107 na potrzeby dzieci, rozwija\u0107 si\u0119 zawodowo i tworzy\u0107 bardziej zaanga\u017cowane i wszechstronne \u015brodowisko edukacyjne. Celem sieci jest: pozyskiwanie metodycznego i merytorycznego wsparcia ekspert\u00f3w, doskonalenie warsztatu pracy i poszerzanie kompetencji uczestnik\u00f3w, wypracowanie nowych rozwi\u0105za\u0144, nawi\u0105zywanie kontakt\u00f3w i wsp\u00f3\u0142pracy mi\u0119dzy uczestnikami. Koordynator sieci (obszar: wychowanie przedszkolne) Ewelina Stani\u0142ko Kontakt: ewelina.stanilko@bpplock.pl, tel.: 24&nbsp;366 53 70 wew.14 Koordynator sieci (obszar: wychowanie wczesnoszkolne) Agnieszka Krzywda-ZgorzelskaKontakt: agnieszka.krzywda-zgorzelska@bpplock.pl, tel. tel.: 24&nbsp;366 53 70 wew.13<\/p>\n","category_list_v2":"","author_info_v2":{"name":"michals","url":"https:\/\/bpplock.pl\/en\/author\/michals\/"},"comments_num_v2":"0 comments","_links":{"self":[{"href":"https:\/\/bpplock.pl\/en\/wp-json\/wp\/v2\/pages\/13072","targetHints":{"allow":["GET"]}}],"collection":[{"href":"https:\/\/bpplock.pl\/en\/wp-json\/wp\/v2\/pages"}],"about":[{"href":"https:\/\/bpplock.pl\/en\/wp-json\/wp\/v2\/types\/page"}],"author":[{"embeddable":true,"href":"https:\/\/bpplock.pl\/en\/wp-json\/wp\/v2\/users\/1459"}],"replies":[{"embeddable":true,"href":"https:\/\/bpplock.pl\/en\/wp-json\/wp\/v2\/comments?post=13072"}],"version-history":[{"count":16,"href":"https:\/\/bpplock.pl\/en\/wp-json\/wp\/v2\/pages\/13072\/revisions"}],"predecessor-version":[{"id":80926,"href":"https:\/\/bpplock.pl\/en\/wp-json\/wp\/v2\/pages\/13072\/revisions\/80926"}],"wp:featuredmedia":[{"embeddable":true,"href":"https:\/\/bpplock.pl\/en\/wp-json\/wp\/v2\/media\/80872"}],"wp:attachment":[{"href":"https:\/\/bpplock.pl\/en\/wp-json\/wp\/v2\/media?parent=13072"}],"curies":[{"name":"wp","href":"https:\/\/api.w.org\/{rel}","templated":true}]}}