{"id":13027,"date":"2024-01-15T11:29:38","date_gmt":"2024-01-15T10:29:38","guid":{"rendered":"https:\/\/bpplock.pl\/?page_id=13027"},"modified":"2025-09-22T11:03:19","modified_gmt":"2025-09-22T09:03:19","slug":"szkoly-ponadpodstawowe-2","status":"publish","type":"page","link":"https:\/\/bpplock.pl\/en\/szkoly-ponadpodstawowe-2\/","title":{"rendered":"Szko\u0142y ponadpodstawowe"},"content":{"rendered":"\n<p><\/p>\n\n\n\n<p><\/p>\n\n\n\n<p><a href=\"https:\/\/bpplock.pl\/wp-content\/uploads\/sites\/12\/2024\/01\/Budowanie-reputacji-w-sieci_pdf.pdf\">Budowanie reputacji w sieci -&gt; wi\u0119cej&#8230;<\/a><\/p>\n\n\n\n<p><a href=\"https:\/\/bpplock.pl\/wp-content\/uploads\/sites\/12\/2024\/01\/Cala-prawda-o-Fake-newsach-i-kawal-racji-o-dezinformacji_pdf.pdf\">Ca\u0142a prawda o Fake newsach i kawa\u0142 racji o dezinformacji -&gt; wi\u0119cej&#8230;<\/a><\/p>\n\n\n\n<p><a href=\"https:\/\/bpplock.pl\/wp-content\/uploads\/sites\/12\/2025\/09\/Mnemotechniki-czyli-sposob-na-przygotowanie-sie-do-sprawdzianow-egzaminow-cz.-1-i-cz.-2.pdf\">Mnemotechniki, czyli spos\u00f3b na przygotowanie si\u0119 do sprawdzian\u00f3w, egzamin\u00f3w cz. 1 i cz. 2<\/a><\/p>\n\n\n\n<p><\/p>\n","protected":false},"excerpt":{"rendered":"<p>Budowanie reputacji w sieci -&gt; wi\u0119cej&#8230; Ca\u0142a prawda o Fake newsach i kawa\u0142 racji o dezinformacji -&gt; wi\u0119cej&#8230; Mnemotechniki, czyli [&hellip;]<\/p>\n","protected":false},"author":1459,"featured_media":0,"parent":0,"menu_order":0,"comment_status":"closed","ping_status":"closed","template":"","meta":{"_acf_changed":false,"_oasis_is_in_workflow":0,"_oasis_original":0,"inline_featured_image":false,"site-sidebar-layout":"default","site-content-layout":"","ast-site-content-layout":"default","site-content-style":"default","site-sidebar-style":"default","ast-global-header-display":"","ast-banner-title-visibility":"","ast-main-header-display":"","ast-hfb-above-header-display":"","ast-hfb-below-header-display":"","ast-hfb-mobile-header-display":"","site-post-title":"","ast-breadcrumbs-content":"","ast-featured-img":"","footer-sml-layout":"","ast-disable-related-posts":"","theme-transparent-header-meta":"","adv-header-id-meta":"","stick-header-meta":"","header-above-stick-meta":"","header-main-stick-meta":"","header-below-stick-meta":"","astra-migrate-meta-layouts":"set","ast-page-background-enabled":"default","ast-page-background-meta":{"desktop":{"background-color":"","background-image":"","background-repeat":"repeat","background-position":"center center","background-size":"auto","background-attachment":"scroll","background-type":"","background-media":"","overlay-type":"","overlay-color":"","overlay-opacity":"","overlay-gradient":""},"tablet":{"background-color":"","background-image":"","background-repeat":"repeat","background-position":"center center","background-size":"auto","background-attachment":"scroll","background-type":"","background-media":"","overlay-type":"","overlay-color":"","overlay-opacity":"","overlay-gradient":""},"mobile":{"background-color":"","background-image":"","background-repeat":"repeat","background-position":"center center","background-size":"auto","background-attachment":"scroll","background-type":"","background-media":"","overlay-type":"","overlay-color":"","overlay-opacity":"","overlay-gradient":""}},"ast-content-background-meta":{"desktop":{"background-color":"var(--ast-global-color-5)","background-image":"","background-repeat":"repeat","background-position":"center center","background-size":"auto","background-attachment":"scroll","background-type":"","background-media":"","overlay-type":"","overlay-color":"","overlay-opacity":"","overlay-gradient":""},"tablet":{"background-color":"var(--ast-global-color-5)","background-image":"","background-repeat":"repeat","background-position":"center center","background-size":"auto","background-attachment":"scroll","background-type":"","background-media":"","overlay-type":"","overlay-color":"","overlay-opacity":"","overlay-gradient":""},"mobile":{"background-color":"var(--ast-global-color-5)","background-image":"","background-repeat":"repeat","background-position":"center center","background-size":"auto","background-attachment":"scroll","background-type":"","background-media":"","overlay-type":"","overlay-color":"","overlay-opacity":"","overlay-gradient":""}},"_themeisle_gutenberg_block_has_review":false,"footnotes":""},"class_list":["post-13027","page","type-page","status-publish","hentry"],"acf":[],"featured_image_urls_v2":{"full":"","thumbnail":"","medium":"","medium_large":"","large":"","1536x1536":"","2048x2048":"","img-1100-450":"","img-1120-800":"","img-870-440":"","img-850-600":"","img-480-380":"","img-300-225":"","img-540-700":"","img-75-75":"","menu-24x24":"","menu-36x36":"","menu-48x48":"","mailpoet_newsletter_max":""},"post_excerpt_stackable_v2":"<p>Budowanie reputacji w sieci -&gt; wi\u0119cej&#8230; Ca\u0142a prawda o Fake newsach i kawa\u0142 racji o dezinformacji -&gt; wi\u0119cej&#8230; Mnemotechniki, czyli spos\u00f3b na przygotowanie si\u0119 do sprawdzian\u00f3w, egzamin\u00f3w cz. 1 i cz. 2<\/p>\n","category_list_v2":"","author_info_v2":{"name":"michals","url":"https:\/\/bpplock.pl\/en\/author\/michals\/"},"comments_num_v2":"0 comments","_links":{"self":[{"href":"https:\/\/bpplock.pl\/en\/wp-json\/wp\/v2\/pages\/13027","targetHints":{"allow":["GET"]}}],"collection":[{"href":"https:\/\/bpplock.pl\/en\/wp-json\/wp\/v2\/pages"}],"about":[{"href":"https:\/\/bpplock.pl\/en\/wp-json\/wp\/v2\/types\/page"}],"author":[{"embeddable":true,"href":"https:\/\/bpplock.pl\/en\/wp-json\/wp\/v2\/users\/1459"}],"replies":[{"embeddable":true,"href":"https:\/\/bpplock.pl\/en\/wp-json\/wp\/v2\/comments?post=13027"}],"version-history":[{"count":38,"href":"https:\/\/bpplock.pl\/en\/wp-json\/wp\/v2\/pages\/13027\/revisions"}],"predecessor-version":[{"id":82000,"href":"https:\/\/bpplock.pl\/en\/wp-json\/wp\/v2\/pages\/13027\/revisions\/82000"}],"wp:attachment":[{"href":"https:\/\/bpplock.pl\/en\/wp-json\/wp\/v2\/media?parent=13027"}],"curies":[{"name":"wp","href":"https:\/\/api.w.org\/{rel}","templated":true}]}}