{"id":13018,"date":"2024-01-15T11:28:02","date_gmt":"2024-01-15T10:28:02","guid":{"rendered":"https:\/\/bpplock.pl\/?page_id=13018"},"modified":"2025-10-14T15:02:37","modified_gmt":"2025-10-14T13:02:37","slug":"klasy-iv-viii-szkol-podstawowych","status":"publish","type":"page","link":"https:\/\/bpplock.pl\/en\/klasy-iv-viii-szkol-podstawowych\/","title":{"rendered":"Klasy IV-VIII szk\u00f3\u0142 podstawowych"},"content":{"rendered":"\n<p><a href=\"https:\/\/bpplock.pl\/wp-content\/uploads\/sites\/12\/2024\/02\/Mnemotechniki-czyli-sposob-na-przygotowanie-sie-do-sprawdzianow-egzaminow-spodstawowa.pdf\" data-type=\"attachment\" data-id=\"17521\">Mnemotechniki, czyli spos\u00f3b na przygotowanie si\u0119 do sprawdzian\u00f3w, egzamin\u00f3w -&gt; wi\u0119cej&#8230;<\/a><\/p>\n\n\n\n<p><a href=\"https:\/\/bpplock.pl\/wp-content\/uploads\/sites\/12\/2025\/09\/Odkrywanie-piekna-jezyka-ojczystego.-Zajecia-tworczej-pracy-ze-slowem.pdf\" data-type=\"link\" data-id=\"https:\/\/bpplock.pl\/wp-content\/uploads\/sites\/12\/2025\/09\/Odkrywanie-piekna-jezyka-ojczystego.-Zajecia-tworczej-pracy-ze-slowem.pdf\">Odkrywanie pi\u0119kna j\u0119zyka ojczystego. Zaj\u0119cia tw\u00f3rczej pracy ze s\u0142owem &#8211; &gt; wi\u0119cej&#8230;<\/a><\/p>\n\n\n\n<p><a href=\"https:\/\/bpplock.pl\/wp-content\/uploads\/sites\/12\/2025\/09\/3zajecia-czytelnicze-z-elementami-biblioterpii-dla-klas-4-6-szkol-podstawowych.pdf\">Zaj\u0119cia czytelnicze z elementami biblioterapii &#8211; &gt; wi\u0119cej&#8230;<\/a><\/p>\n\n\n\n<p><a href=\"https:\/\/bpplock.pl\/wp-content\/uploads\/sites\/12\/2025\/05\/Z-lektura-za-pan-brat.pdf\" data-type=\"link\" data-id=\"https:\/\/bpplock.pl\/wp-content\/uploads\/sites\/12\/2025\/05\/Z-lektura-za-pan-brat.pdf\">Z lektur\u0105 za Pan Brat<\/a><\/p>\n\n\n\n<p><a href=\"https:\/\/bpplock.pl\/wp-content\/uploads\/sites\/12\/2025\/09\/SPR-Informacja-na-strone-biblioteki-Twoja-Przyszlosc-zaczyna-sie-dziasiaj.pdf\" data-type=\"link\" data-id=\"https:\/\/bpplock.pl\/wp-content\/uploads\/sites\/12\/2025\/09\/SPR-Informacja-na-strone-biblioteki-Twoja-Przyszlosc-zaczyna-sie-dziasiaj.pdf\"><strong>Twoja przysz\u0142o\u015b\u0107 zaczyna si\u0119 dzisiaj \u2013 zaj\u0119cia z elementami doradztwa zawodowego<\/strong> &#8211; &gt; <strong>wi\u0119cej&#8230;<\/strong><\/a><\/p>\n\n\n\n<p><strong><span style=\"color: #000000\" class=\"stk-highlight\"><a href=\"https:\/\/bpplock.pl\/wp-content\/uploads\/sites\/12\/2025\/10\/Na-strone-roboty.pdf\">Czytam, sk\u0142adam, programuj\u0119 -&gt; wi\u0119cej&#8230;<\/a><\/span><\/strong><\/p>\n\n\n\n<p><\/p>\n","protected":false},"excerpt":{"rendered":"<p>Mnemotechniki, czyli spos\u00f3b na przygotowanie si\u0119 do sprawdzian\u00f3w, egzamin\u00f3w -&gt; wi\u0119cej&#8230; Odkrywanie pi\u0119kna j\u0119zyka ojczystego. Zaj\u0119cia tw\u00f3rczej pracy ze s\u0142owem [&hellip;]<\/p>\n","protected":false},"author":1459,"featured_media":0,"parent":0,"menu_order":0,"comment_status":"closed","ping_status":"closed","template":"","meta":{"_acf_changed":false,"_oasis_is_in_workflow":0,"_oasis_original":0,"inline_featured_image":false,"site-sidebar-layout":"default","site-content-layout":"","ast-site-content-layout":"default","site-content-style":"default","site-sidebar-style":"default","ast-global-header-display":"","ast-banner-title-visibility":"","ast-main-header-display":"","ast-hfb-above-header-display":"","ast-hfb-below-header-display":"","ast-hfb-mobile-header-display":"","site-post-title":"","ast-breadcrumbs-content":"","ast-featured-img":"","footer-sml-layout":"","ast-disable-related-posts":"","theme-transparent-header-meta":"","adv-header-id-meta":"","stick-header-meta":"","header-above-stick-meta":"","header-main-stick-meta":"","header-below-stick-meta":"","astra-migrate-meta-layouts":"set","ast-page-background-enabled":"default","ast-page-background-meta":{"desktop":{"background-color":"","background-image":"","background-repeat":"repeat","background-position":"center center","background-size":"auto","background-attachment":"scroll","background-type":"","background-media":"","overlay-type":"","overlay-color":"","overlay-opacity":"","overlay-gradient":""},"tablet":{"background-color":"","background-image":"","background-repeat":"repeat","background-position":"center center","background-size":"auto","background-attachment":"scroll","background-type":"","background-media":"","overlay-type":"","overlay-color":"","overlay-opacity":"","overlay-gradient":""},"mobile":{"background-color":"","background-image":"","background-repeat":"repeat","background-position":"center center","background-size":"auto","background-attachment":"scroll","background-type":"","background-media":"","overlay-type":"","overlay-color":"","overlay-opacity":"","overlay-gradient":""}},"ast-content-background-meta":{"desktop":{"background-color":"var(--ast-global-color-5)","background-image":"","background-repeat":"repeat","background-position":"center center","background-size":"auto","background-attachment":"scroll","background-type":"","background-media":"","overlay-type":"","overlay-color":"","overlay-opacity":"","overlay-gradient":""},"tablet":{"background-color":"var(--ast-global-color-5)","background-image":"","background-repeat":"repeat","background-position":"center center","background-size":"auto","background-attachment":"scroll","background-type":"","background-media":"","overlay-type":"","overlay-color":"","overlay-opacity":"","overlay-gradient":""},"mobile":{"background-color":"var(--ast-global-color-5)","background-image":"","background-repeat":"repeat","background-position":"center center","background-size":"auto","background-attachment":"scroll","background-type":"","background-media":"","overlay-type":"","overlay-color":"","overlay-opacity":"","overlay-gradient":""}},"_themeisle_gutenberg_block_has_review":false,"footnotes":""},"class_list":["post-13018","page","type-page","status-publish","hentry"],"acf":[],"featured_image_urls_v2":{"full":"","thumbnail":"","medium":"","medium_large":"","large":"","1536x1536":"","2048x2048":"","img-1100-450":"","img-1120-800":"","img-870-440":"","img-850-600":"","img-480-380":"","img-300-225":"","img-540-700":"","img-75-75":"","menu-24x24":"","menu-36x36":"","menu-48x48":"","mailpoet_newsletter_max":""},"post_excerpt_stackable_v2":"<p>Mnemotechniki, czyli spos\u00f3b na przygotowanie si\u0119 do sprawdzian\u00f3w, egzamin\u00f3w -&gt; wi\u0119cej&#8230; Odkrywanie pi\u0119kna j\u0119zyka ojczystego. Zaj\u0119cia tw\u00f3rczej pracy ze s\u0142owem &#8211; &gt; wi\u0119cej&#8230; Zaj\u0119cia czytelnicze z elementami biblioterapii &#8211; &gt; wi\u0119cej&#8230; Z lektur\u0105 za Pan Brat Twoja przysz\u0142o\u015b\u0107 zaczyna si\u0119 dzisiaj \u2013 zaj\u0119cia z elementami doradztwa zawodowego &#8211; &gt; wi\u0119cej&#8230; Czytam, sk\u0142adam, programuj\u0119 -&gt; wi\u0119cej&#8230;<\/p>\n","category_list_v2":"","author_info_v2":{"name":"michals","url":"https:\/\/bpplock.pl\/en\/author\/michals\/"},"comments_num_v2":"0 comments","_links":{"self":[{"href":"https:\/\/bpplock.pl\/en\/wp-json\/wp\/v2\/pages\/13018","targetHints":{"allow":["GET"]}}],"collection":[{"href":"https:\/\/bpplock.pl\/en\/wp-json\/wp\/v2\/pages"}],"about":[{"href":"https:\/\/bpplock.pl\/en\/wp-json\/wp\/v2\/types\/page"}],"author":[{"embeddable":true,"href":"https:\/\/bpplock.pl\/en\/wp-json\/wp\/v2\/users\/1459"}],"replies":[{"embeddable":true,"href":"https:\/\/bpplock.pl\/en\/wp-json\/wp\/v2\/comments?post=13018"}],"version-history":[{"count":67,"href":"https:\/\/bpplock.pl\/en\/wp-json\/wp\/v2\/pages\/13018\/revisions"}],"predecessor-version":[{"id":83869,"href":"https:\/\/bpplock.pl\/en\/wp-json\/wp\/v2\/pages\/13018\/revisions\/83869"}],"wp:attachment":[{"href":"https:\/\/bpplock.pl\/en\/wp-json\/wp\/v2\/media?parent=13018"}],"curies":[{"name":"wp","href":"https:\/\/api.w.org\/{rel}","templated":true}]}}