{"id":13009,"date":"2024-01-15T11:26:35","date_gmt":"2024-01-15T10:26:35","guid":{"rendered":"https:\/\/bpplock.pl\/?page_id=13009"},"modified":"2025-10-21T11:52:17","modified_gmt":"2025-10-21T09:52:17","slug":"przedszkola-i-klasy-i-iii-szkol-podstawowych","status":"publish","type":"page","link":"https:\/\/bpplock.pl\/en\/przedszkola-i-klasy-i-iii-szkol-podstawowych\/","title":{"rendered":"Przedszkola i klasy I-III szk\u00f3\u0142 podstawowych"},"content":{"rendered":"\n<p><a href=\"https:\/\/bpplock.pl\/wp-content\/uploads\/sites\/12\/2025\/09\/Lego.pdf\">&#8220;Baw si\u0119 czytaniem &#8211; czytaj z LEGO!&#8221; -&gt; wi\u0119cej&#8230;<\/a><\/p>\n\n\n\n<p><a href=\"https:\/\/bpplock.pl\/wp-content\/uploads\/sites\/12\/2025\/09\/Kodowanie-1.pdf\">Koduj z Bibliotek\u0105! -&gt; wi\u0119cej&#8230;<\/a><\/p>\n\n\n\n<p><a href=\"https:\/\/bpplock.pl\/wp-content\/uploads\/sites\/12\/2025\/09\/Piaskowe-opowiesci-nowa-formatka.pdf\">Piaskowe opowie\u015bci -&gt; wi\u0119cej&#8230;<\/a><\/p>\n\n\n\n<p><a href=\"https:\/\/bpplock.pl\/wp-content\/uploads\/sites\/12\/2025\/09\/Programowanie-z-ozobotami.pdf\">Programowanie z ozobotami -&gt; wi\u0119cej&#8230;<\/a><\/p>\n\n\n\n<p><a href=\"https:\/\/bpplock.pl\/wp-content\/uploads\/sites\/12\/2025\/10\/oferta-zajec-Muminki-2.pdf\">Sztuka przyja\u017ani wed\u0142ug Mumink\u00f3w -&gt; wi\u0119cej&#8230;<\/a><\/p>\n\n\n\n<p><a href=\"https:\/\/bpplock.pl\/wp-content\/uploads\/sites\/12\/2025\/09\/teatrzyk-3.pdf\">Teatrzyk kamishibai -&gt; wi\u0119cej&#8230;<\/a><\/p>\n\n\n\n<p><a href=\"https:\/\/bpplock.pl\/wp-content\/uploads\/sites\/12\/2025\/05\/Z-lektura-za-pan-brat.pdf\">Z lektur\u0105 za Pan Brat<\/a><\/p>\n\n\n\n<p><a href=\"https:\/\/bpplock.pl\/wp-content\/uploads\/sites\/12\/2025\/05\/Zaczytane-podroze-dookola-swiata.pdf\">Zaczytane podr\u00f3\u017ce dooko\u0142a \u015bwiata  -&gt; wi\u0119cej&#8230;<\/a><\/p>\n\n\n\n<p><a href=\"https:\/\/bpplock.pl\/wp-content\/uploads\/sites\/12\/2025\/09\/Komputer.pdf\">Zaj\u0119cia komputerowe -&gt; wi\u0119cej&#8230;<\/a><\/p>\n\n\n\n<p><a href=\"https:\/\/bpplock.pl\/wp-content\/uploads\/sites\/12\/2025\/09\/Zakodowane-dlugopisy.pdf\">Zakodowane d\u0142ugopisy 3D -&gt; wi\u0119cej&#8230;<\/a><\/p>\n\n\n\n<p><a href=\"https:\/\/bpplock.pl\/wp-content\/uploads\/sites\/12\/2025\/02\/Zmyslowa-podroz-po-swiecie-ksiazek.pdf\">Zmys\u0142owa podr\u00f3\u017c po \u015bwiecie ksi\u0105\u017cek \u2013 warsztaty z wykorzystaniem skrzyni zapach\u00f3w<\/a><\/p>\n\n\n\n<p><a href=\"https:\/\/bpplock.pl\/wp-content\/uploads\/sites\/12\/2025\/02\/Bajkowe-gry-planszowe-oferta.pdf\">Bajkowe gry planszowe &#8211; &gt; wi\u0119cej&#8230;<\/a><\/p>\n\n\n\n<p><a href=\"https:\/\/bpplock.pl\/wp-content\/uploads\/sites\/12\/2025\/09\/1zajecia-czytelnicze-z-elementami-biblioterapii-dla-klas-1-3-szkol-podstawowych.pdf\">Zaj\u0119cia czytelnicze z elementami biblioterapii &#8211; &gt; wi\u0119cej&#8230;<\/a><\/p>\n\n\n\n<p><a href=\"https:\/\/bpplock.pl\/wp-content\/uploads\/sites\/12\/2025\/09\/zajecia-Opowiesc-na-koszulce-1.pdf\">Opowie\u015b\u0107 na koszulce &#8211; kreatywne zaj\u0119cia literacko &#8211; plastyczne -&gt; wi\u0119cej&#8230;<\/a><\/p>\n\n\n\n<p><a href=\"https:\/\/bpplock.pl\/wp-content\/uploads\/sites\/12\/2025\/09\/\u201eEmocje-bez-tajemnic-\u2013-zajecia-dla-przedszkoli.pdf\">Emocje bez tajemnic<\/a><\/p>\n\n\n\n<p><a href=\"https:\/\/bpplock.pl\/wp-content\/uploads\/sites\/12\/2025\/09\/\u201eZ-rzutnikiem-Ania-w-swiat-ksiazek-\u2013-zajecia-dla-przedszkoli.pdf\">Z rzutnikiem Ania w \u015bwiat ksi\u0105\u017cek<\/a><\/p>\n\n\n\n<p><a href=\"https:\/\/bpplock.pl\/wp-content\/uploads\/sites\/12\/2025\/09\/\u201eNieustraszeni-w-emocjach-\u2013-zajecia-dla-klas-1-3.pdf\">Nieustraszeni w emocjach<\/a><\/p>\n\n\n\n<p><\/p>\n","protected":false},"excerpt":{"rendered":"<p>&#8220;Baw si\u0119 czytaniem &#8211; czytaj z LEGO!&#8221; -&gt; wi\u0119cej&#8230; Koduj z Bibliotek\u0105! -&gt; wi\u0119cej&#8230; Piaskowe opowie\u015bci -&gt; wi\u0119cej&#8230; Programowanie z [&hellip;]<\/p>\n","protected":false},"author":1459,"featured_media":0,"parent":0,"menu_order":0,"comment_status":"closed","ping_status":"closed","template":"","meta":{"_acf_changed":false,"_oasis_is_in_workflow":0,"_oasis_original":0,"inline_featured_image":false,"site-sidebar-layout":"default","site-content-layout":"","ast-site-content-layout":"default","site-content-style":"default","site-sidebar-style":"default","ast-global-header-display":"","ast-banner-title-visibility":"","ast-main-header-display":"","ast-hfb-above-header-display":"","ast-hfb-below-header-display":"","ast-hfb-mobile-header-display":"","site-post-title":"","ast-breadcrumbs-content":"","ast-featured-img":"","footer-sml-layout":"","ast-disable-related-posts":"","theme-transparent-header-meta":"","adv-header-id-meta":"","stick-header-meta":"","header-above-stick-meta":"","header-main-stick-meta":"","header-below-stick-meta":"","astra-migrate-meta-layouts":"set","ast-page-background-enabled":"default","ast-page-background-meta":{"desktop":{"background-color":"","background-image":"","background-repeat":"repeat","background-position":"center center","background-size":"auto","background-attachment":"scroll","background-type":"","background-media":"","overlay-type":"","overlay-color":"","overlay-opacity":"","overlay-gradient":""},"tablet":{"background-color":"","background-image":"","background-repeat":"repeat","background-position":"center center","background-size":"auto","background-attachment":"scroll","background-type":"","background-media":"","overlay-type":"","overlay-color":"","overlay-opacity":"","overlay-gradient":""},"mobile":{"background-color":"","background-image":"","background-repeat":"repeat","background-position":"center center","background-size":"auto","background-attachment":"scroll","background-type":"","background-media":"","overlay-type":"","overlay-color":"","overlay-opacity":"","overlay-gradient":""}},"ast-content-background-meta":{"desktop":{"background-color":"var(--ast-global-color-5)","background-image":"","background-repeat":"repeat","background-position":"center center","background-size":"auto","background-attachment":"scroll","background-type":"","background-media":"","overlay-type":"","overlay-color":"","overlay-opacity":"","overlay-gradient":""},"tablet":{"background-color":"var(--ast-global-color-5)","background-image":"","background-repeat":"repeat","background-position":"center center","background-size":"auto","background-attachment":"scroll","background-type":"","background-media":"","overlay-type":"","overlay-color":"","overlay-opacity":"","overlay-gradient":""},"mobile":{"background-color":"var(--ast-global-color-5)","background-image":"","background-repeat":"repeat","background-position":"center center","background-size":"auto","background-attachment":"scroll","background-type":"","background-media":"","overlay-type":"","overlay-color":"","overlay-opacity":"","overlay-gradient":""}},"_themeisle_gutenberg_block_has_review":false,"footnotes":""},"class_list":["post-13009","page","type-page","status-publish","hentry"],"acf":[],"featured_image_urls_v2":{"full":"","thumbnail":"","medium":"","medium_large":"","large":"","1536x1536":"","2048x2048":"","img-1100-450":"","img-1120-800":"","img-870-440":"","img-850-600":"","img-480-380":"","img-300-225":"","img-540-700":"","img-75-75":"","menu-24x24":"","menu-36x36":"","menu-48x48":"","mailpoet_newsletter_max":""},"post_excerpt_stackable_v2":"<p>&#8220;Baw si\u0119 czytaniem &#8211; czytaj z LEGO!&#8221; -&gt; wi\u0119cej&#8230; Koduj z Bibliotek\u0105! -&gt; wi\u0119cej&#8230; Piaskowe opowie\u015bci -&gt; wi\u0119cej&#8230; Programowanie z ozobotami -&gt; wi\u0119cej&#8230; Sztuka przyja\u017ani wed\u0142ug Mumink\u00f3w -&gt; wi\u0119cej&#8230; Teatrzyk kamishibai -&gt; wi\u0119cej&#8230; Z lektur\u0105 za Pan Brat Zaczytane podr\u00f3\u017ce dooko\u0142a \u015bwiata -&gt; wi\u0119cej&#8230; Zaj\u0119cia komputerowe -&gt; wi\u0119cej&#8230; Zakodowane d\u0142ugopisy 3D -&gt; wi\u0119cej&#8230; Zmys\u0142owa podr\u00f3\u017c po \u015bwiecie ksi\u0105\u017cek \u2013 warsztaty z wykorzystaniem skrzyni zapach\u00f3w Bajkowe gry planszowe &#8211; &gt; wi\u0119cej&#8230; Zaj\u0119cia czytelnicze z elementami biblioterapii &#8211; &gt; wi\u0119cej&#8230; Opowie\u015b\u0107 na koszulce &#8211; kreatywne zaj\u0119cia literacko &#8211; plastyczne -&gt; wi\u0119cej&#8230; Emocje bez tajemnic Z rzutnikiem Ania w \u015bwiat ksi\u0105\u017cek Nieustraszeni w&hellip;<\/p>\n","category_list_v2":"","author_info_v2":{"name":"michals","url":"https:\/\/bpplock.pl\/en\/author\/michals\/"},"comments_num_v2":"0 comments","_links":{"self":[{"href":"https:\/\/bpplock.pl\/en\/wp-json\/wp\/v2\/pages\/13009","targetHints":{"allow":["GET"]}}],"collection":[{"href":"https:\/\/bpplock.pl\/en\/wp-json\/wp\/v2\/pages"}],"about":[{"href":"https:\/\/bpplock.pl\/en\/wp-json\/wp\/v2\/types\/page"}],"author":[{"embeddable":true,"href":"https:\/\/bpplock.pl\/en\/wp-json\/wp\/v2\/users\/1459"}],"replies":[{"embeddable":true,"href":"https:\/\/bpplock.pl\/en\/wp-json\/wp\/v2\/comments?post=13009"}],"version-history":[{"count":137,"href":"https:\/\/bpplock.pl\/en\/wp-json\/wp\/v2\/pages\/13009\/revisions"}],"predecessor-version":[{"id":84169,"href":"https:\/\/bpplock.pl\/en\/wp-json\/wp\/v2\/pages\/13009\/revisions\/84169"}],"wp:attachment":[{"href":"https:\/\/bpplock.pl\/en\/wp-json\/wp\/v2\/media?parent=13009"}],"curies":[{"name":"wp","href":"https:\/\/api.w.org\/{rel}","templated":true}]}}